{"id":965,"date":"2019-02-21T17:45:56","date_gmt":"2019-02-21T17:45:56","guid":{"rendered":"http:\/\/servicevisionalq.bcntic.com\/?post_type=product&#038;p=965"},"modified":"2026-03-26T22:06:11","modified_gmt":"2026-03-26T21:06:11","slug":"super-baltar-prime-rehoused-tls","status":"publish","type":"product","link":"https:\/\/rental.servicevision.es\/es\/producto\/camaras\/objetivos-y-zooms\/objetivos-y-juegos-vintage-pl-35mm\/super-baltar-prime-rehoused-tls\/","title":{"rendered":"SUPER BALTAR REHOUSED by TLS"},"content":{"rendered":"","protected":false},"excerpt":{"rendered":"<div id=\"ow21\" data-show-delay-ms=\"250\" data-append-to-body=\"true\" data-propagate-tooltip-mouseover-events=\"true\" data-anchor-corner=\"bottom-left\" data-enable-skip-handler=\"true\" data-popup-corner=\"top-left\">\n<p><span style=\"color: #000000;\">Los lentes Baltar presentan destellos \u00fanicos y un menor contraste que los lentes modernos. La conversi\u00f3n TLS se ha reubicado en una carcasa de aluminio de estilo moderno con un espaciado de engranajes a juego y di\u00e1metros frontales uniformes.<\/span><\/p>\n<p><span style=\"color: #000000;\">A diferencia de los lentes actuales extremadamente n\u00edtidos y altamente corregidos, los lentes Super Baltar de Bausch and Lomb pueden darle a su proyecto un aspecto retro cl\u00e1sico y distintivo. Con contrastes c\u00e1lidos y bajos y caracter\u00edsticas de destellos \u00fanicas, estos lentes son perfectos para crear im\u00e1genes vintage.<\/span><\/p>\n<\/div>\n<div class=\"usGWQd\">\n<div class=\"KkbLmb\">\n<div class=\"lRu31\" dir=\"ltr\">\n<div class=\"OvtS8d\">&nbsp;<\/div>\n<div id=\"ow30\">&nbsp;<\/div>\n<\/div>\n<div class=\"UdTY9 WdefRb\" aria-hidden=\"true\" data-location=\"2\">\n<div class=\"kO6q6e\">&nbsp;<\/div>\n<\/div>\n<\/div>\n<\/div>\n","protected":false},"featured_media":9343,"template":"","meta":{"ngg_post_thumbnail":0},"product_cat":[15,88,773,64,22],"product_tag":[],"class_list":{"0":"post-965","1":"product","2":"type-product","3":"status-publish","4":"has-post-thumbnail","6":"product_cat-camaras","7":"product_cat-esfericos","8":"product_cat-exportar","9":"product_cat-objetivos-y-juegos-vintage-pl-35mm","10":"product_cat-objetivos-y-zooms","12":"first","13":"instock","14":"virtual","15":"taxable","16":"product-type-simple","17":"col-xs-6 col-sm-4","18":"col-md-3 col-lg-3","19":"un-4-cols"},"yoast_head":"<!-- This site is optimized with the Yoast SEO plugin v27.1.1 - https:\/\/yoast.com\/product\/yoast-seo-wordpress\/ -->\n<title>Objetivo para c\u00e1mara SUPER BALTAR PRIME REHOUSED TLS - ServiceVision Alquiler<\/title>\n<meta name=\"description\" content=\"Alquiler de Objetivo para c\u00e1mara - objetivos y juegos Vintage PL 35mm: SUPER BALTAR PRIME REHOUSED TLS. Consultas y soporte t\u00e9cnico en Servicevision, fabricaci\u00f3n y alquiler de equipos para rodajes cinematogr\u00e1ficos.\" \/>\n<meta name=\"robots\" content=\"index, follow, max-snippet:-1, max-image-preview:large, max-video-preview:-1\" \/>\n<link rel=\"canonical\" href=\"https:\/\/rental.servicevision.es\/es\/producto\/camaras\/objetivos-y-zooms\/objetivos-y-juegos-vintage-pl-35mm\/super-baltar-prime-rehoused-tls\/\" \/>\n<meta property=\"og:locale\" content=\"es_ES\" \/>\n<meta property=\"og:type\" content=\"article\" \/>\n<meta property=\"og:title\" content=\"Objetivo para c\u00e1mara SUPER BALTAR PRIME REHOUSED TLS - ServiceVision Alquiler\" \/>\n<meta property=\"og:description\" content=\"Alquiler de Objetivo para c\u00e1mara - objetivos y juegos Vintage PL 35mm: SUPER BALTAR PRIME REHOUSED TLS. Consultas y soporte t\u00e9cnico en Servicevision, fabricaci\u00f3n y alquiler de equipos para rodajes cinematogr\u00e1ficos.\" \/>\n<meta property=\"og:url\" content=\"https:\/\/rental.servicevision.es\/es\/producto\/camaras\/objetivos-y-zooms\/objetivos-y-juegos-vintage-pl-35mm\/super-baltar-prime-rehoused-tls\/\" \/>\n<meta property=\"og:site_name\" content=\"ServiceVision Alquiler\" \/>\n<meta property=\"article:modified_time\" content=\"2026-03-26T21:06:11+00:00\" \/>\n<meta property=\"og:image\" content=\"https:\/\/rental.servicevision.es\/wp-content\/uploads\/2019\/02\/022_SuperBaltarByTLS-scaled.jpg\" \/>\n\t<meta property=\"og:image:width\" content=\"2560\" \/>\n\t<meta property=\"og:image:height\" content=\"1692\" \/>\n\t<meta property=\"og:image:type\" content=\"image\/jpeg\" \/>\n<meta name=\"twitter:card\" content=\"summary_large_image\" \/>\n<script type=\"application\/ld+json\" class=\"yoast-schema-graph\">{\"@context\":\"https:\/\/schema.org\",\"@graph\":[{\"@type\":\"WebPage\",\"@id\":\"https:\/\/rental.servicevision.es\/es\/producto\/camaras\/objetivos-y-zooms\/objetivos-y-juegos-vintage-pl-35mm\/super-baltar-prime-rehoused-tls\/\",\"url\":\"https:\/\/rental.servicevision.es\/es\/producto\/camaras\/objetivos-y-zooms\/objetivos-y-juegos-vintage-pl-35mm\/super-baltar-prime-rehoused-tls\/\",\"name\":\"Objetivo para c\u00e1mara SUPER BALTAR PRIME REHOUSED TLS - ServiceVision Alquiler\",\"isPartOf\":{\"@id\":\"https:\/\/rental.servicevision.es\/es\/#website\"},\"primaryImageOfPage\":{\"@id\":\"https:\/\/rental.servicevision.es\/es\/producto\/camaras\/objetivos-y-zooms\/objetivos-y-juegos-vintage-pl-35mm\/super-baltar-prime-rehoused-tls\/#primaryimage\"},\"image\":{\"@id\":\"https:\/\/rental.servicevision.es\/es\/producto\/camaras\/objetivos-y-zooms\/objetivos-y-juegos-vintage-pl-35mm\/super-baltar-prime-rehoused-tls\/#primaryimage\"},\"thumbnailUrl\":\"https:\/\/rental.servicevision.es\/wp-content\/uploads\/2019\/02\/022_SuperBaltarByTLS-scaled.jpg\",\"datePublished\":\"2019-02-21T17:45:56+00:00\",\"dateModified\":\"2026-03-26T21:06:11+00:00\",\"description\":\"Alquiler de Objetivo para c\u00e1mara - objetivos y juegos Vintage PL 35mm: SUPER BALTAR PRIME REHOUSED TLS. Consultas y soporte t\u00e9cnico en Servicevision, fabricaci\u00f3n y alquiler de equipos para rodajes cinematogr\u00e1ficos.\",\"breadcrumb\":{\"@id\":\"https:\/\/rental.servicevision.es\/es\/producto\/camaras\/objetivos-y-zooms\/objetivos-y-juegos-vintage-pl-35mm\/super-baltar-prime-rehoused-tls\/#breadcrumb\"},\"inLanguage\":\"es\",\"potentialAction\":[{\"@type\":\"ReadAction\",\"target\":[\"https:\/\/rental.servicevision.es\/es\/producto\/camaras\/objetivos-y-zooms\/objetivos-y-juegos-vintage-pl-35mm\/super-baltar-prime-rehoused-tls\/\"]}]},{\"@type\":\"ImageObject\",\"inLanguage\":\"es\",\"@id\":\"https:\/\/rental.servicevision.es\/es\/producto\/camaras\/objetivos-y-zooms\/objetivos-y-juegos-vintage-pl-35mm\/super-baltar-prime-rehoused-tls\/#primaryimage\",\"url\":\"https:\/\/rental.servicevision.es\/wp-content\/uploads\/2019\/02\/022_SuperBaltarByTLS-scaled.jpg\",\"contentUrl\":\"https:\/\/rental.servicevision.es\/wp-content\/uploads\/2019\/02\/022_SuperBaltarByTLS-scaled.jpg\",\"width\":2560,\"height\":1692},{\"@type\":\"BreadcrumbList\",\"@id\":\"https:\/\/rental.servicevision.es\/es\/producto\/camaras\/objetivos-y-zooms\/objetivos-y-juegos-vintage-pl-35mm\/super-baltar-prime-rehoused-tls\/#breadcrumb\",\"itemListElement\":[{\"@type\":\"ListItem\",\"position\":1,\"name\":\"Portada\",\"item\":\"https:\/\/rental.servicevision.es\/es\/\"},{\"@type\":\"ListItem\",\"position\":2,\"name\":\"Alquiler\",\"item\":\"https:\/\/rental.servicevision.es\/es\/alquiler-3\/\"},{\"@type\":\"ListItem\",\"position\":3,\"name\":\"SUPER BALTAR REHOUSED by TLS\"}]},{\"@type\":\"WebSite\",\"@id\":\"https:\/\/rental.servicevision.es\/es\/#website\",\"url\":\"https:\/\/rental.servicevision.es\/es\/\",\"name\":\"ServiceVision Alquiler\",\"description\":\"Fabricaci\u00f3n y alquiler de equipos para rodajes cinematogr\u00e1ficos\",\"potentialAction\":[{\"@type\":\"SearchAction\",\"target\":{\"@type\":\"EntryPoint\",\"urlTemplate\":\"https:\/\/rental.servicevision.es\/es\/?s={search_term_string}\"},\"query-input\":{\"@type\":\"PropertyValueSpecification\",\"valueRequired\":true,\"valueName\":\"search_term_string\"}}],\"inLanguage\":\"es\"}]}<\/script>\n<!-- \/ Yoast SEO plugin. -->","yoast_head_json":{"title":"Objetivo para c\u00e1mara SUPER BALTAR PRIME REHOUSED TLS - ServiceVision Alquiler","description":"Alquiler de Objetivo para c\u00e1mara - objetivos y juegos Vintage PL 35mm: SUPER BALTAR PRIME REHOUSED TLS. Consultas y soporte t\u00e9cnico en Servicevision, fabricaci\u00f3n y alquiler de equipos para rodajes cinematogr\u00e1ficos.","robots":{"index":"index","follow":"follow","max-snippet":"max-snippet:-1","max-image-preview":"max-image-preview:large","max-video-preview":"max-video-preview:-1"},"canonical":"https:\/\/rental.servicevision.es\/es\/producto\/camaras\/objetivos-y-zooms\/objetivos-y-juegos-vintage-pl-35mm\/super-baltar-prime-rehoused-tls\/","og_locale":"es_ES","og_type":"article","og_title":"Objetivo para c\u00e1mara SUPER BALTAR PRIME REHOUSED TLS - ServiceVision Alquiler","og_description":"Alquiler de Objetivo para c\u00e1mara - objetivos y juegos Vintage PL 35mm: SUPER BALTAR PRIME REHOUSED TLS. Consultas y soporte t\u00e9cnico en Servicevision, fabricaci\u00f3n y alquiler de equipos para rodajes cinematogr\u00e1ficos.","og_url":"https:\/\/rental.servicevision.es\/es\/producto\/camaras\/objetivos-y-zooms\/objetivos-y-juegos-vintage-pl-35mm\/super-baltar-prime-rehoused-tls\/","og_site_name":"ServiceVision Alquiler","article_modified_time":"2026-03-26T21:06:11+00:00","og_image":[{"width":2560,"height":1692,"url":"https:\/\/rental.servicevision.es\/wp-content\/uploads\/2019\/02\/022_SuperBaltarByTLS-scaled.jpg","type":"image\/jpeg"}],"twitter_card":"summary_large_image","schema":{"@context":"https:\/\/schema.org","@graph":[{"@type":"WebPage","@id":"https:\/\/rental.servicevision.es\/es\/producto\/camaras\/objetivos-y-zooms\/objetivos-y-juegos-vintage-pl-35mm\/super-baltar-prime-rehoused-tls\/","url":"https:\/\/rental.servicevision.es\/es\/producto\/camaras\/objetivos-y-zooms\/objetivos-y-juegos-vintage-pl-35mm\/super-baltar-prime-rehoused-tls\/","name":"Objetivo para c\u00e1mara SUPER BALTAR PRIME REHOUSED TLS - ServiceVision Alquiler","isPartOf":{"@id":"https:\/\/rental.servicevision.es\/es\/#website"},"primaryImageOfPage":{"@id":"https:\/\/rental.servicevision.es\/es\/producto\/camaras\/objetivos-y-zooms\/objetivos-y-juegos-vintage-pl-35mm\/super-baltar-prime-rehoused-tls\/#primaryimage"},"image":{"@id":"https:\/\/rental.servicevision.es\/es\/producto\/camaras\/objetivos-y-zooms\/objetivos-y-juegos-vintage-pl-35mm\/super-baltar-prime-rehoused-tls\/#primaryimage"},"thumbnailUrl":"https:\/\/rental.servicevision.es\/wp-content\/uploads\/2019\/02\/022_SuperBaltarByTLS-scaled.jpg","datePublished":"2019-02-21T17:45:56+00:00","dateModified":"2026-03-26T21:06:11+00:00","description":"Alquiler de Objetivo para c\u00e1mara - objetivos y juegos Vintage PL 35mm: SUPER BALTAR PRIME REHOUSED TLS. Consultas y soporte t\u00e9cnico en Servicevision, fabricaci\u00f3n y alquiler de equipos para rodajes cinematogr\u00e1ficos.","breadcrumb":{"@id":"https:\/\/rental.servicevision.es\/es\/producto\/camaras\/objetivos-y-zooms\/objetivos-y-juegos-vintage-pl-35mm\/super-baltar-prime-rehoused-tls\/#breadcrumb"},"inLanguage":"es","potentialAction":[{"@type":"ReadAction","target":["https:\/\/rental.servicevision.es\/es\/producto\/camaras\/objetivos-y-zooms\/objetivos-y-juegos-vintage-pl-35mm\/super-baltar-prime-rehoused-tls\/"]}]},{"@type":"ImageObject","inLanguage":"es","@id":"https:\/\/rental.servicevision.es\/es\/producto\/camaras\/objetivos-y-zooms\/objetivos-y-juegos-vintage-pl-35mm\/super-baltar-prime-rehoused-tls\/#primaryimage","url":"https:\/\/rental.servicevision.es\/wp-content\/uploads\/2019\/02\/022_SuperBaltarByTLS-scaled.jpg","contentUrl":"https:\/\/rental.servicevision.es\/wp-content\/uploads\/2019\/02\/022_SuperBaltarByTLS-scaled.jpg","width":2560,"height":1692},{"@type":"BreadcrumbList","@id":"https:\/\/rental.servicevision.es\/es\/producto\/camaras\/objetivos-y-zooms\/objetivos-y-juegos-vintage-pl-35mm\/super-baltar-prime-rehoused-tls\/#breadcrumb","itemListElement":[{"@type":"ListItem","position":1,"name":"Portada","item":"https:\/\/rental.servicevision.es\/es\/"},{"@type":"ListItem","position":2,"name":"Alquiler","item":"https:\/\/rental.servicevision.es\/es\/alquiler-3\/"},{"@type":"ListItem","position":3,"name":"SUPER BALTAR REHOUSED by TLS"}]},{"@type":"WebSite","@id":"https:\/\/rental.servicevision.es\/es\/#website","url":"https:\/\/rental.servicevision.es\/es\/","name":"ServiceVision Alquiler","description":"Fabricaci\u00f3n y alquiler de equipos para rodajes cinematogr\u00e1ficos","potentialAction":[{"@type":"SearchAction","target":{"@type":"EntryPoint","urlTemplate":"https:\/\/rental.servicevision.es\/es\/?s={search_term_string}"},"query-input":{"@type":"PropertyValueSpecification","valueRequired":true,"valueName":"search_term_string"}}],"inLanguage":"es"}]}},"_links":{"self":[{"href":"https:\/\/rental.servicevision.es\/es\/wp-json\/wp\/v2\/product\/965","targetHints":{"allow":["GET"]}}],"collection":[{"href":"https:\/\/rental.servicevision.es\/es\/wp-json\/wp\/v2\/product"}],"about":[{"href":"https:\/\/rental.servicevision.es\/es\/wp-json\/wp\/v2\/types\/product"}],"wp:featuredmedia":[{"embeddable":true,"href":"https:\/\/rental.servicevision.es\/es\/wp-json\/wp\/v2\/media\/9343"}],"wp:attachment":[{"href":"https:\/\/rental.servicevision.es\/es\/wp-json\/wp\/v2\/media?parent=965"}],"wp:term":[{"taxonomy":"product_cat","embeddable":true,"href":"https:\/\/rental.servicevision.es\/es\/wp-json\/wp\/v2\/product_cat?post=965"},{"taxonomy":"product_tag","embeddable":true,"href":"https:\/\/rental.servicevision.es\/es\/wp-json\/wp\/v2\/product_tag?post=965"}],"curies":[{"name":"wp","href":"https:\/\/api.w.org\/{rel}","templated":true}]}}