{"id":9149,"date":"2023-10-06T16:58:57","date_gmt":"2023-10-06T15:58:57","guid":{"rendered":"https:\/\/rental.servicevision.es\/?post_type=product&#038;p=9149"},"modified":"2025-09-09T11:12:29","modified_gmt":"2025-09-09T10:12:29","slug":"red-v-raptor-8k-vv","status":"publish","type":"product","link":"https:\/\/rental.servicevision.es\/es\/producto\/camaras\/digital\/red-v-raptor-8k-vv\/","title":{"rendered":"RED V-RAPTOR X &#8211; 8K VV"},"content":{"rendered":"<h3><span style=\"color: #800000;\"><strong><a href=\"https:\/\/www.red.com\/v-raptor\" target=\"_blank\" rel=\"noopener\">DATOS T\u00c9CNICOS<\/a><br \/>\n<\/strong><\/span><\/h3>\n","protected":false},"excerpt":{"rendered":"<p><span style=\"color: #000000;\">La c\u00e1mara <strong>Red V-Raptor 8K VV<\/strong>, se caracteriza por su sensor Global Shutter 8K en VV con una m\u00e1xima velocidad de 120 fps. y a 6K S35 con una m\u00e1xima velocidad 160 fps. Es una c\u00e1mara de gran formato 8K con un sensor 40.96 mm x 21.60 mm (Diagonal 46.31 mm) y a 4K puedes llegar 240 fps. como m\u00e1xima velocidad.<\/span><\/p>\n","protected":false},"featured_media":9147,"template":"","meta":{"ngg_post_thumbnail":0},"product_cat":[15,19],"product_tag":[],"class_list":{"0":"post-9149","1":"product","2":"type-product","3":"status-publish","4":"has-post-thumbnail","6":"product_cat-camaras","7":"product_cat-digital","9":"first","10":"instock","11":"virtual","12":"taxable","13":"product-type-simple","14":"col-xs-6 col-sm-4","15":"col-md-3 col-lg-3","16":"un-4-cols"},"yoast_head":"<!-- This site is optimized with the Yoast SEO plugin v27.1.1 - https:\/\/yoast.com\/product\/yoast-seo-wordpress\/ -->\n<title>C\u00e1mara RED RAPTOR 8K V - ServiceVision Alquiler<\/title>\n<meta name=\"description\" content=\"Alquiler de C\u00e1mara para Cinematograf\u00eda digital: Consultas y soporte t\u00e9cnico en Servicevision, fabricaci\u00f3n y alquiler de equipos.\" \/>\n<meta name=\"robots\" content=\"index, follow, max-snippet:-1, max-image-preview:large, max-video-preview:-1\" \/>\n<link rel=\"canonical\" href=\"https:\/\/rental.servicevision.es\/es\/producto\/camaras\/digital\/red-v-raptor-8k-vv\/\" \/>\n<meta property=\"og:locale\" content=\"es_ES\" \/>\n<meta property=\"og:type\" content=\"article\" \/>\n<meta property=\"og:title\" content=\"C\u00e1mara RED RAPTOR 8K V - ServiceVision Alquiler\" \/>\n<meta property=\"og:description\" content=\"Alquiler de C\u00e1mara para Cinematograf\u00eda digital: Consultas y soporte t\u00e9cnico en Servicevision, fabricaci\u00f3n y alquiler de equipos.\" \/>\n<meta property=\"og:url\" content=\"https:\/\/rental.servicevision.es\/es\/producto\/camaras\/digital\/red-v-raptor-8k-vv\/\" \/>\n<meta property=\"og:site_name\" content=\"ServiceVision Alquiler\" \/>\n<meta property=\"article:modified_time\" content=\"2025-09-09T10:12:29+00:00\" \/>\n<meta property=\"og:image\" content=\"https:\/\/rental.servicevision.es\/wp-content\/uploads\/2023\/10\/0-raptor-4.png\" \/>\n\t<meta property=\"og:image:width\" content=\"452\" \/>\n\t<meta property=\"og:image:height\" content=\"452\" \/>\n\t<meta property=\"og:image:type\" content=\"image\/png\" \/>\n<meta name=\"twitter:card\" content=\"summary_large_image\" \/>\n<script type=\"application\/ld+json\" class=\"yoast-schema-graph\">{\"@context\":\"https:\/\/schema.org\",\"@graph\":[{\"@type\":\"WebPage\",\"@id\":\"https:\/\/rental.servicevision.es\/es\/producto\/camaras\/digital\/red-v-raptor-8k-vv\/\",\"url\":\"https:\/\/rental.servicevision.es\/es\/producto\/camaras\/digital\/red-v-raptor-8k-vv\/\",\"name\":\"C\u00e1mara RED RAPTOR 8K V - ServiceVision Alquiler\",\"isPartOf\":{\"@id\":\"https:\/\/rental.servicevision.es\/es\/#website\"},\"primaryImageOfPage\":{\"@id\":\"https:\/\/rental.servicevision.es\/es\/producto\/camaras\/digital\/red-v-raptor-8k-vv\/#primaryimage\"},\"image\":{\"@id\":\"https:\/\/rental.servicevision.es\/es\/producto\/camaras\/digital\/red-v-raptor-8k-vv\/#primaryimage\"},\"thumbnailUrl\":\"https:\/\/rental.servicevision.es\/wp-content\/uploads\/2023\/10\/0-raptor-4.png\",\"datePublished\":\"2023-10-06T15:58:57+00:00\",\"dateModified\":\"2025-09-09T10:12:29+00:00\",\"description\":\"Alquiler de C\u00e1mara para Cinematograf\u00eda digital: Consultas y soporte t\u00e9cnico en Servicevision, fabricaci\u00f3n y alquiler de equipos.\",\"breadcrumb\":{\"@id\":\"https:\/\/rental.servicevision.es\/es\/producto\/camaras\/digital\/red-v-raptor-8k-vv\/#breadcrumb\"},\"inLanguage\":\"es\",\"potentialAction\":[{\"@type\":\"ReadAction\",\"target\":[\"https:\/\/rental.servicevision.es\/es\/producto\/camaras\/digital\/red-v-raptor-8k-vv\/\"]}]},{\"@type\":\"ImageObject\",\"inLanguage\":\"es\",\"@id\":\"https:\/\/rental.servicevision.es\/es\/producto\/camaras\/digital\/red-v-raptor-8k-vv\/#primaryimage\",\"url\":\"https:\/\/rental.servicevision.es\/wp-content\/uploads\/2023\/10\/0-raptor-4.png\",\"contentUrl\":\"https:\/\/rental.servicevision.es\/wp-content\/uploads\/2023\/10\/0-raptor-4.png\",\"width\":452,\"height\":452},{\"@type\":\"BreadcrumbList\",\"@id\":\"https:\/\/rental.servicevision.es\/es\/producto\/camaras\/digital\/red-v-raptor-8k-vv\/#breadcrumb\",\"itemListElement\":[{\"@type\":\"ListItem\",\"position\":1,\"name\":\"Portada\",\"item\":\"https:\/\/rental.servicevision.es\/es\/\"},{\"@type\":\"ListItem\",\"position\":2,\"name\":\"Alquiler\",\"item\":\"https:\/\/rental.servicevision.es\/es\/alquiler-3\/\"},{\"@type\":\"ListItem\",\"position\":3,\"name\":\"RED V-RAPTOR X &#8211; 8K VV\"}]},{\"@type\":\"WebSite\",\"@id\":\"https:\/\/rental.servicevision.es\/es\/#website\",\"url\":\"https:\/\/rental.servicevision.es\/es\/\",\"name\":\"ServiceVision Alquiler\",\"description\":\"Fabricaci\u00f3n y alquiler de equipos para rodajes cinematogr\u00e1ficos\",\"potentialAction\":[{\"@type\":\"SearchAction\",\"target\":{\"@type\":\"EntryPoint\",\"urlTemplate\":\"https:\/\/rental.servicevision.es\/es\/?s={search_term_string}\"},\"query-input\":{\"@type\":\"PropertyValueSpecification\",\"valueRequired\":true,\"valueName\":\"search_term_string\"}}],\"inLanguage\":\"es\"}]}<\/script>\n<!-- \/ Yoast SEO plugin. -->","yoast_head_json":{"title":"C\u00e1mara RED RAPTOR 8K V - ServiceVision Alquiler","description":"Alquiler de C\u00e1mara para Cinematograf\u00eda digital: Consultas y soporte t\u00e9cnico en Servicevision, fabricaci\u00f3n y alquiler de equipos.","robots":{"index":"index","follow":"follow","max-snippet":"max-snippet:-1","max-image-preview":"max-image-preview:large","max-video-preview":"max-video-preview:-1"},"canonical":"https:\/\/rental.servicevision.es\/es\/producto\/camaras\/digital\/red-v-raptor-8k-vv\/","og_locale":"es_ES","og_type":"article","og_title":"C\u00e1mara RED RAPTOR 8K V - ServiceVision Alquiler","og_description":"Alquiler de C\u00e1mara para Cinematograf\u00eda digital: Consultas y soporte t\u00e9cnico en Servicevision, fabricaci\u00f3n y alquiler de equipos.","og_url":"https:\/\/rental.servicevision.es\/es\/producto\/camaras\/digital\/red-v-raptor-8k-vv\/","og_site_name":"ServiceVision Alquiler","article_modified_time":"2025-09-09T10:12:29+00:00","og_image":[{"width":452,"height":452,"url":"https:\/\/rental.servicevision.es\/wp-content\/uploads\/2023\/10\/0-raptor-4.png","type":"image\/png"}],"twitter_card":"summary_large_image","schema":{"@context":"https:\/\/schema.org","@graph":[{"@type":"WebPage","@id":"https:\/\/rental.servicevision.es\/es\/producto\/camaras\/digital\/red-v-raptor-8k-vv\/","url":"https:\/\/rental.servicevision.es\/es\/producto\/camaras\/digital\/red-v-raptor-8k-vv\/","name":"C\u00e1mara RED RAPTOR 8K V - ServiceVision Alquiler","isPartOf":{"@id":"https:\/\/rental.servicevision.es\/es\/#website"},"primaryImageOfPage":{"@id":"https:\/\/rental.servicevision.es\/es\/producto\/camaras\/digital\/red-v-raptor-8k-vv\/#primaryimage"},"image":{"@id":"https:\/\/rental.servicevision.es\/es\/producto\/camaras\/digital\/red-v-raptor-8k-vv\/#primaryimage"},"thumbnailUrl":"https:\/\/rental.servicevision.es\/wp-content\/uploads\/2023\/10\/0-raptor-4.png","datePublished":"2023-10-06T15:58:57+00:00","dateModified":"2025-09-09T10:12:29+00:00","description":"Alquiler de C\u00e1mara para Cinematograf\u00eda digital: Consultas y soporte t\u00e9cnico en Servicevision, fabricaci\u00f3n y alquiler de equipos.","breadcrumb":{"@id":"https:\/\/rental.servicevision.es\/es\/producto\/camaras\/digital\/red-v-raptor-8k-vv\/#breadcrumb"},"inLanguage":"es","potentialAction":[{"@type":"ReadAction","target":["https:\/\/rental.servicevision.es\/es\/producto\/camaras\/digital\/red-v-raptor-8k-vv\/"]}]},{"@type":"ImageObject","inLanguage":"es","@id":"https:\/\/rental.servicevision.es\/es\/producto\/camaras\/digital\/red-v-raptor-8k-vv\/#primaryimage","url":"https:\/\/rental.servicevision.es\/wp-content\/uploads\/2023\/10\/0-raptor-4.png","contentUrl":"https:\/\/rental.servicevision.es\/wp-content\/uploads\/2023\/10\/0-raptor-4.png","width":452,"height":452},{"@type":"BreadcrumbList","@id":"https:\/\/rental.servicevision.es\/es\/producto\/camaras\/digital\/red-v-raptor-8k-vv\/#breadcrumb","itemListElement":[{"@type":"ListItem","position":1,"name":"Portada","item":"https:\/\/rental.servicevision.es\/es\/"},{"@type":"ListItem","position":2,"name":"Alquiler","item":"https:\/\/rental.servicevision.es\/es\/alquiler-3\/"},{"@type":"ListItem","position":3,"name":"RED V-RAPTOR X &#8211; 8K VV"}]},{"@type":"WebSite","@id":"https:\/\/rental.servicevision.es\/es\/#website","url":"https:\/\/rental.servicevision.es\/es\/","name":"ServiceVision Alquiler","description":"Fabricaci\u00f3n y alquiler de equipos para rodajes cinematogr\u00e1ficos","potentialAction":[{"@type":"SearchAction","target":{"@type":"EntryPoint","urlTemplate":"https:\/\/rental.servicevision.es\/es\/?s={search_term_string}"},"query-input":{"@type":"PropertyValueSpecification","valueRequired":true,"valueName":"search_term_string"}}],"inLanguage":"es"}]}},"_links":{"self":[{"href":"https:\/\/rental.servicevision.es\/es\/wp-json\/wp\/v2\/product\/9149","targetHints":{"allow":["GET"]}}],"collection":[{"href":"https:\/\/rental.servicevision.es\/es\/wp-json\/wp\/v2\/product"}],"about":[{"href":"https:\/\/rental.servicevision.es\/es\/wp-json\/wp\/v2\/types\/product"}],"wp:featuredmedia":[{"embeddable":true,"href":"https:\/\/rental.servicevision.es\/es\/wp-json\/wp\/v2\/media\/9147"}],"wp:attachment":[{"href":"https:\/\/rental.servicevision.es\/es\/wp-json\/wp\/v2\/media?parent=9149"}],"wp:term":[{"taxonomy":"product_cat","embeddable":true,"href":"https:\/\/rental.servicevision.es\/es\/wp-json\/wp\/v2\/product_cat?post=9149"},{"taxonomy":"product_tag","embeddable":true,"href":"https:\/\/rental.servicevision.es\/es\/wp-json\/wp\/v2\/product_tag?post=9149"}],"curies":[{"name":"wp","href":"https:\/\/api.w.org\/{rel}","templated":true}]}}