{"id":9094,"date":"2023-07-26T09:00:56","date_gmt":"2023-07-26T08:00:56","guid":{"rendered":"https:\/\/rental.servicevision.es\/?post_type=product&#038;p=9094"},"modified":"2023-07-26T10:56:00","modified_gmt":"2023-07-26T09:56:00","slug":"scorpio-360-nodal-ring-small","status":"publish","type":"product","link":"https:\/\/rental.servicevision.es\/es\/producto\/grips\/scorpio-heads\/cabezas-estabilizadas\/scorpio-360-nodal-ring-small\/","title":{"rendered":"SCORPIO 360 NODAL RING SMALL"},"content":{"rendered":"","protected":false},"excerpt":{"rendered":"<p>El anillo nodal de 360\u00ba de Scorpio es la soluci\u00f3n perfecta para realizar movimientos de roll de c\u00e1mara sin f\u00edn con alta precisi\u00f3n y velocidad asombrosa. El anillo nodal Scorpio 360\u00ba se puede utilizar en cualquier equipo para a\u00f1adir una dimensi\u00f3n m\u00e1s al movimiento de la c\u00e1mara. Se pueden combinar cabezales fluidos, easy-rigs o diferentes cabezales remotos Scorpio para combinar el movimiento de roll del Anillo Nodal con el resto de movimientos de los diferentes soportes de c\u00e1mara.<\/p>\n","protected":false},"featured_media":9101,"template":"","meta":{"ngg_post_thumbnail":0},"product_cat":[116,18,99],"product_tag":[],"class_list":{"0":"post-9094","1":"product","2":"type-product","3":"status-publish","4":"has-post-thumbnail","6":"product_cat-cabezas-estabilizadas","7":"product_cat-grips","8":"product_cat-scorpio-heads","10":"first","11":"instock","12":"virtual","13":"taxable","14":"product-type-simple","15":"col-xs-6 col-sm-4","16":"col-md-3 col-lg-3","17":"un-4-cols"},"yoast_head":"<!-- This site is optimized with the Yoast SEO plugin v27.1.1 - https:\/\/yoast.com\/product\/yoast-seo-wordpress\/ -->\n<title>SCORPIO 360 NODAL RING SMALL - ServiceVision Alquiler<\/title>\n<meta name=\"description\" content=\"El Nodal Ring 360\u00ba de Scorpio es la soluci\u00f3n perfecta para realizar movimientos de roll de c\u00e1mara sin f\u00edn con alta precisi\u00f3n y velocidad asombrosa.\" \/>\n<meta name=\"robots\" content=\"index, follow, max-snippet:-1, max-image-preview:large, max-video-preview:-1\" \/>\n<link rel=\"canonical\" href=\"https:\/\/rental.servicevision.es\/es\/producto\/grips\/scorpio-heads\/cabezas-estabilizadas\/scorpio-360-nodal-ring-small\/\" \/>\n<meta property=\"og:locale\" content=\"es_ES\" \/>\n<meta property=\"og:type\" content=\"article\" \/>\n<meta property=\"og:title\" content=\"SCORPIO 360 NODAL RING SMALL - ServiceVision Alquiler\" \/>\n<meta property=\"og:description\" content=\"El Nodal Ring 360\u00ba de Scorpio es la soluci\u00f3n perfecta para realizar movimientos de roll de c\u00e1mara sin f\u00edn con alta precisi\u00f3n y velocidad asombrosa.\" \/>\n<meta property=\"og:url\" content=\"https:\/\/rental.servicevision.es\/es\/producto\/grips\/scorpio-heads\/cabezas-estabilizadas\/scorpio-360-nodal-ring-small\/\" \/>\n<meta property=\"og:site_name\" content=\"ServiceVision Alquiler\" \/>\n<meta property=\"article:modified_time\" content=\"2023-07-26T09:56:00+00:00\" \/>\n<meta property=\"og:image\" content=\"https:\/\/rental.servicevision.es\/wp-content\/uploads\/2023\/07\/admin-ajax-1.jpeg\" \/>\n\t<meta property=\"og:image:width\" content=\"400\" \/>\n\t<meta property=\"og:image:height\" content=\"267\" \/>\n\t<meta property=\"og:image:type\" content=\"image\/jpeg\" \/>\n<meta name=\"twitter:card\" content=\"summary_large_image\" \/>\n<script type=\"application\/ld+json\" class=\"yoast-schema-graph\">{\"@context\":\"https:\/\/schema.org\",\"@graph\":[{\"@type\":\"WebPage\",\"@id\":\"https:\/\/rental.servicevision.es\/es\/producto\/grips\/scorpio-heads\/cabezas-estabilizadas\/scorpio-360-nodal-ring-small\/\",\"url\":\"https:\/\/rental.servicevision.es\/es\/producto\/grips\/scorpio-heads\/cabezas-estabilizadas\/scorpio-360-nodal-ring-small\/\",\"name\":\"SCORPIO 360 NODAL RING SMALL - ServiceVision Alquiler\",\"isPartOf\":{\"@id\":\"https:\/\/rental.servicevision.es\/es\/#website\"},\"primaryImageOfPage\":{\"@id\":\"https:\/\/rental.servicevision.es\/es\/producto\/grips\/scorpio-heads\/cabezas-estabilizadas\/scorpio-360-nodal-ring-small\/#primaryimage\"},\"image\":{\"@id\":\"https:\/\/rental.servicevision.es\/es\/producto\/grips\/scorpio-heads\/cabezas-estabilizadas\/scorpio-360-nodal-ring-small\/#primaryimage\"},\"thumbnailUrl\":\"https:\/\/rental.servicevision.es\/wp-content\/uploads\/2023\/07\/admin-ajax-1.jpeg\",\"datePublished\":\"2023-07-26T08:00:56+00:00\",\"dateModified\":\"2023-07-26T09:56:00+00:00\",\"description\":\"El Nodal Ring 360\u00ba de Scorpio es la soluci\u00f3n perfecta para realizar movimientos de roll de c\u00e1mara sin f\u00edn con alta precisi\u00f3n y velocidad asombrosa.\",\"breadcrumb\":{\"@id\":\"https:\/\/rental.servicevision.es\/es\/producto\/grips\/scorpio-heads\/cabezas-estabilizadas\/scorpio-360-nodal-ring-small\/#breadcrumb\"},\"inLanguage\":\"es\",\"potentialAction\":[{\"@type\":\"ReadAction\",\"target\":[\"https:\/\/rental.servicevision.es\/es\/producto\/grips\/scorpio-heads\/cabezas-estabilizadas\/scorpio-360-nodal-ring-small\/\"]}]},{\"@type\":\"ImageObject\",\"inLanguage\":\"es\",\"@id\":\"https:\/\/rental.servicevision.es\/es\/producto\/grips\/scorpio-heads\/cabezas-estabilizadas\/scorpio-360-nodal-ring-small\/#primaryimage\",\"url\":\"https:\/\/rental.servicevision.es\/wp-content\/uploads\/2023\/07\/admin-ajax-1.jpeg\",\"contentUrl\":\"https:\/\/rental.servicevision.es\/wp-content\/uploads\/2023\/07\/admin-ajax-1.jpeg\",\"width\":400,\"height\":267},{\"@type\":\"BreadcrumbList\",\"@id\":\"https:\/\/rental.servicevision.es\/es\/producto\/grips\/scorpio-heads\/cabezas-estabilizadas\/scorpio-360-nodal-ring-small\/#breadcrumb\",\"itemListElement\":[{\"@type\":\"ListItem\",\"position\":1,\"name\":\"Portada\",\"item\":\"https:\/\/rental.servicevision.es\/es\/\"},{\"@type\":\"ListItem\",\"position\":2,\"name\":\"Alquiler\",\"item\":\"https:\/\/rental.servicevision.es\/es\/alquiler-3\/\"},{\"@type\":\"ListItem\",\"position\":3,\"name\":\"SCORPIO 360 NODAL RING SMALL\"}]},{\"@type\":\"WebSite\",\"@id\":\"https:\/\/rental.servicevision.es\/es\/#website\",\"url\":\"https:\/\/rental.servicevision.es\/es\/\",\"name\":\"ServiceVision Alquiler\",\"description\":\"Fabricaci\u00f3n y alquiler de equipos para rodajes cinematogr\u00e1ficos\",\"potentialAction\":[{\"@type\":\"SearchAction\",\"target\":{\"@type\":\"EntryPoint\",\"urlTemplate\":\"https:\/\/rental.servicevision.es\/es\/?s={search_term_string}\"},\"query-input\":{\"@type\":\"PropertyValueSpecification\",\"valueRequired\":true,\"valueName\":\"search_term_string\"}}],\"inLanguage\":\"es\"}]}<\/script>\n<!-- \/ Yoast SEO plugin. -->","yoast_head_json":{"title":"SCORPIO 360 NODAL RING SMALL - ServiceVision Alquiler","description":"El Nodal Ring 360\u00ba de Scorpio es la soluci\u00f3n perfecta para realizar movimientos de roll de c\u00e1mara sin f\u00edn con alta precisi\u00f3n y velocidad asombrosa.","robots":{"index":"index","follow":"follow","max-snippet":"max-snippet:-1","max-image-preview":"max-image-preview:large","max-video-preview":"max-video-preview:-1"},"canonical":"https:\/\/rental.servicevision.es\/es\/producto\/grips\/scorpio-heads\/cabezas-estabilizadas\/scorpio-360-nodal-ring-small\/","og_locale":"es_ES","og_type":"article","og_title":"SCORPIO 360 NODAL RING SMALL - ServiceVision Alquiler","og_description":"El Nodal Ring 360\u00ba de Scorpio es la soluci\u00f3n perfecta para realizar movimientos de roll de c\u00e1mara sin f\u00edn con alta precisi\u00f3n y velocidad asombrosa.","og_url":"https:\/\/rental.servicevision.es\/es\/producto\/grips\/scorpio-heads\/cabezas-estabilizadas\/scorpio-360-nodal-ring-small\/","og_site_name":"ServiceVision Alquiler","article_modified_time":"2023-07-26T09:56:00+00:00","og_image":[{"width":400,"height":267,"url":"https:\/\/rental.servicevision.es\/wp-content\/uploads\/2023\/07\/admin-ajax-1.jpeg","type":"image\/jpeg"}],"twitter_card":"summary_large_image","schema":{"@context":"https:\/\/schema.org","@graph":[{"@type":"WebPage","@id":"https:\/\/rental.servicevision.es\/es\/producto\/grips\/scorpio-heads\/cabezas-estabilizadas\/scorpio-360-nodal-ring-small\/","url":"https:\/\/rental.servicevision.es\/es\/producto\/grips\/scorpio-heads\/cabezas-estabilizadas\/scorpio-360-nodal-ring-small\/","name":"SCORPIO 360 NODAL RING SMALL - ServiceVision Alquiler","isPartOf":{"@id":"https:\/\/rental.servicevision.es\/es\/#website"},"primaryImageOfPage":{"@id":"https:\/\/rental.servicevision.es\/es\/producto\/grips\/scorpio-heads\/cabezas-estabilizadas\/scorpio-360-nodal-ring-small\/#primaryimage"},"image":{"@id":"https:\/\/rental.servicevision.es\/es\/producto\/grips\/scorpio-heads\/cabezas-estabilizadas\/scorpio-360-nodal-ring-small\/#primaryimage"},"thumbnailUrl":"https:\/\/rental.servicevision.es\/wp-content\/uploads\/2023\/07\/admin-ajax-1.jpeg","datePublished":"2023-07-26T08:00:56+00:00","dateModified":"2023-07-26T09:56:00+00:00","description":"El Nodal Ring 360\u00ba de Scorpio es la soluci\u00f3n perfecta para realizar movimientos de roll de c\u00e1mara sin f\u00edn con alta precisi\u00f3n y velocidad asombrosa.","breadcrumb":{"@id":"https:\/\/rental.servicevision.es\/es\/producto\/grips\/scorpio-heads\/cabezas-estabilizadas\/scorpio-360-nodal-ring-small\/#breadcrumb"},"inLanguage":"es","potentialAction":[{"@type":"ReadAction","target":["https:\/\/rental.servicevision.es\/es\/producto\/grips\/scorpio-heads\/cabezas-estabilizadas\/scorpio-360-nodal-ring-small\/"]}]},{"@type":"ImageObject","inLanguage":"es","@id":"https:\/\/rental.servicevision.es\/es\/producto\/grips\/scorpio-heads\/cabezas-estabilizadas\/scorpio-360-nodal-ring-small\/#primaryimage","url":"https:\/\/rental.servicevision.es\/wp-content\/uploads\/2023\/07\/admin-ajax-1.jpeg","contentUrl":"https:\/\/rental.servicevision.es\/wp-content\/uploads\/2023\/07\/admin-ajax-1.jpeg","width":400,"height":267},{"@type":"BreadcrumbList","@id":"https:\/\/rental.servicevision.es\/es\/producto\/grips\/scorpio-heads\/cabezas-estabilizadas\/scorpio-360-nodal-ring-small\/#breadcrumb","itemListElement":[{"@type":"ListItem","position":1,"name":"Portada","item":"https:\/\/rental.servicevision.es\/es\/"},{"@type":"ListItem","position":2,"name":"Alquiler","item":"https:\/\/rental.servicevision.es\/es\/alquiler-3\/"},{"@type":"ListItem","position":3,"name":"SCORPIO 360 NODAL RING SMALL"}]},{"@type":"WebSite","@id":"https:\/\/rental.servicevision.es\/es\/#website","url":"https:\/\/rental.servicevision.es\/es\/","name":"ServiceVision Alquiler","description":"Fabricaci\u00f3n y alquiler de equipos para rodajes cinematogr\u00e1ficos","potentialAction":[{"@type":"SearchAction","target":{"@type":"EntryPoint","urlTemplate":"https:\/\/rental.servicevision.es\/es\/?s={search_term_string}"},"query-input":{"@type":"PropertyValueSpecification","valueRequired":true,"valueName":"search_term_string"}}],"inLanguage":"es"}]}},"_links":{"self":[{"href":"https:\/\/rental.servicevision.es\/es\/wp-json\/wp\/v2\/product\/9094","targetHints":{"allow":["GET"]}}],"collection":[{"href":"https:\/\/rental.servicevision.es\/es\/wp-json\/wp\/v2\/product"}],"about":[{"href":"https:\/\/rental.servicevision.es\/es\/wp-json\/wp\/v2\/types\/product"}],"wp:featuredmedia":[{"embeddable":true,"href":"https:\/\/rental.servicevision.es\/es\/wp-json\/wp\/v2\/media\/9101"}],"wp:attachment":[{"href":"https:\/\/rental.servicevision.es\/es\/wp-json\/wp\/v2\/media?parent=9094"}],"wp:term":[{"taxonomy":"product_cat","embeddable":true,"href":"https:\/\/rental.servicevision.es\/es\/wp-json\/wp\/v2\/product_cat?post=9094"},{"taxonomy":"product_tag","embeddable":true,"href":"https:\/\/rental.servicevision.es\/es\/wp-json\/wp\/v2\/product_tag?post=9094"}],"curies":[{"name":"wp","href":"https:\/\/api.w.org\/{rel}","templated":true}]}}