{"id":9003,"date":"2023-05-16T16:26:07","date_gmt":"2023-05-16T15:26:07","guid":{"rendered":"https:\/\/rental.servicevision.es\/?post_type=product&#038;p=9003"},"modified":"2023-06-26T16:34:03","modified_gmt":"2023-06-26T15:34:03","slug":"e-scorpion-2","status":"publish","type":"product","link":"https:\/\/rental.servicevision.es\/es\/producto\/grips\/vehiculos\/e-scorpion-2\/","title":{"rendered":"E-SCORPION"},"content":{"rendered":"","protected":false},"excerpt":{"rendered":"<p><span class=\"Y2IQFc\" lang=\"es\">El e-Scorpion es un veh\u00edculo el\u00e9ctrico todo terreno compacto dise\u00f1ado para llevar la Scorpio 45&#8242; o la Scorpio 38&#8242; a lugares de dif\u00edcil acceso o cualquier otro lugar donde el ruido y las emisiones de humo no est\u00e9n permitidos. ha sido dise\u00f1ado considerando la compatibilidad con el equipo Scorpio y la comodidad del t\u00e9cnico, el operador y el conductor.&nbsp;<\/span><\/p>\n","protected":false},"featured_media":8978,"template":"","meta":{"ngg_post_thumbnail":0},"product_cat":[771,18,96],"product_tag":[],"class_list":{"0":"post-9003","1":"product","2":"type-product","3":"status-publish","4":"has-post-thumbnail","6":"product_cat-e-scorpion","7":"product_cat-grips","8":"product_cat-vehiculos","10":"first","11":"instock","12":"virtual","13":"taxable","14":"product-type-simple","15":"col-xs-6 col-sm-4","16":"col-md-3 col-lg-3","17":"un-4-cols"},"yoast_head":"<!-- This site is optimized with the Yoast SEO plugin v27.1.1 - https:\/\/yoast.com\/product\/yoast-seo-wordpress\/ -->\n<title>E-SCORPION - ServiceVision Alquiler<\/title>\n<meta name=\"description\" content=\"E-Scorpion es un veh\u00edculo el\u00e9ctrico todo terreno compacto dise\u00f1ado para llevar la Scorpio 45&#039; o la Scorpio 38&#039; a lugares de dif\u00edcil acceso.\" \/>\n<meta name=\"robots\" content=\"index, follow, max-snippet:-1, max-image-preview:large, max-video-preview:-1\" \/>\n<link rel=\"canonical\" href=\"https:\/\/rental.servicevision.es\/es\/producto\/grips\/vehiculos\/e-scorpion-2\/\" \/>\n<meta property=\"og:locale\" content=\"es_ES\" \/>\n<meta property=\"og:type\" content=\"article\" \/>\n<meta property=\"og:title\" content=\"E-SCORPION - ServiceVision Alquiler\" \/>\n<meta property=\"og:description\" content=\"E-Scorpion es un veh\u00edculo el\u00e9ctrico todo terreno compacto dise\u00f1ado para llevar la Scorpio 45&#039; o la Scorpio 38&#039; a lugares de dif\u00edcil acceso.\" \/>\n<meta property=\"og:url\" content=\"https:\/\/rental.servicevision.es\/es\/producto\/grips\/vehiculos\/e-scorpion-2\/\" \/>\n<meta property=\"og:site_name\" content=\"ServiceVision Alquiler\" \/>\n<meta property=\"article:modified_time\" content=\"2023-06-26T15:34:03+00:00\" \/>\n<meta property=\"og:image\" content=\"https:\/\/rental.servicevision.es\/wp-content\/uploads\/2023\/05\/SVS_2110-300x279-1.webp\" \/>\n\t<meta property=\"og:image:width\" content=\"300\" \/>\n\t<meta property=\"og:image:height\" content=\"279\" \/>\n\t<meta property=\"og:image:type\" content=\"image\/webp\" \/>\n<meta name=\"twitter:card\" content=\"summary_large_image\" \/>\n<script type=\"application\/ld+json\" class=\"yoast-schema-graph\">{\"@context\":\"https:\/\/schema.org\",\"@graph\":[{\"@type\":\"WebPage\",\"@id\":\"https:\/\/rental.servicevision.es\/es\/producto\/grips\/vehiculos\/e-scorpion-2\/\",\"url\":\"https:\/\/rental.servicevision.es\/es\/producto\/grips\/vehiculos\/e-scorpion-2\/\",\"name\":\"E-SCORPION - ServiceVision Alquiler\",\"isPartOf\":{\"@id\":\"https:\/\/rental.servicevision.es\/es\/#website\"},\"primaryImageOfPage\":{\"@id\":\"https:\/\/rental.servicevision.es\/es\/producto\/grips\/vehiculos\/e-scorpion-2\/#primaryimage\"},\"image\":{\"@id\":\"https:\/\/rental.servicevision.es\/es\/producto\/grips\/vehiculos\/e-scorpion-2\/#primaryimage\"},\"thumbnailUrl\":\"https:\/\/rental.servicevision.es\/wp-content\/uploads\/2023\/05\/SVS_2110-300x279-1.webp\",\"datePublished\":\"2023-05-16T15:26:07+00:00\",\"dateModified\":\"2023-06-26T15:34:03+00:00\",\"description\":\"E-Scorpion es un veh\u00edculo el\u00e9ctrico todo terreno compacto dise\u00f1ado para llevar la Scorpio 45' o la Scorpio 38' a lugares de dif\u00edcil acceso.\",\"breadcrumb\":{\"@id\":\"https:\/\/rental.servicevision.es\/es\/producto\/grips\/vehiculos\/e-scorpion-2\/#breadcrumb\"},\"inLanguage\":\"es\",\"potentialAction\":[{\"@type\":\"ReadAction\",\"target\":[\"https:\/\/rental.servicevision.es\/es\/producto\/grips\/vehiculos\/e-scorpion-2\/\"]}]},{\"@type\":\"ImageObject\",\"inLanguage\":\"es\",\"@id\":\"https:\/\/rental.servicevision.es\/es\/producto\/grips\/vehiculos\/e-scorpion-2\/#primaryimage\",\"url\":\"https:\/\/rental.servicevision.es\/wp-content\/uploads\/2023\/05\/SVS_2110-300x279-1.webp\",\"contentUrl\":\"https:\/\/rental.servicevision.es\/wp-content\/uploads\/2023\/05\/SVS_2110-300x279-1.webp\",\"width\":300,\"height\":279},{\"@type\":\"BreadcrumbList\",\"@id\":\"https:\/\/rental.servicevision.es\/es\/producto\/grips\/vehiculos\/e-scorpion-2\/#breadcrumb\",\"itemListElement\":[{\"@type\":\"ListItem\",\"position\":1,\"name\":\"Portada\",\"item\":\"https:\/\/rental.servicevision.es\/es\/\"},{\"@type\":\"ListItem\",\"position\":2,\"name\":\"Alquiler\",\"item\":\"https:\/\/rental.servicevision.es\/es\/alquiler-3\/\"},{\"@type\":\"ListItem\",\"position\":3,\"name\":\"E-SCORPION\"}]},{\"@type\":\"WebSite\",\"@id\":\"https:\/\/rental.servicevision.es\/es\/#website\",\"url\":\"https:\/\/rental.servicevision.es\/es\/\",\"name\":\"ServiceVision Alquiler\",\"description\":\"Fabricaci\u00f3n y alquiler de equipos para rodajes cinematogr\u00e1ficos\",\"potentialAction\":[{\"@type\":\"SearchAction\",\"target\":{\"@type\":\"EntryPoint\",\"urlTemplate\":\"https:\/\/rental.servicevision.es\/es\/?s={search_term_string}\"},\"query-input\":{\"@type\":\"PropertyValueSpecification\",\"valueRequired\":true,\"valueName\":\"search_term_string\"}}],\"inLanguage\":\"es\"}]}<\/script>\n<!-- \/ Yoast SEO plugin. -->","yoast_head_json":{"title":"E-SCORPION - ServiceVision Alquiler","description":"E-Scorpion es un veh\u00edculo el\u00e9ctrico todo terreno compacto dise\u00f1ado para llevar la Scorpio 45' o la Scorpio 38' a lugares de dif\u00edcil acceso.","robots":{"index":"index","follow":"follow","max-snippet":"max-snippet:-1","max-image-preview":"max-image-preview:large","max-video-preview":"max-video-preview:-1"},"canonical":"https:\/\/rental.servicevision.es\/es\/producto\/grips\/vehiculos\/e-scorpion-2\/","og_locale":"es_ES","og_type":"article","og_title":"E-SCORPION - ServiceVision Alquiler","og_description":"E-Scorpion es un veh\u00edculo el\u00e9ctrico todo terreno compacto dise\u00f1ado para llevar la Scorpio 45' o la Scorpio 38' a lugares de dif\u00edcil acceso.","og_url":"https:\/\/rental.servicevision.es\/es\/producto\/grips\/vehiculos\/e-scorpion-2\/","og_site_name":"ServiceVision Alquiler","article_modified_time":"2023-06-26T15:34:03+00:00","og_image":[{"width":300,"height":279,"url":"https:\/\/rental.servicevision.es\/wp-content\/uploads\/2023\/05\/SVS_2110-300x279-1.webp","type":"image\/webp"}],"twitter_card":"summary_large_image","schema":{"@context":"https:\/\/schema.org","@graph":[{"@type":"WebPage","@id":"https:\/\/rental.servicevision.es\/es\/producto\/grips\/vehiculos\/e-scorpion-2\/","url":"https:\/\/rental.servicevision.es\/es\/producto\/grips\/vehiculos\/e-scorpion-2\/","name":"E-SCORPION - ServiceVision Alquiler","isPartOf":{"@id":"https:\/\/rental.servicevision.es\/es\/#website"},"primaryImageOfPage":{"@id":"https:\/\/rental.servicevision.es\/es\/producto\/grips\/vehiculos\/e-scorpion-2\/#primaryimage"},"image":{"@id":"https:\/\/rental.servicevision.es\/es\/producto\/grips\/vehiculos\/e-scorpion-2\/#primaryimage"},"thumbnailUrl":"https:\/\/rental.servicevision.es\/wp-content\/uploads\/2023\/05\/SVS_2110-300x279-1.webp","datePublished":"2023-05-16T15:26:07+00:00","dateModified":"2023-06-26T15:34:03+00:00","description":"E-Scorpion es un veh\u00edculo el\u00e9ctrico todo terreno compacto dise\u00f1ado para llevar la Scorpio 45' o la Scorpio 38' a lugares de dif\u00edcil acceso.","breadcrumb":{"@id":"https:\/\/rental.servicevision.es\/es\/producto\/grips\/vehiculos\/e-scorpion-2\/#breadcrumb"},"inLanguage":"es","potentialAction":[{"@type":"ReadAction","target":["https:\/\/rental.servicevision.es\/es\/producto\/grips\/vehiculos\/e-scorpion-2\/"]}]},{"@type":"ImageObject","inLanguage":"es","@id":"https:\/\/rental.servicevision.es\/es\/producto\/grips\/vehiculos\/e-scorpion-2\/#primaryimage","url":"https:\/\/rental.servicevision.es\/wp-content\/uploads\/2023\/05\/SVS_2110-300x279-1.webp","contentUrl":"https:\/\/rental.servicevision.es\/wp-content\/uploads\/2023\/05\/SVS_2110-300x279-1.webp","width":300,"height":279},{"@type":"BreadcrumbList","@id":"https:\/\/rental.servicevision.es\/es\/producto\/grips\/vehiculos\/e-scorpion-2\/#breadcrumb","itemListElement":[{"@type":"ListItem","position":1,"name":"Portada","item":"https:\/\/rental.servicevision.es\/es\/"},{"@type":"ListItem","position":2,"name":"Alquiler","item":"https:\/\/rental.servicevision.es\/es\/alquiler-3\/"},{"@type":"ListItem","position":3,"name":"E-SCORPION"}]},{"@type":"WebSite","@id":"https:\/\/rental.servicevision.es\/es\/#website","url":"https:\/\/rental.servicevision.es\/es\/","name":"ServiceVision Alquiler","description":"Fabricaci\u00f3n y alquiler de equipos para rodajes cinematogr\u00e1ficos","potentialAction":[{"@type":"SearchAction","target":{"@type":"EntryPoint","urlTemplate":"https:\/\/rental.servicevision.es\/es\/?s={search_term_string}"},"query-input":{"@type":"PropertyValueSpecification","valueRequired":true,"valueName":"search_term_string"}}],"inLanguage":"es"}]}},"_links":{"self":[{"href":"https:\/\/rental.servicevision.es\/es\/wp-json\/wp\/v2\/product\/9003","targetHints":{"allow":["GET"]}}],"collection":[{"href":"https:\/\/rental.servicevision.es\/es\/wp-json\/wp\/v2\/product"}],"about":[{"href":"https:\/\/rental.servicevision.es\/es\/wp-json\/wp\/v2\/types\/product"}],"wp:featuredmedia":[{"embeddable":true,"href":"https:\/\/rental.servicevision.es\/es\/wp-json\/wp\/v2\/media\/8978"}],"wp:attachment":[{"href":"https:\/\/rental.servicevision.es\/es\/wp-json\/wp\/v2\/media?parent=9003"}],"wp:term":[{"taxonomy":"product_cat","embeddable":true,"href":"https:\/\/rental.servicevision.es\/es\/wp-json\/wp\/v2\/product_cat?post=9003"},{"taxonomy":"product_tag","embeddable":true,"href":"https:\/\/rental.servicevision.es\/es\/wp-json\/wp\/v2\/product_tag?post=9003"}],"curies":[{"name":"wp","href":"https:\/\/api.w.org\/{rel}","templated":true}]}}