{"id":8955,"date":"2023-05-13T10:21:26","date_gmt":"2023-05-13T09:21:26","guid":{"rendered":"https:\/\/rental.servicevision.es\/?post_type=product&#038;p=8955"},"modified":"2023-06-23T16:34:16","modified_gmt":"2023-06-23T15:34:16","slug":"scorpio-23l","status":"publish","type":"product","link":"https:\/\/rental.servicevision.es\/es\/producto\/grips\/gruas-telescopicas\/scorpio-23\/scorpio-23l\/","title":{"rendered":"SCORPIO 23&#8217;L"},"content":{"rendered":"","protected":false},"excerpt":{"rendered":"","protected":false},"featured_media":8956,"template":"","meta":{"ngg_post_thumbnail":0},"product_cat":[18,38,112],"product_tag":[],"class_list":{"0":"post-8955","1":"product","2":"type-product","3":"status-publish","4":"has-post-thumbnail","6":"product_cat-grips","7":"product_cat-gruas-telescopicas","8":"product_cat-scorpio-23","10":"first","11":"instock","12":"virtual","13":"taxable","14":"product-type-simple","15":"col-xs-6 col-sm-4","16":"col-md-3 col-lg-3","17":"un-4-cols"},"yoast_head":"<!-- This site is optimized with the Yoast SEO plugin v27.1.1 - https:\/\/yoast.com\/product\/yoast-seo-wordpress\/ -->\n<title>SCORPIO 23&#039;L - ServiceVision Alquiler<\/title>\n<meta name=\"description\" content=\"Scorpio 23&#039; L, una gr\u00faa mucho m\u00e1s ligera en comparaci\u00f3n con el popular Scorpio 23&#039; (para una carga \u00fatil de 70 kg). E brazo m\u00e1s ligero permite que se soporte en la misma columna y en el mismo carro ajustable que el Scorpio 10 y 17.\u201d\" \/>\n<meta name=\"robots\" content=\"index, follow, max-snippet:-1, max-image-preview:large, max-video-preview:-1\" \/>\n<link rel=\"canonical\" href=\"https:\/\/rental.servicevision.es\/es\/producto\/grips\/gruas-telescopicas\/scorpio-23\/scorpio-23l\/\" \/>\n<meta property=\"og:locale\" content=\"es_ES\" \/>\n<meta property=\"og:type\" content=\"article\" \/>\n<meta property=\"og:title\" content=\"SCORPIO 23&#039;L - ServiceVision Alquiler\" \/>\n<meta property=\"og:description\" content=\"Scorpio 23&#039; L, una gr\u00faa mucho m\u00e1s ligera en comparaci\u00f3n con el popular Scorpio 23&#039; (para una carga \u00fatil de 70 kg). E brazo m\u00e1s ligero permite que se soporte en la misma columna y en el mismo carro ajustable que el Scorpio 10 y 17.\u201d\" \/>\n<meta property=\"og:url\" content=\"https:\/\/rental.servicevision.es\/es\/producto\/grips\/gruas-telescopicas\/scorpio-23\/scorpio-23l\/\" \/>\n<meta property=\"og:site_name\" content=\"ServiceVision Alquiler\" \/>\n<meta property=\"article:modified_time\" content=\"2023-06-23T15:34:16+00:00\" \/>\n<meta property=\"og:image\" content=\"https:\/\/rental.servicevision.es\/wp-content\/uploads\/2023\/05\/SCORPIO23L.jpeg\" \/>\n\t<meta property=\"og:image:width\" content=\"400\" \/>\n\t<meta property=\"og:image:height\" content=\"262\" \/>\n\t<meta property=\"og:image:type\" content=\"image\/jpeg\" \/>\n<meta name=\"twitter:card\" content=\"summary_large_image\" \/>\n<script type=\"application\/ld+json\" class=\"yoast-schema-graph\">{\"@context\":\"https:\/\/schema.org\",\"@graph\":[{\"@type\":\"WebPage\",\"@id\":\"https:\/\/rental.servicevision.es\/es\/producto\/grips\/gruas-telescopicas\/scorpio-23\/scorpio-23l\/\",\"url\":\"https:\/\/rental.servicevision.es\/es\/producto\/grips\/gruas-telescopicas\/scorpio-23\/scorpio-23l\/\",\"name\":\"SCORPIO 23'L - ServiceVision Alquiler\",\"isPartOf\":{\"@id\":\"https:\/\/rental.servicevision.es\/es\/#website\"},\"primaryImageOfPage\":{\"@id\":\"https:\/\/rental.servicevision.es\/es\/producto\/grips\/gruas-telescopicas\/scorpio-23\/scorpio-23l\/#primaryimage\"},\"image\":{\"@id\":\"https:\/\/rental.servicevision.es\/es\/producto\/grips\/gruas-telescopicas\/scorpio-23\/scorpio-23l\/#primaryimage\"},\"thumbnailUrl\":\"https:\/\/rental.servicevision.es\/wp-content\/uploads\/2023\/05\/SCORPIO23L.jpeg\",\"datePublished\":\"2023-05-13T09:21:26+00:00\",\"dateModified\":\"2023-06-23T15:34:16+00:00\",\"description\":\"Scorpio 23' L, una gr\u00faa mucho m\u00e1s ligera en comparaci\u00f3n con el popular Scorpio 23' (para una carga \u00fatil de 70 kg). E brazo m\u00e1s ligero permite que se soporte en la misma columna y en el mismo carro ajustable que el Scorpio 10 y 17.\u201d\",\"breadcrumb\":{\"@id\":\"https:\/\/rental.servicevision.es\/es\/producto\/grips\/gruas-telescopicas\/scorpio-23\/scorpio-23l\/#breadcrumb\"},\"inLanguage\":\"es\",\"potentialAction\":[{\"@type\":\"ReadAction\",\"target\":[\"https:\/\/rental.servicevision.es\/es\/producto\/grips\/gruas-telescopicas\/scorpio-23\/scorpio-23l\/\"]}]},{\"@type\":\"ImageObject\",\"inLanguage\":\"es\",\"@id\":\"https:\/\/rental.servicevision.es\/es\/producto\/grips\/gruas-telescopicas\/scorpio-23\/scorpio-23l\/#primaryimage\",\"url\":\"https:\/\/rental.servicevision.es\/wp-content\/uploads\/2023\/05\/SCORPIO23L.jpeg\",\"contentUrl\":\"https:\/\/rental.servicevision.es\/wp-content\/uploads\/2023\/05\/SCORPIO23L.jpeg\",\"width\":400,\"height\":262},{\"@type\":\"BreadcrumbList\",\"@id\":\"https:\/\/rental.servicevision.es\/es\/producto\/grips\/gruas-telescopicas\/scorpio-23\/scorpio-23l\/#breadcrumb\",\"itemListElement\":[{\"@type\":\"ListItem\",\"position\":1,\"name\":\"Portada\",\"item\":\"https:\/\/rental.servicevision.es\/es\/\"},{\"@type\":\"ListItem\",\"position\":2,\"name\":\"Alquiler\",\"item\":\"https:\/\/rental.servicevision.es\/es\/alquiler-3\/\"},{\"@type\":\"ListItem\",\"position\":3,\"name\":\"SCORPIO 23&#8217;L\"}]},{\"@type\":\"WebSite\",\"@id\":\"https:\/\/rental.servicevision.es\/es\/#website\",\"url\":\"https:\/\/rental.servicevision.es\/es\/\",\"name\":\"ServiceVision Alquiler\",\"description\":\"Fabricaci\u00f3n y alquiler de equipos para rodajes cinematogr\u00e1ficos\",\"potentialAction\":[{\"@type\":\"SearchAction\",\"target\":{\"@type\":\"EntryPoint\",\"urlTemplate\":\"https:\/\/rental.servicevision.es\/es\/?s={search_term_string}\"},\"query-input\":{\"@type\":\"PropertyValueSpecification\",\"valueRequired\":true,\"valueName\":\"search_term_string\"}}],\"inLanguage\":\"es\"}]}<\/script>\n<!-- \/ Yoast SEO plugin. -->","yoast_head_json":{"title":"SCORPIO 23'L - ServiceVision Alquiler","description":"Scorpio 23' L, una gr\u00faa mucho m\u00e1s ligera en comparaci\u00f3n con el popular Scorpio 23' (para una carga \u00fatil de 70 kg). E brazo m\u00e1s ligero permite que se soporte en la misma columna y en el mismo carro ajustable que el Scorpio 10 y 17.\u201d","robots":{"index":"index","follow":"follow","max-snippet":"max-snippet:-1","max-image-preview":"max-image-preview:large","max-video-preview":"max-video-preview:-1"},"canonical":"https:\/\/rental.servicevision.es\/es\/producto\/grips\/gruas-telescopicas\/scorpio-23\/scorpio-23l\/","og_locale":"es_ES","og_type":"article","og_title":"SCORPIO 23'L - ServiceVision Alquiler","og_description":"Scorpio 23' L, una gr\u00faa mucho m\u00e1s ligera en comparaci\u00f3n con el popular Scorpio 23' (para una carga \u00fatil de 70 kg). E brazo m\u00e1s ligero permite que se soporte en la misma columna y en el mismo carro ajustable que el Scorpio 10 y 17.\u201d","og_url":"https:\/\/rental.servicevision.es\/es\/producto\/grips\/gruas-telescopicas\/scorpio-23\/scorpio-23l\/","og_site_name":"ServiceVision Alquiler","article_modified_time":"2023-06-23T15:34:16+00:00","og_image":[{"width":400,"height":262,"url":"https:\/\/rental.servicevision.es\/wp-content\/uploads\/2023\/05\/SCORPIO23L.jpeg","type":"image\/jpeg"}],"twitter_card":"summary_large_image","schema":{"@context":"https:\/\/schema.org","@graph":[{"@type":"WebPage","@id":"https:\/\/rental.servicevision.es\/es\/producto\/grips\/gruas-telescopicas\/scorpio-23\/scorpio-23l\/","url":"https:\/\/rental.servicevision.es\/es\/producto\/grips\/gruas-telescopicas\/scorpio-23\/scorpio-23l\/","name":"SCORPIO 23'L - ServiceVision Alquiler","isPartOf":{"@id":"https:\/\/rental.servicevision.es\/es\/#website"},"primaryImageOfPage":{"@id":"https:\/\/rental.servicevision.es\/es\/producto\/grips\/gruas-telescopicas\/scorpio-23\/scorpio-23l\/#primaryimage"},"image":{"@id":"https:\/\/rental.servicevision.es\/es\/producto\/grips\/gruas-telescopicas\/scorpio-23\/scorpio-23l\/#primaryimage"},"thumbnailUrl":"https:\/\/rental.servicevision.es\/wp-content\/uploads\/2023\/05\/SCORPIO23L.jpeg","datePublished":"2023-05-13T09:21:26+00:00","dateModified":"2023-06-23T15:34:16+00:00","description":"Scorpio 23' L, una gr\u00faa mucho m\u00e1s ligera en comparaci\u00f3n con el popular Scorpio 23' (para una carga \u00fatil de 70 kg). E brazo m\u00e1s ligero permite que se soporte en la misma columna y en el mismo carro ajustable que el Scorpio 10 y 17.\u201d","breadcrumb":{"@id":"https:\/\/rental.servicevision.es\/es\/producto\/grips\/gruas-telescopicas\/scorpio-23\/scorpio-23l\/#breadcrumb"},"inLanguage":"es","potentialAction":[{"@type":"ReadAction","target":["https:\/\/rental.servicevision.es\/es\/producto\/grips\/gruas-telescopicas\/scorpio-23\/scorpio-23l\/"]}]},{"@type":"ImageObject","inLanguage":"es","@id":"https:\/\/rental.servicevision.es\/es\/producto\/grips\/gruas-telescopicas\/scorpio-23\/scorpio-23l\/#primaryimage","url":"https:\/\/rental.servicevision.es\/wp-content\/uploads\/2023\/05\/SCORPIO23L.jpeg","contentUrl":"https:\/\/rental.servicevision.es\/wp-content\/uploads\/2023\/05\/SCORPIO23L.jpeg","width":400,"height":262},{"@type":"BreadcrumbList","@id":"https:\/\/rental.servicevision.es\/es\/producto\/grips\/gruas-telescopicas\/scorpio-23\/scorpio-23l\/#breadcrumb","itemListElement":[{"@type":"ListItem","position":1,"name":"Portada","item":"https:\/\/rental.servicevision.es\/es\/"},{"@type":"ListItem","position":2,"name":"Alquiler","item":"https:\/\/rental.servicevision.es\/es\/alquiler-3\/"},{"@type":"ListItem","position":3,"name":"SCORPIO 23&#8217;L"}]},{"@type":"WebSite","@id":"https:\/\/rental.servicevision.es\/es\/#website","url":"https:\/\/rental.servicevision.es\/es\/","name":"ServiceVision Alquiler","description":"Fabricaci\u00f3n y alquiler de equipos para rodajes cinematogr\u00e1ficos","potentialAction":[{"@type":"SearchAction","target":{"@type":"EntryPoint","urlTemplate":"https:\/\/rental.servicevision.es\/es\/?s={search_term_string}"},"query-input":{"@type":"PropertyValueSpecification","valueRequired":true,"valueName":"search_term_string"}}],"inLanguage":"es"}]}},"_links":{"self":[{"href":"https:\/\/rental.servicevision.es\/es\/wp-json\/wp\/v2\/product\/8955","targetHints":{"allow":["GET"]}}],"collection":[{"href":"https:\/\/rental.servicevision.es\/es\/wp-json\/wp\/v2\/product"}],"about":[{"href":"https:\/\/rental.servicevision.es\/es\/wp-json\/wp\/v2\/types\/product"}],"wp:featuredmedia":[{"embeddable":true,"href":"https:\/\/rental.servicevision.es\/es\/wp-json\/wp\/v2\/media\/8956"}],"wp:attachment":[{"href":"https:\/\/rental.servicevision.es\/es\/wp-json\/wp\/v2\/media?parent=8955"}],"wp:term":[{"taxonomy":"product_cat","embeddable":true,"href":"https:\/\/rental.servicevision.es\/es\/wp-json\/wp\/v2\/product_cat?post=8955"},{"taxonomy":"product_tag","embeddable":true,"href":"https:\/\/rental.servicevision.es\/es\/wp-json\/wp\/v2\/product_tag?post=8955"}],"curies":[{"name":"wp","href":"https:\/\/api.w.org\/{rel}","templated":true}]}}