{"id":8949,"date":"2023-05-12T14:59:26","date_gmt":"2023-05-12T13:59:26","guid":{"rendered":"https:\/\/rental.servicevision.es\/?post_type=product&#038;p=8949"},"modified":"2023-06-23T16:43:02","modified_gmt":"2023-06-23T15:43:02","slug":"scorpio-23-2","status":"publish","type":"product","link":"https:\/\/rental.servicevision.es\/es\/producto\/grips\/gruas-telescopicas\/scorpio-23\/scorpio-23-2\/","title":{"rendered":"SCORPIO 23 (copia)"},"content":{"rendered":"<p>SCORPIO 23&#8217;L<\/p>\n","protected":false},"excerpt":{"rendered":"<p><strong>Sistema para rastrear la posici\u00f3n de la c\u00e1mara en 3D<\/strong><\/p>\n<p>Es un sistema de seguimiento de c\u00e1mara para estudio virtual y realidad aumentada. Las gr\u00faas, cabezas y viajes Scorpio pueden realizar el seguimiento de la c\u00e1mara con el sistema de integraci\u00f3n para la realidad aumentada en tiempo real y la transmisi\u00f3n de estudio virtual.<br \/>\nPosibilidad de interconexi\u00f3n entre la cabeza del Scorpio y la gr\u00faa, lo que nos permite realizar un giro hacia atr\u00e1s, la cabeza seguir\u00e1 un objetivo, previamente elegido al establecer la distancia, de acuerdo con los movimientos de la gr\u00faa (movimientos de giro, inclinaci\u00f3n y telesc\u00f3pico).<\/p>\n","protected":false},"featured_media":2399,"template":"","meta":{"ngg_post_thumbnail":0},"product_cat":[112],"product_tag":[],"class_list":{"0":"post-8949","1":"product","2":"type-product","3":"status-publish","4":"has-post-thumbnail","6":"product_cat-scorpio-23","8":"first","9":"instock","10":"virtual","11":"taxable","12":"product-type-simple","13":"col-xs-6 col-sm-4","14":"col-md-3 col-lg-3","15":"un-4-cols"},"yoast_head":"<!-- This site is optimized with the Yoast SEO plugin v27.1.1 - https:\/\/yoast.com\/product\/yoast-seo-wordpress\/ -->\n<title>Veh\u00edculos y gruas para rodajes - SCORPIO 23 - ServiceVision Alquiler<\/title>\n<meta name=\"description\" content=\"SCORPIO 23&#039;. Consultas y soporte t\u00e9cnico en Servicevision, fabricaci\u00f3n y alquiler de equipos para rodajes cinematogr\u00e1ficos.\" \/>\n<meta name=\"robots\" content=\"index, follow, max-snippet:-1, max-image-preview:large, max-video-preview:-1\" \/>\n<link rel=\"canonical\" href=\"https:\/\/rental.servicevision.es\/es\/producto\/grips\/gruas-telescopicas\/scorpio-23\/scorpio-23-2\/\" \/>\n<meta property=\"og:locale\" content=\"es_ES\" \/>\n<meta property=\"og:type\" content=\"article\" \/>\n<meta property=\"og:title\" content=\"Veh\u00edculos y gruas para rodajes - SCORPIO 23 - ServiceVision Alquiler\" \/>\n<meta property=\"og:description\" content=\"SCORPIO 23&#039;. Consultas y soporte t\u00e9cnico en Servicevision, fabricaci\u00f3n y alquiler de equipos para rodajes cinematogr\u00e1ficos.\" \/>\n<meta property=\"og:url\" content=\"https:\/\/rental.servicevision.es\/es\/producto\/grips\/gruas-telescopicas\/scorpio-23\/scorpio-23-2\/\" \/>\n<meta property=\"og:site_name\" content=\"ServiceVision Alquiler\" \/>\n<meta property=\"article:modified_time\" content=\"2023-06-23T15:43:02+00:00\" \/>\n<meta property=\"og:image\" content=\"https:\/\/rental.servicevision.es\/wp-content\/uploads\/2019\/05\/scorpio23.png\" \/>\n\t<meta property=\"og:image:width\" content=\"1389\" \/>\n\t<meta property=\"og:image:height\" content=\"1255\" \/>\n\t<meta property=\"og:image:type\" content=\"image\/png\" \/>\n<meta name=\"twitter:card\" content=\"summary_large_image\" \/>\n<script type=\"application\/ld+json\" class=\"yoast-schema-graph\">{\"@context\":\"https:\/\/schema.org\",\"@graph\":[{\"@type\":\"WebPage\",\"@id\":\"https:\/\/rental.servicevision.es\/es\/producto\/grips\/gruas-telescopicas\/scorpio-23\/scorpio-23-2\/\",\"url\":\"https:\/\/rental.servicevision.es\/es\/producto\/grips\/gruas-telescopicas\/scorpio-23\/scorpio-23-2\/\",\"name\":\"Veh\u00edculos y gruas para rodajes - SCORPIO 23 - ServiceVision Alquiler\",\"isPartOf\":{\"@id\":\"https:\/\/rental.servicevision.es\/es\/#website\"},\"primaryImageOfPage\":{\"@id\":\"https:\/\/rental.servicevision.es\/es\/producto\/grips\/gruas-telescopicas\/scorpio-23\/scorpio-23-2\/#primaryimage\"},\"image\":{\"@id\":\"https:\/\/rental.servicevision.es\/es\/producto\/grips\/gruas-telescopicas\/scorpio-23\/scorpio-23-2\/#primaryimage\"},\"thumbnailUrl\":\"https:\/\/rental.servicevision.es\/wp-content\/uploads\/2019\/05\/scorpio23.png\",\"datePublished\":\"2023-05-12T13:59:26+00:00\",\"dateModified\":\"2023-06-23T15:43:02+00:00\",\"description\":\"SCORPIO 23'. Consultas y soporte t\u00e9cnico en Servicevision, fabricaci\u00f3n y alquiler de equipos para rodajes cinematogr\u00e1ficos.\",\"breadcrumb\":{\"@id\":\"https:\/\/rental.servicevision.es\/es\/producto\/grips\/gruas-telescopicas\/scorpio-23\/scorpio-23-2\/#breadcrumb\"},\"inLanguage\":\"es\",\"potentialAction\":[{\"@type\":\"ReadAction\",\"target\":[\"https:\/\/rental.servicevision.es\/es\/producto\/grips\/gruas-telescopicas\/scorpio-23\/scorpio-23-2\/\"]}]},{\"@type\":\"ImageObject\",\"inLanguage\":\"es\",\"@id\":\"https:\/\/rental.servicevision.es\/es\/producto\/grips\/gruas-telescopicas\/scorpio-23\/scorpio-23-2\/#primaryimage\",\"url\":\"https:\/\/rental.servicevision.es\/wp-content\/uploads\/2019\/05\/scorpio23.png\",\"contentUrl\":\"https:\/\/rental.servicevision.es\/wp-content\/uploads\/2019\/05\/scorpio23.png\",\"width\":1389,\"height\":1255},{\"@type\":\"BreadcrumbList\",\"@id\":\"https:\/\/rental.servicevision.es\/es\/producto\/grips\/gruas-telescopicas\/scorpio-23\/scorpio-23-2\/#breadcrumb\",\"itemListElement\":[{\"@type\":\"ListItem\",\"position\":1,\"name\":\"Portada\",\"item\":\"https:\/\/rental.servicevision.es\/es\/\"},{\"@type\":\"ListItem\",\"position\":2,\"name\":\"Alquiler\",\"item\":\"https:\/\/rental.servicevision.es\/es\/alquiler-3\/\"},{\"@type\":\"ListItem\",\"position\":3,\"name\":\"SCORPIO 23 (copia)\"}]},{\"@type\":\"WebSite\",\"@id\":\"https:\/\/rental.servicevision.es\/es\/#website\",\"url\":\"https:\/\/rental.servicevision.es\/es\/\",\"name\":\"ServiceVision Alquiler\",\"description\":\"Fabricaci\u00f3n y alquiler de equipos para rodajes cinematogr\u00e1ficos\",\"potentialAction\":[{\"@type\":\"SearchAction\",\"target\":{\"@type\":\"EntryPoint\",\"urlTemplate\":\"https:\/\/rental.servicevision.es\/es\/?s={search_term_string}\"},\"query-input\":{\"@type\":\"PropertyValueSpecification\",\"valueRequired\":true,\"valueName\":\"search_term_string\"}}],\"inLanguage\":\"es\"}]}<\/script>\n<!-- \/ Yoast SEO plugin. -->","yoast_head_json":{"title":"Veh\u00edculos y gruas para rodajes - SCORPIO 23 - ServiceVision Alquiler","description":"SCORPIO 23'. Consultas y soporte t\u00e9cnico en Servicevision, fabricaci\u00f3n y alquiler de equipos para rodajes cinematogr\u00e1ficos.","robots":{"index":"index","follow":"follow","max-snippet":"max-snippet:-1","max-image-preview":"max-image-preview:large","max-video-preview":"max-video-preview:-1"},"canonical":"https:\/\/rental.servicevision.es\/es\/producto\/grips\/gruas-telescopicas\/scorpio-23\/scorpio-23-2\/","og_locale":"es_ES","og_type":"article","og_title":"Veh\u00edculos y gruas para rodajes - SCORPIO 23 - ServiceVision Alquiler","og_description":"SCORPIO 23'. Consultas y soporte t\u00e9cnico en Servicevision, fabricaci\u00f3n y alquiler de equipos para rodajes cinematogr\u00e1ficos.","og_url":"https:\/\/rental.servicevision.es\/es\/producto\/grips\/gruas-telescopicas\/scorpio-23\/scorpio-23-2\/","og_site_name":"ServiceVision Alquiler","article_modified_time":"2023-06-23T15:43:02+00:00","og_image":[{"width":1389,"height":1255,"url":"https:\/\/rental.servicevision.es\/wp-content\/uploads\/2019\/05\/scorpio23.png","type":"image\/png"}],"twitter_card":"summary_large_image","schema":{"@context":"https:\/\/schema.org","@graph":[{"@type":"WebPage","@id":"https:\/\/rental.servicevision.es\/es\/producto\/grips\/gruas-telescopicas\/scorpio-23\/scorpio-23-2\/","url":"https:\/\/rental.servicevision.es\/es\/producto\/grips\/gruas-telescopicas\/scorpio-23\/scorpio-23-2\/","name":"Veh\u00edculos y gruas para rodajes - SCORPIO 23 - ServiceVision Alquiler","isPartOf":{"@id":"https:\/\/rental.servicevision.es\/es\/#website"},"primaryImageOfPage":{"@id":"https:\/\/rental.servicevision.es\/es\/producto\/grips\/gruas-telescopicas\/scorpio-23\/scorpio-23-2\/#primaryimage"},"image":{"@id":"https:\/\/rental.servicevision.es\/es\/producto\/grips\/gruas-telescopicas\/scorpio-23\/scorpio-23-2\/#primaryimage"},"thumbnailUrl":"https:\/\/rental.servicevision.es\/wp-content\/uploads\/2019\/05\/scorpio23.png","datePublished":"2023-05-12T13:59:26+00:00","dateModified":"2023-06-23T15:43:02+00:00","description":"SCORPIO 23'. Consultas y soporte t\u00e9cnico en Servicevision, fabricaci\u00f3n y alquiler de equipos para rodajes cinematogr\u00e1ficos.","breadcrumb":{"@id":"https:\/\/rental.servicevision.es\/es\/producto\/grips\/gruas-telescopicas\/scorpio-23\/scorpio-23-2\/#breadcrumb"},"inLanguage":"es","potentialAction":[{"@type":"ReadAction","target":["https:\/\/rental.servicevision.es\/es\/producto\/grips\/gruas-telescopicas\/scorpio-23\/scorpio-23-2\/"]}]},{"@type":"ImageObject","inLanguage":"es","@id":"https:\/\/rental.servicevision.es\/es\/producto\/grips\/gruas-telescopicas\/scorpio-23\/scorpio-23-2\/#primaryimage","url":"https:\/\/rental.servicevision.es\/wp-content\/uploads\/2019\/05\/scorpio23.png","contentUrl":"https:\/\/rental.servicevision.es\/wp-content\/uploads\/2019\/05\/scorpio23.png","width":1389,"height":1255},{"@type":"BreadcrumbList","@id":"https:\/\/rental.servicevision.es\/es\/producto\/grips\/gruas-telescopicas\/scorpio-23\/scorpio-23-2\/#breadcrumb","itemListElement":[{"@type":"ListItem","position":1,"name":"Portada","item":"https:\/\/rental.servicevision.es\/es\/"},{"@type":"ListItem","position":2,"name":"Alquiler","item":"https:\/\/rental.servicevision.es\/es\/alquiler-3\/"},{"@type":"ListItem","position":3,"name":"SCORPIO 23 (copia)"}]},{"@type":"WebSite","@id":"https:\/\/rental.servicevision.es\/es\/#website","url":"https:\/\/rental.servicevision.es\/es\/","name":"ServiceVision Alquiler","description":"Fabricaci\u00f3n y alquiler de equipos para rodajes cinematogr\u00e1ficos","potentialAction":[{"@type":"SearchAction","target":{"@type":"EntryPoint","urlTemplate":"https:\/\/rental.servicevision.es\/es\/?s={search_term_string}"},"query-input":{"@type":"PropertyValueSpecification","valueRequired":true,"valueName":"search_term_string"}}],"inLanguage":"es"}]}},"_links":{"self":[{"href":"https:\/\/rental.servicevision.es\/es\/wp-json\/wp\/v2\/product\/8949","targetHints":{"allow":["GET"]}}],"collection":[{"href":"https:\/\/rental.servicevision.es\/es\/wp-json\/wp\/v2\/product"}],"about":[{"href":"https:\/\/rental.servicevision.es\/es\/wp-json\/wp\/v2\/types\/product"}],"wp:featuredmedia":[{"embeddable":true,"href":"https:\/\/rental.servicevision.es\/es\/wp-json\/wp\/v2\/media\/2399"}],"wp:attachment":[{"href":"https:\/\/rental.servicevision.es\/es\/wp-json\/wp\/v2\/media?parent=8949"}],"wp:term":[{"taxonomy":"product_cat","embeddable":true,"href":"https:\/\/rental.servicevision.es\/es\/wp-json\/wp\/v2\/product_cat?post=8949"},{"taxonomy":"product_tag","embeddable":true,"href":"https:\/\/rental.servicevision.es\/es\/wp-json\/wp\/v2\/product_tag?post=8949"}],"curies":[{"name":"wp","href":"https:\/\/api.w.org\/{rel}","templated":true}]}}