{"id":8784,"date":"2023-04-05T17:03:45","date_gmt":"2023-04-05T16:03:45","guid":{"rendered":"https:\/\/rental.servicevision.es\/?post_type=product&#038;p=8784"},"modified":"2026-02-03T18:41:19","modified_gmt":"2026-02-03T17:41:19","slug":"sony-sistema-extension-rialto-mini-snsor-8k","status":"publish","type":"product","link":"https:\/\/rental.servicevision.es\/es\/producto\/camaras\/digital\/sony-sistema-extension-rialto-mini-snsor-8k\/","title":{"rendered":"SONY SISTEMA EXTENSI\u00d3N &#8211; RIALTO MINI &#8211; SENSOR 8K"},"content":{"rendered":"<p>&nbsp;<\/p>\n<p>&nbsp;<\/p>\n<p>&nbsp;<\/p>\n","protected":false},"excerpt":{"rendered":"<p><strong>Sony RIALTO Mini<\/strong>, La evoluci\u00f3n m\u00e1s compacta y reciente del sistema de extensi\u00f3n para la <strong>Sony Venice 2<\/strong>, estar\u00e1 disponible muy pronto en<strong> Servicevision<\/strong>.<\/p>\n<p>Este dispositivo 70% m\u00e1s peque\u00f1o que el Rialto original, redefine lo que es posible en rodajes que exigen una movilidad extrema sin renunciar a la calidad CineAlta.<\/p>\n","protected":false},"featured_media":11226,"template":"","meta":{"ngg_post_thumbnail":0},"product_cat":[15,19],"product_tag":[],"class_list":{"0":"post-8784","1":"product","2":"type-product","3":"status-publish","4":"has-post-thumbnail","6":"product_cat-camaras","7":"product_cat-digital","9":"first","10":"instock","11":"featured","12":"taxable","13":"shipping-taxable","14":"product-type-simple","15":"col-xs-6 col-sm-4","16":"col-md-3 col-lg-3","17":"un-4-cols"},"yoast_head":"<!-- This site is optimized with the Yoast SEO plugin v27.1.1 - https:\/\/yoast.com\/product\/yoast-seo-wordpress\/ -->\n<title>SONY SISTEMA EXTENSI\u00d3N - RIALTO MINI - SENSOR 8K - ServiceVision Alquiler<\/title>\n<meta name=\"robots\" content=\"index, follow, max-snippet:-1, max-image-preview:large, max-video-preview:-1\" \/>\n<link rel=\"canonical\" href=\"https:\/\/rental.servicevision.es\/es\/producto\/camaras\/digital\/sony-sistema-extension-rialto-mini-snsor-8k\/\" \/>\n<meta property=\"og:locale\" content=\"es_ES\" \/>\n<meta property=\"og:type\" content=\"article\" \/>\n<meta property=\"og:title\" content=\"SONY SISTEMA EXTENSI\u00d3N - RIALTO MINI - SENSOR 8K - ServiceVision Alquiler\" \/>\n<meta property=\"og:description\" content=\"Sony RIALTO Mini, La evoluci\u00f3n m\u00e1s compacta y reciente del sistema de extensi\u00f3n para la Sony Venice 2, estar\u00e1 disponible muy pronto en Servicevision.  Este dispositivo 70% m\u00e1s peque\u00f1o que el Rialto original, redefine lo que es posible en rodajes que exigen una movilidad extrema sin renunciar a la calidad CineAlta.\" \/>\n<meta property=\"og:url\" content=\"https:\/\/rental.servicevision.es\/es\/producto\/camaras\/digital\/sony-sistema-extension-rialto-mini-snsor-8k\/\" \/>\n<meta property=\"og:site_name\" content=\"ServiceVision Alquiler\" \/>\n<meta property=\"article:modified_time\" content=\"2026-02-03T17:41:19+00:00\" \/>\n<meta property=\"og:image\" content=\"https:\/\/rental.servicevision.es\/wp-content\/uploads\/2026\/01\/SONY-1-740x416-1.jpg\" \/>\n\t<meta property=\"og:image:width\" content=\"740\" \/>\n\t<meta property=\"og:image:height\" content=\"416\" \/>\n\t<meta property=\"og:image:type\" content=\"image\/jpeg\" \/>\n<meta name=\"twitter:card\" content=\"summary_large_image\" \/>\n<meta name=\"twitter:label1\" content=\"Tiempo de lectura\" \/>\n\t<meta name=\"twitter:data1\" content=\"1 minuto\" \/>\n<script type=\"application\/ld+json\" class=\"yoast-schema-graph\">{\"@context\":\"https:\/\/schema.org\",\"@graph\":[{\"@type\":\"WebPage\",\"@id\":\"https:\/\/rental.servicevision.es\/es\/producto\/camaras\/digital\/sony-sistema-extension-rialto-mini-snsor-8k\/\",\"url\":\"https:\/\/rental.servicevision.es\/es\/producto\/camaras\/digital\/sony-sistema-extension-rialto-mini-snsor-8k\/\",\"name\":\"SONY SISTEMA EXTENSI\u00d3N - RIALTO MINI - SENSOR 8K - ServiceVision Alquiler\",\"isPartOf\":{\"@id\":\"https:\/\/rental.servicevision.es\/es\/#website\"},\"primaryImageOfPage\":{\"@id\":\"https:\/\/rental.servicevision.es\/es\/producto\/camaras\/digital\/sony-sistema-extension-rialto-mini-snsor-8k\/#primaryimage\"},\"image\":{\"@id\":\"https:\/\/rental.servicevision.es\/es\/producto\/camaras\/digital\/sony-sistema-extension-rialto-mini-snsor-8k\/#primaryimage\"},\"thumbnailUrl\":\"https:\/\/rental.servicevision.es\/wp-content\/uploads\/2026\/01\/SONY-1-740x416-1.jpg\",\"datePublished\":\"2023-04-05T16:03:45+00:00\",\"dateModified\":\"2026-02-03T17:41:19+00:00\",\"breadcrumb\":{\"@id\":\"https:\/\/rental.servicevision.es\/es\/producto\/camaras\/digital\/sony-sistema-extension-rialto-mini-snsor-8k\/#breadcrumb\"},\"inLanguage\":\"es\",\"potentialAction\":[{\"@type\":\"ReadAction\",\"target\":[\"https:\/\/rental.servicevision.es\/es\/producto\/camaras\/digital\/sony-sistema-extension-rialto-mini-snsor-8k\/\"]}]},{\"@type\":\"ImageObject\",\"inLanguage\":\"es\",\"@id\":\"https:\/\/rental.servicevision.es\/es\/producto\/camaras\/digital\/sony-sistema-extension-rialto-mini-snsor-8k\/#primaryimage\",\"url\":\"https:\/\/rental.servicevision.es\/wp-content\/uploads\/2026\/01\/SONY-1-740x416-1.jpg\",\"contentUrl\":\"https:\/\/rental.servicevision.es\/wp-content\/uploads\/2026\/01\/SONY-1-740x416-1.jpg\",\"width\":740,\"height\":416},{\"@type\":\"BreadcrumbList\",\"@id\":\"https:\/\/rental.servicevision.es\/es\/producto\/camaras\/digital\/sony-sistema-extension-rialto-mini-snsor-8k\/#breadcrumb\",\"itemListElement\":[{\"@type\":\"ListItem\",\"position\":1,\"name\":\"Portada\",\"item\":\"https:\/\/rental.servicevision.es\/es\/\"},{\"@type\":\"ListItem\",\"position\":2,\"name\":\"Alquiler\",\"item\":\"https:\/\/rental.servicevision.es\/es\/alquiler-3\/\"},{\"@type\":\"ListItem\",\"position\":3,\"name\":\"SONY SISTEMA EXTENSI\u00d3N &#8211; RIALTO MINI &#8211; SENSOR 8K\"}]},{\"@type\":\"WebSite\",\"@id\":\"https:\/\/rental.servicevision.es\/es\/#website\",\"url\":\"https:\/\/rental.servicevision.es\/es\/\",\"name\":\"ServiceVision Alquiler\",\"description\":\"Fabricaci\u00f3n y alquiler de equipos para rodajes cinematogr\u00e1ficos\",\"potentialAction\":[{\"@type\":\"SearchAction\",\"target\":{\"@type\":\"EntryPoint\",\"urlTemplate\":\"https:\/\/rental.servicevision.es\/es\/?s={search_term_string}\"},\"query-input\":{\"@type\":\"PropertyValueSpecification\",\"valueRequired\":true,\"valueName\":\"search_term_string\"}}],\"inLanguage\":\"es\"}]}<\/script>\n<!-- \/ Yoast SEO plugin. -->","yoast_head_json":{"title":"SONY SISTEMA EXTENSI\u00d3N - RIALTO MINI - SENSOR 8K - ServiceVision Alquiler","robots":{"index":"index","follow":"follow","max-snippet":"max-snippet:-1","max-image-preview":"max-image-preview:large","max-video-preview":"max-video-preview:-1"},"canonical":"https:\/\/rental.servicevision.es\/es\/producto\/camaras\/digital\/sony-sistema-extension-rialto-mini-snsor-8k\/","og_locale":"es_ES","og_type":"article","og_title":"SONY SISTEMA EXTENSI\u00d3N - RIALTO MINI - SENSOR 8K - ServiceVision Alquiler","og_description":"Sony RIALTO Mini, La evoluci\u00f3n m\u00e1s compacta y reciente del sistema de extensi\u00f3n para la Sony Venice 2, estar\u00e1 disponible muy pronto en Servicevision.  Este dispositivo 70% m\u00e1s peque\u00f1o que el Rialto original, redefine lo que es posible en rodajes que exigen una movilidad extrema sin renunciar a la calidad CineAlta.","og_url":"https:\/\/rental.servicevision.es\/es\/producto\/camaras\/digital\/sony-sistema-extension-rialto-mini-snsor-8k\/","og_site_name":"ServiceVision Alquiler","article_modified_time":"2026-02-03T17:41:19+00:00","og_image":[{"width":740,"height":416,"url":"https:\/\/rental.servicevision.es\/wp-content\/uploads\/2026\/01\/SONY-1-740x416-1.jpg","type":"image\/jpeg"}],"twitter_card":"summary_large_image","twitter_misc":{"Tiempo de lectura":"1 minuto"},"schema":{"@context":"https:\/\/schema.org","@graph":[{"@type":"WebPage","@id":"https:\/\/rental.servicevision.es\/es\/producto\/camaras\/digital\/sony-sistema-extension-rialto-mini-snsor-8k\/","url":"https:\/\/rental.servicevision.es\/es\/producto\/camaras\/digital\/sony-sistema-extension-rialto-mini-snsor-8k\/","name":"SONY SISTEMA EXTENSI\u00d3N - RIALTO MINI - SENSOR 8K - ServiceVision Alquiler","isPartOf":{"@id":"https:\/\/rental.servicevision.es\/es\/#website"},"primaryImageOfPage":{"@id":"https:\/\/rental.servicevision.es\/es\/producto\/camaras\/digital\/sony-sistema-extension-rialto-mini-snsor-8k\/#primaryimage"},"image":{"@id":"https:\/\/rental.servicevision.es\/es\/producto\/camaras\/digital\/sony-sistema-extension-rialto-mini-snsor-8k\/#primaryimage"},"thumbnailUrl":"https:\/\/rental.servicevision.es\/wp-content\/uploads\/2026\/01\/SONY-1-740x416-1.jpg","datePublished":"2023-04-05T16:03:45+00:00","dateModified":"2026-02-03T17:41:19+00:00","breadcrumb":{"@id":"https:\/\/rental.servicevision.es\/es\/producto\/camaras\/digital\/sony-sistema-extension-rialto-mini-snsor-8k\/#breadcrumb"},"inLanguage":"es","potentialAction":[{"@type":"ReadAction","target":["https:\/\/rental.servicevision.es\/es\/producto\/camaras\/digital\/sony-sistema-extension-rialto-mini-snsor-8k\/"]}]},{"@type":"ImageObject","inLanguage":"es","@id":"https:\/\/rental.servicevision.es\/es\/producto\/camaras\/digital\/sony-sistema-extension-rialto-mini-snsor-8k\/#primaryimage","url":"https:\/\/rental.servicevision.es\/wp-content\/uploads\/2026\/01\/SONY-1-740x416-1.jpg","contentUrl":"https:\/\/rental.servicevision.es\/wp-content\/uploads\/2026\/01\/SONY-1-740x416-1.jpg","width":740,"height":416},{"@type":"BreadcrumbList","@id":"https:\/\/rental.servicevision.es\/es\/producto\/camaras\/digital\/sony-sistema-extension-rialto-mini-snsor-8k\/#breadcrumb","itemListElement":[{"@type":"ListItem","position":1,"name":"Portada","item":"https:\/\/rental.servicevision.es\/es\/"},{"@type":"ListItem","position":2,"name":"Alquiler","item":"https:\/\/rental.servicevision.es\/es\/alquiler-3\/"},{"@type":"ListItem","position":3,"name":"SONY SISTEMA EXTENSI\u00d3N &#8211; RIALTO MINI &#8211; SENSOR 8K"}]},{"@type":"WebSite","@id":"https:\/\/rental.servicevision.es\/es\/#website","url":"https:\/\/rental.servicevision.es\/es\/","name":"ServiceVision Alquiler","description":"Fabricaci\u00f3n y alquiler de equipos para rodajes cinematogr\u00e1ficos","potentialAction":[{"@type":"SearchAction","target":{"@type":"EntryPoint","urlTemplate":"https:\/\/rental.servicevision.es\/es\/?s={search_term_string}"},"query-input":{"@type":"PropertyValueSpecification","valueRequired":true,"valueName":"search_term_string"}}],"inLanguage":"es"}]}},"_links":{"self":[{"href":"https:\/\/rental.servicevision.es\/es\/wp-json\/wp\/v2\/product\/8784","targetHints":{"allow":["GET"]}}],"collection":[{"href":"https:\/\/rental.servicevision.es\/es\/wp-json\/wp\/v2\/product"}],"about":[{"href":"https:\/\/rental.servicevision.es\/es\/wp-json\/wp\/v2\/types\/product"}],"wp:featuredmedia":[{"embeddable":true,"href":"https:\/\/rental.servicevision.es\/es\/wp-json\/wp\/v2\/media\/11226"}],"wp:attachment":[{"href":"https:\/\/rental.servicevision.es\/es\/wp-json\/wp\/v2\/media?parent=8784"}],"wp:term":[{"taxonomy":"product_cat","embeddable":true,"href":"https:\/\/rental.servicevision.es\/es\/wp-json\/wp\/v2\/product_cat?post=8784"},{"taxonomy":"product_tag","embeddable":true,"href":"https:\/\/rental.servicevision.es\/es\/wp-json\/wp\/v2\/product_tag?post=8784"}],"curies":[{"name":"wp","href":"https:\/\/api.w.org\/{rel}","templated":true}]}}