{"id":842,"date":"2019-02-05T06:48:43","date_gmt":"2019-02-05T06:48:43","guid":{"rendered":"http:\/\/servicevisionalq.bcntic.com\/?post_type=product&#038;p=842"},"modified":"2021-03-01T19:59:14","modified_gmt":"2021-03-01T19:59:14","slug":"arri-x-6kw","status":"publish","type":"product","link":"https:\/\/rental.servicevision.es\/es\/producto\/luces\/hmi\/proyectores-y-lentes-x\/arri-x-6kw\/","title":{"rendered":"ARRI \u00abX\u00bb 6KW"},"content":{"rendered":"<p>Conector: Cetac 63 amp. Azul monof\u00e1sico Medidas (mm): 810(AN)x840(AL)x400(LA), Peso 32,2 Kg, Lente 520&#215;533 mm, Spigot: 28 mm, Visera 4 hojas.<\/p>\n","protected":false},"excerpt":{"rendered":"<p>Conector: Cetac 63 amp. Azul monof\u00e1sico Medidas (mm): 810(AN)x840(AL)x400(LA), Peso 32,2 Kg, Lente 520&#215;533 mm, Spigot: 28 mm, Visera 4 hojas.<\/p>\n","protected":false},"featured_media":843,"template":"","meta":{"ngg_post_thumbnail":0},"product_cat":[17,79],"product_tag":[],"class_list":{"0":"post-842","1":"product","2":"type-product","3":"status-publish","4":"has-post-thumbnail","6":"product_cat-luces","7":"product_cat-proyectores-y-lentes-x","9":"first","10":"instock","11":"virtual","12":"taxable","13":"product-type-simple","14":"col-xs-6 col-sm-4","15":"col-md-3 col-lg-3","16":"un-4-cols"},"yoast_head":"<!-- This site is optimized with the Yoast SEO plugin v27.1.1 - https:\/\/yoast.com\/product\/yoast-seo-wordpress\/ -->\n<title>Luces HMI - Alquiler de ARRI &quot;X&quot; 6KW - ServiceVision Alquiler<\/title>\n<meta name=\"description\" content=\"Alquiler de Luces HMI - Proyectores y lentes &quot;x&quot;: ARRI &quot;X&quot; 6KW. Consultas y soporte t\u00e9cnico en Servicevision, fabricaci\u00f3n y alquiler de equipos para rodajes cinematogr\u00e1ficos.\" \/>\n<meta name=\"robots\" content=\"index, follow, max-snippet:-1, max-image-preview:large, max-video-preview:-1\" \/>\n<link rel=\"canonical\" href=\"https:\/\/rental.servicevision.es\/es\/producto\/luces\/hmi\/proyectores-y-lentes-x\/arri-x-6kw\/\" \/>\n<meta property=\"og:locale\" content=\"es_ES\" \/>\n<meta property=\"og:type\" content=\"article\" \/>\n<meta property=\"og:title\" content=\"Luces HMI - Alquiler de ARRI &quot;X&quot; 6KW - ServiceVision Alquiler\" \/>\n<meta property=\"og:description\" content=\"Alquiler de Luces HMI - Proyectores y lentes &quot;x&quot;: ARRI &quot;X&quot; 6KW. Consultas y soporte t\u00e9cnico en Servicevision, fabricaci\u00f3n y alquiler de equipos para rodajes cinematogr\u00e1ficos.\" \/>\n<meta property=\"og:url\" content=\"https:\/\/rental.servicevision.es\/es\/producto\/luces\/hmi\/proyectores-y-lentes-x\/arri-x-6kw\/\" \/>\n<meta property=\"og:site_name\" content=\"ServiceVision Alquiler\" \/>\n<meta property=\"article:modified_time\" content=\"2021-03-01T19:59:14+00:00\" \/>\n<meta property=\"og:image\" content=\"https:\/\/rental.servicevision.es\/wp-content\/uploads\/2019\/02\/arrix6kws.jpg\" \/>\n\t<meta property=\"og:image:width\" content=\"1200\" \/>\n\t<meta property=\"og:image:height\" content=\"1200\" \/>\n\t<meta property=\"og:image:type\" content=\"image\/jpeg\" \/>\n<meta name=\"twitter:card\" content=\"summary_large_image\" \/>\n<script type=\"application\/ld+json\" class=\"yoast-schema-graph\">{\"@context\":\"https:\/\/schema.org\",\"@graph\":[{\"@type\":\"WebPage\",\"@id\":\"https:\/\/rental.servicevision.es\/es\/producto\/luces\/hmi\/proyectores-y-lentes-x\/arri-x-6kw\/\",\"url\":\"https:\/\/rental.servicevision.es\/es\/producto\/luces\/hmi\/proyectores-y-lentes-x\/arri-x-6kw\/\",\"name\":\"Luces HMI - Alquiler de ARRI \\\"X\\\" 6KW - ServiceVision Alquiler\",\"isPartOf\":{\"@id\":\"https:\/\/rental.servicevision.es\/es\/#website\"},\"primaryImageOfPage\":{\"@id\":\"https:\/\/rental.servicevision.es\/es\/producto\/luces\/hmi\/proyectores-y-lentes-x\/arri-x-6kw\/#primaryimage\"},\"image\":{\"@id\":\"https:\/\/rental.servicevision.es\/es\/producto\/luces\/hmi\/proyectores-y-lentes-x\/arri-x-6kw\/#primaryimage\"},\"thumbnailUrl\":\"https:\/\/rental.servicevision.es\/wp-content\/uploads\/2019\/02\/arrix6kws.jpg\",\"datePublished\":\"2019-02-05T06:48:43+00:00\",\"dateModified\":\"2021-03-01T19:59:14+00:00\",\"description\":\"Alquiler de Luces HMI - Proyectores y lentes \\\"x\\\": ARRI \\\"X\\\" 6KW. Consultas y soporte t\u00e9cnico en Servicevision, fabricaci\u00f3n y alquiler de equipos para rodajes cinematogr\u00e1ficos.\",\"breadcrumb\":{\"@id\":\"https:\/\/rental.servicevision.es\/es\/producto\/luces\/hmi\/proyectores-y-lentes-x\/arri-x-6kw\/#breadcrumb\"},\"inLanguage\":\"es\",\"potentialAction\":[{\"@type\":\"ReadAction\",\"target\":[\"https:\/\/rental.servicevision.es\/es\/producto\/luces\/hmi\/proyectores-y-lentes-x\/arri-x-6kw\/\"]}]},{\"@type\":\"ImageObject\",\"inLanguage\":\"es\",\"@id\":\"https:\/\/rental.servicevision.es\/es\/producto\/luces\/hmi\/proyectores-y-lentes-x\/arri-x-6kw\/#primaryimage\",\"url\":\"https:\/\/rental.servicevision.es\/wp-content\/uploads\/2019\/02\/arrix6kws.jpg\",\"contentUrl\":\"https:\/\/rental.servicevision.es\/wp-content\/uploads\/2019\/02\/arrix6kws.jpg\",\"width\":1200,\"height\":1200},{\"@type\":\"BreadcrumbList\",\"@id\":\"https:\/\/rental.servicevision.es\/es\/producto\/luces\/hmi\/proyectores-y-lentes-x\/arri-x-6kw\/#breadcrumb\",\"itemListElement\":[{\"@type\":\"ListItem\",\"position\":1,\"name\":\"Portada\",\"item\":\"https:\/\/rental.servicevision.es\/es\/\"},{\"@type\":\"ListItem\",\"position\":2,\"name\":\"Alquiler\",\"item\":\"https:\/\/rental.servicevision.es\/es\/alquiler-3\/\"},{\"@type\":\"ListItem\",\"position\":3,\"name\":\"ARRI \u00abX\u00bb 6KW\"}]},{\"@type\":\"WebSite\",\"@id\":\"https:\/\/rental.servicevision.es\/es\/#website\",\"url\":\"https:\/\/rental.servicevision.es\/es\/\",\"name\":\"ServiceVision Alquiler\",\"description\":\"Fabricaci\u00f3n y alquiler de equipos para rodajes cinematogr\u00e1ficos\",\"potentialAction\":[{\"@type\":\"SearchAction\",\"target\":{\"@type\":\"EntryPoint\",\"urlTemplate\":\"https:\/\/rental.servicevision.es\/es\/?s={search_term_string}\"},\"query-input\":{\"@type\":\"PropertyValueSpecification\",\"valueRequired\":true,\"valueName\":\"search_term_string\"}}],\"inLanguage\":\"es\"}]}<\/script>\n<!-- \/ Yoast SEO plugin. -->","yoast_head_json":{"title":"Luces HMI - Alquiler de ARRI \"X\" 6KW - ServiceVision Alquiler","description":"Alquiler de Luces HMI - Proyectores y lentes \"x\": ARRI \"X\" 6KW. Consultas y soporte t\u00e9cnico en Servicevision, fabricaci\u00f3n y alquiler de equipos para rodajes cinematogr\u00e1ficos.","robots":{"index":"index","follow":"follow","max-snippet":"max-snippet:-1","max-image-preview":"max-image-preview:large","max-video-preview":"max-video-preview:-1"},"canonical":"https:\/\/rental.servicevision.es\/es\/producto\/luces\/hmi\/proyectores-y-lentes-x\/arri-x-6kw\/","og_locale":"es_ES","og_type":"article","og_title":"Luces HMI - Alquiler de ARRI \"X\" 6KW - ServiceVision Alquiler","og_description":"Alquiler de Luces HMI - Proyectores y lentes \"x\": ARRI \"X\" 6KW. Consultas y soporte t\u00e9cnico en Servicevision, fabricaci\u00f3n y alquiler de equipos para rodajes cinematogr\u00e1ficos.","og_url":"https:\/\/rental.servicevision.es\/es\/producto\/luces\/hmi\/proyectores-y-lentes-x\/arri-x-6kw\/","og_site_name":"ServiceVision Alquiler","article_modified_time":"2021-03-01T19:59:14+00:00","og_image":[{"width":1200,"height":1200,"url":"https:\/\/rental.servicevision.es\/wp-content\/uploads\/2019\/02\/arrix6kws.jpg","type":"image\/jpeg"}],"twitter_card":"summary_large_image","schema":{"@context":"https:\/\/schema.org","@graph":[{"@type":"WebPage","@id":"https:\/\/rental.servicevision.es\/es\/producto\/luces\/hmi\/proyectores-y-lentes-x\/arri-x-6kw\/","url":"https:\/\/rental.servicevision.es\/es\/producto\/luces\/hmi\/proyectores-y-lentes-x\/arri-x-6kw\/","name":"Luces HMI - Alquiler de ARRI \"X\" 6KW - ServiceVision Alquiler","isPartOf":{"@id":"https:\/\/rental.servicevision.es\/es\/#website"},"primaryImageOfPage":{"@id":"https:\/\/rental.servicevision.es\/es\/producto\/luces\/hmi\/proyectores-y-lentes-x\/arri-x-6kw\/#primaryimage"},"image":{"@id":"https:\/\/rental.servicevision.es\/es\/producto\/luces\/hmi\/proyectores-y-lentes-x\/arri-x-6kw\/#primaryimage"},"thumbnailUrl":"https:\/\/rental.servicevision.es\/wp-content\/uploads\/2019\/02\/arrix6kws.jpg","datePublished":"2019-02-05T06:48:43+00:00","dateModified":"2021-03-01T19:59:14+00:00","description":"Alquiler de Luces HMI - Proyectores y lentes \"x\": ARRI \"X\" 6KW. Consultas y soporte t\u00e9cnico en Servicevision, fabricaci\u00f3n y alquiler de equipos para rodajes cinematogr\u00e1ficos.","breadcrumb":{"@id":"https:\/\/rental.servicevision.es\/es\/producto\/luces\/hmi\/proyectores-y-lentes-x\/arri-x-6kw\/#breadcrumb"},"inLanguage":"es","potentialAction":[{"@type":"ReadAction","target":["https:\/\/rental.servicevision.es\/es\/producto\/luces\/hmi\/proyectores-y-lentes-x\/arri-x-6kw\/"]}]},{"@type":"ImageObject","inLanguage":"es","@id":"https:\/\/rental.servicevision.es\/es\/producto\/luces\/hmi\/proyectores-y-lentes-x\/arri-x-6kw\/#primaryimage","url":"https:\/\/rental.servicevision.es\/wp-content\/uploads\/2019\/02\/arrix6kws.jpg","contentUrl":"https:\/\/rental.servicevision.es\/wp-content\/uploads\/2019\/02\/arrix6kws.jpg","width":1200,"height":1200},{"@type":"BreadcrumbList","@id":"https:\/\/rental.servicevision.es\/es\/producto\/luces\/hmi\/proyectores-y-lentes-x\/arri-x-6kw\/#breadcrumb","itemListElement":[{"@type":"ListItem","position":1,"name":"Portada","item":"https:\/\/rental.servicevision.es\/es\/"},{"@type":"ListItem","position":2,"name":"Alquiler","item":"https:\/\/rental.servicevision.es\/es\/alquiler-3\/"},{"@type":"ListItem","position":3,"name":"ARRI \u00abX\u00bb 6KW"}]},{"@type":"WebSite","@id":"https:\/\/rental.servicevision.es\/es\/#website","url":"https:\/\/rental.servicevision.es\/es\/","name":"ServiceVision Alquiler","description":"Fabricaci\u00f3n y alquiler de equipos para rodajes cinematogr\u00e1ficos","potentialAction":[{"@type":"SearchAction","target":{"@type":"EntryPoint","urlTemplate":"https:\/\/rental.servicevision.es\/es\/?s={search_term_string}"},"query-input":{"@type":"PropertyValueSpecification","valueRequired":true,"valueName":"search_term_string"}}],"inLanguage":"es"}]}},"_links":{"self":[{"href":"https:\/\/rental.servicevision.es\/es\/wp-json\/wp\/v2\/product\/842","targetHints":{"allow":["GET"]}}],"collection":[{"href":"https:\/\/rental.servicevision.es\/es\/wp-json\/wp\/v2\/product"}],"about":[{"href":"https:\/\/rental.servicevision.es\/es\/wp-json\/wp\/v2\/types\/product"}],"wp:featuredmedia":[{"embeddable":true,"href":"https:\/\/rental.servicevision.es\/es\/wp-json\/wp\/v2\/media\/843"}],"wp:attachment":[{"href":"https:\/\/rental.servicevision.es\/es\/wp-json\/wp\/v2\/media?parent=842"}],"wp:term":[{"taxonomy":"product_cat","embeddable":true,"href":"https:\/\/rental.servicevision.es\/es\/wp-json\/wp\/v2\/product_cat?post=842"},{"taxonomy":"product_tag","embeddable":true,"href":"https:\/\/rental.servicevision.es\/es\/wp-json\/wp\/v2\/product_tag?post=842"}],"curies":[{"name":"wp","href":"https:\/\/api.w.org\/{rel}","templated":true}]}}