{"id":778,"date":"2019-02-05T06:18:20","date_gmt":"2019-02-05T06:18:20","guid":{"rendered":"http:\/\/servicevisionalq.bcntic.com\/?post_type=product&#038;p=778"},"modified":"2021-02-03T09:12:12","modified_gmt":"2021-02-03T09:12:12","slug":"daylight-fresnel-12-kw","status":"publish","type":"product","link":"https:\/\/rental.servicevision.es\/es\/producto\/luces\/hmi\/daylight-fresnel\/daylight-fresnel-12-kw\/","title":{"rendered":"Daylight Fresnel 12 kW"},"content":{"rendered":"<p>Conector:<strong> Cetac 125 amp<\/strong>. azul monof\u00e1sico. Medidas (mm): 790(AN)x910(AL)x670(LA), Peso 69 Kg, Lente 500 mm, Spigot: 28 mm, Visera 4 hojas.<\/p>\n","protected":false},"excerpt":{"rendered":"<p>Conector:<strong> Cetac 125 amp<\/strong>. azul monof\u00e1sico. Medidas (mm): 790(AN)x910(AL)x670(LA), Peso 69 Kg, Lente 500 mm, Spigot: 28 mm, Visera 4 hojas.<\/p>\n","protected":false},"featured_media":779,"template":"","meta":{"ngg_post_thumbnail":0},"product_cat":[75,17],"product_tag":[],"class_list":{"0":"post-778","1":"product","2":"type-product","3":"status-publish","4":"has-post-thumbnail","6":"product_cat-daylight-fresnel","7":"product_cat-luces","9":"first","10":"instock","11":"virtual","12":"taxable","13":"product-type-simple","14":"col-xs-6 col-sm-4","15":"col-md-3 col-lg-3","16":"un-4-cols"},"yoast_head":"<!-- This site is optimized with the Yoast SEO plugin v27.1.1 - https:\/\/yoast.com\/product\/yoast-seo-wordpress\/ -->\n<title>Luces HMI - Alquiler de Daylight Fresnel 12 kW - ServiceVision Alquiler<\/title>\n<meta name=\"description\" content=\"Alquiler de Luces HMI - Daylight fresnel: Daylight Fresnel 12 kW. Consultas y soporte t\u00e9cnico en Servicevision, fabricaci\u00f3n y alquiler de equipos para rodajes cinematogr\u00e1ficos.\" \/>\n<meta name=\"robots\" content=\"index, follow, max-snippet:-1, max-image-preview:large, max-video-preview:-1\" \/>\n<link rel=\"canonical\" href=\"https:\/\/rental.servicevision.es\/es\/producto\/luces\/hmi\/daylight-fresnel\/daylight-fresnel-12-kw\/\" \/>\n<meta property=\"og:locale\" content=\"es_ES\" \/>\n<meta property=\"og:type\" content=\"article\" \/>\n<meta property=\"og:title\" content=\"Luces HMI - Alquiler de Daylight Fresnel 12 kW - ServiceVision Alquiler\" \/>\n<meta property=\"og:description\" content=\"Alquiler de Luces HMI - Daylight fresnel: Daylight Fresnel 12 kW. Consultas y soporte t\u00e9cnico en Servicevision, fabricaci\u00f3n y alquiler de equipos para rodajes cinematogr\u00e1ficos.\" \/>\n<meta property=\"og:url\" content=\"https:\/\/rental.servicevision.es\/es\/producto\/luces\/hmi\/daylight-fresnel\/daylight-fresnel-12-kw\/\" \/>\n<meta property=\"og:site_name\" content=\"ServiceVision Alquiler\" \/>\n<meta property=\"article:modified_time\" content=\"2021-02-03T09:12:12+00:00\" \/>\n<meta property=\"og:image\" content=\"https:\/\/rental.servicevision.es\/wp-content\/uploads\/2019\/02\/hmi12kws.jpeg\" \/>\n\t<meta property=\"og:image:width\" content=\"1200\" \/>\n\t<meta property=\"og:image:height\" content=\"1200\" \/>\n\t<meta property=\"og:image:type\" content=\"image\/jpeg\" \/>\n<meta name=\"twitter:card\" content=\"summary_large_image\" \/>\n<script type=\"application\/ld+json\" class=\"yoast-schema-graph\">{\"@context\":\"https:\/\/schema.org\",\"@graph\":[{\"@type\":\"WebPage\",\"@id\":\"https:\/\/rental.servicevision.es\/es\/producto\/luces\/hmi\/daylight-fresnel\/daylight-fresnel-12-kw\/\",\"url\":\"https:\/\/rental.servicevision.es\/es\/producto\/luces\/hmi\/daylight-fresnel\/daylight-fresnel-12-kw\/\",\"name\":\"Luces HMI - Alquiler de Daylight Fresnel 12 kW - ServiceVision Alquiler\",\"isPartOf\":{\"@id\":\"https:\/\/rental.servicevision.es\/es\/#website\"},\"primaryImageOfPage\":{\"@id\":\"https:\/\/rental.servicevision.es\/es\/producto\/luces\/hmi\/daylight-fresnel\/daylight-fresnel-12-kw\/#primaryimage\"},\"image\":{\"@id\":\"https:\/\/rental.servicevision.es\/es\/producto\/luces\/hmi\/daylight-fresnel\/daylight-fresnel-12-kw\/#primaryimage\"},\"thumbnailUrl\":\"https:\/\/rental.servicevision.es\/wp-content\/uploads\/2019\/02\/hmi12kws.jpeg\",\"datePublished\":\"2019-02-05T06:18:20+00:00\",\"dateModified\":\"2021-02-03T09:12:12+00:00\",\"description\":\"Alquiler de Luces HMI - Daylight fresnel: Daylight Fresnel 12 kW. Consultas y soporte t\u00e9cnico en Servicevision, fabricaci\u00f3n y alquiler de equipos para rodajes cinematogr\u00e1ficos.\",\"breadcrumb\":{\"@id\":\"https:\/\/rental.servicevision.es\/es\/producto\/luces\/hmi\/daylight-fresnel\/daylight-fresnel-12-kw\/#breadcrumb\"},\"inLanguage\":\"es\",\"potentialAction\":[{\"@type\":\"ReadAction\",\"target\":[\"https:\/\/rental.servicevision.es\/es\/producto\/luces\/hmi\/daylight-fresnel\/daylight-fresnel-12-kw\/\"]}]},{\"@type\":\"ImageObject\",\"inLanguage\":\"es\",\"@id\":\"https:\/\/rental.servicevision.es\/es\/producto\/luces\/hmi\/daylight-fresnel\/daylight-fresnel-12-kw\/#primaryimage\",\"url\":\"https:\/\/rental.servicevision.es\/wp-content\/uploads\/2019\/02\/hmi12kws.jpeg\",\"contentUrl\":\"https:\/\/rental.servicevision.es\/wp-content\/uploads\/2019\/02\/hmi12kws.jpeg\",\"width\":1200,\"height\":1200},{\"@type\":\"BreadcrumbList\",\"@id\":\"https:\/\/rental.servicevision.es\/es\/producto\/luces\/hmi\/daylight-fresnel\/daylight-fresnel-12-kw\/#breadcrumb\",\"itemListElement\":[{\"@type\":\"ListItem\",\"position\":1,\"name\":\"Portada\",\"item\":\"https:\/\/rental.servicevision.es\/es\/\"},{\"@type\":\"ListItem\",\"position\":2,\"name\":\"Alquiler\",\"item\":\"https:\/\/rental.servicevision.es\/es\/alquiler-3\/\"},{\"@type\":\"ListItem\",\"position\":3,\"name\":\"Daylight Fresnel 12 kW\"}]},{\"@type\":\"WebSite\",\"@id\":\"https:\/\/rental.servicevision.es\/es\/#website\",\"url\":\"https:\/\/rental.servicevision.es\/es\/\",\"name\":\"ServiceVision Alquiler\",\"description\":\"Fabricaci\u00f3n y alquiler de equipos para rodajes cinematogr\u00e1ficos\",\"potentialAction\":[{\"@type\":\"SearchAction\",\"target\":{\"@type\":\"EntryPoint\",\"urlTemplate\":\"https:\/\/rental.servicevision.es\/es\/?s={search_term_string}\"},\"query-input\":{\"@type\":\"PropertyValueSpecification\",\"valueRequired\":true,\"valueName\":\"search_term_string\"}}],\"inLanguage\":\"es\"}]}<\/script>\n<!-- \/ Yoast SEO plugin. -->","yoast_head_json":{"title":"Luces HMI - Alquiler de Daylight Fresnel 12 kW - ServiceVision Alquiler","description":"Alquiler de Luces HMI - Daylight fresnel: Daylight Fresnel 12 kW. Consultas y soporte t\u00e9cnico en Servicevision, fabricaci\u00f3n y alquiler de equipos para rodajes cinematogr\u00e1ficos.","robots":{"index":"index","follow":"follow","max-snippet":"max-snippet:-1","max-image-preview":"max-image-preview:large","max-video-preview":"max-video-preview:-1"},"canonical":"https:\/\/rental.servicevision.es\/es\/producto\/luces\/hmi\/daylight-fresnel\/daylight-fresnel-12-kw\/","og_locale":"es_ES","og_type":"article","og_title":"Luces HMI - Alquiler de Daylight Fresnel 12 kW - ServiceVision Alquiler","og_description":"Alquiler de Luces HMI - Daylight fresnel: Daylight Fresnel 12 kW. Consultas y soporte t\u00e9cnico en Servicevision, fabricaci\u00f3n y alquiler de equipos para rodajes cinematogr\u00e1ficos.","og_url":"https:\/\/rental.servicevision.es\/es\/producto\/luces\/hmi\/daylight-fresnel\/daylight-fresnel-12-kw\/","og_site_name":"ServiceVision Alquiler","article_modified_time":"2021-02-03T09:12:12+00:00","og_image":[{"width":1200,"height":1200,"url":"https:\/\/rental.servicevision.es\/wp-content\/uploads\/2019\/02\/hmi12kws.jpeg","type":"image\/jpeg"}],"twitter_card":"summary_large_image","schema":{"@context":"https:\/\/schema.org","@graph":[{"@type":"WebPage","@id":"https:\/\/rental.servicevision.es\/es\/producto\/luces\/hmi\/daylight-fresnel\/daylight-fresnel-12-kw\/","url":"https:\/\/rental.servicevision.es\/es\/producto\/luces\/hmi\/daylight-fresnel\/daylight-fresnel-12-kw\/","name":"Luces HMI - Alquiler de Daylight Fresnel 12 kW - ServiceVision Alquiler","isPartOf":{"@id":"https:\/\/rental.servicevision.es\/es\/#website"},"primaryImageOfPage":{"@id":"https:\/\/rental.servicevision.es\/es\/producto\/luces\/hmi\/daylight-fresnel\/daylight-fresnel-12-kw\/#primaryimage"},"image":{"@id":"https:\/\/rental.servicevision.es\/es\/producto\/luces\/hmi\/daylight-fresnel\/daylight-fresnel-12-kw\/#primaryimage"},"thumbnailUrl":"https:\/\/rental.servicevision.es\/wp-content\/uploads\/2019\/02\/hmi12kws.jpeg","datePublished":"2019-02-05T06:18:20+00:00","dateModified":"2021-02-03T09:12:12+00:00","description":"Alquiler de Luces HMI - Daylight fresnel: Daylight Fresnel 12 kW. Consultas y soporte t\u00e9cnico en Servicevision, fabricaci\u00f3n y alquiler de equipos para rodajes cinematogr\u00e1ficos.","breadcrumb":{"@id":"https:\/\/rental.servicevision.es\/es\/producto\/luces\/hmi\/daylight-fresnel\/daylight-fresnel-12-kw\/#breadcrumb"},"inLanguage":"es","potentialAction":[{"@type":"ReadAction","target":["https:\/\/rental.servicevision.es\/es\/producto\/luces\/hmi\/daylight-fresnel\/daylight-fresnel-12-kw\/"]}]},{"@type":"ImageObject","inLanguage":"es","@id":"https:\/\/rental.servicevision.es\/es\/producto\/luces\/hmi\/daylight-fresnel\/daylight-fresnel-12-kw\/#primaryimage","url":"https:\/\/rental.servicevision.es\/wp-content\/uploads\/2019\/02\/hmi12kws.jpeg","contentUrl":"https:\/\/rental.servicevision.es\/wp-content\/uploads\/2019\/02\/hmi12kws.jpeg","width":1200,"height":1200},{"@type":"BreadcrumbList","@id":"https:\/\/rental.servicevision.es\/es\/producto\/luces\/hmi\/daylight-fresnel\/daylight-fresnel-12-kw\/#breadcrumb","itemListElement":[{"@type":"ListItem","position":1,"name":"Portada","item":"https:\/\/rental.servicevision.es\/es\/"},{"@type":"ListItem","position":2,"name":"Alquiler","item":"https:\/\/rental.servicevision.es\/es\/alquiler-3\/"},{"@type":"ListItem","position":3,"name":"Daylight Fresnel 12 kW"}]},{"@type":"WebSite","@id":"https:\/\/rental.servicevision.es\/es\/#website","url":"https:\/\/rental.servicevision.es\/es\/","name":"ServiceVision Alquiler","description":"Fabricaci\u00f3n y alquiler de equipos para rodajes cinematogr\u00e1ficos","potentialAction":[{"@type":"SearchAction","target":{"@type":"EntryPoint","urlTemplate":"https:\/\/rental.servicevision.es\/es\/?s={search_term_string}"},"query-input":{"@type":"PropertyValueSpecification","valueRequired":true,"valueName":"search_term_string"}}],"inLanguage":"es"}]}},"_links":{"self":[{"href":"https:\/\/rental.servicevision.es\/es\/wp-json\/wp\/v2\/product\/778","targetHints":{"allow":["GET"]}}],"collection":[{"href":"https:\/\/rental.servicevision.es\/es\/wp-json\/wp\/v2\/product"}],"about":[{"href":"https:\/\/rental.servicevision.es\/es\/wp-json\/wp\/v2\/types\/product"}],"wp:featuredmedia":[{"embeddable":true,"href":"https:\/\/rental.servicevision.es\/es\/wp-json\/wp\/v2\/media\/779"}],"wp:attachment":[{"href":"https:\/\/rental.servicevision.es\/es\/wp-json\/wp\/v2\/media?parent=778"}],"wp:term":[{"taxonomy":"product_cat","embeddable":true,"href":"https:\/\/rental.servicevision.es\/es\/wp-json\/wp\/v2\/product_cat?post=778"},{"taxonomy":"product_tag","embeddable":true,"href":"https:\/\/rental.servicevision.es\/es\/wp-json\/wp\/v2\/product_tag?post=778"}],"curies":[{"name":"wp","href":"https:\/\/api.w.org\/{rel}","templated":true}]}}