{"id":6666,"date":"2021-10-26T14:33:09","date_gmt":"2021-10-26T14:33:09","guid":{"rendered":"https:\/\/rental.servicevision.es\/?post_type=product&#038;p=6666"},"modified":"2025-09-29T10:11:11","modified_gmt":"2025-09-29T09:11:11","slug":"sony-venice-rialto","status":"publish","type":"product","link":"https:\/\/rental.servicevision.es\/es\/producto\/camaras\/digital\/sony-venice-rialto\/","title":{"rendered":"SONY SISTEMA EXTENSI\u00d3N &#8211; RIALTO 1 &#8211; SENSOR 6K"},"content":{"rendered":"<h3>&nbsp;<\/h3>\n","protected":false},"excerpt":{"rendered":"<p>Movilidad y manejabilidad mejoradas, la <strong>extensi\u00f3n hasta de 5,5&nbsp;m del cuerpo<\/strong> de la c\u00e1mara y la unidad del sensor de imagen, ofrece una <strong>flexibilidad excepcional<\/strong> al filmar escenas en espacios reducidos como veh\u00edculos, proporcionando ligereza, manejabilidad en <strong>gimbals<\/strong>, <strong>ronnins<\/strong>, <strong>drones<\/strong> y <strong>c\u00e1mara en mano<\/strong>.<\/p>\n","protected":false},"featured_media":6668,"template":"","meta":{"ngg_post_thumbnail":0},"product_cat":[15,19],"product_tag":[],"class_list":{"0":"post-6666","1":"product","2":"type-product","3":"status-publish","4":"has-post-thumbnail","6":"product_cat-camaras","7":"product_cat-digital","9":"first","10":"instock","11":"virtual","12":"taxable","13":"product-type-simple","14":"col-xs-6 col-sm-4","15":"col-md-3 col-lg-3","16":"un-4-cols"},"yoast_head":"<!-- This site is optimized with the Yoast SEO plugin v27.1.1 - https:\/\/yoast.com\/product\/yoast-seo-wordpress\/ -->\n<title>C\u00e1mara SONY VENICE - ServiceVision Alquiler<\/title>\n<meta name=\"description\" content=\"Alquiler de C\u00e1mara para Cinematograf\u00eda digital: SONY VENICE. Consultas y soporte t\u00e9cnico en Servicevision, fabricaci\u00f3n y alquiler de equipos para rodajes cinematogr\u00e1ficos.\" \/>\n<meta name=\"robots\" content=\"index, follow, max-snippet:-1, max-image-preview:large, max-video-preview:-1\" \/>\n<link rel=\"canonical\" href=\"https:\/\/rental.servicevision.es\/es\/producto\/camaras\/digital\/sony-venice-rialto\/\" \/>\n<meta property=\"og:locale\" content=\"es_ES\" \/>\n<meta property=\"og:type\" content=\"article\" \/>\n<meta property=\"og:title\" content=\"C\u00e1mara SONY VENICE - ServiceVision Alquiler\" \/>\n<meta property=\"og:description\" content=\"Alquiler de C\u00e1mara para Cinematograf\u00eda digital: SONY VENICE. Consultas y soporte t\u00e9cnico en Servicevision, fabricaci\u00f3n y alquiler de equipos para rodajes cinematogr\u00e1ficos.\" \/>\n<meta property=\"og:url\" content=\"https:\/\/rental.servicevision.es\/es\/producto\/camaras\/digital\/sony-venice-rialto\/\" \/>\n<meta property=\"og:site_name\" content=\"ServiceVision Alquiler\" \/>\n<meta property=\"article:modified_time\" content=\"2025-09-29T09:11:11+00:00\" \/>\n<meta property=\"og:image\" content=\"https:\/\/rental.servicevision.es\/wp-content\/uploads\/2021\/10\/1_L_Sony_Venice_Rialto.jpg\" \/>\n\t<meta property=\"og:image:width\" content=\"1296\" \/>\n\t<meta property=\"og:image:height\" content=\"531\" \/>\n\t<meta property=\"og:image:type\" content=\"image\/jpeg\" \/>\n<meta name=\"twitter:card\" content=\"summary_large_image\" \/>\n<script type=\"application\/ld+json\" class=\"yoast-schema-graph\">{\"@context\":\"https:\/\/schema.org\",\"@graph\":[{\"@type\":\"WebPage\",\"@id\":\"https:\/\/rental.servicevision.es\/es\/producto\/camaras\/digital\/sony-venice-rialto\/\",\"url\":\"https:\/\/rental.servicevision.es\/es\/producto\/camaras\/digital\/sony-venice-rialto\/\",\"name\":\"C\u00e1mara SONY VENICE - ServiceVision Alquiler\",\"isPartOf\":{\"@id\":\"https:\/\/rental.servicevision.es\/es\/#website\"},\"primaryImageOfPage\":{\"@id\":\"https:\/\/rental.servicevision.es\/es\/producto\/camaras\/digital\/sony-venice-rialto\/#primaryimage\"},\"image\":{\"@id\":\"https:\/\/rental.servicevision.es\/es\/producto\/camaras\/digital\/sony-venice-rialto\/#primaryimage\"},\"thumbnailUrl\":\"https:\/\/rental.servicevision.es\/wp-content\/uploads\/2021\/10\/1_L_Sony_Venice_Rialto.jpg\",\"datePublished\":\"2021-10-26T14:33:09+00:00\",\"dateModified\":\"2025-09-29T09:11:11+00:00\",\"description\":\"Alquiler de C\u00e1mara para Cinematograf\u00eda digital: SONY VENICE. Consultas y soporte t\u00e9cnico en Servicevision, fabricaci\u00f3n y alquiler de equipos para rodajes cinematogr\u00e1ficos.\",\"breadcrumb\":{\"@id\":\"https:\/\/rental.servicevision.es\/es\/producto\/camaras\/digital\/sony-venice-rialto\/#breadcrumb\"},\"inLanguage\":\"es\",\"potentialAction\":[{\"@type\":\"ReadAction\",\"target\":[\"https:\/\/rental.servicevision.es\/es\/producto\/camaras\/digital\/sony-venice-rialto\/\"]}]},{\"@type\":\"ImageObject\",\"inLanguage\":\"es\",\"@id\":\"https:\/\/rental.servicevision.es\/es\/producto\/camaras\/digital\/sony-venice-rialto\/#primaryimage\",\"url\":\"https:\/\/rental.servicevision.es\/wp-content\/uploads\/2021\/10\/1_L_Sony_Venice_Rialto.jpg\",\"contentUrl\":\"https:\/\/rental.servicevision.es\/wp-content\/uploads\/2021\/10\/1_L_Sony_Venice_Rialto.jpg\",\"width\":1296,\"height\":531,\"caption\":\"Sony Venice + Rialto\"},{\"@type\":\"BreadcrumbList\",\"@id\":\"https:\/\/rental.servicevision.es\/es\/producto\/camaras\/digital\/sony-venice-rialto\/#breadcrumb\",\"itemListElement\":[{\"@type\":\"ListItem\",\"position\":1,\"name\":\"Portada\",\"item\":\"https:\/\/rental.servicevision.es\/es\/\"},{\"@type\":\"ListItem\",\"position\":2,\"name\":\"Alquiler\",\"item\":\"https:\/\/rental.servicevision.es\/es\/alquiler-3\/\"},{\"@type\":\"ListItem\",\"position\":3,\"name\":\"SONY SISTEMA EXTENSI\u00d3N &#8211; RIALTO 1 &#8211; SENSOR 6K\"}]},{\"@type\":\"WebSite\",\"@id\":\"https:\/\/rental.servicevision.es\/es\/#website\",\"url\":\"https:\/\/rental.servicevision.es\/es\/\",\"name\":\"ServiceVision Alquiler\",\"description\":\"Fabricaci\u00f3n y alquiler de equipos para rodajes cinematogr\u00e1ficos\",\"potentialAction\":[{\"@type\":\"SearchAction\",\"target\":{\"@type\":\"EntryPoint\",\"urlTemplate\":\"https:\/\/rental.servicevision.es\/es\/?s={search_term_string}\"},\"query-input\":{\"@type\":\"PropertyValueSpecification\",\"valueRequired\":true,\"valueName\":\"search_term_string\"}}],\"inLanguage\":\"es\"}]}<\/script>\n<!-- \/ Yoast SEO plugin. -->","yoast_head_json":{"title":"C\u00e1mara SONY VENICE - ServiceVision Alquiler","description":"Alquiler de C\u00e1mara para Cinematograf\u00eda digital: SONY VENICE. Consultas y soporte t\u00e9cnico en Servicevision, fabricaci\u00f3n y alquiler de equipos para rodajes cinematogr\u00e1ficos.","robots":{"index":"index","follow":"follow","max-snippet":"max-snippet:-1","max-image-preview":"max-image-preview:large","max-video-preview":"max-video-preview:-1"},"canonical":"https:\/\/rental.servicevision.es\/es\/producto\/camaras\/digital\/sony-venice-rialto\/","og_locale":"es_ES","og_type":"article","og_title":"C\u00e1mara SONY VENICE - ServiceVision Alquiler","og_description":"Alquiler de C\u00e1mara para Cinematograf\u00eda digital: SONY VENICE. Consultas y soporte t\u00e9cnico en Servicevision, fabricaci\u00f3n y alquiler de equipos para rodajes cinematogr\u00e1ficos.","og_url":"https:\/\/rental.servicevision.es\/es\/producto\/camaras\/digital\/sony-venice-rialto\/","og_site_name":"ServiceVision Alquiler","article_modified_time":"2025-09-29T09:11:11+00:00","og_image":[{"width":1296,"height":531,"url":"https:\/\/rental.servicevision.es\/wp-content\/uploads\/2021\/10\/1_L_Sony_Venice_Rialto.jpg","type":"image\/jpeg"}],"twitter_card":"summary_large_image","schema":{"@context":"https:\/\/schema.org","@graph":[{"@type":"WebPage","@id":"https:\/\/rental.servicevision.es\/es\/producto\/camaras\/digital\/sony-venice-rialto\/","url":"https:\/\/rental.servicevision.es\/es\/producto\/camaras\/digital\/sony-venice-rialto\/","name":"C\u00e1mara SONY VENICE - ServiceVision Alquiler","isPartOf":{"@id":"https:\/\/rental.servicevision.es\/es\/#website"},"primaryImageOfPage":{"@id":"https:\/\/rental.servicevision.es\/es\/producto\/camaras\/digital\/sony-venice-rialto\/#primaryimage"},"image":{"@id":"https:\/\/rental.servicevision.es\/es\/producto\/camaras\/digital\/sony-venice-rialto\/#primaryimage"},"thumbnailUrl":"https:\/\/rental.servicevision.es\/wp-content\/uploads\/2021\/10\/1_L_Sony_Venice_Rialto.jpg","datePublished":"2021-10-26T14:33:09+00:00","dateModified":"2025-09-29T09:11:11+00:00","description":"Alquiler de C\u00e1mara para Cinematograf\u00eda digital: SONY VENICE. Consultas y soporte t\u00e9cnico en Servicevision, fabricaci\u00f3n y alquiler de equipos para rodajes cinematogr\u00e1ficos.","breadcrumb":{"@id":"https:\/\/rental.servicevision.es\/es\/producto\/camaras\/digital\/sony-venice-rialto\/#breadcrumb"},"inLanguage":"es","potentialAction":[{"@type":"ReadAction","target":["https:\/\/rental.servicevision.es\/es\/producto\/camaras\/digital\/sony-venice-rialto\/"]}]},{"@type":"ImageObject","inLanguage":"es","@id":"https:\/\/rental.servicevision.es\/es\/producto\/camaras\/digital\/sony-venice-rialto\/#primaryimage","url":"https:\/\/rental.servicevision.es\/wp-content\/uploads\/2021\/10\/1_L_Sony_Venice_Rialto.jpg","contentUrl":"https:\/\/rental.servicevision.es\/wp-content\/uploads\/2021\/10\/1_L_Sony_Venice_Rialto.jpg","width":1296,"height":531,"caption":"Sony Venice + Rialto"},{"@type":"BreadcrumbList","@id":"https:\/\/rental.servicevision.es\/es\/producto\/camaras\/digital\/sony-venice-rialto\/#breadcrumb","itemListElement":[{"@type":"ListItem","position":1,"name":"Portada","item":"https:\/\/rental.servicevision.es\/es\/"},{"@type":"ListItem","position":2,"name":"Alquiler","item":"https:\/\/rental.servicevision.es\/es\/alquiler-3\/"},{"@type":"ListItem","position":3,"name":"SONY SISTEMA EXTENSI\u00d3N &#8211; RIALTO 1 &#8211; SENSOR 6K"}]},{"@type":"WebSite","@id":"https:\/\/rental.servicevision.es\/es\/#website","url":"https:\/\/rental.servicevision.es\/es\/","name":"ServiceVision Alquiler","description":"Fabricaci\u00f3n y alquiler de equipos para rodajes cinematogr\u00e1ficos","potentialAction":[{"@type":"SearchAction","target":{"@type":"EntryPoint","urlTemplate":"https:\/\/rental.servicevision.es\/es\/?s={search_term_string}"},"query-input":{"@type":"PropertyValueSpecification","valueRequired":true,"valueName":"search_term_string"}}],"inLanguage":"es"}]}},"_links":{"self":[{"href":"https:\/\/rental.servicevision.es\/es\/wp-json\/wp\/v2\/product\/6666","targetHints":{"allow":["GET"]}}],"collection":[{"href":"https:\/\/rental.servicevision.es\/es\/wp-json\/wp\/v2\/product"}],"about":[{"href":"https:\/\/rental.servicevision.es\/es\/wp-json\/wp\/v2\/types\/product"}],"wp:featuredmedia":[{"embeddable":true,"href":"https:\/\/rental.servicevision.es\/es\/wp-json\/wp\/v2\/media\/6668"}],"wp:attachment":[{"href":"https:\/\/rental.servicevision.es\/es\/wp-json\/wp\/v2\/media?parent=6666"}],"wp:term":[{"taxonomy":"product_cat","embeddable":true,"href":"https:\/\/rental.servicevision.es\/es\/wp-json\/wp\/v2\/product_cat?post=6666"},{"taxonomy":"product_tag","embeddable":true,"href":"https:\/\/rental.servicevision.es\/es\/wp-json\/wp\/v2\/product_tag?post=6666"}],"curies":[{"name":"wp","href":"https:\/\/api.w.org\/{rel}","templated":true}]}}