{"id":6335,"date":"2021-10-20T16:52:27","date_gmt":"2021-10-20T16:52:27","guid":{"rendered":"https:\/\/rental.servicevision.es\/?post_type=product&#038;p=6335"},"modified":"2025-02-06T17:47:31","modified_gmt":"2025-02-06T16:47:31","slug":"canon-fd-rehoused-by-tls","status":"publish","type":"product","link":"https:\/\/rental.servicevision.es\/es\/producto\/camaras\/canon-fd-rehoused-by-tls\/","title":{"rendered":"Canon FD Rehoused by TLS"},"content":{"rendered":"","protected":false},"excerpt":{"rendered":"<div id=\"ow27\" data-show-delay-ms=\"250\" data-append-to-body=\"true\" data-propagate-tooltip-mouseover-events=\"true\" data-anchor-corner=\"bottom-left\" data-enable-skip-handler=\"true\" data-popup-corner=\"top-left\"><span class=\"jCAhz ChMk0b\" style=\"color: #000000;\"><span class=\"ryNqvb\">Los objetivos Canon FD se fabricaron desde principios de los a\u00f1os 70 hasta finales de los 80. <\/span><\/span><span class=\"jCAhz ChMk0b\" style=\"color: #000000;\"><span class=\"ryNqvb\">Estos objetivos se hicieron muy populares una vez que se entendi\u00f3 que eran muy parecidos a los legendarios objetivos de cine Canon K-35.<\/span><\/span> <span class=\"jCAhz ChMk0b\" style=\"color: #000000;\"><span class=\"ryNqvb\">Uno de los \u00fanicos objetivos de cine aut\u00e9nticos de la era vintage que cubr\u00eda sensores de Full Frame.<\/span><\/span> <span class=\"jCAhz ChMk0b\" style=\"color: #000000;\"><span class=\"ryNqvb\">Sin embargo, los Canon FD eran in\u00fatiles para el mundo del cine, ya que estaban dise\u00f1ados para la fotograf\u00eda fija.<\/span><\/span> <span class=\"jCAhz\" style=\"color: #000000;\"><span class=\"ryNqvb\">Por eso, TLS acept\u00f3 el reto de reubicar estos objetivos.<\/span><\/span> <span class=\"jCAhz ChMk0b\" style=\"color: #000000;\"><span class=\"ryNqvb\">No solo ofrecen un equivalente asequible a los Canon K-35, sino que tambi\u00e9n se pueden utilizar para aumentar las focales que se ofrecen para la gama limitada K-35.<\/span><\/span><\/div>\n<div data-show-delay-ms=\"250\" data-append-to-body=\"true\" data-propagate-tooltip-mouseover-events=\"true\" data-anchor-corner=\"bottom-left\" data-enable-skip-handler=\"true\" data-popup-corner=\"top-left\">&nbsp;<\/div>\n<div class=\"usGWQd\">\n<div class=\"KkbLmb\">\n<div class=\"lRu31\" dir=\"ltr\"><span class=\"HwtZe\" lang=\"es\" style=\"color: #000000;\"><span class=\"jCAhz ChMk0b\"><span class=\"ryNqvb\">Durante el proceso de reubicaci\u00f3n, TLS introduce un iris circular (14-16 l\u00e1minas seg\u00fan el tama\u00f1o) que proporciona un suave efecto bokeh circular en cualquier configuraci\u00f3n de apertura.<\/span><\/span> <span class=\"jCAhz ChMk0b\"><span class=\"ryNqvb\">Esto proporciona a los objetivos un aspecto m\u00e1s distintivo y cinematogr\u00e1fico, al tiempo que combina con el estilo del iris de la Canon K-35.<\/span><\/span> <span class=\"jCAhz ChMk0b\"><span class=\"ryNqvb\">La nueva carcasa tambi\u00e9n est\u00e1 dise\u00f1ada utilizando nuestro sistema de enfoque de leva no lineal en toda la gama, incluidos los dise\u00f1os de elementos flotantes<\/span><\/span><\/span><\/div>\n<\/div>\n<\/div>\n","protected":false},"featured_media":9743,"template":"","meta":{"ngg_post_thumbnail":0},"product_cat":[15],"product_tag":[],"class_list":{"0":"post-6335","1":"product","2":"type-product","3":"status-publish","4":"has-post-thumbnail","6":"product_cat-camaras","8":"first","9":"instock","10":"virtual","11":"taxable","12":"product-type-simple","13":"col-xs-6 col-sm-4","14":"col-md-3 col-lg-3","15":"un-4-cols"},"yoast_head":"<!-- This site is optimized with the Yoast SEO plugin v27.1.1 - https:\/\/yoast.com\/product\/yoast-seo-wordpress\/ -->\n<title>C\u00e1maras Canon Prime K-35 Rehoused TLS - ServiceVision Alquiler<\/title>\n<meta name=\"description\" content=\"Alquiler de C\u00e1maras - objetivos y zooms esf\u00e9ricos: Canon Prime K-35 Rehoused TLS. Consultas y soporte t\u00e9cnico en Servicevision, fabricaci\u00f3n y alquiler de equipos para rodajes cinematogr\u00e1ficos.\" \/>\n<meta name=\"robots\" content=\"index, follow, max-snippet:-1, max-image-preview:large, max-video-preview:-1\" \/>\n<link rel=\"canonical\" href=\"https:\/\/rental.servicevision.es\/es\/producto\/camaras\/canon-fd-rehoused-by-tls\/\" \/>\n<meta property=\"og:locale\" content=\"es_ES\" \/>\n<meta property=\"og:type\" content=\"article\" \/>\n<meta property=\"og:title\" content=\"C\u00e1maras Canon Prime K-35 Rehoused TLS - ServiceVision Alquiler\" \/>\n<meta property=\"og:description\" content=\"Alquiler de C\u00e1maras - objetivos y zooms esf\u00e9ricos: Canon Prime K-35 Rehoused TLS. Consultas y soporte t\u00e9cnico en Servicevision, fabricaci\u00f3n y alquiler de equipos para rodajes cinematogr\u00e1ficos.\" \/>\n<meta property=\"og:url\" content=\"https:\/\/rental.servicevision.es\/es\/producto\/camaras\/canon-fd-rehoused-by-tls\/\" \/>\n<meta property=\"og:site_name\" content=\"ServiceVision Alquiler\" \/>\n<meta property=\"article:modified_time\" content=\"2025-02-06T16:47:31+00:00\" \/>\n<meta property=\"og:image\" content=\"https:\/\/rental.servicevision.es\/wp-content\/uploads\/2021\/10\/Proyecto-Quitar-fondo-2025-02-06T173058.162.jpeg\" \/>\n\t<meta property=\"og:image:width\" content=\"576\" \/>\n\t<meta property=\"og:image:height\" content=\"376\" \/>\n\t<meta property=\"og:image:type\" content=\"image\/jpeg\" \/>\n<meta name=\"twitter:card\" content=\"summary_large_image\" \/>\n<script type=\"application\/ld+json\" class=\"yoast-schema-graph\">{\"@context\":\"https:\/\/schema.org\",\"@graph\":[{\"@type\":\"WebPage\",\"@id\":\"https:\/\/rental.servicevision.es\/es\/producto\/camaras\/canon-fd-rehoused-by-tls\/\",\"url\":\"https:\/\/rental.servicevision.es\/es\/producto\/camaras\/canon-fd-rehoused-by-tls\/\",\"name\":\"C\u00e1maras Canon Prime K-35 Rehoused TLS - ServiceVision Alquiler\",\"isPartOf\":{\"@id\":\"https:\/\/rental.servicevision.es\/es\/#website\"},\"primaryImageOfPage\":{\"@id\":\"https:\/\/rental.servicevision.es\/es\/producto\/camaras\/canon-fd-rehoused-by-tls\/#primaryimage\"},\"image\":{\"@id\":\"https:\/\/rental.servicevision.es\/es\/producto\/camaras\/canon-fd-rehoused-by-tls\/#primaryimage\"},\"thumbnailUrl\":\"https:\/\/rental.servicevision.es\/wp-content\/uploads\/2021\/10\/Proyecto-Quitar-fondo-2025-02-06T173058.162.jpeg\",\"datePublished\":\"2021-10-20T16:52:27+00:00\",\"dateModified\":\"2025-02-06T16:47:31+00:00\",\"description\":\"Alquiler de C\u00e1maras - objetivos y zooms esf\u00e9ricos: Canon Prime K-35 Rehoused TLS. Consultas y soporte t\u00e9cnico en Servicevision, fabricaci\u00f3n y alquiler de equipos para rodajes cinematogr\u00e1ficos.\",\"breadcrumb\":{\"@id\":\"https:\/\/rental.servicevision.es\/es\/producto\/camaras\/canon-fd-rehoused-by-tls\/#breadcrumb\"},\"inLanguage\":\"es\",\"potentialAction\":[{\"@type\":\"ReadAction\",\"target\":[\"https:\/\/rental.servicevision.es\/es\/producto\/camaras\/canon-fd-rehoused-by-tls\/\"]}]},{\"@type\":\"ImageObject\",\"inLanguage\":\"es\",\"@id\":\"https:\/\/rental.servicevision.es\/es\/producto\/camaras\/canon-fd-rehoused-by-tls\/#primaryimage\",\"url\":\"https:\/\/rental.servicevision.es\/wp-content\/uploads\/2021\/10\/Proyecto-Quitar-fondo-2025-02-06T173058.162.jpeg\",\"contentUrl\":\"https:\/\/rental.servicevision.es\/wp-content\/uploads\/2021\/10\/Proyecto-Quitar-fondo-2025-02-06T173058.162.jpeg\",\"width\":576,\"height\":376},{\"@type\":\"BreadcrumbList\",\"@id\":\"https:\/\/rental.servicevision.es\/es\/producto\/camaras\/canon-fd-rehoused-by-tls\/#breadcrumb\",\"itemListElement\":[{\"@type\":\"ListItem\",\"position\":1,\"name\":\"Portada\",\"item\":\"https:\/\/rental.servicevision.es\/es\/\"},{\"@type\":\"ListItem\",\"position\":2,\"name\":\"Alquiler\",\"item\":\"https:\/\/rental.servicevision.es\/es\/alquiler-3\/\"},{\"@type\":\"ListItem\",\"position\":3,\"name\":\"Canon FD Rehoused by TLS\"}]},{\"@type\":\"WebSite\",\"@id\":\"https:\/\/rental.servicevision.es\/es\/#website\",\"url\":\"https:\/\/rental.servicevision.es\/es\/\",\"name\":\"ServiceVision Alquiler\",\"description\":\"Fabricaci\u00f3n y alquiler de equipos para rodajes cinematogr\u00e1ficos\",\"potentialAction\":[{\"@type\":\"SearchAction\",\"target\":{\"@type\":\"EntryPoint\",\"urlTemplate\":\"https:\/\/rental.servicevision.es\/es\/?s={search_term_string}\"},\"query-input\":{\"@type\":\"PropertyValueSpecification\",\"valueRequired\":true,\"valueName\":\"search_term_string\"}}],\"inLanguage\":\"es\"}]}<\/script>\n<!-- \/ Yoast SEO plugin. -->","yoast_head_json":{"title":"C\u00e1maras Canon Prime K-35 Rehoused TLS - ServiceVision Alquiler","description":"Alquiler de C\u00e1maras - objetivos y zooms esf\u00e9ricos: Canon Prime K-35 Rehoused TLS. Consultas y soporte t\u00e9cnico en Servicevision, fabricaci\u00f3n y alquiler de equipos para rodajes cinematogr\u00e1ficos.","robots":{"index":"index","follow":"follow","max-snippet":"max-snippet:-1","max-image-preview":"max-image-preview:large","max-video-preview":"max-video-preview:-1"},"canonical":"https:\/\/rental.servicevision.es\/es\/producto\/camaras\/canon-fd-rehoused-by-tls\/","og_locale":"es_ES","og_type":"article","og_title":"C\u00e1maras Canon Prime K-35 Rehoused TLS - ServiceVision Alquiler","og_description":"Alquiler de C\u00e1maras - objetivos y zooms esf\u00e9ricos: Canon Prime K-35 Rehoused TLS. Consultas y soporte t\u00e9cnico en Servicevision, fabricaci\u00f3n y alquiler de equipos para rodajes cinematogr\u00e1ficos.","og_url":"https:\/\/rental.servicevision.es\/es\/producto\/camaras\/canon-fd-rehoused-by-tls\/","og_site_name":"ServiceVision Alquiler","article_modified_time":"2025-02-06T16:47:31+00:00","og_image":[{"width":576,"height":376,"url":"https:\/\/rental.servicevision.es\/wp-content\/uploads\/2021\/10\/Proyecto-Quitar-fondo-2025-02-06T173058.162.jpeg","type":"image\/jpeg"}],"twitter_card":"summary_large_image","schema":{"@context":"https:\/\/schema.org","@graph":[{"@type":"WebPage","@id":"https:\/\/rental.servicevision.es\/es\/producto\/camaras\/canon-fd-rehoused-by-tls\/","url":"https:\/\/rental.servicevision.es\/es\/producto\/camaras\/canon-fd-rehoused-by-tls\/","name":"C\u00e1maras Canon Prime K-35 Rehoused TLS - ServiceVision Alquiler","isPartOf":{"@id":"https:\/\/rental.servicevision.es\/es\/#website"},"primaryImageOfPage":{"@id":"https:\/\/rental.servicevision.es\/es\/producto\/camaras\/canon-fd-rehoused-by-tls\/#primaryimage"},"image":{"@id":"https:\/\/rental.servicevision.es\/es\/producto\/camaras\/canon-fd-rehoused-by-tls\/#primaryimage"},"thumbnailUrl":"https:\/\/rental.servicevision.es\/wp-content\/uploads\/2021\/10\/Proyecto-Quitar-fondo-2025-02-06T173058.162.jpeg","datePublished":"2021-10-20T16:52:27+00:00","dateModified":"2025-02-06T16:47:31+00:00","description":"Alquiler de C\u00e1maras - objetivos y zooms esf\u00e9ricos: Canon Prime K-35 Rehoused TLS. Consultas y soporte t\u00e9cnico en Servicevision, fabricaci\u00f3n y alquiler de equipos para rodajes cinematogr\u00e1ficos.","breadcrumb":{"@id":"https:\/\/rental.servicevision.es\/es\/producto\/camaras\/canon-fd-rehoused-by-tls\/#breadcrumb"},"inLanguage":"es","potentialAction":[{"@type":"ReadAction","target":["https:\/\/rental.servicevision.es\/es\/producto\/camaras\/canon-fd-rehoused-by-tls\/"]}]},{"@type":"ImageObject","inLanguage":"es","@id":"https:\/\/rental.servicevision.es\/es\/producto\/camaras\/canon-fd-rehoused-by-tls\/#primaryimage","url":"https:\/\/rental.servicevision.es\/wp-content\/uploads\/2021\/10\/Proyecto-Quitar-fondo-2025-02-06T173058.162.jpeg","contentUrl":"https:\/\/rental.servicevision.es\/wp-content\/uploads\/2021\/10\/Proyecto-Quitar-fondo-2025-02-06T173058.162.jpeg","width":576,"height":376},{"@type":"BreadcrumbList","@id":"https:\/\/rental.servicevision.es\/es\/producto\/camaras\/canon-fd-rehoused-by-tls\/#breadcrumb","itemListElement":[{"@type":"ListItem","position":1,"name":"Portada","item":"https:\/\/rental.servicevision.es\/es\/"},{"@type":"ListItem","position":2,"name":"Alquiler","item":"https:\/\/rental.servicevision.es\/es\/alquiler-3\/"},{"@type":"ListItem","position":3,"name":"Canon FD Rehoused by TLS"}]},{"@type":"WebSite","@id":"https:\/\/rental.servicevision.es\/es\/#website","url":"https:\/\/rental.servicevision.es\/es\/","name":"ServiceVision Alquiler","description":"Fabricaci\u00f3n y alquiler de equipos para rodajes cinematogr\u00e1ficos","potentialAction":[{"@type":"SearchAction","target":{"@type":"EntryPoint","urlTemplate":"https:\/\/rental.servicevision.es\/es\/?s={search_term_string}"},"query-input":{"@type":"PropertyValueSpecification","valueRequired":true,"valueName":"search_term_string"}}],"inLanguage":"es"}]}},"_links":{"self":[{"href":"https:\/\/rental.servicevision.es\/es\/wp-json\/wp\/v2\/product\/6335","targetHints":{"allow":["GET"]}}],"collection":[{"href":"https:\/\/rental.servicevision.es\/es\/wp-json\/wp\/v2\/product"}],"about":[{"href":"https:\/\/rental.servicevision.es\/es\/wp-json\/wp\/v2\/types\/product"}],"wp:featuredmedia":[{"embeddable":true,"href":"https:\/\/rental.servicevision.es\/es\/wp-json\/wp\/v2\/media\/9743"}],"wp:attachment":[{"href":"https:\/\/rental.servicevision.es\/es\/wp-json\/wp\/v2\/media?parent=6335"}],"wp:term":[{"taxonomy":"product_cat","embeddable":true,"href":"https:\/\/rental.servicevision.es\/es\/wp-json\/wp\/v2\/product_cat?post=6335"},{"taxonomy":"product_tag","embeddable":true,"href":"https:\/\/rental.servicevision.es\/es\/wp-json\/wp\/v2\/product_tag?post=6335"}],"curies":[{"name":"wp","href":"https:\/\/api.w.org\/{rel}","templated":true}]}}