{"id":5551,"date":"2021-09-13T15:50:43","date_gmt":"2021-09-13T15:50:43","guid":{"rendered":"https:\/\/rental.servicevision.es\/?post_type=product&#038;p=5551"},"modified":"2026-03-26T21:22:04","modified_gmt":"2026-03-26T20:22:04","slug":"optimo-prime-angenieux-t1-8","status":"publish","type":"product","link":"https:\/\/rental.servicevision.es\/es\/producto\/camaras\/objetivos-y-zooms\/objetivos-y-juegos-pl-full-frame\/optimo-prime-angenieux-t1-8\/","title":{"rendered":"Optimo Prime Angenieux"},"content":{"rendered":"","protected":false},"excerpt":{"rendered":"<p><span style=\"color: #000000;\">Los nuevos Optimo Primes de Angenieux ofrecen objetivos de Full Frame, peque\u00f1os y ligeros, fabricados espec\u00edficamente para combinar con la l\u00ednea de zooms cinematogr\u00e1ficos de Angenieux. Los Optimo Primes presentan un dise\u00f1o \u00fanico que permite intercambiar el conjunto del iris, un elemento de vidrio interno y un filtro trasero. Cada lente cuenta con Cooke i\/Data y ARRI LDS para la captura de metadatos de la lente.<\/span><\/p>\n","protected":false},"featured_media":9368,"template":"","meta":{"ngg_post_thumbnail":0},"product_cat":[15,88,773,62,22],"product_tag":[],"class_list":{"0":"post-5551","1":"product","2":"type-product","3":"status-publish","4":"has-post-thumbnail","6":"product_cat-camaras","7":"product_cat-esfericos","8":"product_cat-exportar","9":"product_cat-objetivos-y-juegos-pl-full-frame","10":"product_cat-objetivos-y-zooms","12":"first","13":"instock","14":"virtual","15":"taxable","16":"product-type-simple","17":"col-xs-6 col-sm-4","18":"col-md-3 col-lg-3","19":"un-4-cols"},"yoast_head":"<!-- This site is optimized with the Yoast SEO plugin v27.1.1 - https:\/\/yoast.com\/product\/yoast-seo-wordpress\/ -->\n<title>Objetivos Optimo Prime Angenieux T1.8 - ServiceVision Alquiler<\/title>\n<meta name=\"description\" content=\"Alquiler de C\u00e1maras - objetivos y juegos PL Full Frame: Optimo Prime Angenieux T1.8. Consultas y soporte t\u00e9cnico en Servicevision, fabricaci\u00f3n y alquiler de equipos para rodajes cinematogr\u00e1ficos.\" \/>\n<meta name=\"robots\" content=\"index, follow, max-snippet:-1, max-image-preview:large, max-video-preview:-1\" \/>\n<link rel=\"canonical\" href=\"https:\/\/rental.servicevision.es\/es\/producto\/camaras\/objetivos-y-zooms\/objetivos-y-juegos-pl-full-frame\/optimo-prime-angenieux-t1-8\/\" \/>\n<meta property=\"og:locale\" content=\"es_ES\" \/>\n<meta property=\"og:type\" content=\"article\" \/>\n<meta property=\"og:title\" content=\"Objetivos Optimo Prime Angenieux T1.8 - ServiceVision Alquiler\" \/>\n<meta property=\"og:description\" content=\"Alquiler de C\u00e1maras - objetivos y juegos PL Full Frame: Optimo Prime Angenieux T1.8. Consultas y soporte t\u00e9cnico en Servicevision, fabricaci\u00f3n y alquiler de equipos para rodajes cinematogr\u00e1ficos.\" \/>\n<meta property=\"og:url\" content=\"https:\/\/rental.servicevision.es\/es\/producto\/camaras\/objetivos-y-zooms\/objetivos-y-juegos-pl-full-frame\/optimo-prime-angenieux-t1-8\/\" \/>\n<meta property=\"og:site_name\" content=\"ServiceVision Alquiler\" \/>\n<meta property=\"article:modified_time\" content=\"2026-03-26T20:22:04+00:00\" \/>\n<meta property=\"og:image\" content=\"https:\/\/rental.servicevision.es\/wp-content\/uploads\/2021\/09\/Optimo-Prime-1.jpg\" \/>\n\t<meta property=\"og:image:width\" content=\"2166\" \/>\n\t<meta property=\"og:image:height\" content=\"1396\" \/>\n\t<meta property=\"og:image:type\" content=\"image\/jpeg\" \/>\n<meta name=\"twitter:card\" content=\"summary_large_image\" \/>\n<script type=\"application\/ld+json\" class=\"yoast-schema-graph\">{\"@context\":\"https:\/\/schema.org\",\"@graph\":[{\"@type\":\"WebPage\",\"@id\":\"https:\/\/rental.servicevision.es\/es\/producto\/camaras\/objetivos-y-zooms\/objetivos-y-juegos-pl-full-frame\/optimo-prime-angenieux-t1-8\/\",\"url\":\"https:\/\/rental.servicevision.es\/es\/producto\/camaras\/objetivos-y-zooms\/objetivos-y-juegos-pl-full-frame\/optimo-prime-angenieux-t1-8\/\",\"name\":\"Objetivos Optimo Prime Angenieux T1.8 - ServiceVision Alquiler\",\"isPartOf\":{\"@id\":\"https:\/\/rental.servicevision.es\/es\/#website\"},\"primaryImageOfPage\":{\"@id\":\"https:\/\/rental.servicevision.es\/es\/producto\/camaras\/objetivos-y-zooms\/objetivos-y-juegos-pl-full-frame\/optimo-prime-angenieux-t1-8\/#primaryimage\"},\"image\":{\"@id\":\"https:\/\/rental.servicevision.es\/es\/producto\/camaras\/objetivos-y-zooms\/objetivos-y-juegos-pl-full-frame\/optimo-prime-angenieux-t1-8\/#primaryimage\"},\"thumbnailUrl\":\"https:\/\/rental.servicevision.es\/wp-content\/uploads\/2021\/09\/Optimo-Prime-1.jpg\",\"datePublished\":\"2021-09-13T15:50:43+00:00\",\"dateModified\":\"2026-03-26T20:22:04+00:00\",\"description\":\"Alquiler de C\u00e1maras - objetivos y juegos PL Full Frame: Optimo Prime Angenieux T1.8. Consultas y soporte t\u00e9cnico en Servicevision, fabricaci\u00f3n y alquiler de equipos para rodajes cinematogr\u00e1ficos.\",\"breadcrumb\":{\"@id\":\"https:\/\/rental.servicevision.es\/es\/producto\/camaras\/objetivos-y-zooms\/objetivos-y-juegos-pl-full-frame\/optimo-prime-angenieux-t1-8\/#breadcrumb\"},\"inLanguage\":\"es\",\"potentialAction\":[{\"@type\":\"ReadAction\",\"target\":[\"https:\/\/rental.servicevision.es\/es\/producto\/camaras\/objetivos-y-zooms\/objetivos-y-juegos-pl-full-frame\/optimo-prime-angenieux-t1-8\/\"]}]},{\"@type\":\"ImageObject\",\"inLanguage\":\"es\",\"@id\":\"https:\/\/rental.servicevision.es\/es\/producto\/camaras\/objetivos-y-zooms\/objetivos-y-juegos-pl-full-frame\/optimo-prime-angenieux-t1-8\/#primaryimage\",\"url\":\"https:\/\/rental.servicevision.es\/wp-content\/uploads\/2021\/09\/Optimo-Prime-1.jpg\",\"contentUrl\":\"https:\/\/rental.servicevision.es\/wp-content\/uploads\/2021\/09\/Optimo-Prime-1.jpg\",\"width\":2166,\"height\":1396},{\"@type\":\"BreadcrumbList\",\"@id\":\"https:\/\/rental.servicevision.es\/es\/producto\/camaras\/objetivos-y-zooms\/objetivos-y-juegos-pl-full-frame\/optimo-prime-angenieux-t1-8\/#breadcrumb\",\"itemListElement\":[{\"@type\":\"ListItem\",\"position\":1,\"name\":\"Portada\",\"item\":\"https:\/\/rental.servicevision.es\/es\/\"},{\"@type\":\"ListItem\",\"position\":2,\"name\":\"Alquiler\",\"item\":\"https:\/\/rental.servicevision.es\/es\/alquiler-3\/\"},{\"@type\":\"ListItem\",\"position\":3,\"name\":\"Optimo Prime Angenieux\"}]},{\"@type\":\"WebSite\",\"@id\":\"https:\/\/rental.servicevision.es\/es\/#website\",\"url\":\"https:\/\/rental.servicevision.es\/es\/\",\"name\":\"ServiceVision Alquiler\",\"description\":\"Fabricaci\u00f3n y alquiler de equipos para rodajes cinematogr\u00e1ficos\",\"potentialAction\":[{\"@type\":\"SearchAction\",\"target\":{\"@type\":\"EntryPoint\",\"urlTemplate\":\"https:\/\/rental.servicevision.es\/es\/?s={search_term_string}\"},\"query-input\":{\"@type\":\"PropertyValueSpecification\",\"valueRequired\":true,\"valueName\":\"search_term_string\"}}],\"inLanguage\":\"es\"}]}<\/script>\n<!-- \/ Yoast SEO plugin. -->","yoast_head_json":{"title":"Objetivos Optimo Prime Angenieux T1.8 - ServiceVision Alquiler","description":"Alquiler de C\u00e1maras - objetivos y juegos PL Full Frame: Optimo Prime Angenieux T1.8. Consultas y soporte t\u00e9cnico en Servicevision, fabricaci\u00f3n y alquiler de equipos para rodajes cinematogr\u00e1ficos.","robots":{"index":"index","follow":"follow","max-snippet":"max-snippet:-1","max-image-preview":"max-image-preview:large","max-video-preview":"max-video-preview:-1"},"canonical":"https:\/\/rental.servicevision.es\/es\/producto\/camaras\/objetivos-y-zooms\/objetivos-y-juegos-pl-full-frame\/optimo-prime-angenieux-t1-8\/","og_locale":"es_ES","og_type":"article","og_title":"Objetivos Optimo Prime Angenieux T1.8 - ServiceVision Alquiler","og_description":"Alquiler de C\u00e1maras - objetivos y juegos PL Full Frame: Optimo Prime Angenieux T1.8. Consultas y soporte t\u00e9cnico en Servicevision, fabricaci\u00f3n y alquiler de equipos para rodajes cinematogr\u00e1ficos.","og_url":"https:\/\/rental.servicevision.es\/es\/producto\/camaras\/objetivos-y-zooms\/objetivos-y-juegos-pl-full-frame\/optimo-prime-angenieux-t1-8\/","og_site_name":"ServiceVision Alquiler","article_modified_time":"2026-03-26T20:22:04+00:00","og_image":[{"width":2166,"height":1396,"url":"https:\/\/rental.servicevision.es\/wp-content\/uploads\/2021\/09\/Optimo-Prime-1.jpg","type":"image\/jpeg"}],"twitter_card":"summary_large_image","schema":{"@context":"https:\/\/schema.org","@graph":[{"@type":"WebPage","@id":"https:\/\/rental.servicevision.es\/es\/producto\/camaras\/objetivos-y-zooms\/objetivos-y-juegos-pl-full-frame\/optimo-prime-angenieux-t1-8\/","url":"https:\/\/rental.servicevision.es\/es\/producto\/camaras\/objetivos-y-zooms\/objetivos-y-juegos-pl-full-frame\/optimo-prime-angenieux-t1-8\/","name":"Objetivos Optimo Prime Angenieux T1.8 - ServiceVision Alquiler","isPartOf":{"@id":"https:\/\/rental.servicevision.es\/es\/#website"},"primaryImageOfPage":{"@id":"https:\/\/rental.servicevision.es\/es\/producto\/camaras\/objetivos-y-zooms\/objetivos-y-juegos-pl-full-frame\/optimo-prime-angenieux-t1-8\/#primaryimage"},"image":{"@id":"https:\/\/rental.servicevision.es\/es\/producto\/camaras\/objetivos-y-zooms\/objetivos-y-juegos-pl-full-frame\/optimo-prime-angenieux-t1-8\/#primaryimage"},"thumbnailUrl":"https:\/\/rental.servicevision.es\/wp-content\/uploads\/2021\/09\/Optimo-Prime-1.jpg","datePublished":"2021-09-13T15:50:43+00:00","dateModified":"2026-03-26T20:22:04+00:00","description":"Alquiler de C\u00e1maras - objetivos y juegos PL Full Frame: Optimo Prime Angenieux T1.8. Consultas y soporte t\u00e9cnico en Servicevision, fabricaci\u00f3n y alquiler de equipos para rodajes cinematogr\u00e1ficos.","breadcrumb":{"@id":"https:\/\/rental.servicevision.es\/es\/producto\/camaras\/objetivos-y-zooms\/objetivos-y-juegos-pl-full-frame\/optimo-prime-angenieux-t1-8\/#breadcrumb"},"inLanguage":"es","potentialAction":[{"@type":"ReadAction","target":["https:\/\/rental.servicevision.es\/es\/producto\/camaras\/objetivos-y-zooms\/objetivos-y-juegos-pl-full-frame\/optimo-prime-angenieux-t1-8\/"]}]},{"@type":"ImageObject","inLanguage":"es","@id":"https:\/\/rental.servicevision.es\/es\/producto\/camaras\/objetivos-y-zooms\/objetivos-y-juegos-pl-full-frame\/optimo-prime-angenieux-t1-8\/#primaryimage","url":"https:\/\/rental.servicevision.es\/wp-content\/uploads\/2021\/09\/Optimo-Prime-1.jpg","contentUrl":"https:\/\/rental.servicevision.es\/wp-content\/uploads\/2021\/09\/Optimo-Prime-1.jpg","width":2166,"height":1396},{"@type":"BreadcrumbList","@id":"https:\/\/rental.servicevision.es\/es\/producto\/camaras\/objetivos-y-zooms\/objetivos-y-juegos-pl-full-frame\/optimo-prime-angenieux-t1-8\/#breadcrumb","itemListElement":[{"@type":"ListItem","position":1,"name":"Portada","item":"https:\/\/rental.servicevision.es\/es\/"},{"@type":"ListItem","position":2,"name":"Alquiler","item":"https:\/\/rental.servicevision.es\/es\/alquiler-3\/"},{"@type":"ListItem","position":3,"name":"Optimo Prime Angenieux"}]},{"@type":"WebSite","@id":"https:\/\/rental.servicevision.es\/es\/#website","url":"https:\/\/rental.servicevision.es\/es\/","name":"ServiceVision Alquiler","description":"Fabricaci\u00f3n y alquiler de equipos para rodajes cinematogr\u00e1ficos","potentialAction":[{"@type":"SearchAction","target":{"@type":"EntryPoint","urlTemplate":"https:\/\/rental.servicevision.es\/es\/?s={search_term_string}"},"query-input":{"@type":"PropertyValueSpecification","valueRequired":true,"valueName":"search_term_string"}}],"inLanguage":"es"}]}},"_links":{"self":[{"href":"https:\/\/rental.servicevision.es\/es\/wp-json\/wp\/v2\/product\/5551","targetHints":{"allow":["GET"]}}],"collection":[{"href":"https:\/\/rental.servicevision.es\/es\/wp-json\/wp\/v2\/product"}],"about":[{"href":"https:\/\/rental.servicevision.es\/es\/wp-json\/wp\/v2\/types\/product"}],"wp:featuredmedia":[{"embeddable":true,"href":"https:\/\/rental.servicevision.es\/es\/wp-json\/wp\/v2\/media\/9368"}],"wp:attachment":[{"href":"https:\/\/rental.servicevision.es\/es\/wp-json\/wp\/v2\/media?parent=5551"}],"wp:term":[{"taxonomy":"product_cat","embeddable":true,"href":"https:\/\/rental.servicevision.es\/es\/wp-json\/wp\/v2\/product_cat?post=5551"},{"taxonomy":"product_tag","embeddable":true,"href":"https:\/\/rental.servicevision.es\/es\/wp-json\/wp\/v2\/product_tag?post=5551"}],"curies":[{"name":"wp","href":"https:\/\/api.w.org\/{rel}","templated":true}]}}