{"id":4578,"date":"2021-04-21T02:05:32","date_gmt":"2021-04-21T02:05:32","guid":{"rendered":"http:\/\/servicevisionalq.bcntic.com\/?post_type=product&#038;p=4578"},"modified":"2024-03-08T19:47:54","modified_gmt":"2024-03-08T18:47:54","slug":"moto-electrica","status":"publish","type":"product","link":"https:\/\/rental.servicevision.es\/es\/producto\/grips\/vehiculos\/moto-electrica\/","title":{"rendered":"Moto el\u00e9ctrica"},"content":{"rendered":"","protected":false},"excerpt":{"rendered":"<p class=\"western\" align=\"justify\"><span lang=\"es-ES\">Con la <\/span><span lang=\"es-ES\"><i><b>Electric motorbike<\/b><\/i><\/span><span lang=\"es-ES\">, Servicevision ofrece una herramienta vers\u00e1til para utilizar en cualquier producci\u00f3n cinematogr\u00e1fica que requiera combinar velocidad y precisi\u00f3n de manera silenciosa en espacios limitados.<\/span><\/p>\n","protected":false},"featured_media":4581,"template":"","meta":{"ngg_post_thumbnail":0},"product_cat":[96],"product_tag":[],"class_list":{"0":"post-4578","1":"product","2":"type-product","3":"status-publish","4":"has-post-thumbnail","6":"product_cat-vehiculos","8":"first","9":"instock","10":"virtual","11":"taxable","12":"product-type-simple","13":"col-xs-6 col-sm-4","14":"col-md-3 col-lg-3","15":"un-4-cols"},"yoast_head":"<!-- This site is optimized with the Yoast SEO plugin v27.1.1 - https:\/\/yoast.com\/product\/yoast-seo-wordpress\/ -->\n<title>Veh\u00edculos y gruas para rodajes - Alquiler de Moto el\u00e9ctrica - ServiceVision Alquiler<\/title>\n<meta name=\"description\" content=\"Alquiler de Veh\u00edculos y gruas para rodajes: Moto el\u00e9ctrica. Consultas y soporte t\u00e9cnico en Servicevision, fabricaci\u00f3n y alquiler de equipos para rodajes cinematogr\u00e1ficos.\" \/>\n<meta name=\"robots\" content=\"index, follow, max-snippet:-1, max-image-preview:large, max-video-preview:-1\" \/>\n<link rel=\"canonical\" href=\"https:\/\/rental.servicevision.es\/es\/producto\/grips\/vehiculos\/moto-electrica\/\" \/>\n<meta property=\"og:locale\" content=\"es_ES\" \/>\n<meta property=\"og:type\" content=\"article\" \/>\n<meta property=\"og:title\" content=\"Veh\u00edculos y gruas para rodajes - Alquiler de Moto el\u00e9ctrica - ServiceVision Alquiler\" \/>\n<meta property=\"og:description\" content=\"Alquiler de Veh\u00edculos y gruas para rodajes: Moto el\u00e9ctrica. Consultas y soporte t\u00e9cnico en Servicevision, fabricaci\u00f3n y alquiler de equipos para rodajes cinematogr\u00e1ficos.\" \/>\n<meta property=\"og:url\" content=\"https:\/\/rental.servicevision.es\/es\/producto\/grips\/vehiculos\/moto-electrica\/\" \/>\n<meta property=\"og:site_name\" content=\"ServiceVision Alquiler\" \/>\n<meta property=\"article:modified_time\" content=\"2024-03-08T18:47:54+00:00\" \/>\n<meta property=\"og:image\" content=\"https:\/\/rental.servicevision.es\/wp-content\/uploads\/2021\/04\/MOTOELECSVS3.jpg\" \/>\n\t<meta property=\"og:image:width\" content=\"1600\" \/>\n\t<meta property=\"og:image:height\" content=\"1200\" \/>\n\t<meta property=\"og:image:type\" content=\"image\/jpeg\" \/>\n<meta name=\"twitter:card\" content=\"summary_large_image\" \/>\n<script type=\"application\/ld+json\" class=\"yoast-schema-graph\">{\"@context\":\"https:\/\/schema.org\",\"@graph\":[{\"@type\":\"WebPage\",\"@id\":\"https:\/\/rental.servicevision.es\/es\/producto\/grips\/vehiculos\/moto-electrica\/\",\"url\":\"https:\/\/rental.servicevision.es\/es\/producto\/grips\/vehiculos\/moto-electrica\/\",\"name\":\"Veh\u00edculos y gruas para rodajes - Alquiler de Moto el\u00e9ctrica - ServiceVision Alquiler\",\"isPartOf\":{\"@id\":\"https:\/\/rental.servicevision.es\/es\/#website\"},\"primaryImageOfPage\":{\"@id\":\"https:\/\/rental.servicevision.es\/es\/producto\/grips\/vehiculos\/moto-electrica\/#primaryimage\"},\"image\":{\"@id\":\"https:\/\/rental.servicevision.es\/es\/producto\/grips\/vehiculos\/moto-electrica\/#primaryimage\"},\"thumbnailUrl\":\"https:\/\/rental.servicevision.es\/wp-content\/uploads\/2021\/04\/MOTOELECSVS3.jpg\",\"datePublished\":\"2021-04-21T02:05:32+00:00\",\"dateModified\":\"2024-03-08T18:47:54+00:00\",\"description\":\"Alquiler de Veh\u00edculos y gruas para rodajes: Moto el\u00e9ctrica. Consultas y soporte t\u00e9cnico en Servicevision, fabricaci\u00f3n y alquiler de equipos para rodajes cinematogr\u00e1ficos.\",\"breadcrumb\":{\"@id\":\"https:\/\/rental.servicevision.es\/es\/producto\/grips\/vehiculos\/moto-electrica\/#breadcrumb\"},\"inLanguage\":\"es\",\"potentialAction\":[{\"@type\":\"ReadAction\",\"target\":[\"https:\/\/rental.servicevision.es\/es\/producto\/grips\/vehiculos\/moto-electrica\/\"]}]},{\"@type\":\"ImageObject\",\"inLanguage\":\"es\",\"@id\":\"https:\/\/rental.servicevision.es\/es\/producto\/grips\/vehiculos\/moto-electrica\/#primaryimage\",\"url\":\"https:\/\/rental.servicevision.es\/wp-content\/uploads\/2021\/04\/MOTOELECSVS3.jpg\",\"contentUrl\":\"https:\/\/rental.servicevision.es\/wp-content\/uploads\/2021\/04\/MOTOELECSVS3.jpg\",\"width\":1600,\"height\":1200},{\"@type\":\"BreadcrumbList\",\"@id\":\"https:\/\/rental.servicevision.es\/es\/producto\/grips\/vehiculos\/moto-electrica\/#breadcrumb\",\"itemListElement\":[{\"@type\":\"ListItem\",\"position\":1,\"name\":\"Portada\",\"item\":\"https:\/\/rental.servicevision.es\/es\/\"},{\"@type\":\"ListItem\",\"position\":2,\"name\":\"Alquiler\",\"item\":\"https:\/\/rental.servicevision.es\/es\/alquiler-3\/\"},{\"@type\":\"ListItem\",\"position\":3,\"name\":\"Moto el\u00e9ctrica\"}]},{\"@type\":\"WebSite\",\"@id\":\"https:\/\/rental.servicevision.es\/es\/#website\",\"url\":\"https:\/\/rental.servicevision.es\/es\/\",\"name\":\"ServiceVision Alquiler\",\"description\":\"Fabricaci\u00f3n y alquiler de equipos para rodajes cinematogr\u00e1ficos\",\"potentialAction\":[{\"@type\":\"SearchAction\",\"target\":{\"@type\":\"EntryPoint\",\"urlTemplate\":\"https:\/\/rental.servicevision.es\/es\/?s={search_term_string}\"},\"query-input\":{\"@type\":\"PropertyValueSpecification\",\"valueRequired\":true,\"valueName\":\"search_term_string\"}}],\"inLanguage\":\"es\"}]}<\/script>\n<!-- \/ Yoast SEO plugin. -->","yoast_head_json":{"title":"Veh\u00edculos y gruas para rodajes - Alquiler de Moto el\u00e9ctrica - ServiceVision Alquiler","description":"Alquiler de Veh\u00edculos y gruas para rodajes: Moto el\u00e9ctrica. Consultas y soporte t\u00e9cnico en Servicevision, fabricaci\u00f3n y alquiler de equipos para rodajes cinematogr\u00e1ficos.","robots":{"index":"index","follow":"follow","max-snippet":"max-snippet:-1","max-image-preview":"max-image-preview:large","max-video-preview":"max-video-preview:-1"},"canonical":"https:\/\/rental.servicevision.es\/es\/producto\/grips\/vehiculos\/moto-electrica\/","og_locale":"es_ES","og_type":"article","og_title":"Veh\u00edculos y gruas para rodajes - Alquiler de Moto el\u00e9ctrica - ServiceVision Alquiler","og_description":"Alquiler de Veh\u00edculos y gruas para rodajes: Moto el\u00e9ctrica. Consultas y soporte t\u00e9cnico en Servicevision, fabricaci\u00f3n y alquiler de equipos para rodajes cinematogr\u00e1ficos.","og_url":"https:\/\/rental.servicevision.es\/es\/producto\/grips\/vehiculos\/moto-electrica\/","og_site_name":"ServiceVision Alquiler","article_modified_time":"2024-03-08T18:47:54+00:00","og_image":[{"width":1600,"height":1200,"url":"https:\/\/rental.servicevision.es\/wp-content\/uploads\/2021\/04\/MOTOELECSVS3.jpg","type":"image\/jpeg"}],"twitter_card":"summary_large_image","schema":{"@context":"https:\/\/schema.org","@graph":[{"@type":"WebPage","@id":"https:\/\/rental.servicevision.es\/es\/producto\/grips\/vehiculos\/moto-electrica\/","url":"https:\/\/rental.servicevision.es\/es\/producto\/grips\/vehiculos\/moto-electrica\/","name":"Veh\u00edculos y gruas para rodajes - Alquiler de Moto el\u00e9ctrica - ServiceVision Alquiler","isPartOf":{"@id":"https:\/\/rental.servicevision.es\/es\/#website"},"primaryImageOfPage":{"@id":"https:\/\/rental.servicevision.es\/es\/producto\/grips\/vehiculos\/moto-electrica\/#primaryimage"},"image":{"@id":"https:\/\/rental.servicevision.es\/es\/producto\/grips\/vehiculos\/moto-electrica\/#primaryimage"},"thumbnailUrl":"https:\/\/rental.servicevision.es\/wp-content\/uploads\/2021\/04\/MOTOELECSVS3.jpg","datePublished":"2021-04-21T02:05:32+00:00","dateModified":"2024-03-08T18:47:54+00:00","description":"Alquiler de Veh\u00edculos y gruas para rodajes: Moto el\u00e9ctrica. Consultas y soporte t\u00e9cnico en Servicevision, fabricaci\u00f3n y alquiler de equipos para rodajes cinematogr\u00e1ficos.","breadcrumb":{"@id":"https:\/\/rental.servicevision.es\/es\/producto\/grips\/vehiculos\/moto-electrica\/#breadcrumb"},"inLanguage":"es","potentialAction":[{"@type":"ReadAction","target":["https:\/\/rental.servicevision.es\/es\/producto\/grips\/vehiculos\/moto-electrica\/"]}]},{"@type":"ImageObject","inLanguage":"es","@id":"https:\/\/rental.servicevision.es\/es\/producto\/grips\/vehiculos\/moto-electrica\/#primaryimage","url":"https:\/\/rental.servicevision.es\/wp-content\/uploads\/2021\/04\/MOTOELECSVS3.jpg","contentUrl":"https:\/\/rental.servicevision.es\/wp-content\/uploads\/2021\/04\/MOTOELECSVS3.jpg","width":1600,"height":1200},{"@type":"BreadcrumbList","@id":"https:\/\/rental.servicevision.es\/es\/producto\/grips\/vehiculos\/moto-electrica\/#breadcrumb","itemListElement":[{"@type":"ListItem","position":1,"name":"Portada","item":"https:\/\/rental.servicevision.es\/es\/"},{"@type":"ListItem","position":2,"name":"Alquiler","item":"https:\/\/rental.servicevision.es\/es\/alquiler-3\/"},{"@type":"ListItem","position":3,"name":"Moto el\u00e9ctrica"}]},{"@type":"WebSite","@id":"https:\/\/rental.servicevision.es\/es\/#website","url":"https:\/\/rental.servicevision.es\/es\/","name":"ServiceVision Alquiler","description":"Fabricaci\u00f3n y alquiler de equipos para rodajes cinematogr\u00e1ficos","potentialAction":[{"@type":"SearchAction","target":{"@type":"EntryPoint","urlTemplate":"https:\/\/rental.servicevision.es\/es\/?s={search_term_string}"},"query-input":{"@type":"PropertyValueSpecification","valueRequired":true,"valueName":"search_term_string"}}],"inLanguage":"es"}]}},"_links":{"self":[{"href":"https:\/\/rental.servicevision.es\/es\/wp-json\/wp\/v2\/product\/4578","targetHints":{"allow":["GET"]}}],"collection":[{"href":"https:\/\/rental.servicevision.es\/es\/wp-json\/wp\/v2\/product"}],"about":[{"href":"https:\/\/rental.servicevision.es\/es\/wp-json\/wp\/v2\/types\/product"}],"wp:featuredmedia":[{"embeddable":true,"href":"https:\/\/rental.servicevision.es\/es\/wp-json\/wp\/v2\/media\/4581"}],"wp:attachment":[{"href":"https:\/\/rental.servicevision.es\/es\/wp-json\/wp\/v2\/media?parent=4578"}],"wp:term":[{"taxonomy":"product_cat","embeddable":true,"href":"https:\/\/rental.servicevision.es\/es\/wp-json\/wp\/v2\/product_cat?post=4578"},{"taxonomy":"product_tag","embeddable":true,"href":"https:\/\/rental.servicevision.es\/es\/wp-json\/wp\/v2\/product_tag?post=4578"}],"curies":[{"name":"wp","href":"https:\/\/api.w.org\/{rel}","templated":true}]}}