{"id":4482,"date":"2021-04-13T15:18:57","date_gmt":"2021-04-13T15:18:57","guid":{"rendered":"http:\/\/servicevisionalq.bcntic.com\/?post_type=product&#038;p=4482"},"modified":"2021-10-06T09:43:08","modified_gmt":"2021-10-06T09:43:08","slug":"arri-16-sr3-advanced","status":"publish","type":"product","link":"https:\/\/rental.servicevision.es\/es\/producto\/camaras\/camaras-16mm-film\/arri-16-sr3-advanced\/","title":{"rendered":"ARRI 16 SR3 ADVANCED"},"content":{"rendered":"","protected":false},"excerpt":{"rendered":"<p>La c\u00e1mara <strong>ARRI 16SR3 ADVANCED<\/strong> es una c\u00e1mara de film en <strong>S16 o N16<\/strong>, para sonido directo estando \u2013 de 20 dB, con montura PL, con un obturador mec\u00e1nico variable <strong>de 45\u00ba a 180\u00ba<\/strong>, con un rango de velocidad de 5 a 75 fps. marcha adelante.<\/p>\n","protected":false},"featured_media":5731,"template":"","meta":{"ngg_post_thumbnail":0},"product_cat":[15,21],"product_tag":[],"class_list":{"0":"post-4482","1":"product","2":"type-product","3":"status-publish","4":"has-post-thumbnail","6":"product_cat-camaras","7":"product_cat-camaras-16mm-film","9":"first","10":"instock","11":"virtual","12":"taxable","13":"product-type-simple","14":"col-xs-6 col-sm-4","15":"col-md-3 col-lg-3","16":"un-4-cols"},"yoast_head":"<!-- This site is optimized with the Yoast SEO plugin v27.1.1 - https:\/\/yoast.com\/product\/yoast-seo-wordpress\/ -->\n<title>C\u00e1mara ARRI 16 SR3 Advanced - ServiceVision Alquiler<\/title>\n<meta name=\"description\" content=\"Alquiler de C\u00e1mara de 16mm: ARRI 16 SR3 Advanced. Consultas y soporte t\u00e9cnico en Servicevision, fabricaci\u00f3n y alquiler de equipos para rodajes cinematogr\u00e1ficos.\" \/>\n<meta name=\"robots\" content=\"index, follow, max-snippet:-1, max-image-preview:large, max-video-preview:-1\" \/>\n<link rel=\"canonical\" href=\"https:\/\/rental.servicevision.es\/es\/producto\/camaras\/camaras-16mm-film\/arri-16-sr3-advanced\/\" \/>\n<meta property=\"og:locale\" content=\"es_ES\" \/>\n<meta property=\"og:type\" content=\"article\" \/>\n<meta property=\"og:title\" content=\"C\u00e1mara ARRI 16 SR3 Advanced - ServiceVision Alquiler\" \/>\n<meta property=\"og:description\" content=\"Alquiler de C\u00e1mara de 16mm: ARRI 16 SR3 Advanced. Consultas y soporte t\u00e9cnico en Servicevision, fabricaci\u00f3n y alquiler de equipos para rodajes cinematogr\u00e1ficos.\" \/>\n<meta property=\"og:url\" content=\"https:\/\/rental.servicevision.es\/es\/producto\/camaras\/camaras-16mm-film\/arri-16-sr3-advanced\/\" \/>\n<meta property=\"og:site_name\" content=\"ServiceVision Alquiler\" \/>\n<meta property=\"article:modified_time\" content=\"2021-10-06T09:43:08+00:00\" \/>\n<meta property=\"og:image\" content=\"https:\/\/rental.servicevision.es\/wp-content\/uploads\/2019\/05\/2_G_ARRI_16-SR3.jpg\" \/>\n\t<meta property=\"og:image:width\" content=\"360\" \/>\n\t<meta property=\"og:image:height\" content=\"360\" \/>\n\t<meta property=\"og:image:type\" content=\"image\/jpeg\" \/>\n<meta name=\"twitter:card\" content=\"summary_large_image\" \/>\n<script type=\"application\/ld+json\" class=\"yoast-schema-graph\">{\"@context\":\"https:\/\/schema.org\",\"@graph\":[{\"@type\":\"WebPage\",\"@id\":\"https:\/\/rental.servicevision.es\/es\/producto\/camaras\/camaras-16mm-film\/arri-16-sr3-advanced\/\",\"url\":\"https:\/\/rental.servicevision.es\/es\/producto\/camaras\/camaras-16mm-film\/arri-16-sr3-advanced\/\",\"name\":\"C\u00e1mara ARRI 16 SR3 Advanced - ServiceVision Alquiler\",\"isPartOf\":{\"@id\":\"https:\/\/rental.servicevision.es\/es\/#website\"},\"primaryImageOfPage\":{\"@id\":\"https:\/\/rental.servicevision.es\/es\/producto\/camaras\/camaras-16mm-film\/arri-16-sr3-advanced\/#primaryimage\"},\"image\":{\"@id\":\"https:\/\/rental.servicevision.es\/es\/producto\/camaras\/camaras-16mm-film\/arri-16-sr3-advanced\/#primaryimage\"},\"thumbnailUrl\":\"https:\/\/rental.servicevision.es\/wp-content\/uploads\/2019\/05\/2_G_ARRI_16-SR3.jpg\",\"datePublished\":\"2021-04-13T15:18:57+00:00\",\"dateModified\":\"2021-10-06T09:43:08+00:00\",\"description\":\"Alquiler de C\u00e1mara de 16mm: ARRI 16 SR3 Advanced. Consultas y soporte t\u00e9cnico en Servicevision, fabricaci\u00f3n y alquiler de equipos para rodajes cinematogr\u00e1ficos.\",\"breadcrumb\":{\"@id\":\"https:\/\/rental.servicevision.es\/es\/producto\/camaras\/camaras-16mm-film\/arri-16-sr3-advanced\/#breadcrumb\"},\"inLanguage\":\"es\",\"potentialAction\":[{\"@type\":\"ReadAction\",\"target\":[\"https:\/\/rental.servicevision.es\/es\/producto\/camaras\/camaras-16mm-film\/arri-16-sr3-advanced\/\"]}]},{\"@type\":\"ImageObject\",\"inLanguage\":\"es\",\"@id\":\"https:\/\/rental.servicevision.es\/es\/producto\/camaras\/camaras-16mm-film\/arri-16-sr3-advanced\/#primaryimage\",\"url\":\"https:\/\/rental.servicevision.es\/wp-content\/uploads\/2019\/05\/2_G_ARRI_16-SR3.jpg\",\"contentUrl\":\"https:\/\/rental.servicevision.es\/wp-content\/uploads\/2019\/05\/2_G_ARRI_16-SR3.jpg\",\"width\":360,\"height\":360},{\"@type\":\"BreadcrumbList\",\"@id\":\"https:\/\/rental.servicevision.es\/es\/producto\/camaras\/camaras-16mm-film\/arri-16-sr3-advanced\/#breadcrumb\",\"itemListElement\":[{\"@type\":\"ListItem\",\"position\":1,\"name\":\"Portada\",\"item\":\"https:\/\/rental.servicevision.es\/es\/\"},{\"@type\":\"ListItem\",\"position\":2,\"name\":\"Alquiler\",\"item\":\"https:\/\/rental.servicevision.es\/es\/alquiler-3\/\"},{\"@type\":\"ListItem\",\"position\":3,\"name\":\"ARRI 16 SR3 ADVANCED\"}]},{\"@type\":\"WebSite\",\"@id\":\"https:\/\/rental.servicevision.es\/es\/#website\",\"url\":\"https:\/\/rental.servicevision.es\/es\/\",\"name\":\"ServiceVision Alquiler\",\"description\":\"Fabricaci\u00f3n y alquiler de equipos para rodajes cinematogr\u00e1ficos\",\"potentialAction\":[{\"@type\":\"SearchAction\",\"target\":{\"@type\":\"EntryPoint\",\"urlTemplate\":\"https:\/\/rental.servicevision.es\/es\/?s={search_term_string}\"},\"query-input\":{\"@type\":\"PropertyValueSpecification\",\"valueRequired\":true,\"valueName\":\"search_term_string\"}}],\"inLanguage\":\"es\"}]}<\/script>\n<!-- \/ Yoast SEO plugin. -->","yoast_head_json":{"title":"C\u00e1mara ARRI 16 SR3 Advanced - ServiceVision Alquiler","description":"Alquiler de C\u00e1mara de 16mm: ARRI 16 SR3 Advanced. Consultas y soporte t\u00e9cnico en Servicevision, fabricaci\u00f3n y alquiler de equipos para rodajes cinematogr\u00e1ficos.","robots":{"index":"index","follow":"follow","max-snippet":"max-snippet:-1","max-image-preview":"max-image-preview:large","max-video-preview":"max-video-preview:-1"},"canonical":"https:\/\/rental.servicevision.es\/es\/producto\/camaras\/camaras-16mm-film\/arri-16-sr3-advanced\/","og_locale":"es_ES","og_type":"article","og_title":"C\u00e1mara ARRI 16 SR3 Advanced - ServiceVision Alquiler","og_description":"Alquiler de C\u00e1mara de 16mm: ARRI 16 SR3 Advanced. Consultas y soporte t\u00e9cnico en Servicevision, fabricaci\u00f3n y alquiler de equipos para rodajes cinematogr\u00e1ficos.","og_url":"https:\/\/rental.servicevision.es\/es\/producto\/camaras\/camaras-16mm-film\/arri-16-sr3-advanced\/","og_site_name":"ServiceVision Alquiler","article_modified_time":"2021-10-06T09:43:08+00:00","og_image":[{"width":360,"height":360,"url":"https:\/\/rental.servicevision.es\/wp-content\/uploads\/2019\/05\/2_G_ARRI_16-SR3.jpg","type":"image\/jpeg"}],"twitter_card":"summary_large_image","schema":{"@context":"https:\/\/schema.org","@graph":[{"@type":"WebPage","@id":"https:\/\/rental.servicevision.es\/es\/producto\/camaras\/camaras-16mm-film\/arri-16-sr3-advanced\/","url":"https:\/\/rental.servicevision.es\/es\/producto\/camaras\/camaras-16mm-film\/arri-16-sr3-advanced\/","name":"C\u00e1mara ARRI 16 SR3 Advanced - ServiceVision Alquiler","isPartOf":{"@id":"https:\/\/rental.servicevision.es\/es\/#website"},"primaryImageOfPage":{"@id":"https:\/\/rental.servicevision.es\/es\/producto\/camaras\/camaras-16mm-film\/arri-16-sr3-advanced\/#primaryimage"},"image":{"@id":"https:\/\/rental.servicevision.es\/es\/producto\/camaras\/camaras-16mm-film\/arri-16-sr3-advanced\/#primaryimage"},"thumbnailUrl":"https:\/\/rental.servicevision.es\/wp-content\/uploads\/2019\/05\/2_G_ARRI_16-SR3.jpg","datePublished":"2021-04-13T15:18:57+00:00","dateModified":"2021-10-06T09:43:08+00:00","description":"Alquiler de C\u00e1mara de 16mm: ARRI 16 SR3 Advanced. Consultas y soporte t\u00e9cnico en Servicevision, fabricaci\u00f3n y alquiler de equipos para rodajes cinematogr\u00e1ficos.","breadcrumb":{"@id":"https:\/\/rental.servicevision.es\/es\/producto\/camaras\/camaras-16mm-film\/arri-16-sr3-advanced\/#breadcrumb"},"inLanguage":"es","potentialAction":[{"@type":"ReadAction","target":["https:\/\/rental.servicevision.es\/es\/producto\/camaras\/camaras-16mm-film\/arri-16-sr3-advanced\/"]}]},{"@type":"ImageObject","inLanguage":"es","@id":"https:\/\/rental.servicevision.es\/es\/producto\/camaras\/camaras-16mm-film\/arri-16-sr3-advanced\/#primaryimage","url":"https:\/\/rental.servicevision.es\/wp-content\/uploads\/2019\/05\/2_G_ARRI_16-SR3.jpg","contentUrl":"https:\/\/rental.servicevision.es\/wp-content\/uploads\/2019\/05\/2_G_ARRI_16-SR3.jpg","width":360,"height":360},{"@type":"BreadcrumbList","@id":"https:\/\/rental.servicevision.es\/es\/producto\/camaras\/camaras-16mm-film\/arri-16-sr3-advanced\/#breadcrumb","itemListElement":[{"@type":"ListItem","position":1,"name":"Portada","item":"https:\/\/rental.servicevision.es\/es\/"},{"@type":"ListItem","position":2,"name":"Alquiler","item":"https:\/\/rental.servicevision.es\/es\/alquiler-3\/"},{"@type":"ListItem","position":3,"name":"ARRI 16 SR3 ADVANCED"}]},{"@type":"WebSite","@id":"https:\/\/rental.servicevision.es\/es\/#website","url":"https:\/\/rental.servicevision.es\/es\/","name":"ServiceVision Alquiler","description":"Fabricaci\u00f3n y alquiler de equipos para rodajes cinematogr\u00e1ficos","potentialAction":[{"@type":"SearchAction","target":{"@type":"EntryPoint","urlTemplate":"https:\/\/rental.servicevision.es\/es\/?s={search_term_string}"},"query-input":{"@type":"PropertyValueSpecification","valueRequired":true,"valueName":"search_term_string"}}],"inLanguage":"es"}]}},"_links":{"self":[{"href":"https:\/\/rental.servicevision.es\/es\/wp-json\/wp\/v2\/product\/4482","targetHints":{"allow":["GET"]}}],"collection":[{"href":"https:\/\/rental.servicevision.es\/es\/wp-json\/wp\/v2\/product"}],"about":[{"href":"https:\/\/rental.servicevision.es\/es\/wp-json\/wp\/v2\/types\/product"}],"wp:featuredmedia":[{"embeddable":true,"href":"https:\/\/rental.servicevision.es\/es\/wp-json\/wp\/v2\/media\/5731"}],"wp:attachment":[{"href":"https:\/\/rental.servicevision.es\/es\/wp-json\/wp\/v2\/media?parent=4482"}],"wp:term":[{"taxonomy":"product_cat","embeddable":true,"href":"https:\/\/rental.servicevision.es\/es\/wp-json\/wp\/v2\/product_cat?post=4482"},{"taxonomy":"product_tag","embeddable":true,"href":"https:\/\/rental.servicevision.es\/es\/wp-json\/wp\/v2\/product_tag?post=4482"}],"curies":[{"name":"wp","href":"https:\/\/api.w.org\/{rel}","templated":true}]}}