{"id":3582,"date":"2021-03-02T12:40:13","date_gmt":"2021-03-02T12:40:13","guid":{"rendered":"http:\/\/servicevisionalq.bcntic.com\/?post_type=product&#038;p=3582"},"modified":"2021-03-02T12:46:36","modified_gmt":"2021-03-02T12:46:36","slug":"pinzas-grips","status":"publish","type":"product","link":"https:\/\/rental.servicevision.es\/es\/producto\/luces\/accesorios-luces\/click-move\/pinzas-grips\/","title":{"rendered":"PINZAS GRIPS"},"content":{"rendered":"","protected":false},"excerpt":{"rendered":"<p>Pinzas grips  brazo m\u00e1gico brazo m\u00e1gico con r\u00f3tula ceferino pinza brazo m\u00e1gico pinza c clamp pinza gaffer pinza met\u00e1lica grande pinza met\u00e1lica peque\u00f1a pinza universal pinza grab baby pipe clampjunior pipe clampbaby clampbig beng 16 mmgancho u-hook para barragrab clampjunior clamp matthews quacker clamp porta porex suelo <\/p>\n","protected":false},"featured_media":3583,"template":"","meta":{"ngg_post_thumbnail":0},"product_cat":[31,17],"product_tag":[],"class_list":{"0":"post-3582","1":"product","2":"type-product","3":"status-publish","4":"has-post-thumbnail","6":"product_cat-click-move","7":"product_cat-luces","9":"first","10":"instock","11":"taxable","12":"shipping-taxable","13":"product-type-simple","14":"col-xs-6 col-sm-4","15":"col-md-3 col-lg-3","16":"un-4-cols"},"yoast_head":"<!-- This site is optimized with the Yoast SEO plugin v27.1.1 - https:\/\/yoast.com\/product\/yoast-seo-wordpress\/ -->\n<title>Accesorios para rodaje - Click and move: Alquiler pinzas grips - ServiceVision Alquiler<\/title>\n<meta name=\"description\" content=\"Alquiler de luces - click and move: Pinzas grips. Consultas y soporte t\u00e9cnico en Servicevision, fabricaci\u00f3n y alquiler de equipos para rodajes cinematogr\u00e1ficos.\" \/>\n<meta name=\"robots\" content=\"index, follow, max-snippet:-1, max-image-preview:large, max-video-preview:-1\" \/>\n<link rel=\"canonical\" href=\"https:\/\/rental.servicevision.es\/es\/producto\/luces\/accesorios-luces\/click-move\/pinzas-grips\/\" \/>\n<meta property=\"og:locale\" content=\"es_ES\" \/>\n<meta property=\"og:type\" content=\"article\" \/>\n<meta property=\"og:title\" content=\"Accesorios para rodaje - Click and move: Alquiler pinzas grips - ServiceVision Alquiler\" \/>\n<meta property=\"og:description\" content=\"Alquiler de luces - click and move: Pinzas grips. Consultas y soporte t\u00e9cnico en Servicevision, fabricaci\u00f3n y alquiler de equipos para rodajes cinematogr\u00e1ficos.\" \/>\n<meta property=\"og:url\" content=\"https:\/\/rental.servicevision.es\/es\/producto\/luces\/accesorios-luces\/click-move\/pinzas-grips\/\" \/>\n<meta property=\"og:site_name\" content=\"ServiceVision Alquiler\" \/>\n<meta property=\"article:modified_time\" content=\"2021-03-02T12:46:36+00:00\" \/>\n<meta property=\"og:image\" content=\"https:\/\/rental.servicevision.es\/wp-content\/uploads\/2021\/03\/pinzagaffer.jpg\" \/>\n\t<meta property=\"og:image:width\" content=\"160\" \/>\n\t<meta property=\"og:image:height\" content=\"160\" \/>\n\t<meta property=\"og:image:type\" content=\"image\/jpeg\" \/>\n<meta name=\"twitter:card\" content=\"summary_large_image\" \/>\n<script type=\"application\/ld+json\" class=\"yoast-schema-graph\">{\"@context\":\"https:\/\/schema.org\",\"@graph\":[{\"@type\":\"WebPage\",\"@id\":\"https:\/\/rental.servicevision.es\/es\/producto\/luces\/accesorios-luces\/click-move\/pinzas-grips\/\",\"url\":\"https:\/\/rental.servicevision.es\/es\/producto\/luces\/accesorios-luces\/click-move\/pinzas-grips\/\",\"name\":\"Accesorios para rodaje - Click and move: Alquiler pinzas grips - ServiceVision Alquiler\",\"isPartOf\":{\"@id\":\"https:\/\/rental.servicevision.es\/es\/#website\"},\"primaryImageOfPage\":{\"@id\":\"https:\/\/rental.servicevision.es\/es\/producto\/luces\/accesorios-luces\/click-move\/pinzas-grips\/#primaryimage\"},\"image\":{\"@id\":\"https:\/\/rental.servicevision.es\/es\/producto\/luces\/accesorios-luces\/click-move\/pinzas-grips\/#primaryimage\"},\"thumbnailUrl\":\"https:\/\/rental.servicevision.es\/wp-content\/uploads\/2021\/03\/pinzagaffer.jpg\",\"datePublished\":\"2021-03-02T12:40:13+00:00\",\"dateModified\":\"2021-03-02T12:46:36+00:00\",\"description\":\"Alquiler de luces - click and move: Pinzas grips. Consultas y soporte t\u00e9cnico en Servicevision, fabricaci\u00f3n y alquiler de equipos para rodajes cinematogr\u00e1ficos.\",\"breadcrumb\":{\"@id\":\"https:\/\/rental.servicevision.es\/es\/producto\/luces\/accesorios-luces\/click-move\/pinzas-grips\/#breadcrumb\"},\"inLanguage\":\"es\",\"potentialAction\":[{\"@type\":\"ReadAction\",\"target\":[\"https:\/\/rental.servicevision.es\/es\/producto\/luces\/accesorios-luces\/click-move\/pinzas-grips\/\"]}]},{\"@type\":\"ImageObject\",\"inLanguage\":\"es\",\"@id\":\"https:\/\/rental.servicevision.es\/es\/producto\/luces\/accesorios-luces\/click-move\/pinzas-grips\/#primaryimage\",\"url\":\"https:\/\/rental.servicevision.es\/wp-content\/uploads\/2021\/03\/pinzagaffer.jpg\",\"contentUrl\":\"https:\/\/rental.servicevision.es\/wp-content\/uploads\/2021\/03\/pinzagaffer.jpg\",\"width\":160,\"height\":160},{\"@type\":\"BreadcrumbList\",\"@id\":\"https:\/\/rental.servicevision.es\/es\/producto\/luces\/accesorios-luces\/click-move\/pinzas-grips\/#breadcrumb\",\"itemListElement\":[{\"@type\":\"ListItem\",\"position\":1,\"name\":\"Portada\",\"item\":\"https:\/\/rental.servicevision.es\/es\/\"},{\"@type\":\"ListItem\",\"position\":2,\"name\":\"Alquiler\",\"item\":\"https:\/\/rental.servicevision.es\/es\/alquiler-3\/\"},{\"@type\":\"ListItem\",\"position\":3,\"name\":\"PINZAS GRIPS\"}]},{\"@type\":\"WebSite\",\"@id\":\"https:\/\/rental.servicevision.es\/es\/#website\",\"url\":\"https:\/\/rental.servicevision.es\/es\/\",\"name\":\"ServiceVision Alquiler\",\"description\":\"Fabricaci\u00f3n y alquiler de equipos para rodajes cinematogr\u00e1ficos\",\"potentialAction\":[{\"@type\":\"SearchAction\",\"target\":{\"@type\":\"EntryPoint\",\"urlTemplate\":\"https:\/\/rental.servicevision.es\/es\/?s={search_term_string}\"},\"query-input\":{\"@type\":\"PropertyValueSpecification\",\"valueRequired\":true,\"valueName\":\"search_term_string\"}}],\"inLanguage\":\"es\"}]}<\/script>\n<!-- \/ Yoast SEO plugin. -->","yoast_head_json":{"title":"Accesorios para rodaje - Click and move: Alquiler pinzas grips - ServiceVision Alquiler","description":"Alquiler de luces - click and move: Pinzas grips. Consultas y soporte t\u00e9cnico en Servicevision, fabricaci\u00f3n y alquiler de equipos para rodajes cinematogr\u00e1ficos.","robots":{"index":"index","follow":"follow","max-snippet":"max-snippet:-1","max-image-preview":"max-image-preview:large","max-video-preview":"max-video-preview:-1"},"canonical":"https:\/\/rental.servicevision.es\/es\/producto\/luces\/accesorios-luces\/click-move\/pinzas-grips\/","og_locale":"es_ES","og_type":"article","og_title":"Accesorios para rodaje - Click and move: Alquiler pinzas grips - ServiceVision Alquiler","og_description":"Alquiler de luces - click and move: Pinzas grips. Consultas y soporte t\u00e9cnico en Servicevision, fabricaci\u00f3n y alquiler de equipos para rodajes cinematogr\u00e1ficos.","og_url":"https:\/\/rental.servicevision.es\/es\/producto\/luces\/accesorios-luces\/click-move\/pinzas-grips\/","og_site_name":"ServiceVision Alquiler","article_modified_time":"2021-03-02T12:46:36+00:00","og_image":[{"width":160,"height":160,"url":"https:\/\/rental.servicevision.es\/wp-content\/uploads\/2021\/03\/pinzagaffer.jpg","type":"image\/jpeg"}],"twitter_card":"summary_large_image","schema":{"@context":"https:\/\/schema.org","@graph":[{"@type":"WebPage","@id":"https:\/\/rental.servicevision.es\/es\/producto\/luces\/accesorios-luces\/click-move\/pinzas-grips\/","url":"https:\/\/rental.servicevision.es\/es\/producto\/luces\/accesorios-luces\/click-move\/pinzas-grips\/","name":"Accesorios para rodaje - Click and move: Alquiler pinzas grips - ServiceVision Alquiler","isPartOf":{"@id":"https:\/\/rental.servicevision.es\/es\/#website"},"primaryImageOfPage":{"@id":"https:\/\/rental.servicevision.es\/es\/producto\/luces\/accesorios-luces\/click-move\/pinzas-grips\/#primaryimage"},"image":{"@id":"https:\/\/rental.servicevision.es\/es\/producto\/luces\/accesorios-luces\/click-move\/pinzas-grips\/#primaryimage"},"thumbnailUrl":"https:\/\/rental.servicevision.es\/wp-content\/uploads\/2021\/03\/pinzagaffer.jpg","datePublished":"2021-03-02T12:40:13+00:00","dateModified":"2021-03-02T12:46:36+00:00","description":"Alquiler de luces - click and move: Pinzas grips. Consultas y soporte t\u00e9cnico en Servicevision, fabricaci\u00f3n y alquiler de equipos para rodajes cinematogr\u00e1ficos.","breadcrumb":{"@id":"https:\/\/rental.servicevision.es\/es\/producto\/luces\/accesorios-luces\/click-move\/pinzas-grips\/#breadcrumb"},"inLanguage":"es","potentialAction":[{"@type":"ReadAction","target":["https:\/\/rental.servicevision.es\/es\/producto\/luces\/accesorios-luces\/click-move\/pinzas-grips\/"]}]},{"@type":"ImageObject","inLanguage":"es","@id":"https:\/\/rental.servicevision.es\/es\/producto\/luces\/accesorios-luces\/click-move\/pinzas-grips\/#primaryimage","url":"https:\/\/rental.servicevision.es\/wp-content\/uploads\/2021\/03\/pinzagaffer.jpg","contentUrl":"https:\/\/rental.servicevision.es\/wp-content\/uploads\/2021\/03\/pinzagaffer.jpg","width":160,"height":160},{"@type":"BreadcrumbList","@id":"https:\/\/rental.servicevision.es\/es\/producto\/luces\/accesorios-luces\/click-move\/pinzas-grips\/#breadcrumb","itemListElement":[{"@type":"ListItem","position":1,"name":"Portada","item":"https:\/\/rental.servicevision.es\/es\/"},{"@type":"ListItem","position":2,"name":"Alquiler","item":"https:\/\/rental.servicevision.es\/es\/alquiler-3\/"},{"@type":"ListItem","position":3,"name":"PINZAS GRIPS"}]},{"@type":"WebSite","@id":"https:\/\/rental.servicevision.es\/es\/#website","url":"https:\/\/rental.servicevision.es\/es\/","name":"ServiceVision Alquiler","description":"Fabricaci\u00f3n y alquiler de equipos para rodajes cinematogr\u00e1ficos","potentialAction":[{"@type":"SearchAction","target":{"@type":"EntryPoint","urlTemplate":"https:\/\/rental.servicevision.es\/es\/?s={search_term_string}"},"query-input":{"@type":"PropertyValueSpecification","valueRequired":true,"valueName":"search_term_string"}}],"inLanguage":"es"}]}},"_links":{"self":[{"href":"https:\/\/rental.servicevision.es\/es\/wp-json\/wp\/v2\/product\/3582","targetHints":{"allow":["GET"]}}],"collection":[{"href":"https:\/\/rental.servicevision.es\/es\/wp-json\/wp\/v2\/product"}],"about":[{"href":"https:\/\/rental.servicevision.es\/es\/wp-json\/wp\/v2\/types\/product"}],"wp:featuredmedia":[{"embeddable":true,"href":"https:\/\/rental.servicevision.es\/es\/wp-json\/wp\/v2\/media\/3583"}],"wp:attachment":[{"href":"https:\/\/rental.servicevision.es\/es\/wp-json\/wp\/v2\/media?parent=3582"}],"wp:term":[{"taxonomy":"product_cat","embeddable":true,"href":"https:\/\/rental.servicevision.es\/es\/wp-json\/wp\/v2\/product_cat?post=3582"},{"taxonomy":"product_tag","embeddable":true,"href":"https:\/\/rental.servicevision.es\/es\/wp-json\/wp\/v2\/product_tag?post=3582"}],"curies":[{"name":"wp","href":"https:\/\/api.w.org\/{rel}","templated":true}]}}