{"id":2002,"date":"2019-09-10T12:26:46","date_gmt":"2019-09-10T12:26:46","guid":{"rendered":"http:\/\/servicevisionalq.bcntic.com\/?post_type=product&#038;p=2002"},"modified":"2021-02-10T10:27:59","modified_gmt":"2021-02-10T10:27:59","slug":"carro-de-accesorios-1","status":"publish","type":"product","link":"https:\/\/rental.servicevision.es\/es\/producto\/luces\/accesorios-luces\/carros-de-accesorios\/carro-de-accesorios-1\/","title":{"rendered":"CARRO DE ACCESORIOS 1"},"content":{"rendered":"<p>2 ara\u00f1as de ruedas<br \/>\n4 r\u00f3tulas Mathews gigantes<br \/>\n4 r\u00f3tulas ceferino sueltas<br \/>\n4 espadas cortas ceferino<br \/>\n4 tornillos braga<br \/>\n4 tornillos cuarzo<br \/>\n4 extensiones 25 cm\/50 cm<br \/>\n2 toros<br \/>\n5 bridas Big-Ben<br \/>\n6 cuerdas<br \/>\n2 poleas<br \/>\n4 adaptadores 16 A 288<br \/>\n10 porta porex<br \/>\n12 porta marcos<br \/>\n10 pinzas universales<br \/>\n12 pinzas Gaffer<br \/>\n4 pinzas tipo \u00abC\u00bb<br \/>\n2 kits de 3 brazos m\u00e1gicos<br \/>\n4 pinzas brazo m\u00e1gico<br \/>\n16 bridas de seguridad<br \/>\n8 piquetas<br \/>\n1 mallo<br \/>\n4 bridas fijas<br \/>\n2 tracters con gancho<br \/>\n4 pinzas B\/M con r\u00f3tula ceferino<br \/>\n2 r\u00f3tulas dobles ceferino<br \/>\n2 tridentes sencillos porex<br \/>\n2 tridentes dobles porex<br \/>\n4 Mathellinis Clamp dobles<\/p>\n","protected":false},"excerpt":{"rendered":"<p>CARRO DE ACCESORIOS N\u00ba1<\/p>\n","protected":false},"featured_media":2004,"template":"","meta":{"ngg_post_thumbnail":0},"product_cat":[34,153,17],"product_tag":[],"class_list":{"0":"post-2002","1":"product","2":"type-product","3":"status-publish","4":"has-post-thumbnail","6":"product_cat-accesorios-luces","7":"product_cat-carros-de-accesorios","8":"product_cat-luces","10":"first","11":"instock","12":"taxable","13":"shipping-taxable","14":"product-type-simple","15":"col-xs-6 col-sm-4","16":"col-md-3 col-lg-3","17":"un-4-cols"},"yoast_head":"<!-- This site is optimized with the Yoast SEO plugin v27.1.1 - https:\/\/yoast.com\/product\/yoast-seo-wordpress\/ -->\n<title>Alquiler de accesorios de luces - Carros de accesorios: Carro de accesorios 1 - ServiceVision Alquiler<\/title>\n<meta name=\"description\" content=\"Alquiler de Accesorios para luces - Carros de accesorios: Carro de accesorios 1. Consultas y soporte t\u00e9cnico en Servicevision, fabricaci\u00f3n y alquiler de equipos para rodajes cinematogr\u00e1ficos.\" \/>\n<meta name=\"robots\" content=\"index, follow, max-snippet:-1, max-image-preview:large, max-video-preview:-1\" \/>\n<link rel=\"canonical\" href=\"https:\/\/rental.servicevision.es\/es\/producto\/luces\/accesorios-luces\/carros-de-accesorios\/carro-de-accesorios-1\/\" \/>\n<meta property=\"og:locale\" content=\"es_ES\" \/>\n<meta property=\"og:type\" content=\"article\" \/>\n<meta property=\"og:title\" content=\"Alquiler de accesorios de luces - Carros de accesorios: Carro de accesorios 1 - ServiceVision Alquiler\" \/>\n<meta property=\"og:description\" content=\"Alquiler de Accesorios para luces - Carros de accesorios: Carro de accesorios 1. Consultas y soporte t\u00e9cnico en Servicevision, fabricaci\u00f3n y alquiler de equipos para rodajes cinematogr\u00e1ficos.\" \/>\n<meta property=\"og:url\" content=\"https:\/\/rental.servicevision.es\/es\/producto\/luces\/accesorios-luces\/carros-de-accesorios\/carro-de-accesorios-1\/\" \/>\n<meta property=\"og:site_name\" content=\"ServiceVision Alquiler\" \/>\n<meta property=\"article:modified_time\" content=\"2021-02-10T10:27:59+00:00\" \/>\n<meta property=\"og:image\" content=\"https:\/\/rental.servicevision.es\/wp-content\/uploads\/2019\/09\/carro-accesoriosn1.jpg\" \/>\n\t<meta property=\"og:image:width\" content=\"1920\" \/>\n\t<meta property=\"og:image:height\" content=\"1920\" \/>\n\t<meta property=\"og:image:type\" content=\"image\/jpeg\" \/>\n<meta name=\"twitter:card\" content=\"summary_large_image\" \/>\n<script type=\"application\/ld+json\" class=\"yoast-schema-graph\">{\"@context\":\"https:\/\/schema.org\",\"@graph\":[{\"@type\":\"WebPage\",\"@id\":\"https:\/\/rental.servicevision.es\/es\/producto\/luces\/accesorios-luces\/carros-de-accesorios\/carro-de-accesorios-1\/\",\"url\":\"https:\/\/rental.servicevision.es\/es\/producto\/luces\/accesorios-luces\/carros-de-accesorios\/carro-de-accesorios-1\/\",\"name\":\"Alquiler de accesorios de luces - Carros de accesorios: Carro de accesorios 1 - ServiceVision Alquiler\",\"isPartOf\":{\"@id\":\"https:\/\/rental.servicevision.es\/es\/#website\"},\"primaryImageOfPage\":{\"@id\":\"https:\/\/rental.servicevision.es\/es\/producto\/luces\/accesorios-luces\/carros-de-accesorios\/carro-de-accesorios-1\/#primaryimage\"},\"image\":{\"@id\":\"https:\/\/rental.servicevision.es\/es\/producto\/luces\/accesorios-luces\/carros-de-accesorios\/carro-de-accesorios-1\/#primaryimage\"},\"thumbnailUrl\":\"https:\/\/rental.servicevision.es\/wp-content\/uploads\/2019\/09\/carro-accesoriosn1.jpg\",\"datePublished\":\"2019-09-10T12:26:46+00:00\",\"dateModified\":\"2021-02-10T10:27:59+00:00\",\"description\":\"Alquiler de Accesorios para luces - Carros de accesorios: Carro de accesorios 1. Consultas y soporte t\u00e9cnico en Servicevision, fabricaci\u00f3n y alquiler de equipos para rodajes cinematogr\u00e1ficos.\",\"breadcrumb\":{\"@id\":\"https:\/\/rental.servicevision.es\/es\/producto\/luces\/accesorios-luces\/carros-de-accesorios\/carro-de-accesorios-1\/#breadcrumb\"},\"inLanguage\":\"es\",\"potentialAction\":[{\"@type\":\"ReadAction\",\"target\":[\"https:\/\/rental.servicevision.es\/es\/producto\/luces\/accesorios-luces\/carros-de-accesorios\/carro-de-accesorios-1\/\"]}]},{\"@type\":\"ImageObject\",\"inLanguage\":\"es\",\"@id\":\"https:\/\/rental.servicevision.es\/es\/producto\/luces\/accesorios-luces\/carros-de-accesorios\/carro-de-accesorios-1\/#primaryimage\",\"url\":\"https:\/\/rental.servicevision.es\/wp-content\/uploads\/2019\/09\/carro-accesoriosn1.jpg\",\"contentUrl\":\"https:\/\/rental.servicevision.es\/wp-content\/uploads\/2019\/09\/carro-accesoriosn1.jpg\",\"width\":1920,\"height\":1920},{\"@type\":\"BreadcrumbList\",\"@id\":\"https:\/\/rental.servicevision.es\/es\/producto\/luces\/accesorios-luces\/carros-de-accesorios\/carro-de-accesorios-1\/#breadcrumb\",\"itemListElement\":[{\"@type\":\"ListItem\",\"position\":1,\"name\":\"Portada\",\"item\":\"https:\/\/rental.servicevision.es\/es\/\"},{\"@type\":\"ListItem\",\"position\":2,\"name\":\"Alquiler\",\"item\":\"https:\/\/rental.servicevision.es\/es\/alquiler-3\/\"},{\"@type\":\"ListItem\",\"position\":3,\"name\":\"CARRO DE ACCESORIOS 1\"}]},{\"@type\":\"WebSite\",\"@id\":\"https:\/\/rental.servicevision.es\/es\/#website\",\"url\":\"https:\/\/rental.servicevision.es\/es\/\",\"name\":\"ServiceVision Alquiler\",\"description\":\"Fabricaci\u00f3n y alquiler de equipos para rodajes cinematogr\u00e1ficos\",\"potentialAction\":[{\"@type\":\"SearchAction\",\"target\":{\"@type\":\"EntryPoint\",\"urlTemplate\":\"https:\/\/rental.servicevision.es\/es\/?s={search_term_string}\"},\"query-input\":{\"@type\":\"PropertyValueSpecification\",\"valueRequired\":true,\"valueName\":\"search_term_string\"}}],\"inLanguage\":\"es\"}]}<\/script>\n<!-- \/ Yoast SEO plugin. -->","yoast_head_json":{"title":"Alquiler de accesorios de luces - Carros de accesorios: Carro de accesorios 1 - ServiceVision Alquiler","description":"Alquiler de Accesorios para luces - Carros de accesorios: Carro de accesorios 1. Consultas y soporte t\u00e9cnico en Servicevision, fabricaci\u00f3n y alquiler de equipos para rodajes cinematogr\u00e1ficos.","robots":{"index":"index","follow":"follow","max-snippet":"max-snippet:-1","max-image-preview":"max-image-preview:large","max-video-preview":"max-video-preview:-1"},"canonical":"https:\/\/rental.servicevision.es\/es\/producto\/luces\/accesorios-luces\/carros-de-accesorios\/carro-de-accesorios-1\/","og_locale":"es_ES","og_type":"article","og_title":"Alquiler de accesorios de luces - Carros de accesorios: Carro de accesorios 1 - ServiceVision Alquiler","og_description":"Alquiler de Accesorios para luces - Carros de accesorios: Carro de accesorios 1. Consultas y soporte t\u00e9cnico en Servicevision, fabricaci\u00f3n y alquiler de equipos para rodajes cinematogr\u00e1ficos.","og_url":"https:\/\/rental.servicevision.es\/es\/producto\/luces\/accesorios-luces\/carros-de-accesorios\/carro-de-accesorios-1\/","og_site_name":"ServiceVision Alquiler","article_modified_time":"2021-02-10T10:27:59+00:00","og_image":[{"width":1920,"height":1920,"url":"https:\/\/rental.servicevision.es\/wp-content\/uploads\/2019\/09\/carro-accesoriosn1.jpg","type":"image\/jpeg"}],"twitter_card":"summary_large_image","schema":{"@context":"https:\/\/schema.org","@graph":[{"@type":"WebPage","@id":"https:\/\/rental.servicevision.es\/es\/producto\/luces\/accesorios-luces\/carros-de-accesorios\/carro-de-accesorios-1\/","url":"https:\/\/rental.servicevision.es\/es\/producto\/luces\/accesorios-luces\/carros-de-accesorios\/carro-de-accesorios-1\/","name":"Alquiler de accesorios de luces - Carros de accesorios: Carro de accesorios 1 - ServiceVision Alquiler","isPartOf":{"@id":"https:\/\/rental.servicevision.es\/es\/#website"},"primaryImageOfPage":{"@id":"https:\/\/rental.servicevision.es\/es\/producto\/luces\/accesorios-luces\/carros-de-accesorios\/carro-de-accesorios-1\/#primaryimage"},"image":{"@id":"https:\/\/rental.servicevision.es\/es\/producto\/luces\/accesorios-luces\/carros-de-accesorios\/carro-de-accesorios-1\/#primaryimage"},"thumbnailUrl":"https:\/\/rental.servicevision.es\/wp-content\/uploads\/2019\/09\/carro-accesoriosn1.jpg","datePublished":"2019-09-10T12:26:46+00:00","dateModified":"2021-02-10T10:27:59+00:00","description":"Alquiler de Accesorios para luces - Carros de accesorios: Carro de accesorios 1. Consultas y soporte t\u00e9cnico en Servicevision, fabricaci\u00f3n y alquiler de equipos para rodajes cinematogr\u00e1ficos.","breadcrumb":{"@id":"https:\/\/rental.servicevision.es\/es\/producto\/luces\/accesorios-luces\/carros-de-accesorios\/carro-de-accesorios-1\/#breadcrumb"},"inLanguage":"es","potentialAction":[{"@type":"ReadAction","target":["https:\/\/rental.servicevision.es\/es\/producto\/luces\/accesorios-luces\/carros-de-accesorios\/carro-de-accesorios-1\/"]}]},{"@type":"ImageObject","inLanguage":"es","@id":"https:\/\/rental.servicevision.es\/es\/producto\/luces\/accesorios-luces\/carros-de-accesorios\/carro-de-accesorios-1\/#primaryimage","url":"https:\/\/rental.servicevision.es\/wp-content\/uploads\/2019\/09\/carro-accesoriosn1.jpg","contentUrl":"https:\/\/rental.servicevision.es\/wp-content\/uploads\/2019\/09\/carro-accesoriosn1.jpg","width":1920,"height":1920},{"@type":"BreadcrumbList","@id":"https:\/\/rental.servicevision.es\/es\/producto\/luces\/accesorios-luces\/carros-de-accesorios\/carro-de-accesorios-1\/#breadcrumb","itemListElement":[{"@type":"ListItem","position":1,"name":"Portada","item":"https:\/\/rental.servicevision.es\/es\/"},{"@type":"ListItem","position":2,"name":"Alquiler","item":"https:\/\/rental.servicevision.es\/es\/alquiler-3\/"},{"@type":"ListItem","position":3,"name":"CARRO DE ACCESORIOS 1"}]},{"@type":"WebSite","@id":"https:\/\/rental.servicevision.es\/es\/#website","url":"https:\/\/rental.servicevision.es\/es\/","name":"ServiceVision Alquiler","description":"Fabricaci\u00f3n y alquiler de equipos para rodajes cinematogr\u00e1ficos","potentialAction":[{"@type":"SearchAction","target":{"@type":"EntryPoint","urlTemplate":"https:\/\/rental.servicevision.es\/es\/?s={search_term_string}"},"query-input":{"@type":"PropertyValueSpecification","valueRequired":true,"valueName":"search_term_string"}}],"inLanguage":"es"}]}},"_links":{"self":[{"href":"https:\/\/rental.servicevision.es\/es\/wp-json\/wp\/v2\/product\/2002","targetHints":{"allow":["GET"]}}],"collection":[{"href":"https:\/\/rental.servicevision.es\/es\/wp-json\/wp\/v2\/product"}],"about":[{"href":"https:\/\/rental.servicevision.es\/es\/wp-json\/wp\/v2\/types\/product"}],"wp:featuredmedia":[{"embeddable":true,"href":"https:\/\/rental.servicevision.es\/es\/wp-json\/wp\/v2\/media\/2004"}],"wp:attachment":[{"href":"https:\/\/rental.servicevision.es\/es\/wp-json\/wp\/v2\/media?parent=2002"}],"wp:term":[{"taxonomy":"product_cat","embeddable":true,"href":"https:\/\/rental.servicevision.es\/es\/wp-json\/wp\/v2\/product_cat?post=2002"},{"taxonomy":"product_tag","embeddable":true,"href":"https:\/\/rental.servicevision.es\/es\/wp-json\/wp\/v2\/product_tag?post=2002"}],"curies":[{"name":"wp","href":"https:\/\/api.w.org\/{rel}","templated":true}]}}