{"id":1843,"date":"2019-09-10T08:30:19","date_gmt":"2019-09-10T08:30:19","guid":{"rendered":"http:\/\/servicevisionalq.bcntic.com\/?post_type=product&#038;p=1843"},"modified":"2019-09-10T08:34:56","modified_gmt":"2019-09-10T08:34:56","slug":"lucero-5-kws-1-tela","status":"publish","type":"product","link":"https:\/\/rental.servicevision.es\/es\/producto\/luces\/incandescencia\/incandescencia-cuarzo\/lucero-5-kws-1-tela\/","title":{"rendered":"LUCERO 5 KWS. 1 TELA"},"content":{"rendered":"","protected":false},"excerpt":{"rendered":"","protected":false},"featured_media":0,"template":"","meta":{"ngg_post_thumbnail":0},"product_cat":[133,28,17],"product_tag":[],"class_list":{"0":"post-1843","1":"product","2":"type-product","3":"status-publish","5":"product_cat-incandescencia-cuarzo","6":"product_cat-incandescencia","7":"product_cat-luces","9":"first","10":"instock","11":"virtual","12":"taxable","13":"product-type-simple","14":"col-xs-6 col-sm-4","15":"col-md-3 col-lg-3","16":"un-4-cols"},"yoast_head":"<!-- This site is optimized with the Yoast SEO plugin v27.1.1 - https:\/\/yoast.com\/product\/yoast-seo-wordpress\/ -->\n<title>Luces incandescencia: Alquiler Lucero 5 kWS 1 TELA - ServiceVision Alquiler<\/title>\n<meta name=\"description\" content=\"Alquiler de Luces incandescencia: Lucero 5kW. 1 tela. Consultas y soporte t\u00e9cnico en Servicevision, fabricaci\u00f3n y alquiler de equipos para rodajes cinematogr\u00e1ficos.\" \/>\n<meta name=\"robots\" content=\"index, follow, max-snippet:-1, max-image-preview:large, max-video-preview:-1\" \/>\n<link rel=\"canonical\" href=\"https:\/\/rental.servicevision.es\/es\/producto\/luces\/incandescencia\/incandescencia-cuarzo\/lucero-5-kws-1-tela\/\" \/>\n<meta property=\"og:locale\" content=\"es_ES\" \/>\n<meta property=\"og:type\" content=\"article\" \/>\n<meta property=\"og:title\" content=\"Luces incandescencia: Alquiler Lucero 5 kWS 1 TELA - ServiceVision Alquiler\" \/>\n<meta property=\"og:description\" content=\"Alquiler de Luces incandescencia: Lucero 5kW. 1 tela. Consultas y soporte t\u00e9cnico en Servicevision, fabricaci\u00f3n y alquiler de equipos para rodajes cinematogr\u00e1ficos.\" \/>\n<meta property=\"og:url\" content=\"https:\/\/rental.servicevision.es\/es\/producto\/luces\/incandescencia\/incandescencia-cuarzo\/lucero-5-kws-1-tela\/\" \/>\n<meta property=\"og:site_name\" content=\"ServiceVision Alquiler\" \/>\n<meta property=\"article:modified_time\" content=\"2019-09-10T08:34:56+00:00\" \/>\n<meta name=\"twitter:card\" content=\"summary_large_image\" \/>\n<script type=\"application\/ld+json\" class=\"yoast-schema-graph\">{\"@context\":\"https:\/\/schema.org\",\"@graph\":[{\"@type\":\"WebPage\",\"@id\":\"https:\/\/rental.servicevision.es\/es\/producto\/luces\/incandescencia\/incandescencia-cuarzo\/lucero-5-kws-1-tela\/\",\"url\":\"https:\/\/rental.servicevision.es\/es\/producto\/luces\/incandescencia\/incandescencia-cuarzo\/lucero-5-kws-1-tela\/\",\"name\":\"Luces incandescencia: Alquiler Lucero 5 kWS 1 TELA - ServiceVision Alquiler\",\"isPartOf\":{\"@id\":\"https:\/\/rental.servicevision.es\/es\/#website\"},\"datePublished\":\"2019-09-10T08:30:19+00:00\",\"dateModified\":\"2019-09-10T08:34:56+00:00\",\"description\":\"Alquiler de Luces incandescencia: Lucero 5kW. 1 tela. Consultas y soporte t\u00e9cnico en Servicevision, fabricaci\u00f3n y alquiler de equipos para rodajes cinematogr\u00e1ficos.\",\"breadcrumb\":{\"@id\":\"https:\/\/rental.servicevision.es\/es\/producto\/luces\/incandescencia\/incandescencia-cuarzo\/lucero-5-kws-1-tela\/#breadcrumb\"},\"inLanguage\":\"es\",\"potentialAction\":[{\"@type\":\"ReadAction\",\"target\":[\"https:\/\/rental.servicevision.es\/es\/producto\/luces\/incandescencia\/incandescencia-cuarzo\/lucero-5-kws-1-tela\/\"]}]},{\"@type\":\"BreadcrumbList\",\"@id\":\"https:\/\/rental.servicevision.es\/es\/producto\/luces\/incandescencia\/incandescencia-cuarzo\/lucero-5-kws-1-tela\/#breadcrumb\",\"itemListElement\":[{\"@type\":\"ListItem\",\"position\":1,\"name\":\"Portada\",\"item\":\"https:\/\/rental.servicevision.es\/es\/\"},{\"@type\":\"ListItem\",\"position\":2,\"name\":\"Alquiler\",\"item\":\"https:\/\/rental.servicevision.es\/es\/alquiler-3\/\"},{\"@type\":\"ListItem\",\"position\":3,\"name\":\"LUCERO 5 KWS. 1 TELA\"}]},{\"@type\":\"WebSite\",\"@id\":\"https:\/\/rental.servicevision.es\/es\/#website\",\"url\":\"https:\/\/rental.servicevision.es\/es\/\",\"name\":\"ServiceVision Alquiler\",\"description\":\"Fabricaci\u00f3n y alquiler de equipos para rodajes cinematogr\u00e1ficos\",\"potentialAction\":[{\"@type\":\"SearchAction\",\"target\":{\"@type\":\"EntryPoint\",\"urlTemplate\":\"https:\/\/rental.servicevision.es\/es\/?s={search_term_string}\"},\"query-input\":{\"@type\":\"PropertyValueSpecification\",\"valueRequired\":true,\"valueName\":\"search_term_string\"}}],\"inLanguage\":\"es\"}]}<\/script>\n<!-- \/ Yoast SEO plugin. -->","yoast_head_json":{"title":"Luces incandescencia: Alquiler Lucero 5 kWS 1 TELA - ServiceVision Alquiler","description":"Alquiler de Luces incandescencia: Lucero 5kW. 1 tela. Consultas y soporte t\u00e9cnico en Servicevision, fabricaci\u00f3n y alquiler de equipos para rodajes cinematogr\u00e1ficos.","robots":{"index":"index","follow":"follow","max-snippet":"max-snippet:-1","max-image-preview":"max-image-preview:large","max-video-preview":"max-video-preview:-1"},"canonical":"https:\/\/rental.servicevision.es\/es\/producto\/luces\/incandescencia\/incandescencia-cuarzo\/lucero-5-kws-1-tela\/","og_locale":"es_ES","og_type":"article","og_title":"Luces incandescencia: Alquiler Lucero 5 kWS 1 TELA - ServiceVision Alquiler","og_description":"Alquiler de Luces incandescencia: Lucero 5kW. 1 tela. Consultas y soporte t\u00e9cnico en Servicevision, fabricaci\u00f3n y alquiler de equipos para rodajes cinematogr\u00e1ficos.","og_url":"https:\/\/rental.servicevision.es\/es\/producto\/luces\/incandescencia\/incandescencia-cuarzo\/lucero-5-kws-1-tela\/","og_site_name":"ServiceVision Alquiler","article_modified_time":"2019-09-10T08:34:56+00:00","twitter_card":"summary_large_image","schema":{"@context":"https:\/\/schema.org","@graph":[{"@type":"WebPage","@id":"https:\/\/rental.servicevision.es\/es\/producto\/luces\/incandescencia\/incandescencia-cuarzo\/lucero-5-kws-1-tela\/","url":"https:\/\/rental.servicevision.es\/es\/producto\/luces\/incandescencia\/incandescencia-cuarzo\/lucero-5-kws-1-tela\/","name":"Luces incandescencia: Alquiler Lucero 5 kWS 1 TELA - ServiceVision Alquiler","isPartOf":{"@id":"https:\/\/rental.servicevision.es\/es\/#website"},"datePublished":"2019-09-10T08:30:19+00:00","dateModified":"2019-09-10T08:34:56+00:00","description":"Alquiler de Luces incandescencia: Lucero 5kW. 1 tela. Consultas y soporte t\u00e9cnico en Servicevision, fabricaci\u00f3n y alquiler de equipos para rodajes cinematogr\u00e1ficos.","breadcrumb":{"@id":"https:\/\/rental.servicevision.es\/es\/producto\/luces\/incandescencia\/incandescencia-cuarzo\/lucero-5-kws-1-tela\/#breadcrumb"},"inLanguage":"es","potentialAction":[{"@type":"ReadAction","target":["https:\/\/rental.servicevision.es\/es\/producto\/luces\/incandescencia\/incandescencia-cuarzo\/lucero-5-kws-1-tela\/"]}]},{"@type":"BreadcrumbList","@id":"https:\/\/rental.servicevision.es\/es\/producto\/luces\/incandescencia\/incandescencia-cuarzo\/lucero-5-kws-1-tela\/#breadcrumb","itemListElement":[{"@type":"ListItem","position":1,"name":"Portada","item":"https:\/\/rental.servicevision.es\/es\/"},{"@type":"ListItem","position":2,"name":"Alquiler","item":"https:\/\/rental.servicevision.es\/es\/alquiler-3\/"},{"@type":"ListItem","position":3,"name":"LUCERO 5 KWS. 1 TELA"}]},{"@type":"WebSite","@id":"https:\/\/rental.servicevision.es\/es\/#website","url":"https:\/\/rental.servicevision.es\/es\/","name":"ServiceVision Alquiler","description":"Fabricaci\u00f3n y alquiler de equipos para rodajes cinematogr\u00e1ficos","potentialAction":[{"@type":"SearchAction","target":{"@type":"EntryPoint","urlTemplate":"https:\/\/rental.servicevision.es\/es\/?s={search_term_string}"},"query-input":{"@type":"PropertyValueSpecification","valueRequired":true,"valueName":"search_term_string"}}],"inLanguage":"es"}]}},"_links":{"self":[{"href":"https:\/\/rental.servicevision.es\/es\/wp-json\/wp\/v2\/product\/1843","targetHints":{"allow":["GET"]}}],"collection":[{"href":"https:\/\/rental.servicevision.es\/es\/wp-json\/wp\/v2\/product"}],"about":[{"href":"https:\/\/rental.servicevision.es\/es\/wp-json\/wp\/v2\/types\/product"}],"wp:attachment":[{"href":"https:\/\/rental.servicevision.es\/es\/wp-json\/wp\/v2\/media?parent=1843"}],"wp:term":[{"taxonomy":"product_cat","embeddable":true,"href":"https:\/\/rental.servicevision.es\/es\/wp-json\/wp\/v2\/product_cat?post=1843"},{"taxonomy":"product_tag","embeddable":true,"href":"https:\/\/rental.servicevision.es\/es\/wp-json\/wp\/v2\/product_tag?post=1843"}],"curies":[{"name":"wp","href":"https:\/\/api.w.org\/{rel}","templated":true}]}}