{"id":1773,"date":"2019-09-10T07:55:10","date_gmt":"2019-09-10T07:55:10","guid":{"rendered":"http:\/\/servicevisionalq.bcntic.com\/?post_type=product&#038;p=1773"},"modified":"2019-09-10T08:03:49","modified_gmt":"2019-09-10T08:03:49","slug":"incandescencia-fresnel-150wts","status":"publish","type":"product","link":"https:\/\/rental.servicevision.es\/es\/producto\/luces\/incandescencia\/incandescencia-fresnel\/incandescencia-fresnel-150wts\/","title":{"rendered":"Incandescencia Fresnel 150WTS"},"content":{"rendered":"<p>Conector: Schuco. Medidas (mm): 132(AN) x 130(AL) x 148(LA), Peso 0,8Kg, Lente: 50mm, Socket 16mm,Visera 4 Hojas, Cable red: 2mts.<\/p>\n","protected":false},"excerpt":{"rendered":"<p>Conector: Schuco. Medidas (mm): 132(AN) x 130(AL) x 148(LA), Peso 0,8Kg, Lente: 50mm, Socket 16mm,Visera 4 Hojas, Cable red: 2mts.<\/p>\n","protected":false},"featured_media":1785,"template":"","meta":{"ngg_post_thumbnail":0},"product_cat":[132,28,17],"product_tag":[],"class_list":{"0":"post-1773","1":"product","2":"type-product","3":"status-publish","4":"has-post-thumbnail","6":"product_cat-incandescencia-fresnel","7":"product_cat-incandescencia","8":"product_cat-luces","10":"first","11":"instock","12":"virtual","13":"taxable","14":"product-type-simple","15":"col-xs-6 col-sm-4","16":"col-md-3 col-lg-3","17":"un-4-cols"},"yoast_head":"<!-- This site is optimized with the Yoast SEO plugin v27.1.1 - https:\/\/yoast.com\/product\/yoast-seo-wordpress\/ -->\n<title>Luces incandescencia: Alquiler incandescencia Fresnel 150WTS - ServiceVision Alquiler<\/title>\n<meta name=\"description\" content=\"Alquiler de Luces incandescencia: Incandescence Fresnel 150WTS. Consultas y soporte t\u00e9cnico en Servicevision, fabricaci\u00f3n y alquiler de equipos para rodajes cinematogr\u00e1ficos.\" \/>\n<meta name=\"robots\" content=\"index, follow, max-snippet:-1, max-image-preview:large, max-video-preview:-1\" \/>\n<link rel=\"canonical\" href=\"https:\/\/rental.servicevision.es\/es\/producto\/luces\/incandescencia\/incandescencia-fresnel\/incandescencia-fresnel-150wts\/\" \/>\n<meta property=\"og:locale\" content=\"es_ES\" \/>\n<meta property=\"og:type\" content=\"article\" \/>\n<meta property=\"og:title\" content=\"Luces incandescencia: Alquiler incandescencia Fresnel 150WTS - ServiceVision Alquiler\" \/>\n<meta property=\"og:description\" content=\"Alquiler de Luces incandescencia: Incandescence Fresnel 150WTS. Consultas y soporte t\u00e9cnico en Servicevision, fabricaci\u00f3n y alquiler de equipos para rodajes cinematogr\u00e1ficos.\" \/>\n<meta property=\"og:url\" content=\"https:\/\/rental.servicevision.es\/es\/producto\/luces\/incandescencia\/incandescencia-fresnel\/incandescencia-fresnel-150wts\/\" \/>\n<meta property=\"og:site_name\" content=\"ServiceVision Alquiler\" \/>\n<meta property=\"article:modified_time\" content=\"2019-09-10T08:03:49+00:00\" \/>\n<meta property=\"og:image\" content=\"https:\/\/rental.servicevision.es\/wp-content\/uploads\/2019\/09\/fresnel_150_wt.jpg\" \/>\n\t<meta property=\"og:image:width\" content=\"1200\" \/>\n\t<meta property=\"og:image:height\" content=\"1200\" \/>\n\t<meta property=\"og:image:type\" content=\"image\/jpeg\" \/>\n<meta name=\"twitter:card\" content=\"summary_large_image\" \/>\n<script type=\"application\/ld+json\" class=\"yoast-schema-graph\">{\"@context\":\"https:\/\/schema.org\",\"@graph\":[{\"@type\":\"WebPage\",\"@id\":\"https:\/\/rental.servicevision.es\/es\/producto\/luces\/incandescencia\/incandescencia-fresnel\/incandescencia-fresnel-150wts\/\",\"url\":\"https:\/\/rental.servicevision.es\/es\/producto\/luces\/incandescencia\/incandescencia-fresnel\/incandescencia-fresnel-150wts\/\",\"name\":\"Luces incandescencia: Alquiler incandescencia Fresnel 150WTS - ServiceVision Alquiler\",\"isPartOf\":{\"@id\":\"https:\/\/rental.servicevision.es\/es\/#website\"},\"primaryImageOfPage\":{\"@id\":\"https:\/\/rental.servicevision.es\/es\/producto\/luces\/incandescencia\/incandescencia-fresnel\/incandescencia-fresnel-150wts\/#primaryimage\"},\"image\":{\"@id\":\"https:\/\/rental.servicevision.es\/es\/producto\/luces\/incandescencia\/incandescencia-fresnel\/incandescencia-fresnel-150wts\/#primaryimage\"},\"thumbnailUrl\":\"https:\/\/rental.servicevision.es\/wp-content\/uploads\/2019\/09\/fresnel_150_wt.jpg\",\"datePublished\":\"2019-09-10T07:55:10+00:00\",\"dateModified\":\"2019-09-10T08:03:49+00:00\",\"description\":\"Alquiler de Luces incandescencia: Incandescence Fresnel 150WTS. Consultas y soporte t\u00e9cnico en Servicevision, fabricaci\u00f3n y alquiler de equipos para rodajes cinematogr\u00e1ficos.\",\"breadcrumb\":{\"@id\":\"https:\/\/rental.servicevision.es\/es\/producto\/luces\/incandescencia\/incandescencia-fresnel\/incandescencia-fresnel-150wts\/#breadcrumb\"},\"inLanguage\":\"es\",\"potentialAction\":[{\"@type\":\"ReadAction\",\"target\":[\"https:\/\/rental.servicevision.es\/es\/producto\/luces\/incandescencia\/incandescencia-fresnel\/incandescencia-fresnel-150wts\/\"]}]},{\"@type\":\"ImageObject\",\"inLanguage\":\"es\",\"@id\":\"https:\/\/rental.servicevision.es\/es\/producto\/luces\/incandescencia\/incandescencia-fresnel\/incandescencia-fresnel-150wts\/#primaryimage\",\"url\":\"https:\/\/rental.servicevision.es\/wp-content\/uploads\/2019\/09\/fresnel_150_wt.jpg\",\"contentUrl\":\"https:\/\/rental.servicevision.es\/wp-content\/uploads\/2019\/09\/fresnel_150_wt.jpg\",\"width\":1200,\"height\":1200},{\"@type\":\"BreadcrumbList\",\"@id\":\"https:\/\/rental.servicevision.es\/es\/producto\/luces\/incandescencia\/incandescencia-fresnel\/incandescencia-fresnel-150wts\/#breadcrumb\",\"itemListElement\":[{\"@type\":\"ListItem\",\"position\":1,\"name\":\"Portada\",\"item\":\"https:\/\/rental.servicevision.es\/es\/\"},{\"@type\":\"ListItem\",\"position\":2,\"name\":\"Alquiler\",\"item\":\"https:\/\/rental.servicevision.es\/es\/alquiler-3\/\"},{\"@type\":\"ListItem\",\"position\":3,\"name\":\"Incandescencia Fresnel 150WTS\"}]},{\"@type\":\"WebSite\",\"@id\":\"https:\/\/rental.servicevision.es\/es\/#website\",\"url\":\"https:\/\/rental.servicevision.es\/es\/\",\"name\":\"ServiceVision Alquiler\",\"description\":\"Fabricaci\u00f3n y alquiler de equipos para rodajes cinematogr\u00e1ficos\",\"potentialAction\":[{\"@type\":\"SearchAction\",\"target\":{\"@type\":\"EntryPoint\",\"urlTemplate\":\"https:\/\/rental.servicevision.es\/es\/?s={search_term_string}\"},\"query-input\":{\"@type\":\"PropertyValueSpecification\",\"valueRequired\":true,\"valueName\":\"search_term_string\"}}],\"inLanguage\":\"es\"}]}<\/script>\n<!-- \/ Yoast SEO plugin. -->","yoast_head_json":{"title":"Luces incandescencia: Alquiler incandescencia Fresnel 150WTS - ServiceVision Alquiler","description":"Alquiler de Luces incandescencia: Incandescence Fresnel 150WTS. Consultas y soporte t\u00e9cnico en Servicevision, fabricaci\u00f3n y alquiler de equipos para rodajes cinematogr\u00e1ficos.","robots":{"index":"index","follow":"follow","max-snippet":"max-snippet:-1","max-image-preview":"max-image-preview:large","max-video-preview":"max-video-preview:-1"},"canonical":"https:\/\/rental.servicevision.es\/es\/producto\/luces\/incandescencia\/incandescencia-fresnel\/incandescencia-fresnel-150wts\/","og_locale":"es_ES","og_type":"article","og_title":"Luces incandescencia: Alquiler incandescencia Fresnel 150WTS - ServiceVision Alquiler","og_description":"Alquiler de Luces incandescencia: Incandescence Fresnel 150WTS. Consultas y soporte t\u00e9cnico en Servicevision, fabricaci\u00f3n y alquiler de equipos para rodajes cinematogr\u00e1ficos.","og_url":"https:\/\/rental.servicevision.es\/es\/producto\/luces\/incandescencia\/incandescencia-fresnel\/incandescencia-fresnel-150wts\/","og_site_name":"ServiceVision Alquiler","article_modified_time":"2019-09-10T08:03:49+00:00","og_image":[{"width":1200,"height":1200,"url":"https:\/\/rental.servicevision.es\/wp-content\/uploads\/2019\/09\/fresnel_150_wt.jpg","type":"image\/jpeg"}],"twitter_card":"summary_large_image","schema":{"@context":"https:\/\/schema.org","@graph":[{"@type":"WebPage","@id":"https:\/\/rental.servicevision.es\/es\/producto\/luces\/incandescencia\/incandescencia-fresnel\/incandescencia-fresnel-150wts\/","url":"https:\/\/rental.servicevision.es\/es\/producto\/luces\/incandescencia\/incandescencia-fresnel\/incandescencia-fresnel-150wts\/","name":"Luces incandescencia: Alquiler incandescencia Fresnel 150WTS - ServiceVision Alquiler","isPartOf":{"@id":"https:\/\/rental.servicevision.es\/es\/#website"},"primaryImageOfPage":{"@id":"https:\/\/rental.servicevision.es\/es\/producto\/luces\/incandescencia\/incandescencia-fresnel\/incandescencia-fresnel-150wts\/#primaryimage"},"image":{"@id":"https:\/\/rental.servicevision.es\/es\/producto\/luces\/incandescencia\/incandescencia-fresnel\/incandescencia-fresnel-150wts\/#primaryimage"},"thumbnailUrl":"https:\/\/rental.servicevision.es\/wp-content\/uploads\/2019\/09\/fresnel_150_wt.jpg","datePublished":"2019-09-10T07:55:10+00:00","dateModified":"2019-09-10T08:03:49+00:00","description":"Alquiler de Luces incandescencia: Incandescence Fresnel 150WTS. Consultas y soporte t\u00e9cnico en Servicevision, fabricaci\u00f3n y alquiler de equipos para rodajes cinematogr\u00e1ficos.","breadcrumb":{"@id":"https:\/\/rental.servicevision.es\/es\/producto\/luces\/incandescencia\/incandescencia-fresnel\/incandescencia-fresnel-150wts\/#breadcrumb"},"inLanguage":"es","potentialAction":[{"@type":"ReadAction","target":["https:\/\/rental.servicevision.es\/es\/producto\/luces\/incandescencia\/incandescencia-fresnel\/incandescencia-fresnel-150wts\/"]}]},{"@type":"ImageObject","inLanguage":"es","@id":"https:\/\/rental.servicevision.es\/es\/producto\/luces\/incandescencia\/incandescencia-fresnel\/incandescencia-fresnel-150wts\/#primaryimage","url":"https:\/\/rental.servicevision.es\/wp-content\/uploads\/2019\/09\/fresnel_150_wt.jpg","contentUrl":"https:\/\/rental.servicevision.es\/wp-content\/uploads\/2019\/09\/fresnel_150_wt.jpg","width":1200,"height":1200},{"@type":"BreadcrumbList","@id":"https:\/\/rental.servicevision.es\/es\/producto\/luces\/incandescencia\/incandescencia-fresnel\/incandescencia-fresnel-150wts\/#breadcrumb","itemListElement":[{"@type":"ListItem","position":1,"name":"Portada","item":"https:\/\/rental.servicevision.es\/es\/"},{"@type":"ListItem","position":2,"name":"Alquiler","item":"https:\/\/rental.servicevision.es\/es\/alquiler-3\/"},{"@type":"ListItem","position":3,"name":"Incandescencia Fresnel 150WTS"}]},{"@type":"WebSite","@id":"https:\/\/rental.servicevision.es\/es\/#website","url":"https:\/\/rental.servicevision.es\/es\/","name":"ServiceVision Alquiler","description":"Fabricaci\u00f3n y alquiler de equipos para rodajes cinematogr\u00e1ficos","potentialAction":[{"@type":"SearchAction","target":{"@type":"EntryPoint","urlTemplate":"https:\/\/rental.servicevision.es\/es\/?s={search_term_string}"},"query-input":{"@type":"PropertyValueSpecification","valueRequired":true,"valueName":"search_term_string"}}],"inLanguage":"es"}]}},"_links":{"self":[{"href":"https:\/\/rental.servicevision.es\/es\/wp-json\/wp\/v2\/product\/1773","targetHints":{"allow":["GET"]}}],"collection":[{"href":"https:\/\/rental.servicevision.es\/es\/wp-json\/wp\/v2\/product"}],"about":[{"href":"https:\/\/rental.servicevision.es\/es\/wp-json\/wp\/v2\/types\/product"}],"wp:featuredmedia":[{"embeddable":true,"href":"https:\/\/rental.servicevision.es\/es\/wp-json\/wp\/v2\/media\/1785"}],"wp:attachment":[{"href":"https:\/\/rental.servicevision.es\/es\/wp-json\/wp\/v2\/media?parent=1773"}],"wp:term":[{"taxonomy":"product_cat","embeddable":true,"href":"https:\/\/rental.servicevision.es\/es\/wp-json\/wp\/v2\/product_cat?post=1773"},{"taxonomy":"product_tag","embeddable":true,"href":"https:\/\/rental.servicevision.es\/es\/wp-json\/wp\/v2\/product_tag?post=1773"}],"curies":[{"name":"wp","href":"https:\/\/api.w.org\/{rel}","templated":true}]}}