{"id":166,"date":"2019-01-14T11:07:20","date_gmt":"2019-01-14T11:07:20","guid":{"rendered":"http:\/\/servicevisionalq.bcntic.com\/?post_type=product&#038;p=166"},"modified":"2021-02-03T08:44:28","modified_gmt":"2021-02-03T08:44:28","slug":"dedolight-hmi-400-wts","status":"publish","type":"product","link":"https:\/\/rental.servicevision.es\/es\/producto\/luces\/hmi\/dedolight-400\/dedolight-hmi-400-wts\/","title":{"rendered":"DEDOLIGHT HMI 400 WTS"},"content":{"rendered":"<p>DEDOLIGHT HMI 400 WTS<\/p>\n<p>\u00ab<strong>Sed ut perspiciatis <\/strong>unde omnis iste natus error sit voluptatem accusantium doloremque laudantium, totam rem aperiam, eaque ipsa quae ab illo inventore veritatis et quasi architecto beatae vitae dicta sunt explicabo. Nemo enim ipsam voluptatem quia voluptas sit aspernatur aut odit aut fugit, sed quia consequuntur magni dolores eos qui ratione voluptatem sequi nesciunt. Neque porro quisquam est, qui dolorem ipsum quia dolor sit amet, consectetur, adipisci velit, sed quia non numquam eius modi tempora incidunt ut labore et dolore magnam aliquam quaerat voluptatem. Ut enim ad minima veniam, quis nostrum exercitationem ullam corporis suscipit laboriosam, nisi ut aliquid ex ea commodi consequatur?<strong> Quis autem vel eum iure reprehenderit qui in ea voluptate velit esse quam nihil molestiae consequatur<\/strong>, vel illum qui dolorem eum fugiat quo voluptas nulla pariatur?\u00bb<\/p>\n<p>\u00bb Quis autem vel eum iure reprehenderit qui in ea voluptate velit esse quam nihil molestiae consequatur, vel illum qui dolorem eum fugiat quo voluptas nulla pariatur?\u00bb Quis autem vel eum iure reprehenderit qui in ea voluptate velit esse quam nihil molestiae consequatur, vel illum qui dolorem eum fugiat quo voluptas nulla pariatur?\u00bb<\/p>\n","protected":false},"excerpt":{"rendered":"<p>DEDOLIGHT HMI 400 WTS<\/p>\n<p>\u00bb Quis autem vel eum iure reprehenderit qui in ea voluptate velit esse quam nihil molestiae consequatur, vel illum qui dolorem eum fugiat quo voluptas nulla pariatur?\u00bb Quis autem vel eum iure reprehenderit qui in ea voluptate velit esse quam nihil molestiae consequatur, vel illum qui dolorem eum fugiat quo voluptas nulla pariatur?\u00bb<\/p>\n","protected":false},"featured_media":167,"template":"","meta":{"ngg_post_thumbnail":0},"product_cat":[83,17],"product_tag":[],"class_list":{"0":"post-166","1":"product","2":"type-product","3":"status-publish","4":"has-post-thumbnail","6":"product_cat-dedolight-400","7":"product_cat-luces","9":"first","10":"instock","11":"virtual","12":"taxable","13":"product-type-simple","14":"col-xs-6 col-sm-4","15":"col-md-3 col-lg-3","16":"un-4-cols"},"yoast_head":"<!-- This site is optimized with the Yoast SEO plugin v27.1.1 - https:\/\/yoast.com\/product\/yoast-seo-wordpress\/ -->\n<title>Luces HMI - Alquiler de DEDOLIGHT HMI 400 WTS - ServiceVision Alquiler<\/title>\n<meta name=\"description\" content=\"Alquiler de Luces HMI - Dedolight 400: DEDOLIGHT HMI 400 WTS. Consultas y soporte t\u00e9cnico en Servicevision, fabricaci\u00f3n y alquiler de equipos para rodajes cinematogr\u00e1ficos.\" \/>\n<meta name=\"robots\" content=\"index, follow, max-snippet:-1, max-image-preview:large, max-video-preview:-1\" \/>\n<link rel=\"canonical\" href=\"https:\/\/rental.servicevision.es\/es\/producto\/luces\/hmi\/dedolight-400\/dedolight-hmi-400-wts\/\" \/>\n<meta property=\"og:locale\" content=\"es_ES\" \/>\n<meta property=\"og:type\" content=\"article\" \/>\n<meta property=\"og:title\" content=\"Luces HMI - Alquiler de DEDOLIGHT HMI 400 WTS - ServiceVision Alquiler\" \/>\n<meta property=\"og:description\" content=\"Alquiler de Luces HMI - Dedolight 400: DEDOLIGHT HMI 400 WTS. Consultas y soporte t\u00e9cnico en Servicevision, fabricaci\u00f3n y alquiler de equipos para rodajes cinematogr\u00e1ficos.\" \/>\n<meta property=\"og:url\" content=\"https:\/\/rental.servicevision.es\/es\/producto\/luces\/hmi\/dedolight-400\/dedolight-hmi-400-wts\/\" \/>\n<meta property=\"og:site_name\" content=\"ServiceVision Alquiler\" \/>\n<meta property=\"article:modified_time\" content=\"2021-02-03T08:44:28+00:00\" \/>\n<meta property=\"og:image\" content=\"https:\/\/rental.servicevision.es\/wp-content\/uploads\/2019\/01\/dedolighthmi400wts-1.jpg\" \/>\n\t<meta property=\"og:image:width\" content=\"3935\" \/>\n\t<meta property=\"og:image:height\" content=\"3935\" \/>\n\t<meta property=\"og:image:type\" content=\"image\/jpeg\" \/>\n<meta name=\"twitter:card\" content=\"summary_large_image\" \/>\n<meta name=\"twitter:label1\" content=\"Tiempo de lectura\" \/>\n\t<meta name=\"twitter:data1\" content=\"1 minuto\" \/>\n<script type=\"application\/ld+json\" class=\"yoast-schema-graph\">{\"@context\":\"https:\/\/schema.org\",\"@graph\":[{\"@type\":\"WebPage\",\"@id\":\"https:\/\/rental.servicevision.es\/es\/producto\/luces\/hmi\/dedolight-400\/dedolight-hmi-400-wts\/\",\"url\":\"https:\/\/rental.servicevision.es\/es\/producto\/luces\/hmi\/dedolight-400\/dedolight-hmi-400-wts\/\",\"name\":\"Luces HMI - Alquiler de DEDOLIGHT HMI 400 WTS - ServiceVision Alquiler\",\"isPartOf\":{\"@id\":\"https:\/\/rental.servicevision.es\/es\/#website\"},\"primaryImageOfPage\":{\"@id\":\"https:\/\/rental.servicevision.es\/es\/producto\/luces\/hmi\/dedolight-400\/dedolight-hmi-400-wts\/#primaryimage\"},\"image\":{\"@id\":\"https:\/\/rental.servicevision.es\/es\/producto\/luces\/hmi\/dedolight-400\/dedolight-hmi-400-wts\/#primaryimage\"},\"thumbnailUrl\":\"https:\/\/rental.servicevision.es\/wp-content\/uploads\/2019\/01\/dedolighthmi400wts-1.jpg\",\"datePublished\":\"2019-01-14T11:07:20+00:00\",\"dateModified\":\"2021-02-03T08:44:28+00:00\",\"description\":\"Alquiler de Luces HMI - Dedolight 400: DEDOLIGHT HMI 400 WTS. Consultas y soporte t\u00e9cnico en Servicevision, fabricaci\u00f3n y alquiler de equipos para rodajes cinematogr\u00e1ficos.\",\"breadcrumb\":{\"@id\":\"https:\/\/rental.servicevision.es\/es\/producto\/luces\/hmi\/dedolight-400\/dedolight-hmi-400-wts\/#breadcrumb\"},\"inLanguage\":\"es\",\"potentialAction\":[{\"@type\":\"ReadAction\",\"target\":[\"https:\/\/rental.servicevision.es\/es\/producto\/luces\/hmi\/dedolight-400\/dedolight-hmi-400-wts\/\"]}]},{\"@type\":\"ImageObject\",\"inLanguage\":\"es\",\"@id\":\"https:\/\/rental.servicevision.es\/es\/producto\/luces\/hmi\/dedolight-400\/dedolight-hmi-400-wts\/#primaryimage\",\"url\":\"https:\/\/rental.servicevision.es\/wp-content\/uploads\/2019\/01\/dedolighthmi400wts-1.jpg\",\"contentUrl\":\"https:\/\/rental.servicevision.es\/wp-content\/uploads\/2019\/01\/dedolighthmi400wts-1.jpg\",\"width\":3935,\"height\":3935},{\"@type\":\"BreadcrumbList\",\"@id\":\"https:\/\/rental.servicevision.es\/es\/producto\/luces\/hmi\/dedolight-400\/dedolight-hmi-400-wts\/#breadcrumb\",\"itemListElement\":[{\"@type\":\"ListItem\",\"position\":1,\"name\":\"Portada\",\"item\":\"https:\/\/rental.servicevision.es\/es\/\"},{\"@type\":\"ListItem\",\"position\":2,\"name\":\"Alquiler\",\"item\":\"https:\/\/rental.servicevision.es\/es\/alquiler-3\/\"},{\"@type\":\"ListItem\",\"position\":3,\"name\":\"DEDOLIGHT HMI 400 WTS\"}]},{\"@type\":\"WebSite\",\"@id\":\"https:\/\/rental.servicevision.es\/es\/#website\",\"url\":\"https:\/\/rental.servicevision.es\/es\/\",\"name\":\"ServiceVision Alquiler\",\"description\":\"Fabricaci\u00f3n y alquiler de equipos para rodajes cinematogr\u00e1ficos\",\"potentialAction\":[{\"@type\":\"SearchAction\",\"target\":{\"@type\":\"EntryPoint\",\"urlTemplate\":\"https:\/\/rental.servicevision.es\/es\/?s={search_term_string}\"},\"query-input\":{\"@type\":\"PropertyValueSpecification\",\"valueRequired\":true,\"valueName\":\"search_term_string\"}}],\"inLanguage\":\"es\"}]}<\/script>\n<!-- \/ Yoast SEO plugin. -->","yoast_head_json":{"title":"Luces HMI - Alquiler de DEDOLIGHT HMI 400 WTS - ServiceVision Alquiler","description":"Alquiler de Luces HMI - Dedolight 400: DEDOLIGHT HMI 400 WTS. Consultas y soporte t\u00e9cnico en Servicevision, fabricaci\u00f3n y alquiler de equipos para rodajes cinematogr\u00e1ficos.","robots":{"index":"index","follow":"follow","max-snippet":"max-snippet:-1","max-image-preview":"max-image-preview:large","max-video-preview":"max-video-preview:-1"},"canonical":"https:\/\/rental.servicevision.es\/es\/producto\/luces\/hmi\/dedolight-400\/dedolight-hmi-400-wts\/","og_locale":"es_ES","og_type":"article","og_title":"Luces HMI - Alquiler de DEDOLIGHT HMI 400 WTS - ServiceVision Alquiler","og_description":"Alquiler de Luces HMI - Dedolight 400: DEDOLIGHT HMI 400 WTS. Consultas y soporte t\u00e9cnico en Servicevision, fabricaci\u00f3n y alquiler de equipos para rodajes cinematogr\u00e1ficos.","og_url":"https:\/\/rental.servicevision.es\/es\/producto\/luces\/hmi\/dedolight-400\/dedolight-hmi-400-wts\/","og_site_name":"ServiceVision Alquiler","article_modified_time":"2021-02-03T08:44:28+00:00","og_image":[{"width":3935,"height":3935,"url":"https:\/\/rental.servicevision.es\/wp-content\/uploads\/2019\/01\/dedolighthmi400wts-1.jpg","type":"image\/jpeg"}],"twitter_card":"summary_large_image","twitter_misc":{"Tiempo de lectura":"1 minuto"},"schema":{"@context":"https:\/\/schema.org","@graph":[{"@type":"WebPage","@id":"https:\/\/rental.servicevision.es\/es\/producto\/luces\/hmi\/dedolight-400\/dedolight-hmi-400-wts\/","url":"https:\/\/rental.servicevision.es\/es\/producto\/luces\/hmi\/dedolight-400\/dedolight-hmi-400-wts\/","name":"Luces HMI - Alquiler de DEDOLIGHT HMI 400 WTS - ServiceVision Alquiler","isPartOf":{"@id":"https:\/\/rental.servicevision.es\/es\/#website"},"primaryImageOfPage":{"@id":"https:\/\/rental.servicevision.es\/es\/producto\/luces\/hmi\/dedolight-400\/dedolight-hmi-400-wts\/#primaryimage"},"image":{"@id":"https:\/\/rental.servicevision.es\/es\/producto\/luces\/hmi\/dedolight-400\/dedolight-hmi-400-wts\/#primaryimage"},"thumbnailUrl":"https:\/\/rental.servicevision.es\/wp-content\/uploads\/2019\/01\/dedolighthmi400wts-1.jpg","datePublished":"2019-01-14T11:07:20+00:00","dateModified":"2021-02-03T08:44:28+00:00","description":"Alquiler de Luces HMI - Dedolight 400: DEDOLIGHT HMI 400 WTS. Consultas y soporte t\u00e9cnico en Servicevision, fabricaci\u00f3n y alquiler de equipos para rodajes cinematogr\u00e1ficos.","breadcrumb":{"@id":"https:\/\/rental.servicevision.es\/es\/producto\/luces\/hmi\/dedolight-400\/dedolight-hmi-400-wts\/#breadcrumb"},"inLanguage":"es","potentialAction":[{"@type":"ReadAction","target":["https:\/\/rental.servicevision.es\/es\/producto\/luces\/hmi\/dedolight-400\/dedolight-hmi-400-wts\/"]}]},{"@type":"ImageObject","inLanguage":"es","@id":"https:\/\/rental.servicevision.es\/es\/producto\/luces\/hmi\/dedolight-400\/dedolight-hmi-400-wts\/#primaryimage","url":"https:\/\/rental.servicevision.es\/wp-content\/uploads\/2019\/01\/dedolighthmi400wts-1.jpg","contentUrl":"https:\/\/rental.servicevision.es\/wp-content\/uploads\/2019\/01\/dedolighthmi400wts-1.jpg","width":3935,"height":3935},{"@type":"BreadcrumbList","@id":"https:\/\/rental.servicevision.es\/es\/producto\/luces\/hmi\/dedolight-400\/dedolight-hmi-400-wts\/#breadcrumb","itemListElement":[{"@type":"ListItem","position":1,"name":"Portada","item":"https:\/\/rental.servicevision.es\/es\/"},{"@type":"ListItem","position":2,"name":"Alquiler","item":"https:\/\/rental.servicevision.es\/es\/alquiler-3\/"},{"@type":"ListItem","position":3,"name":"DEDOLIGHT HMI 400 WTS"}]},{"@type":"WebSite","@id":"https:\/\/rental.servicevision.es\/es\/#website","url":"https:\/\/rental.servicevision.es\/es\/","name":"ServiceVision Alquiler","description":"Fabricaci\u00f3n y alquiler de equipos para rodajes cinematogr\u00e1ficos","potentialAction":[{"@type":"SearchAction","target":{"@type":"EntryPoint","urlTemplate":"https:\/\/rental.servicevision.es\/es\/?s={search_term_string}"},"query-input":{"@type":"PropertyValueSpecification","valueRequired":true,"valueName":"search_term_string"}}],"inLanguage":"es"}]}},"_links":{"self":[{"href":"https:\/\/rental.servicevision.es\/es\/wp-json\/wp\/v2\/product\/166","targetHints":{"allow":["GET"]}}],"collection":[{"href":"https:\/\/rental.servicevision.es\/es\/wp-json\/wp\/v2\/product"}],"about":[{"href":"https:\/\/rental.servicevision.es\/es\/wp-json\/wp\/v2\/types\/product"}],"wp:featuredmedia":[{"embeddable":true,"href":"https:\/\/rental.servicevision.es\/es\/wp-json\/wp\/v2\/media\/167"}],"wp:attachment":[{"href":"https:\/\/rental.servicevision.es\/es\/wp-json\/wp\/v2\/media?parent=166"}],"wp:term":[{"taxonomy":"product_cat","embeddable":true,"href":"https:\/\/rental.servicevision.es\/es\/wp-json\/wp\/v2\/product_cat?post=166"},{"taxonomy":"product_tag","embeddable":true,"href":"https:\/\/rental.servicevision.es\/es\/wp-json\/wp\/v2\/product_tag?post=166"}],"curies":[{"name":"wp","href":"https:\/\/api.w.org\/{rel}","templated":true}]}}