{"id":1624,"date":"2019-05-22T02:35:46","date_gmt":"2019-05-22T02:35:46","guid":{"rendered":"http:\/\/servicevisionalq.bcntic.com\/?post_type=product&#038;p=1624"},"modified":"2021-03-07T15:59:11","modified_gmt":"2021-03-07T15:59:11","slug":"oled-17-sony-trimaster-pvm-a-170","status":"publish","type":"product","link":"https:\/\/rental.servicevision.es\/es\/producto\/camaras\/video-asistencia\/oled-17-sony-trimaster-pvm-a-170\/","title":{"rendered":"Oled 17&#8243; Sony TRIMASTER PVM-A-170"},"content":{"rendered":"","protected":false},"excerpt":{"rendered":"","protected":false},"featured_media":636,"template":"","meta":{"ngg_post_thumbnail":0},"product_cat":[15,23],"product_tag":[],"class_list":{"0":"post-1624","1":"product","2":"type-product","3":"status-publish","4":"has-post-thumbnail","6":"product_cat-camaras","7":"product_cat-video-asistencia","9":"first","10":"instock","11":"virtual","12":"taxable","13":"product-type-simple","14":"col-xs-6 col-sm-4","15":"col-md-3 col-lg-3","16":"un-4-cols"},"yoast_head":"<!-- This site is optimized with the Yoast SEO plugin v27.1.1 - https:\/\/yoast.com\/product\/yoast-seo-wordpress\/ -->\n<title>C\u00e1maras Oled 17&quot; Sony TRIMASTER PVM-A-170 - ServiceVision Alquiler<\/title>\n<meta name=\"description\" content=\"Alquiler de C\u00e1maras - V\u00eddeo asistencia: Oled 17&quot; Sony TRIMASTER PVM-A-170. Consultas y soporte t\u00e9cnico en Servicevision, fabricaci\u00f3n y alquiler de equipos para rodajes cinematogr\u00e1ficos.\" \/>\n<meta name=\"robots\" content=\"index, follow, max-snippet:-1, max-image-preview:large, max-video-preview:-1\" \/>\n<link rel=\"canonical\" href=\"https:\/\/rental.servicevision.es\/es\/producto\/camaras\/video-asistencia\/oled-17-sony-trimaster-pvm-a-170\/\" \/>\n<meta property=\"og:locale\" content=\"es_ES\" \/>\n<meta property=\"og:type\" content=\"article\" \/>\n<meta property=\"og:title\" content=\"C\u00e1maras Oled 17&quot; Sony TRIMASTER PVM-A-170 - ServiceVision Alquiler\" \/>\n<meta property=\"og:description\" content=\"Alquiler de C\u00e1maras - V\u00eddeo asistencia: Oled 17&quot; Sony TRIMASTER PVM-A-170. Consultas y soporte t\u00e9cnico en Servicevision, fabricaci\u00f3n y alquiler de equipos para rodajes cinematogr\u00e1ficos.\" \/>\n<meta property=\"og:url\" content=\"https:\/\/rental.servicevision.es\/es\/producto\/camaras\/video-asistencia\/oled-17-sony-trimaster-pvm-a-170\/\" \/>\n<meta property=\"og:site_name\" content=\"ServiceVision Alquiler\" \/>\n<meta property=\"article:modified_time\" content=\"2021-03-07T15:59:11+00:00\" \/>\n<meta property=\"og:image\" content=\"https:\/\/rental.servicevision.es\/wp-content\/uploads\/2019\/02\/836bbec392ce45dfc5df2fc915efa19c.jpeg\" \/>\n\t<meta property=\"og:image:width\" content=\"361\" \/>\n\t<meta property=\"og:image:height\" content=\"336\" \/>\n\t<meta property=\"og:image:type\" content=\"image\/jpeg\" \/>\n<meta name=\"twitter:card\" content=\"summary_large_image\" \/>\n<script type=\"application\/ld+json\" class=\"yoast-schema-graph\">{\"@context\":\"https:\/\/schema.org\",\"@graph\":[{\"@type\":\"WebPage\",\"@id\":\"https:\/\/rental.servicevision.es\/es\/producto\/camaras\/video-asistencia\/oled-17-sony-trimaster-pvm-a-170\/\",\"url\":\"https:\/\/rental.servicevision.es\/es\/producto\/camaras\/video-asistencia\/oled-17-sony-trimaster-pvm-a-170\/\",\"name\":\"C\u00e1maras Oled 17\\\" Sony TRIMASTER PVM-A-170 - ServiceVision Alquiler\",\"isPartOf\":{\"@id\":\"https:\/\/rental.servicevision.es\/es\/#website\"},\"primaryImageOfPage\":{\"@id\":\"https:\/\/rental.servicevision.es\/es\/producto\/camaras\/video-asistencia\/oled-17-sony-trimaster-pvm-a-170\/#primaryimage\"},\"image\":{\"@id\":\"https:\/\/rental.servicevision.es\/es\/producto\/camaras\/video-asistencia\/oled-17-sony-trimaster-pvm-a-170\/#primaryimage\"},\"thumbnailUrl\":\"https:\/\/rental.servicevision.es\/wp-content\/uploads\/2019\/02\/836bbec392ce45dfc5df2fc915efa19c.jpeg\",\"datePublished\":\"2019-05-22T02:35:46+00:00\",\"dateModified\":\"2021-03-07T15:59:11+00:00\",\"description\":\"Alquiler de C\u00e1maras - V\u00eddeo asistencia: Oled 17\\\" Sony TRIMASTER PVM-A-170. Consultas y soporte t\u00e9cnico en Servicevision, fabricaci\u00f3n y alquiler de equipos para rodajes cinematogr\u00e1ficos.\",\"breadcrumb\":{\"@id\":\"https:\/\/rental.servicevision.es\/es\/producto\/camaras\/video-asistencia\/oled-17-sony-trimaster-pvm-a-170\/#breadcrumb\"},\"inLanguage\":\"es\",\"potentialAction\":[{\"@type\":\"ReadAction\",\"target\":[\"https:\/\/rental.servicevision.es\/es\/producto\/camaras\/video-asistencia\/oled-17-sony-trimaster-pvm-a-170\/\"]}]},{\"@type\":\"ImageObject\",\"inLanguage\":\"es\",\"@id\":\"https:\/\/rental.servicevision.es\/es\/producto\/camaras\/video-asistencia\/oled-17-sony-trimaster-pvm-a-170\/#primaryimage\",\"url\":\"https:\/\/rental.servicevision.es\/wp-content\/uploads\/2019\/02\/836bbec392ce45dfc5df2fc915efa19c.jpeg\",\"contentUrl\":\"https:\/\/rental.servicevision.es\/wp-content\/uploads\/2019\/02\/836bbec392ce45dfc5df2fc915efa19c.jpeg\",\"width\":361,\"height\":336},{\"@type\":\"BreadcrumbList\",\"@id\":\"https:\/\/rental.servicevision.es\/es\/producto\/camaras\/video-asistencia\/oled-17-sony-trimaster-pvm-a-170\/#breadcrumb\",\"itemListElement\":[{\"@type\":\"ListItem\",\"position\":1,\"name\":\"Portada\",\"item\":\"https:\/\/rental.servicevision.es\/es\/\"},{\"@type\":\"ListItem\",\"position\":2,\"name\":\"Alquiler\",\"item\":\"https:\/\/rental.servicevision.es\/es\/alquiler-3\/\"},{\"@type\":\"ListItem\",\"position\":3,\"name\":\"Oled 17&#8243; Sony TRIMASTER PVM-A-170\"}]},{\"@type\":\"WebSite\",\"@id\":\"https:\/\/rental.servicevision.es\/es\/#website\",\"url\":\"https:\/\/rental.servicevision.es\/es\/\",\"name\":\"ServiceVision Alquiler\",\"description\":\"Fabricaci\u00f3n y alquiler de equipos para rodajes cinematogr\u00e1ficos\",\"potentialAction\":[{\"@type\":\"SearchAction\",\"target\":{\"@type\":\"EntryPoint\",\"urlTemplate\":\"https:\/\/rental.servicevision.es\/es\/?s={search_term_string}\"},\"query-input\":{\"@type\":\"PropertyValueSpecification\",\"valueRequired\":true,\"valueName\":\"search_term_string\"}}],\"inLanguage\":\"es\"}]}<\/script>\n<!-- \/ Yoast SEO plugin. -->","yoast_head_json":{"title":"C\u00e1maras Oled 17\" Sony TRIMASTER PVM-A-170 - ServiceVision Alquiler","description":"Alquiler de C\u00e1maras - V\u00eddeo asistencia: Oled 17\" Sony TRIMASTER PVM-A-170. Consultas y soporte t\u00e9cnico en Servicevision, fabricaci\u00f3n y alquiler de equipos para rodajes cinematogr\u00e1ficos.","robots":{"index":"index","follow":"follow","max-snippet":"max-snippet:-1","max-image-preview":"max-image-preview:large","max-video-preview":"max-video-preview:-1"},"canonical":"https:\/\/rental.servicevision.es\/es\/producto\/camaras\/video-asistencia\/oled-17-sony-trimaster-pvm-a-170\/","og_locale":"es_ES","og_type":"article","og_title":"C\u00e1maras Oled 17\" Sony TRIMASTER PVM-A-170 - ServiceVision Alquiler","og_description":"Alquiler de C\u00e1maras - V\u00eddeo asistencia: Oled 17\" Sony TRIMASTER PVM-A-170. Consultas y soporte t\u00e9cnico en Servicevision, fabricaci\u00f3n y alquiler de equipos para rodajes cinematogr\u00e1ficos.","og_url":"https:\/\/rental.servicevision.es\/es\/producto\/camaras\/video-asistencia\/oled-17-sony-trimaster-pvm-a-170\/","og_site_name":"ServiceVision Alquiler","article_modified_time":"2021-03-07T15:59:11+00:00","og_image":[{"width":361,"height":336,"url":"https:\/\/rental.servicevision.es\/wp-content\/uploads\/2019\/02\/836bbec392ce45dfc5df2fc915efa19c.jpeg","type":"image\/jpeg"}],"twitter_card":"summary_large_image","schema":{"@context":"https:\/\/schema.org","@graph":[{"@type":"WebPage","@id":"https:\/\/rental.servicevision.es\/es\/producto\/camaras\/video-asistencia\/oled-17-sony-trimaster-pvm-a-170\/","url":"https:\/\/rental.servicevision.es\/es\/producto\/camaras\/video-asistencia\/oled-17-sony-trimaster-pvm-a-170\/","name":"C\u00e1maras Oled 17\" Sony TRIMASTER PVM-A-170 - ServiceVision Alquiler","isPartOf":{"@id":"https:\/\/rental.servicevision.es\/es\/#website"},"primaryImageOfPage":{"@id":"https:\/\/rental.servicevision.es\/es\/producto\/camaras\/video-asistencia\/oled-17-sony-trimaster-pvm-a-170\/#primaryimage"},"image":{"@id":"https:\/\/rental.servicevision.es\/es\/producto\/camaras\/video-asistencia\/oled-17-sony-trimaster-pvm-a-170\/#primaryimage"},"thumbnailUrl":"https:\/\/rental.servicevision.es\/wp-content\/uploads\/2019\/02\/836bbec392ce45dfc5df2fc915efa19c.jpeg","datePublished":"2019-05-22T02:35:46+00:00","dateModified":"2021-03-07T15:59:11+00:00","description":"Alquiler de C\u00e1maras - V\u00eddeo asistencia: Oled 17\" Sony TRIMASTER PVM-A-170. Consultas y soporte t\u00e9cnico en Servicevision, fabricaci\u00f3n y alquiler de equipos para rodajes cinematogr\u00e1ficos.","breadcrumb":{"@id":"https:\/\/rental.servicevision.es\/es\/producto\/camaras\/video-asistencia\/oled-17-sony-trimaster-pvm-a-170\/#breadcrumb"},"inLanguage":"es","potentialAction":[{"@type":"ReadAction","target":["https:\/\/rental.servicevision.es\/es\/producto\/camaras\/video-asistencia\/oled-17-sony-trimaster-pvm-a-170\/"]}]},{"@type":"ImageObject","inLanguage":"es","@id":"https:\/\/rental.servicevision.es\/es\/producto\/camaras\/video-asistencia\/oled-17-sony-trimaster-pvm-a-170\/#primaryimage","url":"https:\/\/rental.servicevision.es\/wp-content\/uploads\/2019\/02\/836bbec392ce45dfc5df2fc915efa19c.jpeg","contentUrl":"https:\/\/rental.servicevision.es\/wp-content\/uploads\/2019\/02\/836bbec392ce45dfc5df2fc915efa19c.jpeg","width":361,"height":336},{"@type":"BreadcrumbList","@id":"https:\/\/rental.servicevision.es\/es\/producto\/camaras\/video-asistencia\/oled-17-sony-trimaster-pvm-a-170\/#breadcrumb","itemListElement":[{"@type":"ListItem","position":1,"name":"Portada","item":"https:\/\/rental.servicevision.es\/es\/"},{"@type":"ListItem","position":2,"name":"Alquiler","item":"https:\/\/rental.servicevision.es\/es\/alquiler-3\/"},{"@type":"ListItem","position":3,"name":"Oled 17&#8243; Sony TRIMASTER PVM-A-170"}]},{"@type":"WebSite","@id":"https:\/\/rental.servicevision.es\/es\/#website","url":"https:\/\/rental.servicevision.es\/es\/","name":"ServiceVision Alquiler","description":"Fabricaci\u00f3n y alquiler de equipos para rodajes cinematogr\u00e1ficos","potentialAction":[{"@type":"SearchAction","target":{"@type":"EntryPoint","urlTemplate":"https:\/\/rental.servicevision.es\/es\/?s={search_term_string}"},"query-input":{"@type":"PropertyValueSpecification","valueRequired":true,"valueName":"search_term_string"}}],"inLanguage":"es"}]}},"_links":{"self":[{"href":"https:\/\/rental.servicevision.es\/es\/wp-json\/wp\/v2\/product\/1624","targetHints":{"allow":["GET"]}}],"collection":[{"href":"https:\/\/rental.servicevision.es\/es\/wp-json\/wp\/v2\/product"}],"about":[{"href":"https:\/\/rental.servicevision.es\/es\/wp-json\/wp\/v2\/types\/product"}],"wp:featuredmedia":[{"embeddable":true,"href":"https:\/\/rental.servicevision.es\/es\/wp-json\/wp\/v2\/media\/636"}],"wp:attachment":[{"href":"https:\/\/rental.servicevision.es\/es\/wp-json\/wp\/v2\/media?parent=1624"}],"wp:term":[{"taxonomy":"product_cat","embeddable":true,"href":"https:\/\/rental.servicevision.es\/es\/wp-json\/wp\/v2\/product_cat?post=1624"},{"taxonomy":"product_tag","embeddable":true,"href":"https:\/\/rental.servicevision.es\/es\/wp-json\/wp\/v2\/product_tag?post=1624"}],"curies":[{"name":"wp","href":"https:\/\/api.w.org\/{rel}","templated":true}]}}