{"id":1549,"date":"2019-05-21T22:26:10","date_gmt":"2019-05-21T22:26:10","guid":{"rendered":"http:\/\/servicevisionalq.bcntic.com\/?post_type=product&#038;p=1549"},"modified":"2026-03-26T22:05:28","modified_gmt":"2026-03-26T21:05:28","slug":"canon-prime-k-35-rehoused-tls","status":"publish","type":"product","link":"https:\/\/rental.servicevision.es\/es\/producto\/camaras\/objetivos-y-zooms\/esfericos\/canon-prime-k-35-rehoused-tls\/","title":{"rendered":"Canon K-35 Rehoused by TLS"},"content":{"rendered":"","protected":false},"excerpt":{"rendered":"<p><span style=\"color: #000000;\">Los Canon K35 es un set de objetivos vintage que se <a style=\"color: #000000;\" href=\"https:\/\/www.bing.com\/aclick?ld=e8ZmLVvjcjKx47KWfu983UnTVUCUwMwTkclaM-m5R9UPnbWcXT4e1O77isSXTC8Av9KV9e4X_guuzlfyATHQuha-Z4QPjR8rsepnE2vsj2NIl5kkM5B7-ue_HvWa-m8ZZFEDyTKeyGmERwnrFI71Dxz0q8VjjtYkU4334bFbK6zCJ4Ymj1&amp;u=aHR0cHMlM2ElMmYlMmZ3d3cuZWJheS5jb20lMmZzY2glMmZpLmh0bWwlM2Zfbmt3JTNkY2Fub24lMjUyMGNhbWVyYSUyNTIwayUyNm5vcm92ZXIlM2QxJTI2bWtldnQlM2QxJTI2bWtyaWQlM2Q3MTEtMzQwMDItMTMwNzgtMCUyNm1rY2lkJTNkMiUyNm1rc2NpZCUzZDEwMiUyNmtleXdvcmQlM2RjYW5vbiUyNTIwY2FtZXJhJTI1MjBrJTI2Y3JscCUzZF8lMjZNVF9JRCUzZCUyNmdlb19pZCUzZCUyNnJsc2F0YXJnZXQlM2Rrd2QtNzY2MjIzOTk5NzAyOTQlM2Fsb2MtMTcwJTI2YWRwb3MlM2QlMjZkZXZpY2UlM2RjJTI2bWt0eXBlJTNkJTI2bG9jJTNkMzE3MyUyNnBvaSUzZCUyNmFiY0lkJTNkJTI2Y21wZ24lM2QzOTU0NTAyOTQlMjZzaXRlbG5rJTNkJTI2YWRncm91cGlkJTNkMTIyNTk1NTY3MjExNTI5NyUyNm5ldHdvcmslM2RvJTI2bWF0Y2h0eXBlJTNkcCUyNm1zY2xraWQlM2RlOGU1MjZmMzRmNjQxNDk5NGQ2MTQwOTM2N2FmNDFlNA&amp;rlid=e8e526f34f6414994d61409367af41e4\">fabricaron en los a\u00f1os 70 y le valieron a Canon un Premio de la Academia por dise\u00f1o \u00f3ptico en 1977, son conocidas por su nitidez, bajo contraste y rendimiento \u00f3ptico excepcional<\/a>. <a style=\"color: #000000;\" href=\"https:\/\/www.bing.com\/aclick?ld=e8ZmLVvjcjKx47KWfu983UnTVUCUwMwTkclaM-m5R9UPnbWcXT4e1O77isSXTC8Av9KV9e4X_guuzlfyATHQuha-Z4QPjR8rsepnE2vsj2NIl5kkM5B7-ue_HvWa-m8ZZFEDyTKeyGmERwnrFI71Dxz0q8VjjtYkU4334bFbK6zCJ4Ymj1&amp;u=aHR0cHMlM2ElMmYlMmZ3d3cuZWJheS5jb20lMmZzY2glMmZpLmh0bWwlM2Zfbmt3JTNkY2Fub24lMjUyMGNhbWVyYSUyNTIwayUyNm5vcm92ZXIlM2QxJTI2bWtldnQlM2QxJTI2bWtyaWQlM2Q3MTEtMzQwMDItMTMwNzgtMCUyNm1rY2lkJTNkMiUyNm1rc2NpZCUzZDEwMiUyNmtleXdvcmQlM2RjYW5vbiUyNTIwY2FtZXJhJTI1MjBrJTI2Y3JscCUzZF8lMjZNVF9JRCUzZCUyNmdlb19pZCUzZCUyNnJsc2F0YXJnZXQlM2Rrd2QtNzY2MjIzOTk5NzAyOTQlM2Fsb2MtMTcwJTI2YWRwb3MlM2QlMjZkZXZpY2UlM2RjJTI2bWt0eXBlJTNkJTI2bG9jJTNkMzE3MyUyNnBvaSUzZCUyNmFiY0lkJTNkJTI2Y21wZ24lM2QzOTU0NTAyOTQlMjZzaXRlbG5rJTNkJTI2YWRncm91cGlkJTNkMTIyNTk1NTY3MjExNTI5NyUyNm5ldHdvcmslM2RvJTI2bWF0Y2h0eXBlJTNkcCUyNm1zY2xraWQlM2RlOGU1MjZmMzRmNjQxNDk5NGQ2MTQwOTM2N2FmNDFlNA&amp;rlid=e8e526f34f6414994d61409367af41e4\">Son ideales por<\/a><\/span><a style=\"color: #000000;\" href=\"https:\/\/www.bing.com\/aclick?ld=e8ZmLVvjcjKx47KWfu983UnTVUCUwMwTkclaM-m5R9UPnbWcXT4e1O77isSXTC8Av9KV9e4X_guuzlfyATHQuha-Z4QPjR8rsepnE2vsj2NIl5kkM5B7-ue_HvWa-m8ZZFEDyTKeyGmERwnrFI71Dxz0q8VjjtYkU4334bFbK6zCJ4Ymj1&amp;u=aHR0cHMlM2ElMmYlMmZ3d3cuZWJheS5jb20lMmZzY2glMmZpLmh0bWwlM2Zfbmt3JTNkY2Fub24lMjUyMGNhbWVyYSUyNTIwayUyNm5vcm92ZXIlM2QxJTI2bWtldnQlM2QxJTI2bWtyaWQlM2Q3MTEtMzQwMDItMTMwNzgtMCUyNm1rY2lkJTNkMiUyNm1rc2NpZCUzZDEwMiUyNmtleXdvcmQlM2RjYW5vbiUyNTIwY2FtZXJhJTI1MjBrJTI2Y3JscCUzZF8lMjZNVF9JRCUzZCUyNmdlb19pZCUzZCUyNnJsc2F0YXJnZXQlM2Rrd2QtNzY2MjIzOTk5NzAyOTQlM2Fsb2MtMTcwJTI2YWRwb3MlM2QlMjZkZXZpY2UlM2RjJTI2bWt0eXBlJTNkJTI2bG9jJTNkMzE3MyUyNnBvaSUzZCUyNmFiY0lkJTNkJTI2Y21wZ24lM2QzOTU0NTAyOTQlMjZzaXRlbG5rJTNkJTI2YWRncm91cGlkJTNkMTIyNTk1NTY3MjExNTI5NyUyNm5ldHdvcmslM2RvJTI2bWF0Y2h0eXBlJTNkcCUyNm1zY2xraWQlM2RlOGU1MjZmMzRmNjQxNDk5NGQ2MTQwOTM2N2FmNDFlNA&amp;rlid=e8e526f34f6414994d61409367af41e4\">&nbsp;su dise\u00f1o \u00f3ptico de gran apertura y su compatibilidad con sensores digitales modernos, tanto S35 como Full Frame<\/a><span style=\"color: #000000;\">, (Nota: solo los de 24 mm a 85 mm son compatibles para Full Frame). <\/span><a style=\"color: #000000;\" href=\"https:\/\/www.bing.com\/aclick?ld=e8ZmLVvjcjKx47KWfu983UnTVUCUwMwTkclaM-m5R9UPnbWcXT4e1O77isSXTC8Av9KV9e4X_guuzlfyATHQuha-Z4QPjR8rsepnE2vsj2NIl5kkM5B7-ue_HvWa-m8ZZFEDyTKeyGmERwnrFI71Dxz0q8VjjtYkU4334bFbK6zCJ4Ymj1&amp;u=aHR0cHMlM2ElMmYlMmZ3d3cuZWJheS5jb20lMmZzY2glMmZpLmh0bWwlM2Zfbmt3JTNkY2Fub24lMjUyMGNhbWVyYSUyNTIwayUyNm5vcm92ZXIlM2QxJTI2bWtldnQlM2QxJTI2bWtyaWQlM2Q3MTEtMzQwMDItMTMwNzgtMCUyNm1rY2lkJTNkMiUyNm1rc2NpZCUzZDEwMiUyNmtleXdvcmQlM2RjYW5vbiUyNTIwY2FtZXJhJTI1MjBrJTI2Y3JscCUzZF8lMjZNVF9JRCUzZCUyNmdlb19pZCUzZCUyNnJsc2F0YXJnZXQlM2Rrd2QtNzY2MjIzOTk5NzAyOTQlM2Fsb2MtMTcwJTI2YWRwb3MlM2QlMjZkZXZpY2UlM2RjJTI2bWt0eXBlJTNkJTI2bG9jJTNkMzE3MyUyNnBvaSUzZCUyNmFiY0lkJTNkJTI2Y21wZ24lM2QzOTU0NTAyOTQlMjZzaXRlbG5rJTNkJTI2YWRncm91cGlkJTNkMTIyNTk1NTY3MjExNTI5NyUyNm5ldHdvcmslM2RvJTI2bWF0Y2h0eXBlJTNkcCUyNm1zY2xraWQlM2RlOGU1MjZmMzRmNjQxNDk5NGQ2MTQwOTM2N2FmNDFlNA&amp;rlid=e8e526f34f6414994d61409367af41e4\">Adem\u00e1s, han sido rehousadas por TLS para adaptarse a las necesidades actuales, manteniendo su calidad vintage.<\/a><\/p>\n","protected":false},"featured_media":9381,"template":"","meta":{"ngg_post_thumbnail":0},"product_cat":[15,88,773,22],"product_tag":[],"class_list":{"0":"post-1549","1":"product","2":"type-product","3":"status-publish","4":"has-post-thumbnail","6":"product_cat-camaras","7":"product_cat-esfericos","8":"product_cat-exportar","9":"product_cat-objetivos-y-zooms","11":"first","12":"instock","13":"virtual","14":"taxable","15":"product-type-simple","16":"col-xs-6 col-sm-4","17":"col-md-3 col-lg-3","18":"un-4-cols"},"yoast_head":"<!-- This site is optimized with the Yoast SEO plugin v27.1.1 - https:\/\/yoast.com\/product\/yoast-seo-wordpress\/ -->\n<title>C\u00e1maras Canon Prime K-35 Rehoused TLS - ServiceVision Alquiler<\/title>\n<meta name=\"description\" content=\"Alquiler de C\u00e1maras - objetivos y zooms esf\u00e9ricos: Canon Prime K-35 Rehoused TLS. Consultas y soporte t\u00e9cnico en Servicevision, fabricaci\u00f3n y alquiler de equipos para rodajes cinematogr\u00e1ficos.\" \/>\n<meta name=\"robots\" content=\"index, follow, max-snippet:-1, max-image-preview:large, max-video-preview:-1\" \/>\n<link rel=\"canonical\" href=\"https:\/\/rental.servicevision.es\/es\/producto\/camaras\/objetivos-y-zooms\/esfericos\/canon-prime-k-35-rehoused-tls\/\" \/>\n<meta property=\"og:locale\" content=\"es_ES\" \/>\n<meta property=\"og:type\" content=\"article\" \/>\n<meta property=\"og:title\" content=\"C\u00e1maras Canon Prime K-35 Rehoused TLS - ServiceVision Alquiler\" \/>\n<meta property=\"og:description\" content=\"Alquiler de C\u00e1maras - objetivos y zooms esf\u00e9ricos: Canon Prime K-35 Rehoused TLS. Consultas y soporte t\u00e9cnico en Servicevision, fabricaci\u00f3n y alquiler de equipos para rodajes cinematogr\u00e1ficos.\" \/>\n<meta property=\"og:url\" content=\"https:\/\/rental.servicevision.es\/es\/producto\/camaras\/objetivos-y-zooms\/esfericos\/canon-prime-k-35-rehoused-tls\/\" \/>\n<meta property=\"og:site_name\" content=\"ServiceVision Alquiler\" \/>\n<meta property=\"article:modified_time\" content=\"2026-03-26T21:05:28+00:00\" \/>\n<meta property=\"og:image\" content=\"https:\/\/rental.servicevision.es\/wp-content\/uploads\/2019\/05\/Canon-K-35-1.jpg\" \/>\n\t<meta property=\"og:image:width\" content=\"2142\" \/>\n\t<meta property=\"og:image:height\" content=\"1346\" \/>\n\t<meta property=\"og:image:type\" content=\"image\/jpeg\" \/>\n<meta name=\"twitter:card\" content=\"summary_large_image\" \/>\n<script type=\"application\/ld+json\" class=\"yoast-schema-graph\">{\"@context\":\"https:\/\/schema.org\",\"@graph\":[{\"@type\":\"WebPage\",\"@id\":\"https:\/\/rental.servicevision.es\/es\/producto\/camaras\/objetivos-y-zooms\/esfericos\/canon-prime-k-35-rehoused-tls\/\",\"url\":\"https:\/\/rental.servicevision.es\/es\/producto\/camaras\/objetivos-y-zooms\/esfericos\/canon-prime-k-35-rehoused-tls\/\",\"name\":\"C\u00e1maras Canon Prime K-35 Rehoused TLS - ServiceVision Alquiler\",\"isPartOf\":{\"@id\":\"https:\/\/rental.servicevision.es\/es\/#website\"},\"primaryImageOfPage\":{\"@id\":\"https:\/\/rental.servicevision.es\/es\/producto\/camaras\/objetivos-y-zooms\/esfericos\/canon-prime-k-35-rehoused-tls\/#primaryimage\"},\"image\":{\"@id\":\"https:\/\/rental.servicevision.es\/es\/producto\/camaras\/objetivos-y-zooms\/esfericos\/canon-prime-k-35-rehoused-tls\/#primaryimage\"},\"thumbnailUrl\":\"https:\/\/rental.servicevision.es\/wp-content\/uploads\/2019\/05\/Canon-K-35-1.jpg\",\"datePublished\":\"2019-05-21T22:26:10+00:00\",\"dateModified\":\"2026-03-26T21:05:28+00:00\",\"description\":\"Alquiler de C\u00e1maras - objetivos y zooms esf\u00e9ricos: Canon Prime K-35 Rehoused TLS. Consultas y soporte t\u00e9cnico en Servicevision, fabricaci\u00f3n y alquiler de equipos para rodajes cinematogr\u00e1ficos.\",\"breadcrumb\":{\"@id\":\"https:\/\/rental.servicevision.es\/es\/producto\/camaras\/objetivos-y-zooms\/esfericos\/canon-prime-k-35-rehoused-tls\/#breadcrumb\"},\"inLanguage\":\"es\",\"potentialAction\":[{\"@type\":\"ReadAction\",\"target\":[\"https:\/\/rental.servicevision.es\/es\/producto\/camaras\/objetivos-y-zooms\/esfericos\/canon-prime-k-35-rehoused-tls\/\"]}]},{\"@type\":\"ImageObject\",\"inLanguage\":\"es\",\"@id\":\"https:\/\/rental.servicevision.es\/es\/producto\/camaras\/objetivos-y-zooms\/esfericos\/canon-prime-k-35-rehoused-tls\/#primaryimage\",\"url\":\"https:\/\/rental.servicevision.es\/wp-content\/uploads\/2019\/05\/Canon-K-35-1.jpg\",\"contentUrl\":\"https:\/\/rental.servicevision.es\/wp-content\/uploads\/2019\/05\/Canon-K-35-1.jpg\",\"width\":2142,\"height\":1346},{\"@type\":\"BreadcrumbList\",\"@id\":\"https:\/\/rental.servicevision.es\/es\/producto\/camaras\/objetivos-y-zooms\/esfericos\/canon-prime-k-35-rehoused-tls\/#breadcrumb\",\"itemListElement\":[{\"@type\":\"ListItem\",\"position\":1,\"name\":\"Portada\",\"item\":\"https:\/\/rental.servicevision.es\/es\/\"},{\"@type\":\"ListItem\",\"position\":2,\"name\":\"Alquiler\",\"item\":\"https:\/\/rental.servicevision.es\/es\/alquiler-3\/\"},{\"@type\":\"ListItem\",\"position\":3,\"name\":\"Canon K-35 Rehoused by TLS\"}]},{\"@type\":\"WebSite\",\"@id\":\"https:\/\/rental.servicevision.es\/es\/#website\",\"url\":\"https:\/\/rental.servicevision.es\/es\/\",\"name\":\"ServiceVision Alquiler\",\"description\":\"Fabricaci\u00f3n y alquiler de equipos para rodajes cinematogr\u00e1ficos\",\"potentialAction\":[{\"@type\":\"SearchAction\",\"target\":{\"@type\":\"EntryPoint\",\"urlTemplate\":\"https:\/\/rental.servicevision.es\/es\/?s={search_term_string}\"},\"query-input\":{\"@type\":\"PropertyValueSpecification\",\"valueRequired\":true,\"valueName\":\"search_term_string\"}}],\"inLanguage\":\"es\"}]}<\/script>\n<!-- \/ Yoast SEO plugin. -->","yoast_head_json":{"title":"C\u00e1maras Canon Prime K-35 Rehoused TLS - ServiceVision Alquiler","description":"Alquiler de C\u00e1maras - objetivos y zooms esf\u00e9ricos: Canon Prime K-35 Rehoused TLS. Consultas y soporte t\u00e9cnico en Servicevision, fabricaci\u00f3n y alquiler de equipos para rodajes cinematogr\u00e1ficos.","robots":{"index":"index","follow":"follow","max-snippet":"max-snippet:-1","max-image-preview":"max-image-preview:large","max-video-preview":"max-video-preview:-1"},"canonical":"https:\/\/rental.servicevision.es\/es\/producto\/camaras\/objetivos-y-zooms\/esfericos\/canon-prime-k-35-rehoused-tls\/","og_locale":"es_ES","og_type":"article","og_title":"C\u00e1maras Canon Prime K-35 Rehoused TLS - ServiceVision Alquiler","og_description":"Alquiler de C\u00e1maras - objetivos y zooms esf\u00e9ricos: Canon Prime K-35 Rehoused TLS. Consultas y soporte t\u00e9cnico en Servicevision, fabricaci\u00f3n y alquiler de equipos para rodajes cinematogr\u00e1ficos.","og_url":"https:\/\/rental.servicevision.es\/es\/producto\/camaras\/objetivos-y-zooms\/esfericos\/canon-prime-k-35-rehoused-tls\/","og_site_name":"ServiceVision Alquiler","article_modified_time":"2026-03-26T21:05:28+00:00","og_image":[{"width":2142,"height":1346,"url":"https:\/\/rental.servicevision.es\/wp-content\/uploads\/2019\/05\/Canon-K-35-1.jpg","type":"image\/jpeg"}],"twitter_card":"summary_large_image","schema":{"@context":"https:\/\/schema.org","@graph":[{"@type":"WebPage","@id":"https:\/\/rental.servicevision.es\/es\/producto\/camaras\/objetivos-y-zooms\/esfericos\/canon-prime-k-35-rehoused-tls\/","url":"https:\/\/rental.servicevision.es\/es\/producto\/camaras\/objetivos-y-zooms\/esfericos\/canon-prime-k-35-rehoused-tls\/","name":"C\u00e1maras Canon Prime K-35 Rehoused TLS - ServiceVision Alquiler","isPartOf":{"@id":"https:\/\/rental.servicevision.es\/es\/#website"},"primaryImageOfPage":{"@id":"https:\/\/rental.servicevision.es\/es\/producto\/camaras\/objetivos-y-zooms\/esfericos\/canon-prime-k-35-rehoused-tls\/#primaryimage"},"image":{"@id":"https:\/\/rental.servicevision.es\/es\/producto\/camaras\/objetivos-y-zooms\/esfericos\/canon-prime-k-35-rehoused-tls\/#primaryimage"},"thumbnailUrl":"https:\/\/rental.servicevision.es\/wp-content\/uploads\/2019\/05\/Canon-K-35-1.jpg","datePublished":"2019-05-21T22:26:10+00:00","dateModified":"2026-03-26T21:05:28+00:00","description":"Alquiler de C\u00e1maras - objetivos y zooms esf\u00e9ricos: Canon Prime K-35 Rehoused TLS. Consultas y soporte t\u00e9cnico en Servicevision, fabricaci\u00f3n y alquiler de equipos para rodajes cinematogr\u00e1ficos.","breadcrumb":{"@id":"https:\/\/rental.servicevision.es\/es\/producto\/camaras\/objetivos-y-zooms\/esfericos\/canon-prime-k-35-rehoused-tls\/#breadcrumb"},"inLanguage":"es","potentialAction":[{"@type":"ReadAction","target":["https:\/\/rental.servicevision.es\/es\/producto\/camaras\/objetivos-y-zooms\/esfericos\/canon-prime-k-35-rehoused-tls\/"]}]},{"@type":"ImageObject","inLanguage":"es","@id":"https:\/\/rental.servicevision.es\/es\/producto\/camaras\/objetivos-y-zooms\/esfericos\/canon-prime-k-35-rehoused-tls\/#primaryimage","url":"https:\/\/rental.servicevision.es\/wp-content\/uploads\/2019\/05\/Canon-K-35-1.jpg","contentUrl":"https:\/\/rental.servicevision.es\/wp-content\/uploads\/2019\/05\/Canon-K-35-1.jpg","width":2142,"height":1346},{"@type":"BreadcrumbList","@id":"https:\/\/rental.servicevision.es\/es\/producto\/camaras\/objetivos-y-zooms\/esfericos\/canon-prime-k-35-rehoused-tls\/#breadcrumb","itemListElement":[{"@type":"ListItem","position":1,"name":"Portada","item":"https:\/\/rental.servicevision.es\/es\/"},{"@type":"ListItem","position":2,"name":"Alquiler","item":"https:\/\/rental.servicevision.es\/es\/alquiler-3\/"},{"@type":"ListItem","position":3,"name":"Canon K-35 Rehoused by TLS"}]},{"@type":"WebSite","@id":"https:\/\/rental.servicevision.es\/es\/#website","url":"https:\/\/rental.servicevision.es\/es\/","name":"ServiceVision Alquiler","description":"Fabricaci\u00f3n y alquiler de equipos para rodajes cinematogr\u00e1ficos","potentialAction":[{"@type":"SearchAction","target":{"@type":"EntryPoint","urlTemplate":"https:\/\/rental.servicevision.es\/es\/?s={search_term_string}"},"query-input":{"@type":"PropertyValueSpecification","valueRequired":true,"valueName":"search_term_string"}}],"inLanguage":"es"}]}},"_links":{"self":[{"href":"https:\/\/rental.servicevision.es\/es\/wp-json\/wp\/v2\/product\/1549","targetHints":{"allow":["GET"]}}],"collection":[{"href":"https:\/\/rental.servicevision.es\/es\/wp-json\/wp\/v2\/product"}],"about":[{"href":"https:\/\/rental.servicevision.es\/es\/wp-json\/wp\/v2\/types\/product"}],"wp:featuredmedia":[{"embeddable":true,"href":"https:\/\/rental.servicevision.es\/es\/wp-json\/wp\/v2\/media\/9381"}],"wp:attachment":[{"href":"https:\/\/rental.servicevision.es\/es\/wp-json\/wp\/v2\/media?parent=1549"}],"wp:term":[{"taxonomy":"product_cat","embeddable":true,"href":"https:\/\/rental.servicevision.es\/es\/wp-json\/wp\/v2\/product_cat?post=1549"},{"taxonomy":"product_tag","embeddable":true,"href":"https:\/\/rental.servicevision.es\/es\/wp-json\/wp\/v2\/product_tag?post=1549"}],"curies":[{"name":"wp","href":"https:\/\/api.w.org\/{rel}","templated":true}]}}