{"id":1529,"date":"2019-05-21T21:09:48","date_gmt":"2019-05-21T21:09:48","guid":{"rendered":"http:\/\/servicevisionalq.bcntic.com\/?post_type=product&#038;p=1529"},"modified":"2024-10-04T09:13:38","modified_gmt":"2024-10-04T08:13:38","slug":"12-mm-laowa-zero-d-cine","status":"publish","type":"product","link":"https:\/\/rental.servicevision.es\/es\/producto\/camaras\/objetivos-y-zooms\/objetivos-y-juegos-pl-full-frame\/12-mm-laowa-zero-d-cine\/","title":{"rendered":"12 mm LAOWA ZERO-D Cine"},"content":{"rendered":"","protected":false},"excerpt":{"rendered":"","protected":false},"featured_media":9452,"template":"","meta":{"ngg_post_thumbnail":0},"product_cat":[15,62,22],"product_tag":[],"class_list":{"0":"post-1529","1":"product","2":"type-product","3":"status-publish","4":"has-post-thumbnail","6":"product_cat-camaras","7":"product_cat-objetivos-y-juegos-pl-full-frame","8":"product_cat-objetivos-y-zooms","10":"first","11":"instock","12":"virtual","13":"taxable","14":"product-type-simple","15":"col-xs-6 col-sm-4","16":"col-md-3 col-lg-3","17":"un-4-cols"},"yoast_head":"<!-- This site is optimized with the Yoast SEO plugin v27.1.1 - https:\/\/yoast.com\/product\/yoast-seo-wordpress\/ -->\n<title>C\u00e1maras 12 mm T2.9 GLO Compact Wide Angle Lens - ServiceVision Alquiler<\/title>\n<meta name=\"description\" content=\"Alquiler de C\u00e1maras - objetivos y juegos PL Full Frame: 12 mm T2.9 GLO Compact Wide Angle Lens. Consultas y soporte t\u00e9cnico en Servicevision, fabricaci\u00f3n y alquiler de equipos para rodajes cinematogr\u00e1ficos.\" \/>\n<meta name=\"robots\" content=\"index, follow, max-snippet:-1, max-image-preview:large, max-video-preview:-1\" \/>\n<link rel=\"canonical\" href=\"https:\/\/rental.servicevision.es\/es\/producto\/camaras\/objetivos-y-zooms\/objetivos-y-juegos-pl-full-frame\/12-mm-laowa-zero-d-cine\/\" \/>\n<meta property=\"og:locale\" content=\"es_ES\" \/>\n<meta property=\"og:type\" content=\"article\" \/>\n<meta property=\"og:title\" content=\"C\u00e1maras 12 mm T2.9 GLO Compact Wide Angle Lens - ServiceVision Alquiler\" \/>\n<meta property=\"og:description\" content=\"Alquiler de C\u00e1maras - objetivos y juegos PL Full Frame: 12 mm T2.9 GLO Compact Wide Angle Lens. Consultas y soporte t\u00e9cnico en Servicevision, fabricaci\u00f3n y alquiler de equipos para rodajes cinematogr\u00e1ficos.\" \/>\n<meta property=\"og:url\" content=\"https:\/\/rental.servicevision.es\/es\/producto\/camaras\/objetivos-y-zooms\/objetivos-y-juegos-pl-full-frame\/12-mm-laowa-zero-d-cine\/\" \/>\n<meta property=\"og:site_name\" content=\"ServiceVision Alquiler\" \/>\n<meta property=\"article:modified_time\" content=\"2024-10-04T08:13:38+00:00\" \/>\n<meta property=\"og:image\" content=\"https:\/\/rental.servicevision.es\/wp-content\/uploads\/2019\/05\/12Laowa_SinFondo_WebOk.jpg\" \/>\n\t<meta property=\"og:image:width\" content=\"2500\" \/>\n\t<meta property=\"og:image:height\" content=\"2373\" \/>\n\t<meta property=\"og:image:type\" content=\"image\/jpeg\" \/>\n<meta name=\"twitter:card\" content=\"summary_large_image\" \/>\n<script type=\"application\/ld+json\" class=\"yoast-schema-graph\">{\"@context\":\"https:\/\/schema.org\",\"@graph\":[{\"@type\":\"WebPage\",\"@id\":\"https:\/\/rental.servicevision.es\/es\/producto\/camaras\/objetivos-y-zooms\/objetivos-y-juegos-pl-full-frame\/12-mm-laowa-zero-d-cine\/\",\"url\":\"https:\/\/rental.servicevision.es\/es\/producto\/camaras\/objetivos-y-zooms\/objetivos-y-juegos-pl-full-frame\/12-mm-laowa-zero-d-cine\/\",\"name\":\"C\u00e1maras 12 mm T2.9 GLO Compact Wide Angle Lens - ServiceVision Alquiler\",\"isPartOf\":{\"@id\":\"https:\/\/rental.servicevision.es\/es\/#website\"},\"primaryImageOfPage\":{\"@id\":\"https:\/\/rental.servicevision.es\/es\/producto\/camaras\/objetivos-y-zooms\/objetivos-y-juegos-pl-full-frame\/12-mm-laowa-zero-d-cine\/#primaryimage\"},\"image\":{\"@id\":\"https:\/\/rental.servicevision.es\/es\/producto\/camaras\/objetivos-y-zooms\/objetivos-y-juegos-pl-full-frame\/12-mm-laowa-zero-d-cine\/#primaryimage\"},\"thumbnailUrl\":\"https:\/\/rental.servicevision.es\/wp-content\/uploads\/2019\/05\/12Laowa_SinFondo_WebOk.jpg\",\"datePublished\":\"2019-05-21T21:09:48+00:00\",\"dateModified\":\"2024-10-04T08:13:38+00:00\",\"description\":\"Alquiler de C\u00e1maras - objetivos y juegos PL Full Frame: 12 mm T2.9 GLO Compact Wide Angle Lens. Consultas y soporte t\u00e9cnico en Servicevision, fabricaci\u00f3n y alquiler de equipos para rodajes cinematogr\u00e1ficos.\",\"breadcrumb\":{\"@id\":\"https:\/\/rental.servicevision.es\/es\/producto\/camaras\/objetivos-y-zooms\/objetivos-y-juegos-pl-full-frame\/12-mm-laowa-zero-d-cine\/#breadcrumb\"},\"inLanguage\":\"es\",\"potentialAction\":[{\"@type\":\"ReadAction\",\"target\":[\"https:\/\/rental.servicevision.es\/es\/producto\/camaras\/objetivos-y-zooms\/objetivos-y-juegos-pl-full-frame\/12-mm-laowa-zero-d-cine\/\"]}]},{\"@type\":\"ImageObject\",\"inLanguage\":\"es\",\"@id\":\"https:\/\/rental.servicevision.es\/es\/producto\/camaras\/objetivos-y-zooms\/objetivos-y-juegos-pl-full-frame\/12-mm-laowa-zero-d-cine\/#primaryimage\",\"url\":\"https:\/\/rental.servicevision.es\/wp-content\/uploads\/2019\/05\/12Laowa_SinFondo_WebOk.jpg\",\"contentUrl\":\"https:\/\/rental.servicevision.es\/wp-content\/uploads\/2019\/05\/12Laowa_SinFondo_WebOk.jpg\",\"width\":2500,\"height\":2373},{\"@type\":\"BreadcrumbList\",\"@id\":\"https:\/\/rental.servicevision.es\/es\/producto\/camaras\/objetivos-y-zooms\/objetivos-y-juegos-pl-full-frame\/12-mm-laowa-zero-d-cine\/#breadcrumb\",\"itemListElement\":[{\"@type\":\"ListItem\",\"position\":1,\"name\":\"Portada\",\"item\":\"https:\/\/rental.servicevision.es\/es\/\"},{\"@type\":\"ListItem\",\"position\":2,\"name\":\"Alquiler\",\"item\":\"https:\/\/rental.servicevision.es\/es\/alquiler-3\/\"},{\"@type\":\"ListItem\",\"position\":3,\"name\":\"12 mm LAOWA ZERO-D Cine\"}]},{\"@type\":\"WebSite\",\"@id\":\"https:\/\/rental.servicevision.es\/es\/#website\",\"url\":\"https:\/\/rental.servicevision.es\/es\/\",\"name\":\"ServiceVision Alquiler\",\"description\":\"Fabricaci\u00f3n y alquiler de equipos para rodajes cinematogr\u00e1ficos\",\"potentialAction\":[{\"@type\":\"SearchAction\",\"target\":{\"@type\":\"EntryPoint\",\"urlTemplate\":\"https:\/\/rental.servicevision.es\/es\/?s={search_term_string}\"},\"query-input\":{\"@type\":\"PropertyValueSpecification\",\"valueRequired\":true,\"valueName\":\"search_term_string\"}}],\"inLanguage\":\"es\"}]}<\/script>\n<!-- \/ Yoast SEO plugin. -->","yoast_head_json":{"title":"C\u00e1maras 12 mm T2.9 GLO Compact Wide Angle Lens - ServiceVision Alquiler","description":"Alquiler de C\u00e1maras - objetivos y juegos PL Full Frame: 12 mm T2.9 GLO Compact Wide Angle Lens. Consultas y soporte t\u00e9cnico en Servicevision, fabricaci\u00f3n y alquiler de equipos para rodajes cinematogr\u00e1ficos.","robots":{"index":"index","follow":"follow","max-snippet":"max-snippet:-1","max-image-preview":"max-image-preview:large","max-video-preview":"max-video-preview:-1"},"canonical":"https:\/\/rental.servicevision.es\/es\/producto\/camaras\/objetivos-y-zooms\/objetivos-y-juegos-pl-full-frame\/12-mm-laowa-zero-d-cine\/","og_locale":"es_ES","og_type":"article","og_title":"C\u00e1maras 12 mm T2.9 GLO Compact Wide Angle Lens - ServiceVision Alquiler","og_description":"Alquiler de C\u00e1maras - objetivos y juegos PL Full Frame: 12 mm T2.9 GLO Compact Wide Angle Lens. Consultas y soporte t\u00e9cnico en Servicevision, fabricaci\u00f3n y alquiler de equipos para rodajes cinematogr\u00e1ficos.","og_url":"https:\/\/rental.servicevision.es\/es\/producto\/camaras\/objetivos-y-zooms\/objetivos-y-juegos-pl-full-frame\/12-mm-laowa-zero-d-cine\/","og_site_name":"ServiceVision Alquiler","article_modified_time":"2024-10-04T08:13:38+00:00","og_image":[{"width":2500,"height":2373,"url":"https:\/\/rental.servicevision.es\/wp-content\/uploads\/2019\/05\/12Laowa_SinFondo_WebOk.jpg","type":"image\/jpeg"}],"twitter_card":"summary_large_image","schema":{"@context":"https:\/\/schema.org","@graph":[{"@type":"WebPage","@id":"https:\/\/rental.servicevision.es\/es\/producto\/camaras\/objetivos-y-zooms\/objetivos-y-juegos-pl-full-frame\/12-mm-laowa-zero-d-cine\/","url":"https:\/\/rental.servicevision.es\/es\/producto\/camaras\/objetivos-y-zooms\/objetivos-y-juegos-pl-full-frame\/12-mm-laowa-zero-d-cine\/","name":"C\u00e1maras 12 mm T2.9 GLO Compact Wide Angle Lens - ServiceVision Alquiler","isPartOf":{"@id":"https:\/\/rental.servicevision.es\/es\/#website"},"primaryImageOfPage":{"@id":"https:\/\/rental.servicevision.es\/es\/producto\/camaras\/objetivos-y-zooms\/objetivos-y-juegos-pl-full-frame\/12-mm-laowa-zero-d-cine\/#primaryimage"},"image":{"@id":"https:\/\/rental.servicevision.es\/es\/producto\/camaras\/objetivos-y-zooms\/objetivos-y-juegos-pl-full-frame\/12-mm-laowa-zero-d-cine\/#primaryimage"},"thumbnailUrl":"https:\/\/rental.servicevision.es\/wp-content\/uploads\/2019\/05\/12Laowa_SinFondo_WebOk.jpg","datePublished":"2019-05-21T21:09:48+00:00","dateModified":"2024-10-04T08:13:38+00:00","description":"Alquiler de C\u00e1maras - objetivos y juegos PL Full Frame: 12 mm T2.9 GLO Compact Wide Angle Lens. Consultas y soporte t\u00e9cnico en Servicevision, fabricaci\u00f3n y alquiler de equipos para rodajes cinematogr\u00e1ficos.","breadcrumb":{"@id":"https:\/\/rental.servicevision.es\/es\/producto\/camaras\/objetivos-y-zooms\/objetivos-y-juegos-pl-full-frame\/12-mm-laowa-zero-d-cine\/#breadcrumb"},"inLanguage":"es","potentialAction":[{"@type":"ReadAction","target":["https:\/\/rental.servicevision.es\/es\/producto\/camaras\/objetivos-y-zooms\/objetivos-y-juegos-pl-full-frame\/12-mm-laowa-zero-d-cine\/"]}]},{"@type":"ImageObject","inLanguage":"es","@id":"https:\/\/rental.servicevision.es\/es\/producto\/camaras\/objetivos-y-zooms\/objetivos-y-juegos-pl-full-frame\/12-mm-laowa-zero-d-cine\/#primaryimage","url":"https:\/\/rental.servicevision.es\/wp-content\/uploads\/2019\/05\/12Laowa_SinFondo_WebOk.jpg","contentUrl":"https:\/\/rental.servicevision.es\/wp-content\/uploads\/2019\/05\/12Laowa_SinFondo_WebOk.jpg","width":2500,"height":2373},{"@type":"BreadcrumbList","@id":"https:\/\/rental.servicevision.es\/es\/producto\/camaras\/objetivos-y-zooms\/objetivos-y-juegos-pl-full-frame\/12-mm-laowa-zero-d-cine\/#breadcrumb","itemListElement":[{"@type":"ListItem","position":1,"name":"Portada","item":"https:\/\/rental.servicevision.es\/es\/"},{"@type":"ListItem","position":2,"name":"Alquiler","item":"https:\/\/rental.servicevision.es\/es\/alquiler-3\/"},{"@type":"ListItem","position":3,"name":"12 mm LAOWA ZERO-D Cine"}]},{"@type":"WebSite","@id":"https:\/\/rental.servicevision.es\/es\/#website","url":"https:\/\/rental.servicevision.es\/es\/","name":"ServiceVision Alquiler","description":"Fabricaci\u00f3n y alquiler de equipos para rodajes cinematogr\u00e1ficos","potentialAction":[{"@type":"SearchAction","target":{"@type":"EntryPoint","urlTemplate":"https:\/\/rental.servicevision.es\/es\/?s={search_term_string}"},"query-input":{"@type":"PropertyValueSpecification","valueRequired":true,"valueName":"search_term_string"}}],"inLanguage":"es"}]}},"_links":{"self":[{"href":"https:\/\/rental.servicevision.es\/es\/wp-json\/wp\/v2\/product\/1529","targetHints":{"allow":["GET"]}}],"collection":[{"href":"https:\/\/rental.servicevision.es\/es\/wp-json\/wp\/v2\/product"}],"about":[{"href":"https:\/\/rental.servicevision.es\/es\/wp-json\/wp\/v2\/types\/product"}],"wp:featuredmedia":[{"embeddable":true,"href":"https:\/\/rental.servicevision.es\/es\/wp-json\/wp\/v2\/media\/9452"}],"wp:attachment":[{"href":"https:\/\/rental.servicevision.es\/es\/wp-json\/wp\/v2\/media?parent=1529"}],"wp:term":[{"taxonomy":"product_cat","embeddable":true,"href":"https:\/\/rental.servicevision.es\/es\/wp-json\/wp\/v2\/product_cat?post=1529"},{"taxonomy":"product_tag","embeddable":true,"href":"https:\/\/rental.servicevision.es\/es\/wp-json\/wp\/v2\/product_tag?post=1529"}],"curies":[{"name":"wp","href":"https:\/\/api.w.org\/{rel}","templated":true}]}}