{"id":1371,"date":"2019-05-09T10:25:52","date_gmt":"2019-05-09T10:25:52","guid":{"rendered":"http:\/\/servicevisionalq.bcntic.com\/?post_type=product&#038;p=1371"},"modified":"2021-02-03T09:49:18","modified_gmt":"2021-02-03T09:49:18","slug":"vista-beam-600","status":"publish","type":"product","link":"https:\/\/rental.servicevision.es\/es\/producto\/luces\/fluorescencia\/kinoflo-system\/vista-beam-600\/","title":{"rendered":"VISTA BEAM 600"},"content":{"rendered":"<p>Conector: Schuco Med.(mm): 955(AN)x215(AL)x915(LA), 6xK32 + 6xK55, Peso 21Kg, 860mm, 7 x Tubos K55 Twin 860mm, Spigot 2, Egg Crate: 45\u00ba, 60\u00ba,90\u00ba, Portagelatina, EB Incorporado, Dimmer y Conector: 230V Schuco, Consumo: 4,6 Amp. Accesorios: 1 x K29 Twin 860mm, 1 x K32 Twin 860mm, Caja de Transporte 1 Unidad: Med. (mm) 1112x1050x395, Peso Caja + 1 x Vista Beam 600: 63kg.<\/p>\n","protected":false},"excerpt":{"rendered":"<p>Conector: Schuco Med.(mm): 955(AN)x215(AL)x915(LA), 6xK32 + 6xK55, Peso 21Kg, 860mm, 7 x Tubos K55 Twin 860mm, Spigot 2, Egg Crate: 45\u00ba, 60\u00ba,90\u00ba, Portagelatina, EB Incorporado, Dimmer y Conector: 230V Schuco, Consumo: 4,6 Amp. Accesorios: 1 x K29 Twin 860mm, 1 x K32 Twin 860mm, Caja de Transporte 1 Unidad: Med. (mm) 1112x1050x395, Peso Caja +&hellip;<\/p>\n","protected":false},"featured_media":1430,"template":"","meta":{"ngg_post_thumbnail":0},"product_cat":[27,120,17],"product_tag":[],"class_list":{"0":"post-1371","1":"product","2":"type-product","3":"status-publish","4":"has-post-thumbnail","6":"product_cat-fluorescencia","7":"product_cat-kinoflo-system","8":"product_cat-luces","10":"first","11":"instock","12":"virtual","13":"taxable","14":"product-type-simple","15":"col-xs-6 col-sm-4","16":"col-md-3 col-lg-3","17":"un-4-cols"},"yoast_head":"<!-- This site is optimized with the Yoast SEO plugin v27.1.1 - https:\/\/yoast.com\/product\/yoast-seo-wordpress\/ -->\n<title>Luces fluorescencia - Alquiler de VISTA BEAM 600 - ServiceVision Alquiler<\/title>\n<meta name=\"description\" content=\"Alquiler de Luces fluorescencia - Kinoflo system: VISTA BEAM 600. Consultas y soporte t\u00e9cnico en Servicevision, fabricaci\u00f3n y alquiler de equipos para rodajes cinematogr\u00e1ficos.\" \/>\n<meta name=\"robots\" content=\"index, follow, max-snippet:-1, max-image-preview:large, max-video-preview:-1\" \/>\n<link rel=\"canonical\" href=\"https:\/\/rental.servicevision.es\/es\/producto\/luces\/fluorescencia\/kinoflo-system\/vista-beam-600\/\" \/>\n<meta property=\"og:locale\" content=\"es_ES\" \/>\n<meta property=\"og:type\" content=\"article\" \/>\n<meta property=\"og:title\" content=\"Luces fluorescencia - Alquiler de VISTA BEAM 600 - ServiceVision Alquiler\" \/>\n<meta property=\"og:description\" content=\"Alquiler de Luces fluorescencia - Kinoflo system: VISTA BEAM 600. Consultas y soporte t\u00e9cnico en Servicevision, fabricaci\u00f3n y alquiler de equipos para rodajes cinematogr\u00e1ficos.\" \/>\n<meta property=\"og:url\" content=\"https:\/\/rental.servicevision.es\/es\/producto\/luces\/fluorescencia\/kinoflo-system\/vista-beam-600\/\" \/>\n<meta property=\"og:site_name\" content=\"ServiceVision Alquiler\" \/>\n<meta property=\"article:modified_time\" content=\"2021-02-03T09:49:18+00:00\" \/>\n<meta property=\"og:image\" content=\"https:\/\/rental.servicevision.es\/wp-content\/uploads\/2019\/05\/vista_beam.jpg\" \/>\n\t<meta property=\"og:image:width\" content=\"1200\" \/>\n\t<meta property=\"og:image:height\" content=\"1200\" \/>\n\t<meta property=\"og:image:type\" content=\"image\/jpeg\" \/>\n<meta name=\"twitter:card\" content=\"summary_large_image\" \/>\n<script type=\"application\/ld+json\" class=\"yoast-schema-graph\">{\"@context\":\"https:\/\/schema.org\",\"@graph\":[{\"@type\":\"WebPage\",\"@id\":\"https:\/\/rental.servicevision.es\/es\/producto\/luces\/fluorescencia\/kinoflo-system\/vista-beam-600\/\",\"url\":\"https:\/\/rental.servicevision.es\/es\/producto\/luces\/fluorescencia\/kinoflo-system\/vista-beam-600\/\",\"name\":\"Luces fluorescencia - Alquiler de VISTA BEAM 600 - ServiceVision Alquiler\",\"isPartOf\":{\"@id\":\"https:\/\/rental.servicevision.es\/es\/#website\"},\"primaryImageOfPage\":{\"@id\":\"https:\/\/rental.servicevision.es\/es\/producto\/luces\/fluorescencia\/kinoflo-system\/vista-beam-600\/#primaryimage\"},\"image\":{\"@id\":\"https:\/\/rental.servicevision.es\/es\/producto\/luces\/fluorescencia\/kinoflo-system\/vista-beam-600\/#primaryimage\"},\"thumbnailUrl\":\"https:\/\/rental.servicevision.es\/wp-content\/uploads\/2019\/05\/vista_beam.jpg\",\"datePublished\":\"2019-05-09T10:25:52+00:00\",\"dateModified\":\"2021-02-03T09:49:18+00:00\",\"description\":\"Alquiler de Luces fluorescencia - Kinoflo system: VISTA BEAM 600. Consultas y soporte t\u00e9cnico en Servicevision, fabricaci\u00f3n y alquiler de equipos para rodajes cinematogr\u00e1ficos.\",\"breadcrumb\":{\"@id\":\"https:\/\/rental.servicevision.es\/es\/producto\/luces\/fluorescencia\/kinoflo-system\/vista-beam-600\/#breadcrumb\"},\"inLanguage\":\"es\",\"potentialAction\":[{\"@type\":\"ReadAction\",\"target\":[\"https:\/\/rental.servicevision.es\/es\/producto\/luces\/fluorescencia\/kinoflo-system\/vista-beam-600\/\"]}]},{\"@type\":\"ImageObject\",\"inLanguage\":\"es\",\"@id\":\"https:\/\/rental.servicevision.es\/es\/producto\/luces\/fluorescencia\/kinoflo-system\/vista-beam-600\/#primaryimage\",\"url\":\"https:\/\/rental.servicevision.es\/wp-content\/uploads\/2019\/05\/vista_beam.jpg\",\"contentUrl\":\"https:\/\/rental.servicevision.es\/wp-content\/uploads\/2019\/05\/vista_beam.jpg\",\"width\":1200,\"height\":1200},{\"@type\":\"BreadcrumbList\",\"@id\":\"https:\/\/rental.servicevision.es\/es\/producto\/luces\/fluorescencia\/kinoflo-system\/vista-beam-600\/#breadcrumb\",\"itemListElement\":[{\"@type\":\"ListItem\",\"position\":1,\"name\":\"Portada\",\"item\":\"https:\/\/rental.servicevision.es\/es\/\"},{\"@type\":\"ListItem\",\"position\":2,\"name\":\"Alquiler\",\"item\":\"https:\/\/rental.servicevision.es\/es\/alquiler-3\/\"},{\"@type\":\"ListItem\",\"position\":3,\"name\":\"VISTA BEAM 600\"}]},{\"@type\":\"WebSite\",\"@id\":\"https:\/\/rental.servicevision.es\/es\/#website\",\"url\":\"https:\/\/rental.servicevision.es\/es\/\",\"name\":\"ServiceVision Alquiler\",\"description\":\"Fabricaci\u00f3n y alquiler de equipos para rodajes cinematogr\u00e1ficos\",\"potentialAction\":[{\"@type\":\"SearchAction\",\"target\":{\"@type\":\"EntryPoint\",\"urlTemplate\":\"https:\/\/rental.servicevision.es\/es\/?s={search_term_string}\"},\"query-input\":{\"@type\":\"PropertyValueSpecification\",\"valueRequired\":true,\"valueName\":\"search_term_string\"}}],\"inLanguage\":\"es\"}]}<\/script>\n<!-- \/ Yoast SEO plugin. -->","yoast_head_json":{"title":"Luces fluorescencia - Alquiler de VISTA BEAM 600 - ServiceVision Alquiler","description":"Alquiler de Luces fluorescencia - Kinoflo system: VISTA BEAM 600. Consultas y soporte t\u00e9cnico en Servicevision, fabricaci\u00f3n y alquiler de equipos para rodajes cinematogr\u00e1ficos.","robots":{"index":"index","follow":"follow","max-snippet":"max-snippet:-1","max-image-preview":"max-image-preview:large","max-video-preview":"max-video-preview:-1"},"canonical":"https:\/\/rental.servicevision.es\/es\/producto\/luces\/fluorescencia\/kinoflo-system\/vista-beam-600\/","og_locale":"es_ES","og_type":"article","og_title":"Luces fluorescencia - Alquiler de VISTA BEAM 600 - ServiceVision Alquiler","og_description":"Alquiler de Luces fluorescencia - Kinoflo system: VISTA BEAM 600. Consultas y soporte t\u00e9cnico en Servicevision, fabricaci\u00f3n y alquiler de equipos para rodajes cinematogr\u00e1ficos.","og_url":"https:\/\/rental.servicevision.es\/es\/producto\/luces\/fluorescencia\/kinoflo-system\/vista-beam-600\/","og_site_name":"ServiceVision Alquiler","article_modified_time":"2021-02-03T09:49:18+00:00","og_image":[{"width":1200,"height":1200,"url":"https:\/\/rental.servicevision.es\/wp-content\/uploads\/2019\/05\/vista_beam.jpg","type":"image\/jpeg"}],"twitter_card":"summary_large_image","schema":{"@context":"https:\/\/schema.org","@graph":[{"@type":"WebPage","@id":"https:\/\/rental.servicevision.es\/es\/producto\/luces\/fluorescencia\/kinoflo-system\/vista-beam-600\/","url":"https:\/\/rental.servicevision.es\/es\/producto\/luces\/fluorescencia\/kinoflo-system\/vista-beam-600\/","name":"Luces fluorescencia - Alquiler de VISTA BEAM 600 - ServiceVision Alquiler","isPartOf":{"@id":"https:\/\/rental.servicevision.es\/es\/#website"},"primaryImageOfPage":{"@id":"https:\/\/rental.servicevision.es\/es\/producto\/luces\/fluorescencia\/kinoflo-system\/vista-beam-600\/#primaryimage"},"image":{"@id":"https:\/\/rental.servicevision.es\/es\/producto\/luces\/fluorescencia\/kinoflo-system\/vista-beam-600\/#primaryimage"},"thumbnailUrl":"https:\/\/rental.servicevision.es\/wp-content\/uploads\/2019\/05\/vista_beam.jpg","datePublished":"2019-05-09T10:25:52+00:00","dateModified":"2021-02-03T09:49:18+00:00","description":"Alquiler de Luces fluorescencia - Kinoflo system: VISTA BEAM 600. Consultas y soporte t\u00e9cnico en Servicevision, fabricaci\u00f3n y alquiler de equipos para rodajes cinematogr\u00e1ficos.","breadcrumb":{"@id":"https:\/\/rental.servicevision.es\/es\/producto\/luces\/fluorescencia\/kinoflo-system\/vista-beam-600\/#breadcrumb"},"inLanguage":"es","potentialAction":[{"@type":"ReadAction","target":["https:\/\/rental.servicevision.es\/es\/producto\/luces\/fluorescencia\/kinoflo-system\/vista-beam-600\/"]}]},{"@type":"ImageObject","inLanguage":"es","@id":"https:\/\/rental.servicevision.es\/es\/producto\/luces\/fluorescencia\/kinoflo-system\/vista-beam-600\/#primaryimage","url":"https:\/\/rental.servicevision.es\/wp-content\/uploads\/2019\/05\/vista_beam.jpg","contentUrl":"https:\/\/rental.servicevision.es\/wp-content\/uploads\/2019\/05\/vista_beam.jpg","width":1200,"height":1200},{"@type":"BreadcrumbList","@id":"https:\/\/rental.servicevision.es\/es\/producto\/luces\/fluorescencia\/kinoflo-system\/vista-beam-600\/#breadcrumb","itemListElement":[{"@type":"ListItem","position":1,"name":"Portada","item":"https:\/\/rental.servicevision.es\/es\/"},{"@type":"ListItem","position":2,"name":"Alquiler","item":"https:\/\/rental.servicevision.es\/es\/alquiler-3\/"},{"@type":"ListItem","position":3,"name":"VISTA BEAM 600"}]},{"@type":"WebSite","@id":"https:\/\/rental.servicevision.es\/es\/#website","url":"https:\/\/rental.servicevision.es\/es\/","name":"ServiceVision Alquiler","description":"Fabricaci\u00f3n y alquiler de equipos para rodajes cinematogr\u00e1ficos","potentialAction":[{"@type":"SearchAction","target":{"@type":"EntryPoint","urlTemplate":"https:\/\/rental.servicevision.es\/es\/?s={search_term_string}"},"query-input":{"@type":"PropertyValueSpecification","valueRequired":true,"valueName":"search_term_string"}}],"inLanguage":"es"}]}},"_links":{"self":[{"href":"https:\/\/rental.servicevision.es\/es\/wp-json\/wp\/v2\/product\/1371","targetHints":{"allow":["GET"]}}],"collection":[{"href":"https:\/\/rental.servicevision.es\/es\/wp-json\/wp\/v2\/product"}],"about":[{"href":"https:\/\/rental.servicevision.es\/es\/wp-json\/wp\/v2\/types\/product"}],"wp:featuredmedia":[{"embeddable":true,"href":"https:\/\/rental.servicevision.es\/es\/wp-json\/wp\/v2\/media\/1430"}],"wp:attachment":[{"href":"https:\/\/rental.servicevision.es\/es\/wp-json\/wp\/v2\/media?parent=1371"}],"wp:term":[{"taxonomy":"product_cat","embeddable":true,"href":"https:\/\/rental.servicevision.es\/es\/wp-json\/wp\/v2\/product_cat?post=1371"},{"taxonomy":"product_tag","embeddable":true,"href":"https:\/\/rental.servicevision.es\/es\/wp-json\/wp\/v2\/product_tag?post=1371"}],"curies":[{"name":"wp","href":"https:\/\/api.w.org\/{rel}","templated":true}]}}