{"id":1268,"date":"2019-05-09T06:27:43","date_gmt":"2019-05-09T06:27:43","guid":{"rendered":"http:\/\/servicevisionalq.bcntic.com\/?post_type=product&#038;p=1268"},"modified":"2023-05-18T16:07:48","modified_gmt":"2023-05-18T15:07:48","slug":"plato-4","status":"publish","type":"product","link":"https:\/\/rental.servicevision.es\/es\/producto\/plato\/plato-4\/plato-4\/","title":{"rendered":"PLAT\u00d3 4"},"content":{"rendered":"","protected":false},"excerpt":{"rendered":"<p><strong>Plat\u00f3 de 15 m x 15 m x 9 m <\/strong>(Altura). \u00c1rea del plat\u00f3: 225 m2. Zona mixta de 53 m2 con WIFI. Sala de 6 m\u00b2. Camerino vestuario con dos puestos de maquillaje de 9 m2. 1 aseo con ducha. Ciclorama en forma de \u201cU\u201d de 15 m (frontal) x 6 m (altura); 8 m (izquierda) x 4 m (altura); 15 m (derecha) x 6 m (altura). 6 religas (6 m x 3 m) de luces regulables en altura e inclinaci\u00f3n. Suelo de cemento y ciclorama de pladur. Puerta de plat\u00f3 de 4 m x 4 m (para camiones). Wifi. Fuente de agua.<\/p>\n","protected":false},"featured_media":4670,"template":"","meta":{"ngg_post_thumbnail":0},"product_cat":[44,47],"product_tag":[],"class_list":{"0":"post-1268","1":"product","2":"type-product","3":"status-publish","4":"has-post-thumbnail","6":"product_cat-plato","7":"product_cat-plato-4","9":"first","10":"instock","11":"virtual","12":"taxable","13":"product-type-simple","14":"col-xs-6 col-sm-4","15":"col-md-3 col-lg-3","16":"un-4-cols"},"yoast_head":"<!-- This site is optimized with the Yoast SEO plugin v27.1.1 - https:\/\/yoast.com\/product\/yoast-seo-wordpress\/ -->\n<title>Plat\u00f3 para rodaje - Alquiler de PLAT\u00d3 4 - ServiceVision Alquiler<\/title>\n<meta name=\"description\" content=\"Alquiler de Plat\u00f3 para rodaje - Plat\u00f3 4: PLAT\u00d3 4. Consultas y soporte t\u00e9cnico en Servicevision, fabricaci\u00f3n y alquiler de equipos para rodajes cinematogr\u00e1ficos.\" \/>\n<meta name=\"robots\" content=\"index, follow, max-snippet:-1, max-image-preview:large, max-video-preview:-1\" \/>\n<link rel=\"canonical\" href=\"https:\/\/rental.servicevision.es\/es\/producto\/plato\/plato-4\/plato-4\/\" \/>\n<meta property=\"og:locale\" content=\"es_ES\" \/>\n<meta property=\"og:type\" content=\"article\" \/>\n<meta property=\"og:title\" content=\"Plat\u00f3 para rodaje - Alquiler de PLAT\u00d3 4 - ServiceVision Alquiler\" \/>\n<meta property=\"og:description\" content=\"Alquiler de Plat\u00f3 para rodaje - Plat\u00f3 4: PLAT\u00d3 4. Consultas y soporte t\u00e9cnico en Servicevision, fabricaci\u00f3n y alquiler de equipos para rodajes cinematogr\u00e1ficos.\" \/>\n<meta property=\"og:url\" content=\"https:\/\/rental.servicevision.es\/es\/producto\/plato\/plato-4\/plato-4\/\" \/>\n<meta property=\"og:site_name\" content=\"ServiceVision Alquiler\" \/>\n<meta property=\"article:modified_time\" content=\"2023-05-18T15:07:48+00:00\" \/>\n<meta property=\"og:image\" content=\"https:\/\/rental.servicevision.es\/wp-content\/uploads\/2019\/05\/PRINCIPAL-1.jpg\" \/>\n\t<meta property=\"og:image:width\" content=\"1920\" \/>\n\t<meta property=\"og:image:height\" content=\"1080\" \/>\n\t<meta property=\"og:image:type\" content=\"image\/jpeg\" \/>\n<meta name=\"twitter:card\" content=\"summary_large_image\" \/>\n<script type=\"application\/ld+json\" class=\"yoast-schema-graph\">{\"@context\":\"https:\/\/schema.org\",\"@graph\":[{\"@type\":\"WebPage\",\"@id\":\"https:\/\/rental.servicevision.es\/es\/producto\/plato\/plato-4\/plato-4\/\",\"url\":\"https:\/\/rental.servicevision.es\/es\/producto\/plato\/plato-4\/plato-4\/\",\"name\":\"Plat\u00f3 para rodaje - Alquiler de PLAT\u00d3 4 - ServiceVision Alquiler\",\"isPartOf\":{\"@id\":\"https:\/\/rental.servicevision.es\/es\/#website\"},\"primaryImageOfPage\":{\"@id\":\"https:\/\/rental.servicevision.es\/es\/producto\/plato\/plato-4\/plato-4\/#primaryimage\"},\"image\":{\"@id\":\"https:\/\/rental.servicevision.es\/es\/producto\/plato\/plato-4\/plato-4\/#primaryimage\"},\"thumbnailUrl\":\"https:\/\/rental.servicevision.es\/wp-content\/uploads\/2019\/05\/PRINCIPAL-1.jpg\",\"datePublished\":\"2019-05-09T06:27:43+00:00\",\"dateModified\":\"2023-05-18T15:07:48+00:00\",\"description\":\"Alquiler de Plat\u00f3 para rodaje - Plat\u00f3 4: PLAT\u00d3 4. Consultas y soporte t\u00e9cnico en Servicevision, fabricaci\u00f3n y alquiler de equipos para rodajes cinematogr\u00e1ficos.\",\"breadcrumb\":{\"@id\":\"https:\/\/rental.servicevision.es\/es\/producto\/plato\/plato-4\/plato-4\/#breadcrumb\"},\"inLanguage\":\"es\",\"potentialAction\":[{\"@type\":\"ReadAction\",\"target\":[\"https:\/\/rental.servicevision.es\/es\/producto\/plato\/plato-4\/plato-4\/\"]}]},{\"@type\":\"ImageObject\",\"inLanguage\":\"es\",\"@id\":\"https:\/\/rental.servicevision.es\/es\/producto\/plato\/plato-4\/plato-4\/#primaryimage\",\"url\":\"https:\/\/rental.servicevision.es\/wp-content\/uploads\/2019\/05\/PRINCIPAL-1.jpg\",\"contentUrl\":\"https:\/\/rental.servicevision.es\/wp-content\/uploads\/2019\/05\/PRINCIPAL-1.jpg\",\"width\":1920,\"height\":1080},{\"@type\":\"BreadcrumbList\",\"@id\":\"https:\/\/rental.servicevision.es\/es\/producto\/plato\/plato-4\/plato-4\/#breadcrumb\",\"itemListElement\":[{\"@type\":\"ListItem\",\"position\":1,\"name\":\"Portada\",\"item\":\"https:\/\/rental.servicevision.es\/es\/\"},{\"@type\":\"ListItem\",\"position\":2,\"name\":\"Alquiler\",\"item\":\"https:\/\/rental.servicevision.es\/es\/alquiler-3\/\"},{\"@type\":\"ListItem\",\"position\":3,\"name\":\"PLAT\u00d3 4\"}]},{\"@type\":\"WebSite\",\"@id\":\"https:\/\/rental.servicevision.es\/es\/#website\",\"url\":\"https:\/\/rental.servicevision.es\/es\/\",\"name\":\"ServiceVision Alquiler\",\"description\":\"Fabricaci\u00f3n y alquiler de equipos para rodajes cinematogr\u00e1ficos\",\"potentialAction\":[{\"@type\":\"SearchAction\",\"target\":{\"@type\":\"EntryPoint\",\"urlTemplate\":\"https:\/\/rental.servicevision.es\/es\/?s={search_term_string}\"},\"query-input\":{\"@type\":\"PropertyValueSpecification\",\"valueRequired\":true,\"valueName\":\"search_term_string\"}}],\"inLanguage\":\"es\"}]}<\/script>\n<!-- \/ Yoast SEO plugin. -->","yoast_head_json":{"title":"Plat\u00f3 para rodaje - Alquiler de PLAT\u00d3 4 - ServiceVision Alquiler","description":"Alquiler de Plat\u00f3 para rodaje - Plat\u00f3 4: PLAT\u00d3 4. Consultas y soporte t\u00e9cnico en Servicevision, fabricaci\u00f3n y alquiler de equipos para rodajes cinematogr\u00e1ficos.","robots":{"index":"index","follow":"follow","max-snippet":"max-snippet:-1","max-image-preview":"max-image-preview:large","max-video-preview":"max-video-preview:-1"},"canonical":"https:\/\/rental.servicevision.es\/es\/producto\/plato\/plato-4\/plato-4\/","og_locale":"es_ES","og_type":"article","og_title":"Plat\u00f3 para rodaje - Alquiler de PLAT\u00d3 4 - ServiceVision Alquiler","og_description":"Alquiler de Plat\u00f3 para rodaje - Plat\u00f3 4: PLAT\u00d3 4. Consultas y soporte t\u00e9cnico en Servicevision, fabricaci\u00f3n y alquiler de equipos para rodajes cinematogr\u00e1ficos.","og_url":"https:\/\/rental.servicevision.es\/es\/producto\/plato\/plato-4\/plato-4\/","og_site_name":"ServiceVision Alquiler","article_modified_time":"2023-05-18T15:07:48+00:00","og_image":[{"width":1920,"height":1080,"url":"https:\/\/rental.servicevision.es\/wp-content\/uploads\/2019\/05\/PRINCIPAL-1.jpg","type":"image\/jpeg"}],"twitter_card":"summary_large_image","schema":{"@context":"https:\/\/schema.org","@graph":[{"@type":"WebPage","@id":"https:\/\/rental.servicevision.es\/es\/producto\/plato\/plato-4\/plato-4\/","url":"https:\/\/rental.servicevision.es\/es\/producto\/plato\/plato-4\/plato-4\/","name":"Plat\u00f3 para rodaje - Alquiler de PLAT\u00d3 4 - ServiceVision Alquiler","isPartOf":{"@id":"https:\/\/rental.servicevision.es\/es\/#website"},"primaryImageOfPage":{"@id":"https:\/\/rental.servicevision.es\/es\/producto\/plato\/plato-4\/plato-4\/#primaryimage"},"image":{"@id":"https:\/\/rental.servicevision.es\/es\/producto\/plato\/plato-4\/plato-4\/#primaryimage"},"thumbnailUrl":"https:\/\/rental.servicevision.es\/wp-content\/uploads\/2019\/05\/PRINCIPAL-1.jpg","datePublished":"2019-05-09T06:27:43+00:00","dateModified":"2023-05-18T15:07:48+00:00","description":"Alquiler de Plat\u00f3 para rodaje - Plat\u00f3 4: PLAT\u00d3 4. Consultas y soporte t\u00e9cnico en Servicevision, fabricaci\u00f3n y alquiler de equipos para rodajes cinematogr\u00e1ficos.","breadcrumb":{"@id":"https:\/\/rental.servicevision.es\/es\/producto\/plato\/plato-4\/plato-4\/#breadcrumb"},"inLanguage":"es","potentialAction":[{"@type":"ReadAction","target":["https:\/\/rental.servicevision.es\/es\/producto\/plato\/plato-4\/plato-4\/"]}]},{"@type":"ImageObject","inLanguage":"es","@id":"https:\/\/rental.servicevision.es\/es\/producto\/plato\/plato-4\/plato-4\/#primaryimage","url":"https:\/\/rental.servicevision.es\/wp-content\/uploads\/2019\/05\/PRINCIPAL-1.jpg","contentUrl":"https:\/\/rental.servicevision.es\/wp-content\/uploads\/2019\/05\/PRINCIPAL-1.jpg","width":1920,"height":1080},{"@type":"BreadcrumbList","@id":"https:\/\/rental.servicevision.es\/es\/producto\/plato\/plato-4\/plato-4\/#breadcrumb","itemListElement":[{"@type":"ListItem","position":1,"name":"Portada","item":"https:\/\/rental.servicevision.es\/es\/"},{"@type":"ListItem","position":2,"name":"Alquiler","item":"https:\/\/rental.servicevision.es\/es\/alquiler-3\/"},{"@type":"ListItem","position":3,"name":"PLAT\u00d3 4"}]},{"@type":"WebSite","@id":"https:\/\/rental.servicevision.es\/es\/#website","url":"https:\/\/rental.servicevision.es\/es\/","name":"ServiceVision Alquiler","description":"Fabricaci\u00f3n y alquiler de equipos para rodajes cinematogr\u00e1ficos","potentialAction":[{"@type":"SearchAction","target":{"@type":"EntryPoint","urlTemplate":"https:\/\/rental.servicevision.es\/es\/?s={search_term_string}"},"query-input":{"@type":"PropertyValueSpecification","valueRequired":true,"valueName":"search_term_string"}}],"inLanguage":"es"}]}},"_links":{"self":[{"href":"https:\/\/rental.servicevision.es\/es\/wp-json\/wp\/v2\/product\/1268","targetHints":{"allow":["GET"]}}],"collection":[{"href":"https:\/\/rental.servicevision.es\/es\/wp-json\/wp\/v2\/product"}],"about":[{"href":"https:\/\/rental.servicevision.es\/es\/wp-json\/wp\/v2\/types\/product"}],"wp:featuredmedia":[{"embeddable":true,"href":"https:\/\/rental.servicevision.es\/es\/wp-json\/wp\/v2\/media\/4670"}],"wp:attachment":[{"href":"https:\/\/rental.servicevision.es\/es\/wp-json\/wp\/v2\/media?parent=1268"}],"wp:term":[{"taxonomy":"product_cat","embeddable":true,"href":"https:\/\/rental.servicevision.es\/es\/wp-json\/wp\/v2\/product_cat?post=1268"},{"taxonomy":"product_tag","embeddable":true,"href":"https:\/\/rental.servicevision.es\/es\/wp-json\/wp\/v2\/product_tag?post=1268"}],"curies":[{"name":"wp","href":"https:\/\/api.w.org\/{rel}","templated":true}]}}