{"id":1267,"date":"2019-05-09T06:27:43","date_gmt":"2019-05-09T06:27:43","guid":{"rendered":"http:\/\/servicevisionalq.bcntic.com\/?post_type=product&#038;p=1267"},"modified":"2025-03-31T08:13:40","modified_gmt":"2025-03-31T07:13:40","slug":"plato-2-3","status":"publish","type":"product","link":"https:\/\/rental.servicevision.es\/es\/producto\/plato\/plato-2-3\/plato-2-3\/","title":{"rendered":"PLAT\u00d3 2-3"},"content":{"rendered":"","protected":false},"excerpt":{"rendered":"<p><strong>Plat\u00f3 de 52x21x 7 m (Altura)<\/strong>. \u00c1rea del plat\u00f3: 1092 m2. Zona mixta de 190 m2. Ciclorama en forma de \u201cL\u201d de 18 m (frontal) y 15 m (derecha) x 6 m (altura). 28 religas motorizadas (6 m x 3 m) para colgar luz, regulables en altura e inclinaci\u00f3n. Suministro de corriente de 200 kW. 2 puertas para veh\u00edculos de 5,5 m x 4 m. 2 salas, una de 11 m2 y otra de 30 m2 con WIFI. 2 camerinos con siete puestos de maquillaje, 2 aseos, 2 ba\u00f1os con ducha. Nevera y fuente de agua. Estudio con climatizaci\u00f3n en todos sus espacios.<\/p>\n","protected":false},"featured_media":4658,"template":"","meta":{"ngg_post_thumbnail":0},"product_cat":[44,46],"product_tag":[],"class_list":{"0":"post-1267","1":"product","2":"type-product","3":"status-publish","4":"has-post-thumbnail","6":"product_cat-plato","7":"product_cat-plato-2-3","9":"first","10":"instock","11":"virtual","12":"taxable","13":"product-type-simple","14":"col-xs-6 col-sm-4","15":"col-md-3 col-lg-3","16":"un-4-cols"},"yoast_head":"<!-- This site is optimized with the Yoast SEO plugin v27.1.1 - https:\/\/yoast.com\/product\/yoast-seo-wordpress\/ -->\n<title>Plat\u00f3 para rodaje - Alquiler de PLAT\u00d3 2-3 - ServiceVision Alquiler<\/title>\n<meta name=\"description\" content=\"Alquiler de Plat\u00f3 para rodaje - Plat\u00f3 2\/3: PLAT\u00d3 2-3. Consultas y soporte t\u00e9cnico en Servicevision, fabricaci\u00f3n y alquiler de equipos para rodajes cinematogr\u00e1ficos.\" \/>\n<meta name=\"robots\" content=\"index, follow, max-snippet:-1, max-image-preview:large, max-video-preview:-1\" \/>\n<link rel=\"canonical\" href=\"https:\/\/rental.servicevision.es\/es\/producto\/plato\/plato-2-3\/plato-2-3\/\" \/>\n<meta property=\"og:locale\" content=\"es_ES\" \/>\n<meta property=\"og:type\" content=\"article\" \/>\n<meta property=\"og:title\" content=\"Plat\u00f3 para rodaje - Alquiler de PLAT\u00d3 2-3 - ServiceVision Alquiler\" \/>\n<meta property=\"og:description\" content=\"Alquiler de Plat\u00f3 para rodaje - Plat\u00f3 2\/3: PLAT\u00d3 2-3. Consultas y soporte t\u00e9cnico en Servicevision, fabricaci\u00f3n y alquiler de equipos para rodajes cinematogr\u00e1ficos.\" \/>\n<meta property=\"og:url\" content=\"https:\/\/rental.servicevision.es\/es\/producto\/plato\/plato-2-3\/plato-2-3\/\" \/>\n<meta property=\"og:site_name\" content=\"ServiceVision Alquiler\" \/>\n<meta property=\"article:modified_time\" content=\"2025-03-31T07:13:40+00:00\" \/>\n<meta property=\"og:image\" content=\"https:\/\/rental.servicevision.es\/wp-content\/uploads\/2019\/05\/PRINCIPAL.jpg\" \/>\n\t<meta property=\"og:image:width\" content=\"1920\" \/>\n\t<meta property=\"og:image:height\" content=\"1080\" \/>\n\t<meta property=\"og:image:type\" content=\"image\/jpeg\" \/>\n<meta name=\"twitter:card\" content=\"summary_large_image\" \/>\n<script type=\"application\/ld+json\" class=\"yoast-schema-graph\">{\"@context\":\"https:\/\/schema.org\",\"@graph\":[{\"@type\":\"WebPage\",\"@id\":\"https:\/\/rental.servicevision.es\/es\/producto\/plato\/plato-2-3\/plato-2-3\/\",\"url\":\"https:\/\/rental.servicevision.es\/es\/producto\/plato\/plato-2-3\/plato-2-3\/\",\"name\":\"Plat\u00f3 para rodaje - Alquiler de PLAT\u00d3 2-3 - ServiceVision Alquiler\",\"isPartOf\":{\"@id\":\"https:\/\/rental.servicevision.es\/es\/#website\"},\"primaryImageOfPage\":{\"@id\":\"https:\/\/rental.servicevision.es\/es\/producto\/plato\/plato-2-3\/plato-2-3\/#primaryimage\"},\"image\":{\"@id\":\"https:\/\/rental.servicevision.es\/es\/producto\/plato\/plato-2-3\/plato-2-3\/#primaryimage\"},\"thumbnailUrl\":\"https:\/\/rental.servicevision.es\/wp-content\/uploads\/2019\/05\/PRINCIPAL.jpg\",\"datePublished\":\"2019-05-09T06:27:43+00:00\",\"dateModified\":\"2025-03-31T07:13:40+00:00\",\"description\":\"Alquiler de Plat\u00f3 para rodaje - Plat\u00f3 2\/3: PLAT\u00d3 2-3. Consultas y soporte t\u00e9cnico en Servicevision, fabricaci\u00f3n y alquiler de equipos para rodajes cinematogr\u00e1ficos.\",\"breadcrumb\":{\"@id\":\"https:\/\/rental.servicevision.es\/es\/producto\/plato\/plato-2-3\/plato-2-3\/#breadcrumb\"},\"inLanguage\":\"es\",\"potentialAction\":[{\"@type\":\"ReadAction\",\"target\":[\"https:\/\/rental.servicevision.es\/es\/producto\/plato\/plato-2-3\/plato-2-3\/\"]}]},{\"@type\":\"ImageObject\",\"inLanguage\":\"es\",\"@id\":\"https:\/\/rental.servicevision.es\/es\/producto\/plato\/plato-2-3\/plato-2-3\/#primaryimage\",\"url\":\"https:\/\/rental.servicevision.es\/wp-content\/uploads\/2019\/05\/PRINCIPAL.jpg\",\"contentUrl\":\"https:\/\/rental.servicevision.es\/wp-content\/uploads\/2019\/05\/PRINCIPAL.jpg\",\"width\":1920,\"height\":1080},{\"@type\":\"BreadcrumbList\",\"@id\":\"https:\/\/rental.servicevision.es\/es\/producto\/plato\/plato-2-3\/plato-2-3\/#breadcrumb\",\"itemListElement\":[{\"@type\":\"ListItem\",\"position\":1,\"name\":\"Portada\",\"item\":\"https:\/\/rental.servicevision.es\/es\/\"},{\"@type\":\"ListItem\",\"position\":2,\"name\":\"Alquiler\",\"item\":\"https:\/\/rental.servicevision.es\/es\/alquiler-3\/\"},{\"@type\":\"ListItem\",\"position\":3,\"name\":\"PLAT\u00d3 2-3\"}]},{\"@type\":\"WebSite\",\"@id\":\"https:\/\/rental.servicevision.es\/es\/#website\",\"url\":\"https:\/\/rental.servicevision.es\/es\/\",\"name\":\"ServiceVision Alquiler\",\"description\":\"Fabricaci\u00f3n y alquiler de equipos para rodajes cinematogr\u00e1ficos\",\"potentialAction\":[{\"@type\":\"SearchAction\",\"target\":{\"@type\":\"EntryPoint\",\"urlTemplate\":\"https:\/\/rental.servicevision.es\/es\/?s={search_term_string}\"},\"query-input\":{\"@type\":\"PropertyValueSpecification\",\"valueRequired\":true,\"valueName\":\"search_term_string\"}}],\"inLanguage\":\"es\"}]}<\/script>\n<!-- \/ Yoast SEO plugin. -->","yoast_head_json":{"title":"Plat\u00f3 para rodaje - Alquiler de PLAT\u00d3 2-3 - ServiceVision Alquiler","description":"Alquiler de Plat\u00f3 para rodaje - Plat\u00f3 2\/3: PLAT\u00d3 2-3. Consultas y soporte t\u00e9cnico en Servicevision, fabricaci\u00f3n y alquiler de equipos para rodajes cinematogr\u00e1ficos.","robots":{"index":"index","follow":"follow","max-snippet":"max-snippet:-1","max-image-preview":"max-image-preview:large","max-video-preview":"max-video-preview:-1"},"canonical":"https:\/\/rental.servicevision.es\/es\/producto\/plato\/plato-2-3\/plato-2-3\/","og_locale":"es_ES","og_type":"article","og_title":"Plat\u00f3 para rodaje - Alquiler de PLAT\u00d3 2-3 - ServiceVision Alquiler","og_description":"Alquiler de Plat\u00f3 para rodaje - Plat\u00f3 2\/3: PLAT\u00d3 2-3. Consultas y soporte t\u00e9cnico en Servicevision, fabricaci\u00f3n y alquiler de equipos para rodajes cinematogr\u00e1ficos.","og_url":"https:\/\/rental.servicevision.es\/es\/producto\/plato\/plato-2-3\/plato-2-3\/","og_site_name":"ServiceVision Alquiler","article_modified_time":"2025-03-31T07:13:40+00:00","og_image":[{"width":1920,"height":1080,"url":"https:\/\/rental.servicevision.es\/wp-content\/uploads\/2019\/05\/PRINCIPAL.jpg","type":"image\/jpeg"}],"twitter_card":"summary_large_image","schema":{"@context":"https:\/\/schema.org","@graph":[{"@type":"WebPage","@id":"https:\/\/rental.servicevision.es\/es\/producto\/plato\/plato-2-3\/plato-2-3\/","url":"https:\/\/rental.servicevision.es\/es\/producto\/plato\/plato-2-3\/plato-2-3\/","name":"Plat\u00f3 para rodaje - Alquiler de PLAT\u00d3 2-3 - ServiceVision Alquiler","isPartOf":{"@id":"https:\/\/rental.servicevision.es\/es\/#website"},"primaryImageOfPage":{"@id":"https:\/\/rental.servicevision.es\/es\/producto\/plato\/plato-2-3\/plato-2-3\/#primaryimage"},"image":{"@id":"https:\/\/rental.servicevision.es\/es\/producto\/plato\/plato-2-3\/plato-2-3\/#primaryimage"},"thumbnailUrl":"https:\/\/rental.servicevision.es\/wp-content\/uploads\/2019\/05\/PRINCIPAL.jpg","datePublished":"2019-05-09T06:27:43+00:00","dateModified":"2025-03-31T07:13:40+00:00","description":"Alquiler de Plat\u00f3 para rodaje - Plat\u00f3 2\/3: PLAT\u00d3 2-3. Consultas y soporte t\u00e9cnico en Servicevision, fabricaci\u00f3n y alquiler de equipos para rodajes cinematogr\u00e1ficos.","breadcrumb":{"@id":"https:\/\/rental.servicevision.es\/es\/producto\/plato\/plato-2-3\/plato-2-3\/#breadcrumb"},"inLanguage":"es","potentialAction":[{"@type":"ReadAction","target":["https:\/\/rental.servicevision.es\/es\/producto\/plato\/plato-2-3\/plato-2-3\/"]}]},{"@type":"ImageObject","inLanguage":"es","@id":"https:\/\/rental.servicevision.es\/es\/producto\/plato\/plato-2-3\/plato-2-3\/#primaryimage","url":"https:\/\/rental.servicevision.es\/wp-content\/uploads\/2019\/05\/PRINCIPAL.jpg","contentUrl":"https:\/\/rental.servicevision.es\/wp-content\/uploads\/2019\/05\/PRINCIPAL.jpg","width":1920,"height":1080},{"@type":"BreadcrumbList","@id":"https:\/\/rental.servicevision.es\/es\/producto\/plato\/plato-2-3\/plato-2-3\/#breadcrumb","itemListElement":[{"@type":"ListItem","position":1,"name":"Portada","item":"https:\/\/rental.servicevision.es\/es\/"},{"@type":"ListItem","position":2,"name":"Alquiler","item":"https:\/\/rental.servicevision.es\/es\/alquiler-3\/"},{"@type":"ListItem","position":3,"name":"PLAT\u00d3 2-3"}]},{"@type":"WebSite","@id":"https:\/\/rental.servicevision.es\/es\/#website","url":"https:\/\/rental.servicevision.es\/es\/","name":"ServiceVision Alquiler","description":"Fabricaci\u00f3n y alquiler de equipos para rodajes cinematogr\u00e1ficos","potentialAction":[{"@type":"SearchAction","target":{"@type":"EntryPoint","urlTemplate":"https:\/\/rental.servicevision.es\/es\/?s={search_term_string}"},"query-input":{"@type":"PropertyValueSpecification","valueRequired":true,"valueName":"search_term_string"}}],"inLanguage":"es"}]}},"_links":{"self":[{"href":"https:\/\/rental.servicevision.es\/es\/wp-json\/wp\/v2\/product\/1267","targetHints":{"allow":["GET"]}}],"collection":[{"href":"https:\/\/rental.servicevision.es\/es\/wp-json\/wp\/v2\/product"}],"about":[{"href":"https:\/\/rental.servicevision.es\/es\/wp-json\/wp\/v2\/types\/product"}],"wp:featuredmedia":[{"embeddable":true,"href":"https:\/\/rental.servicevision.es\/es\/wp-json\/wp\/v2\/media\/4658"}],"wp:attachment":[{"href":"https:\/\/rental.servicevision.es\/es\/wp-json\/wp\/v2\/media?parent=1267"}],"wp:term":[{"taxonomy":"product_cat","embeddable":true,"href":"https:\/\/rental.servicevision.es\/es\/wp-json\/wp\/v2\/product_cat?post=1267"},{"taxonomy":"product_tag","embeddable":true,"href":"https:\/\/rental.servicevision.es\/es\/wp-json\/wp\/v2\/product_tag?post=1267"}],"curies":[{"name":"wp","href":"https:\/\/api.w.org\/{rel}","templated":true}]}}