{"id":1253,"date":"2019-05-08T20:22:02","date_gmt":"2019-05-08T20:22:02","guid":{"rendered":"http:\/\/servicevisionalq.bcntic.com\/?post_type=product&#038;p=1253"},"modified":"2024-07-07T19:04:31","modified_gmt":"2024-07-07T18:04:31","slug":"scorpio-stabilized-head","status":"publish","type":"product","link":"https:\/\/rental.servicevision.es\/es\/producto\/grips\/scorpio-heads\/cabezas-estabilizadas\/scorpio-stabilized-head\/","title":{"rendered":"SCORPIO STABILIZED HEAD"},"content":{"rendered":"","protected":false},"excerpt":{"rendered":"<p><strong>Cabeza giro-estabilizada en 5 ejes<\/strong> para el control y estabilizaci\u00f3n de movimiento de c\u00e1mara de cine y televisi\u00f3n. Su dise\u00f1o tanto mec\u00e1nico como electr\u00f3nico hace que sea uno de las cabezas estabilizadas m\u00e1s robustas, fiable y avanzada en su categor\u00eda.<\/p>\n","protected":false},"featured_media":2910,"template":"","meta":{"ngg_post_thumbnail":0},"product_cat":[116],"product_tag":[],"class_list":{"0":"post-1253","1":"product","2":"type-product","3":"status-publish","4":"has-post-thumbnail","6":"product_cat-cabezas-estabilizadas","8":"first","9":"instock","10":"taxable","11":"shipping-taxable","12":"product-type-simple","13":"col-xs-6 col-sm-4","14":"col-md-3 col-lg-3","15":"un-4-cols"},"yoast_head":"<!-- This site is optimized with the Yoast SEO plugin v27.1.1 - https:\/\/yoast.com\/product\/yoast-seo-wordpress\/ -->\n<title>Veh\u00edculos y gruas para rodajes - Alquiler de SCORPIO STABILIZED HEAD - ServiceVision Alquiler<\/title>\n<meta name=\"description\" content=\"Alquiler de Veh\u00edculos y gruas para rodajes - Cabezas estabilizadas: SCORPIO STABILIZED HEAD. Consultas y soporte t\u00e9cnico en Servicevision, fabricaci\u00f3n y alquiler de equipos para rodajes cinematogr\u00e1ficos.\" \/>\n<meta name=\"robots\" content=\"index, follow, max-snippet:-1, max-image-preview:large, max-video-preview:-1\" \/>\n<link rel=\"canonical\" href=\"https:\/\/rental.servicevision.es\/es\/producto\/grips\/scorpio-heads\/cabezas-estabilizadas\/scorpio-stabilized-head\/\" \/>\n<meta property=\"og:locale\" content=\"es_ES\" \/>\n<meta property=\"og:type\" content=\"article\" \/>\n<meta property=\"og:title\" content=\"Veh\u00edculos y gruas para rodajes - Alquiler de SCORPIO STABILIZED HEAD - ServiceVision Alquiler\" \/>\n<meta property=\"og:description\" content=\"Alquiler de Veh\u00edculos y gruas para rodajes - Cabezas estabilizadas: SCORPIO STABILIZED HEAD. Consultas y soporte t\u00e9cnico en Servicevision, fabricaci\u00f3n y alquiler de equipos para rodajes cinematogr\u00e1ficos.\" \/>\n<meta property=\"og:url\" content=\"https:\/\/rental.servicevision.es\/es\/producto\/grips\/scorpio-heads\/cabezas-estabilizadas\/scorpio-stabilized-head\/\" \/>\n<meta property=\"og:site_name\" content=\"ServiceVision Alquiler\" \/>\n<meta property=\"article:modified_time\" content=\"2024-07-07T18:04:31+00:00\" \/>\n<meta property=\"og:image\" content=\"https:\/\/rental.servicevision.es\/wp-content\/uploads\/2019\/05\/10-stabilized-head-01.png\" \/>\n\t<meta property=\"og:image:width\" content=\"445\" \/>\n\t<meta property=\"og:image:height\" content=\"445\" \/>\n\t<meta property=\"og:image:type\" content=\"image\/png\" \/>\n<meta name=\"twitter:card\" content=\"summary_large_image\" \/>\n<script type=\"application\/ld+json\" class=\"yoast-schema-graph\">{\"@context\":\"https:\/\/schema.org\",\"@graph\":[{\"@type\":\"WebPage\",\"@id\":\"https:\/\/rental.servicevision.es\/es\/producto\/grips\/scorpio-heads\/cabezas-estabilizadas\/scorpio-stabilized-head\/\",\"url\":\"https:\/\/rental.servicevision.es\/es\/producto\/grips\/scorpio-heads\/cabezas-estabilizadas\/scorpio-stabilized-head\/\",\"name\":\"Veh\u00edculos y gruas para rodajes - Alquiler de SCORPIO STABILIZED HEAD - ServiceVision Alquiler\",\"isPartOf\":{\"@id\":\"https:\/\/rental.servicevision.es\/es\/#website\"},\"primaryImageOfPage\":{\"@id\":\"https:\/\/rental.servicevision.es\/es\/producto\/grips\/scorpio-heads\/cabezas-estabilizadas\/scorpio-stabilized-head\/#primaryimage\"},\"image\":{\"@id\":\"https:\/\/rental.servicevision.es\/es\/producto\/grips\/scorpio-heads\/cabezas-estabilizadas\/scorpio-stabilized-head\/#primaryimage\"},\"thumbnailUrl\":\"https:\/\/rental.servicevision.es\/wp-content\/uploads\/2019\/05\/10-stabilized-head-01.png\",\"datePublished\":\"2019-05-08T20:22:02+00:00\",\"dateModified\":\"2024-07-07T18:04:31+00:00\",\"description\":\"Alquiler de Veh\u00edculos y gruas para rodajes - Cabezas estabilizadas: SCORPIO STABILIZED HEAD. Consultas y soporte t\u00e9cnico en Servicevision, fabricaci\u00f3n y alquiler de equipos para rodajes cinematogr\u00e1ficos.\",\"breadcrumb\":{\"@id\":\"https:\/\/rental.servicevision.es\/es\/producto\/grips\/scorpio-heads\/cabezas-estabilizadas\/scorpio-stabilized-head\/#breadcrumb\"},\"inLanguage\":\"es\",\"potentialAction\":[{\"@type\":\"ReadAction\",\"target\":[\"https:\/\/rental.servicevision.es\/es\/producto\/grips\/scorpio-heads\/cabezas-estabilizadas\/scorpio-stabilized-head\/\"]}]},{\"@type\":\"ImageObject\",\"inLanguage\":\"es\",\"@id\":\"https:\/\/rental.servicevision.es\/es\/producto\/grips\/scorpio-heads\/cabezas-estabilizadas\/scorpio-stabilized-head\/#primaryimage\",\"url\":\"https:\/\/rental.servicevision.es\/wp-content\/uploads\/2019\/05\/10-stabilized-head-01.png\",\"contentUrl\":\"https:\/\/rental.servicevision.es\/wp-content\/uploads\/2019\/05\/10-stabilized-head-01.png\",\"width\":445,\"height\":445},{\"@type\":\"BreadcrumbList\",\"@id\":\"https:\/\/rental.servicevision.es\/es\/producto\/grips\/scorpio-heads\/cabezas-estabilizadas\/scorpio-stabilized-head\/#breadcrumb\",\"itemListElement\":[{\"@type\":\"ListItem\",\"position\":1,\"name\":\"Portada\",\"item\":\"https:\/\/rental.servicevision.es\/es\/\"},{\"@type\":\"ListItem\",\"position\":2,\"name\":\"Alquiler\",\"item\":\"https:\/\/rental.servicevision.es\/es\/alquiler-3\/\"},{\"@type\":\"ListItem\",\"position\":3,\"name\":\"SCORPIO STABILIZED HEAD\"}]},{\"@type\":\"WebSite\",\"@id\":\"https:\/\/rental.servicevision.es\/es\/#website\",\"url\":\"https:\/\/rental.servicevision.es\/es\/\",\"name\":\"ServiceVision Alquiler\",\"description\":\"Fabricaci\u00f3n y alquiler de equipos para rodajes cinematogr\u00e1ficos\",\"potentialAction\":[{\"@type\":\"SearchAction\",\"target\":{\"@type\":\"EntryPoint\",\"urlTemplate\":\"https:\/\/rental.servicevision.es\/es\/?s={search_term_string}\"},\"query-input\":{\"@type\":\"PropertyValueSpecification\",\"valueRequired\":true,\"valueName\":\"search_term_string\"}}],\"inLanguage\":\"es\"}]}<\/script>\n<!-- \/ Yoast SEO plugin. -->","yoast_head_json":{"title":"Veh\u00edculos y gruas para rodajes - Alquiler de SCORPIO STABILIZED HEAD - ServiceVision Alquiler","description":"Alquiler de Veh\u00edculos y gruas para rodajes - Cabezas estabilizadas: SCORPIO STABILIZED HEAD. Consultas y soporte t\u00e9cnico en Servicevision, fabricaci\u00f3n y alquiler de equipos para rodajes cinematogr\u00e1ficos.","robots":{"index":"index","follow":"follow","max-snippet":"max-snippet:-1","max-image-preview":"max-image-preview:large","max-video-preview":"max-video-preview:-1"},"canonical":"https:\/\/rental.servicevision.es\/es\/producto\/grips\/scorpio-heads\/cabezas-estabilizadas\/scorpio-stabilized-head\/","og_locale":"es_ES","og_type":"article","og_title":"Veh\u00edculos y gruas para rodajes - Alquiler de SCORPIO STABILIZED HEAD - ServiceVision Alquiler","og_description":"Alquiler de Veh\u00edculos y gruas para rodajes - Cabezas estabilizadas: SCORPIO STABILIZED HEAD. Consultas y soporte t\u00e9cnico en Servicevision, fabricaci\u00f3n y alquiler de equipos para rodajes cinematogr\u00e1ficos.","og_url":"https:\/\/rental.servicevision.es\/es\/producto\/grips\/scorpio-heads\/cabezas-estabilizadas\/scorpio-stabilized-head\/","og_site_name":"ServiceVision Alquiler","article_modified_time":"2024-07-07T18:04:31+00:00","og_image":[{"width":445,"height":445,"url":"https:\/\/rental.servicevision.es\/wp-content\/uploads\/2019\/05\/10-stabilized-head-01.png","type":"image\/png"}],"twitter_card":"summary_large_image","schema":{"@context":"https:\/\/schema.org","@graph":[{"@type":"WebPage","@id":"https:\/\/rental.servicevision.es\/es\/producto\/grips\/scorpio-heads\/cabezas-estabilizadas\/scorpio-stabilized-head\/","url":"https:\/\/rental.servicevision.es\/es\/producto\/grips\/scorpio-heads\/cabezas-estabilizadas\/scorpio-stabilized-head\/","name":"Veh\u00edculos y gruas para rodajes - Alquiler de SCORPIO STABILIZED HEAD - ServiceVision Alquiler","isPartOf":{"@id":"https:\/\/rental.servicevision.es\/es\/#website"},"primaryImageOfPage":{"@id":"https:\/\/rental.servicevision.es\/es\/producto\/grips\/scorpio-heads\/cabezas-estabilizadas\/scorpio-stabilized-head\/#primaryimage"},"image":{"@id":"https:\/\/rental.servicevision.es\/es\/producto\/grips\/scorpio-heads\/cabezas-estabilizadas\/scorpio-stabilized-head\/#primaryimage"},"thumbnailUrl":"https:\/\/rental.servicevision.es\/wp-content\/uploads\/2019\/05\/10-stabilized-head-01.png","datePublished":"2019-05-08T20:22:02+00:00","dateModified":"2024-07-07T18:04:31+00:00","description":"Alquiler de Veh\u00edculos y gruas para rodajes - Cabezas estabilizadas: SCORPIO STABILIZED HEAD. Consultas y soporte t\u00e9cnico en Servicevision, fabricaci\u00f3n y alquiler de equipos para rodajes cinematogr\u00e1ficos.","breadcrumb":{"@id":"https:\/\/rental.servicevision.es\/es\/producto\/grips\/scorpio-heads\/cabezas-estabilizadas\/scorpio-stabilized-head\/#breadcrumb"},"inLanguage":"es","potentialAction":[{"@type":"ReadAction","target":["https:\/\/rental.servicevision.es\/es\/producto\/grips\/scorpio-heads\/cabezas-estabilizadas\/scorpio-stabilized-head\/"]}]},{"@type":"ImageObject","inLanguage":"es","@id":"https:\/\/rental.servicevision.es\/es\/producto\/grips\/scorpio-heads\/cabezas-estabilizadas\/scorpio-stabilized-head\/#primaryimage","url":"https:\/\/rental.servicevision.es\/wp-content\/uploads\/2019\/05\/10-stabilized-head-01.png","contentUrl":"https:\/\/rental.servicevision.es\/wp-content\/uploads\/2019\/05\/10-stabilized-head-01.png","width":445,"height":445},{"@type":"BreadcrumbList","@id":"https:\/\/rental.servicevision.es\/es\/producto\/grips\/scorpio-heads\/cabezas-estabilizadas\/scorpio-stabilized-head\/#breadcrumb","itemListElement":[{"@type":"ListItem","position":1,"name":"Portada","item":"https:\/\/rental.servicevision.es\/es\/"},{"@type":"ListItem","position":2,"name":"Alquiler","item":"https:\/\/rental.servicevision.es\/es\/alquiler-3\/"},{"@type":"ListItem","position":3,"name":"SCORPIO STABILIZED HEAD"}]},{"@type":"WebSite","@id":"https:\/\/rental.servicevision.es\/es\/#website","url":"https:\/\/rental.servicevision.es\/es\/","name":"ServiceVision Alquiler","description":"Fabricaci\u00f3n y alquiler de equipos para rodajes cinematogr\u00e1ficos","potentialAction":[{"@type":"SearchAction","target":{"@type":"EntryPoint","urlTemplate":"https:\/\/rental.servicevision.es\/es\/?s={search_term_string}"},"query-input":{"@type":"PropertyValueSpecification","valueRequired":true,"valueName":"search_term_string"}}],"inLanguage":"es"}]}},"_links":{"self":[{"href":"https:\/\/rental.servicevision.es\/es\/wp-json\/wp\/v2\/product\/1253","targetHints":{"allow":["GET"]}}],"collection":[{"href":"https:\/\/rental.servicevision.es\/es\/wp-json\/wp\/v2\/product"}],"about":[{"href":"https:\/\/rental.servicevision.es\/es\/wp-json\/wp\/v2\/types\/product"}],"wp:featuredmedia":[{"embeddable":true,"href":"https:\/\/rental.servicevision.es\/es\/wp-json\/wp\/v2\/media\/2910"}],"wp:attachment":[{"href":"https:\/\/rental.servicevision.es\/es\/wp-json\/wp\/v2\/media?parent=1253"}],"wp:term":[{"taxonomy":"product_cat","embeddable":true,"href":"https:\/\/rental.servicevision.es\/es\/wp-json\/wp\/v2\/product_cat?post=1253"},{"taxonomy":"product_tag","embeddable":true,"href":"https:\/\/rental.servicevision.es\/es\/wp-json\/wp\/v2\/product_tag?post=1253"}],"curies":[{"name":"wp","href":"https:\/\/api.w.org\/{rel}","templated":true}]}}