{"id":1171,"date":"2019-05-08T03:57:47","date_gmt":"2019-05-08T03:57:47","guid":{"rendered":"http:\/\/servicevisionalq.bcntic.com\/?post_type=product&#038;p=1171"},"modified":"2024-10-15T09:57:53","modified_gmt":"2024-10-15T08:57:53","slug":"leica-r-apo-elmarit-70-180-mm-ld-t3-0","status":"publish","type":"product","link":"https:\/\/rental.servicevision.es\/es\/producto\/camaras\/objetivos-y-zooms\/esfericos\/leica-r-apo-elmarit-70-180-mm-ld-t3-0\/","title":{"rendered":"Leica R APO Elmarit 70-180 mm LD T3.0"},"content":{"rendered":"","protected":false},"excerpt":{"rendered":"","protected":false},"featured_media":5831,"template":"","meta":{"ngg_post_thumbnail":0},"product_cat":[88],"product_tag":[],"class_list":{"0":"post-1171","1":"product","2":"type-product","3":"status-publish","4":"has-post-thumbnail","6":"product_cat-esfericos","8":"first","9":"instock","10":"taxable","11":"shipping-taxable","12":"product-type-simple","13":"col-xs-6 col-sm-4","14":"col-md-3 col-lg-3","15":"un-4-cols"},"yoast_head":"<!-- This site is optimized with the Yoast SEO plugin v27.1.1 - https:\/\/yoast.com\/product\/yoast-seo-wordpress\/ -->\n<title>C\u00e1maras Leica R APO Elmarit 70-180 mm LD T3.0 - ServiceVision Alquiler<\/title>\n<meta name=\"description\" content=\"Alquiler de C\u00e1maras - objetivos y zooms esf\u00e9ricos: Leica R APO Elmarit 70-180 mm LD T3.0. Consultas y soporte t\u00e9cnico en Servicevision, fabricaci\u00f3n y alquiler de equipos para rodajes cinematogr\u00e1ficos.\" \/>\n<meta name=\"robots\" content=\"index, follow, max-snippet:-1, max-image-preview:large, max-video-preview:-1\" \/>\n<link rel=\"canonical\" href=\"https:\/\/rental.servicevision.es\/es\/producto\/camaras\/objetivos-y-zooms\/esfericos\/leica-r-apo-elmarit-70-180-mm-ld-t3-0\/\" \/>\n<meta property=\"og:locale\" content=\"es_ES\" \/>\n<meta property=\"og:type\" content=\"article\" \/>\n<meta property=\"og:title\" content=\"C\u00e1maras Leica R APO Elmarit 70-180 mm LD T3.0 - ServiceVision Alquiler\" \/>\n<meta property=\"og:description\" content=\"Alquiler de C\u00e1maras - objetivos y zooms esf\u00e9ricos: Leica R APO Elmarit 70-180 mm LD T3.0. Consultas y soporte t\u00e9cnico en Servicevision, fabricaci\u00f3n y alquiler de equipos para rodajes cinematogr\u00e1ficos.\" \/>\n<meta property=\"og:url\" content=\"https:\/\/rental.servicevision.es\/es\/producto\/camaras\/objetivos-y-zooms\/esfericos\/leica-r-apo-elmarit-70-180-mm-ld-t3-0\/\" \/>\n<meta property=\"og:site_name\" content=\"ServiceVision Alquiler\" \/>\n<meta property=\"article:modified_time\" content=\"2024-10-15T08:57:53+00:00\" \/>\n<meta property=\"og:image\" content=\"https:\/\/rental.servicevision.es\/wp-content\/uploads\/2019\/05\/052_Leica_R_Duclos-70-180.png\" \/>\n\t<meta property=\"og:image:width\" content=\"600\" \/>\n\t<meta property=\"og:image:height\" content=\"442\" \/>\n\t<meta property=\"og:image:type\" content=\"image\/png\" \/>\n<meta name=\"twitter:card\" content=\"summary_large_image\" \/>\n<script type=\"application\/ld+json\" class=\"yoast-schema-graph\">{\"@context\":\"https:\/\/schema.org\",\"@graph\":[{\"@type\":\"WebPage\",\"@id\":\"https:\/\/rental.servicevision.es\/es\/producto\/camaras\/objetivos-y-zooms\/esfericos\/leica-r-apo-elmarit-70-180-mm-ld-t3-0\/\",\"url\":\"https:\/\/rental.servicevision.es\/es\/producto\/camaras\/objetivos-y-zooms\/esfericos\/leica-r-apo-elmarit-70-180-mm-ld-t3-0\/\",\"name\":\"C\u00e1maras Leica R APO Elmarit 70-180 mm LD T3.0 - ServiceVision Alquiler\",\"isPartOf\":{\"@id\":\"https:\/\/rental.servicevision.es\/es\/#website\"},\"primaryImageOfPage\":{\"@id\":\"https:\/\/rental.servicevision.es\/es\/producto\/camaras\/objetivos-y-zooms\/esfericos\/leica-r-apo-elmarit-70-180-mm-ld-t3-0\/#primaryimage\"},\"image\":{\"@id\":\"https:\/\/rental.servicevision.es\/es\/producto\/camaras\/objetivos-y-zooms\/esfericos\/leica-r-apo-elmarit-70-180-mm-ld-t3-0\/#primaryimage\"},\"thumbnailUrl\":\"https:\/\/rental.servicevision.es\/wp-content\/uploads\/2019\/05\/052_Leica_R_Duclos-70-180.png\",\"datePublished\":\"2019-05-08T03:57:47+00:00\",\"dateModified\":\"2024-10-15T08:57:53+00:00\",\"description\":\"Alquiler de C\u00e1maras - objetivos y zooms esf\u00e9ricos: Leica R APO Elmarit 70-180 mm LD T3.0. Consultas y soporte t\u00e9cnico en Servicevision, fabricaci\u00f3n y alquiler de equipos para rodajes cinematogr\u00e1ficos.\",\"breadcrumb\":{\"@id\":\"https:\/\/rental.servicevision.es\/es\/producto\/camaras\/objetivos-y-zooms\/esfericos\/leica-r-apo-elmarit-70-180-mm-ld-t3-0\/#breadcrumb\"},\"inLanguage\":\"es\",\"potentialAction\":[{\"@type\":\"ReadAction\",\"target\":[\"https:\/\/rental.servicevision.es\/es\/producto\/camaras\/objetivos-y-zooms\/esfericos\/leica-r-apo-elmarit-70-180-mm-ld-t3-0\/\"]}]},{\"@type\":\"ImageObject\",\"inLanguage\":\"es\",\"@id\":\"https:\/\/rental.servicevision.es\/es\/producto\/camaras\/objetivos-y-zooms\/esfericos\/leica-r-apo-elmarit-70-180-mm-ld-t3-0\/#primaryimage\",\"url\":\"https:\/\/rental.servicevision.es\/wp-content\/uploads\/2019\/05\/052_Leica_R_Duclos-70-180.png\",\"contentUrl\":\"https:\/\/rental.servicevision.es\/wp-content\/uploads\/2019\/05\/052_Leica_R_Duclos-70-180.png\",\"width\":600,\"height\":442},{\"@type\":\"BreadcrumbList\",\"@id\":\"https:\/\/rental.servicevision.es\/es\/producto\/camaras\/objetivos-y-zooms\/esfericos\/leica-r-apo-elmarit-70-180-mm-ld-t3-0\/#breadcrumb\",\"itemListElement\":[{\"@type\":\"ListItem\",\"position\":1,\"name\":\"Portada\",\"item\":\"https:\/\/rental.servicevision.es\/es\/\"},{\"@type\":\"ListItem\",\"position\":2,\"name\":\"Alquiler\",\"item\":\"https:\/\/rental.servicevision.es\/es\/alquiler-3\/\"},{\"@type\":\"ListItem\",\"position\":3,\"name\":\"Leica R APO Elmarit 70-180 mm LD T3.0\"}]},{\"@type\":\"WebSite\",\"@id\":\"https:\/\/rental.servicevision.es\/es\/#website\",\"url\":\"https:\/\/rental.servicevision.es\/es\/\",\"name\":\"ServiceVision Alquiler\",\"description\":\"Fabricaci\u00f3n y alquiler de equipos para rodajes cinematogr\u00e1ficos\",\"potentialAction\":[{\"@type\":\"SearchAction\",\"target\":{\"@type\":\"EntryPoint\",\"urlTemplate\":\"https:\/\/rental.servicevision.es\/es\/?s={search_term_string}\"},\"query-input\":{\"@type\":\"PropertyValueSpecification\",\"valueRequired\":true,\"valueName\":\"search_term_string\"}}],\"inLanguage\":\"es\"}]}<\/script>\n<!-- \/ Yoast SEO plugin. -->","yoast_head_json":{"title":"C\u00e1maras Leica R APO Elmarit 70-180 mm LD T3.0 - ServiceVision Alquiler","description":"Alquiler de C\u00e1maras - objetivos y zooms esf\u00e9ricos: Leica R APO Elmarit 70-180 mm LD T3.0. Consultas y soporte t\u00e9cnico en Servicevision, fabricaci\u00f3n y alquiler de equipos para rodajes cinematogr\u00e1ficos.","robots":{"index":"index","follow":"follow","max-snippet":"max-snippet:-1","max-image-preview":"max-image-preview:large","max-video-preview":"max-video-preview:-1"},"canonical":"https:\/\/rental.servicevision.es\/es\/producto\/camaras\/objetivos-y-zooms\/esfericos\/leica-r-apo-elmarit-70-180-mm-ld-t3-0\/","og_locale":"es_ES","og_type":"article","og_title":"C\u00e1maras Leica R APO Elmarit 70-180 mm LD T3.0 - ServiceVision Alquiler","og_description":"Alquiler de C\u00e1maras - objetivos y zooms esf\u00e9ricos: Leica R APO Elmarit 70-180 mm LD T3.0. Consultas y soporte t\u00e9cnico en Servicevision, fabricaci\u00f3n y alquiler de equipos para rodajes cinematogr\u00e1ficos.","og_url":"https:\/\/rental.servicevision.es\/es\/producto\/camaras\/objetivos-y-zooms\/esfericos\/leica-r-apo-elmarit-70-180-mm-ld-t3-0\/","og_site_name":"ServiceVision Alquiler","article_modified_time":"2024-10-15T08:57:53+00:00","og_image":[{"width":600,"height":442,"url":"https:\/\/rental.servicevision.es\/wp-content\/uploads\/2019\/05\/052_Leica_R_Duclos-70-180.png","type":"image\/png"}],"twitter_card":"summary_large_image","schema":{"@context":"https:\/\/schema.org","@graph":[{"@type":"WebPage","@id":"https:\/\/rental.servicevision.es\/es\/producto\/camaras\/objetivos-y-zooms\/esfericos\/leica-r-apo-elmarit-70-180-mm-ld-t3-0\/","url":"https:\/\/rental.servicevision.es\/es\/producto\/camaras\/objetivos-y-zooms\/esfericos\/leica-r-apo-elmarit-70-180-mm-ld-t3-0\/","name":"C\u00e1maras Leica R APO Elmarit 70-180 mm LD T3.0 - ServiceVision Alquiler","isPartOf":{"@id":"https:\/\/rental.servicevision.es\/es\/#website"},"primaryImageOfPage":{"@id":"https:\/\/rental.servicevision.es\/es\/producto\/camaras\/objetivos-y-zooms\/esfericos\/leica-r-apo-elmarit-70-180-mm-ld-t3-0\/#primaryimage"},"image":{"@id":"https:\/\/rental.servicevision.es\/es\/producto\/camaras\/objetivos-y-zooms\/esfericos\/leica-r-apo-elmarit-70-180-mm-ld-t3-0\/#primaryimage"},"thumbnailUrl":"https:\/\/rental.servicevision.es\/wp-content\/uploads\/2019\/05\/052_Leica_R_Duclos-70-180.png","datePublished":"2019-05-08T03:57:47+00:00","dateModified":"2024-10-15T08:57:53+00:00","description":"Alquiler de C\u00e1maras - objetivos y zooms esf\u00e9ricos: Leica R APO Elmarit 70-180 mm LD T3.0. Consultas y soporte t\u00e9cnico en Servicevision, fabricaci\u00f3n y alquiler de equipos para rodajes cinematogr\u00e1ficos.","breadcrumb":{"@id":"https:\/\/rental.servicevision.es\/es\/producto\/camaras\/objetivos-y-zooms\/esfericos\/leica-r-apo-elmarit-70-180-mm-ld-t3-0\/#breadcrumb"},"inLanguage":"es","potentialAction":[{"@type":"ReadAction","target":["https:\/\/rental.servicevision.es\/es\/producto\/camaras\/objetivos-y-zooms\/esfericos\/leica-r-apo-elmarit-70-180-mm-ld-t3-0\/"]}]},{"@type":"ImageObject","inLanguage":"es","@id":"https:\/\/rental.servicevision.es\/es\/producto\/camaras\/objetivos-y-zooms\/esfericos\/leica-r-apo-elmarit-70-180-mm-ld-t3-0\/#primaryimage","url":"https:\/\/rental.servicevision.es\/wp-content\/uploads\/2019\/05\/052_Leica_R_Duclos-70-180.png","contentUrl":"https:\/\/rental.servicevision.es\/wp-content\/uploads\/2019\/05\/052_Leica_R_Duclos-70-180.png","width":600,"height":442},{"@type":"BreadcrumbList","@id":"https:\/\/rental.servicevision.es\/es\/producto\/camaras\/objetivos-y-zooms\/esfericos\/leica-r-apo-elmarit-70-180-mm-ld-t3-0\/#breadcrumb","itemListElement":[{"@type":"ListItem","position":1,"name":"Portada","item":"https:\/\/rental.servicevision.es\/es\/"},{"@type":"ListItem","position":2,"name":"Alquiler","item":"https:\/\/rental.servicevision.es\/es\/alquiler-3\/"},{"@type":"ListItem","position":3,"name":"Leica R APO Elmarit 70-180 mm LD T3.0"}]},{"@type":"WebSite","@id":"https:\/\/rental.servicevision.es\/es\/#website","url":"https:\/\/rental.servicevision.es\/es\/","name":"ServiceVision Alquiler","description":"Fabricaci\u00f3n y alquiler de equipos para rodajes cinematogr\u00e1ficos","potentialAction":[{"@type":"SearchAction","target":{"@type":"EntryPoint","urlTemplate":"https:\/\/rental.servicevision.es\/es\/?s={search_term_string}"},"query-input":{"@type":"PropertyValueSpecification","valueRequired":true,"valueName":"search_term_string"}}],"inLanguage":"es"}]}},"_links":{"self":[{"href":"https:\/\/rental.servicevision.es\/es\/wp-json\/wp\/v2\/product\/1171","targetHints":{"allow":["GET"]}}],"collection":[{"href":"https:\/\/rental.servicevision.es\/es\/wp-json\/wp\/v2\/product"}],"about":[{"href":"https:\/\/rental.servicevision.es\/es\/wp-json\/wp\/v2\/types\/product"}],"wp:featuredmedia":[{"embeddable":true,"href":"https:\/\/rental.servicevision.es\/es\/wp-json\/wp\/v2\/media\/5831"}],"wp:attachment":[{"href":"https:\/\/rental.servicevision.es\/es\/wp-json\/wp\/v2\/media?parent=1171"}],"wp:term":[{"taxonomy":"product_cat","embeddable":true,"href":"https:\/\/rental.servicevision.es\/es\/wp-json\/wp\/v2\/product_cat?post=1171"},{"taxonomy":"product_tag","embeddable":true,"href":"https:\/\/rental.servicevision.es\/es\/wp-json\/wp\/v2\/product_tag?post=1171"}],"curies":[{"name":"wp","href":"https:\/\/api.w.org\/{rel}","templated":true}]}}