{"id":11346,"date":"2026-03-16T11:15:20","date_gmt":"2026-03-16T10:15:20","guid":{"rendered":"https:\/\/rental.servicevision.es\/?post_type=product&#038;p=11346"},"modified":"2026-03-23T17:46:13","modified_gmt":"2026-03-23T16:46:13","slug":"x-tract-360o-macro-zoom-18-28-mm-t8-dzofilm","status":"publish","type":"product","link":"https:\/\/rental.servicevision.es\/es\/producto\/camaras\/objetivos-y-zooms\/x-tract-360o-macro-zoom-18-28-mm-t8-dzofilm\/","title":{"rendered":"X-Tract 360\u00ba Macro Zoom 18-28 mm T8 DZOFILM"},"content":{"rendered":"","protected":false},"excerpt":{"rendered":"<p>El DZOFilm X-Tract 18-28mm T8 FF Probe Zoom (360\u00b0 Direct View) es el primer objetivo zoom de tipo probe, de Full Frame en el mercado, dise\u00f1ado espec\u00edficamente para cinematograf\u00eda macro y publicitaria. A diferencia de los lentes de Probe tradicionales de focal fija, este modelo permite variar el encuadre entre 18mm y 28mm.<\/p>\n","protected":false},"featured_media":11357,"template":"","meta":{"ngg_post_thumbnail":0},"product_cat":[15,22],"product_tag":[],"class_list":{"0":"post-11346","1":"product","2":"type-product","3":"status-publish","4":"has-post-thumbnail","6":"product_cat-camaras","7":"product_cat-objetivos-y-zooms","9":"first","10":"instock","11":"taxable","12":"shipping-taxable","13":"product-type-simple","14":"col-xs-6 col-sm-4","15":"col-md-3 col-lg-3","16":"un-4-cols"},"yoast_head":"<!-- This site is optimized with the Yoast SEO plugin v27.1.1 - https:\/\/yoast.com\/product\/yoast-seo-wordpress\/ -->\n<title>X-Tract 360\u00ba Macro Zoom 18-28 mm T8 DZOFILM - ServiceVision Alquiler<\/title>\n<meta name=\"robots\" content=\"index, follow, max-snippet:-1, max-image-preview:large, max-video-preview:-1\" \/>\n<link rel=\"canonical\" href=\"https:\/\/rental.servicevision.es\/es\/producto\/camaras\/objetivos-y-zooms\/x-tract-360o-macro-zoom-18-28-mm-t8-dzofilm\/\" \/>\n<meta property=\"og:locale\" content=\"es_ES\" \/>\n<meta property=\"og:type\" content=\"article\" \/>\n<meta property=\"og:title\" content=\"X-Tract 360\u00ba Macro Zoom 18-28 mm T8 DZOFILM - ServiceVision Alquiler\" \/>\n<meta property=\"og:description\" content=\"El DZOFilm X-Tract 18-28mm T8 FF Probe Zoom (360\u00b0 Direct View) es el primer objetivo zoom de tipo probe, de Full Frame en el mercado, dise\u00f1ado espec\u00edficamente para cinematograf\u00eda macro y publicitaria. A diferencia de los lentes de Probe tradicionales de focal fija, este modelo permite variar el encuadre entre 18mm y 28mm.\" \/>\n<meta property=\"og:url\" content=\"https:\/\/rental.servicevision.es\/es\/producto\/camaras\/objetivos-y-zooms\/x-tract-360o-macro-zoom-18-28-mm-t8-dzofilm\/\" \/>\n<meta property=\"og:site_name\" content=\"ServiceVision Alquiler\" \/>\n<meta property=\"article:modified_time\" content=\"2026-03-23T16:46:13+00:00\" \/>\n<meta property=\"og:image\" content=\"https:\/\/rental.servicevision.es\/wp-content\/uploads\/2026\/03\/05-06-202517491191852-.jpg\" \/>\n\t<meta property=\"og:image:width\" content=\"700\" \/>\n\t<meta property=\"og:image:height\" content=\"670\" \/>\n\t<meta property=\"og:image:type\" content=\"image\/jpeg\" \/>\n<meta name=\"twitter:card\" content=\"summary_large_image\" \/>\n<script type=\"application\/ld+json\" class=\"yoast-schema-graph\">{\"@context\":\"https:\/\/schema.org\",\"@graph\":[{\"@type\":\"WebPage\",\"@id\":\"https:\/\/rental.servicevision.es\/es\/producto\/camaras\/objetivos-y-zooms\/x-tract-360o-macro-zoom-18-28-mm-t8-dzofilm\/\",\"url\":\"https:\/\/rental.servicevision.es\/es\/producto\/camaras\/objetivos-y-zooms\/x-tract-360o-macro-zoom-18-28-mm-t8-dzofilm\/\",\"name\":\"X-Tract 360\u00ba Macro Zoom 18-28 mm T8 DZOFILM - ServiceVision Alquiler\",\"isPartOf\":{\"@id\":\"https:\/\/rental.servicevision.es\/es\/#website\"},\"primaryImageOfPage\":{\"@id\":\"https:\/\/rental.servicevision.es\/es\/producto\/camaras\/objetivos-y-zooms\/x-tract-360o-macro-zoom-18-28-mm-t8-dzofilm\/#primaryimage\"},\"image\":{\"@id\":\"https:\/\/rental.servicevision.es\/es\/producto\/camaras\/objetivos-y-zooms\/x-tract-360o-macro-zoom-18-28-mm-t8-dzofilm\/#primaryimage\"},\"thumbnailUrl\":\"https:\/\/rental.servicevision.es\/wp-content\/uploads\/2026\/03\/05-06-202517491191852-.jpg\",\"datePublished\":\"2026-03-16T10:15:20+00:00\",\"dateModified\":\"2026-03-23T16:46:13+00:00\",\"breadcrumb\":{\"@id\":\"https:\/\/rental.servicevision.es\/es\/producto\/camaras\/objetivos-y-zooms\/x-tract-360o-macro-zoom-18-28-mm-t8-dzofilm\/#breadcrumb\"},\"inLanguage\":\"es\",\"potentialAction\":[{\"@type\":\"ReadAction\",\"target\":[\"https:\/\/rental.servicevision.es\/es\/producto\/camaras\/objetivos-y-zooms\/x-tract-360o-macro-zoom-18-28-mm-t8-dzofilm\/\"]}]},{\"@type\":\"ImageObject\",\"inLanguage\":\"es\",\"@id\":\"https:\/\/rental.servicevision.es\/es\/producto\/camaras\/objetivos-y-zooms\/x-tract-360o-macro-zoom-18-28-mm-t8-dzofilm\/#primaryimage\",\"url\":\"https:\/\/rental.servicevision.es\/wp-content\/uploads\/2026\/03\/05-06-202517491191852-.jpg\",\"contentUrl\":\"https:\/\/rental.servicevision.es\/wp-content\/uploads\/2026\/03\/05-06-202517491191852-.jpg\",\"width\":700,\"height\":670},{\"@type\":\"BreadcrumbList\",\"@id\":\"https:\/\/rental.servicevision.es\/es\/producto\/camaras\/objetivos-y-zooms\/x-tract-360o-macro-zoom-18-28-mm-t8-dzofilm\/#breadcrumb\",\"itemListElement\":[{\"@type\":\"ListItem\",\"position\":1,\"name\":\"Portada\",\"item\":\"https:\/\/rental.servicevision.es\/es\/\"},{\"@type\":\"ListItem\",\"position\":2,\"name\":\"Alquiler\",\"item\":\"https:\/\/rental.servicevision.es\/es\/alquiler-3\/\"},{\"@type\":\"ListItem\",\"position\":3,\"name\":\"X-Tract 360\u00ba Macro Zoom 18-28 mm T8 DZOFILM\"}]},{\"@type\":\"WebSite\",\"@id\":\"https:\/\/rental.servicevision.es\/es\/#website\",\"url\":\"https:\/\/rental.servicevision.es\/es\/\",\"name\":\"ServiceVision Alquiler\",\"description\":\"Fabricaci\u00f3n y alquiler de equipos para rodajes cinematogr\u00e1ficos\",\"potentialAction\":[{\"@type\":\"SearchAction\",\"target\":{\"@type\":\"EntryPoint\",\"urlTemplate\":\"https:\/\/rental.servicevision.es\/es\/?s={search_term_string}\"},\"query-input\":{\"@type\":\"PropertyValueSpecification\",\"valueRequired\":true,\"valueName\":\"search_term_string\"}}],\"inLanguage\":\"es\"}]}<\/script>\n<!-- \/ Yoast SEO plugin. -->","yoast_head_json":{"title":"X-Tract 360\u00ba Macro Zoom 18-28 mm T8 DZOFILM - ServiceVision Alquiler","robots":{"index":"index","follow":"follow","max-snippet":"max-snippet:-1","max-image-preview":"max-image-preview:large","max-video-preview":"max-video-preview:-1"},"canonical":"https:\/\/rental.servicevision.es\/es\/producto\/camaras\/objetivos-y-zooms\/x-tract-360o-macro-zoom-18-28-mm-t8-dzofilm\/","og_locale":"es_ES","og_type":"article","og_title":"X-Tract 360\u00ba Macro Zoom 18-28 mm T8 DZOFILM - ServiceVision Alquiler","og_description":"El DZOFilm X-Tract 18-28mm T8 FF Probe Zoom (360\u00b0 Direct View) es el primer objetivo zoom de tipo probe, de Full Frame en el mercado, dise\u00f1ado espec\u00edficamente para cinematograf\u00eda macro y publicitaria. A diferencia de los lentes de Probe tradicionales de focal fija, este modelo permite variar el encuadre entre 18mm y 28mm.","og_url":"https:\/\/rental.servicevision.es\/es\/producto\/camaras\/objetivos-y-zooms\/x-tract-360o-macro-zoom-18-28-mm-t8-dzofilm\/","og_site_name":"ServiceVision Alquiler","article_modified_time":"2026-03-23T16:46:13+00:00","og_image":[{"width":700,"height":670,"url":"https:\/\/rental.servicevision.es\/wp-content\/uploads\/2026\/03\/05-06-202517491191852-.jpg","type":"image\/jpeg"}],"twitter_card":"summary_large_image","schema":{"@context":"https:\/\/schema.org","@graph":[{"@type":"WebPage","@id":"https:\/\/rental.servicevision.es\/es\/producto\/camaras\/objetivos-y-zooms\/x-tract-360o-macro-zoom-18-28-mm-t8-dzofilm\/","url":"https:\/\/rental.servicevision.es\/es\/producto\/camaras\/objetivos-y-zooms\/x-tract-360o-macro-zoom-18-28-mm-t8-dzofilm\/","name":"X-Tract 360\u00ba Macro Zoom 18-28 mm T8 DZOFILM - ServiceVision Alquiler","isPartOf":{"@id":"https:\/\/rental.servicevision.es\/es\/#website"},"primaryImageOfPage":{"@id":"https:\/\/rental.servicevision.es\/es\/producto\/camaras\/objetivos-y-zooms\/x-tract-360o-macro-zoom-18-28-mm-t8-dzofilm\/#primaryimage"},"image":{"@id":"https:\/\/rental.servicevision.es\/es\/producto\/camaras\/objetivos-y-zooms\/x-tract-360o-macro-zoom-18-28-mm-t8-dzofilm\/#primaryimage"},"thumbnailUrl":"https:\/\/rental.servicevision.es\/wp-content\/uploads\/2026\/03\/05-06-202517491191852-.jpg","datePublished":"2026-03-16T10:15:20+00:00","dateModified":"2026-03-23T16:46:13+00:00","breadcrumb":{"@id":"https:\/\/rental.servicevision.es\/es\/producto\/camaras\/objetivos-y-zooms\/x-tract-360o-macro-zoom-18-28-mm-t8-dzofilm\/#breadcrumb"},"inLanguage":"es","potentialAction":[{"@type":"ReadAction","target":["https:\/\/rental.servicevision.es\/es\/producto\/camaras\/objetivos-y-zooms\/x-tract-360o-macro-zoom-18-28-mm-t8-dzofilm\/"]}]},{"@type":"ImageObject","inLanguage":"es","@id":"https:\/\/rental.servicevision.es\/es\/producto\/camaras\/objetivos-y-zooms\/x-tract-360o-macro-zoom-18-28-mm-t8-dzofilm\/#primaryimage","url":"https:\/\/rental.servicevision.es\/wp-content\/uploads\/2026\/03\/05-06-202517491191852-.jpg","contentUrl":"https:\/\/rental.servicevision.es\/wp-content\/uploads\/2026\/03\/05-06-202517491191852-.jpg","width":700,"height":670},{"@type":"BreadcrumbList","@id":"https:\/\/rental.servicevision.es\/es\/producto\/camaras\/objetivos-y-zooms\/x-tract-360o-macro-zoom-18-28-mm-t8-dzofilm\/#breadcrumb","itemListElement":[{"@type":"ListItem","position":1,"name":"Portada","item":"https:\/\/rental.servicevision.es\/es\/"},{"@type":"ListItem","position":2,"name":"Alquiler","item":"https:\/\/rental.servicevision.es\/es\/alquiler-3\/"},{"@type":"ListItem","position":3,"name":"X-Tract 360\u00ba Macro Zoom 18-28 mm T8 DZOFILM"}]},{"@type":"WebSite","@id":"https:\/\/rental.servicevision.es\/es\/#website","url":"https:\/\/rental.servicevision.es\/es\/","name":"ServiceVision Alquiler","description":"Fabricaci\u00f3n y alquiler de equipos para rodajes cinematogr\u00e1ficos","potentialAction":[{"@type":"SearchAction","target":{"@type":"EntryPoint","urlTemplate":"https:\/\/rental.servicevision.es\/es\/?s={search_term_string}"},"query-input":{"@type":"PropertyValueSpecification","valueRequired":true,"valueName":"search_term_string"}}],"inLanguage":"es"}]}},"_links":{"self":[{"href":"https:\/\/rental.servicevision.es\/es\/wp-json\/wp\/v2\/product\/11346","targetHints":{"allow":["GET"]}}],"collection":[{"href":"https:\/\/rental.servicevision.es\/es\/wp-json\/wp\/v2\/product"}],"about":[{"href":"https:\/\/rental.servicevision.es\/es\/wp-json\/wp\/v2\/types\/product"}],"wp:featuredmedia":[{"embeddable":true,"href":"https:\/\/rental.servicevision.es\/es\/wp-json\/wp\/v2\/media\/11357"}],"wp:attachment":[{"href":"https:\/\/rental.servicevision.es\/es\/wp-json\/wp\/v2\/media?parent=11346"}],"wp:term":[{"taxonomy":"product_cat","embeddable":true,"href":"https:\/\/rental.servicevision.es\/es\/wp-json\/wp\/v2\/product_cat?post=11346"},{"taxonomy":"product_tag","embeddable":true,"href":"https:\/\/rental.servicevision.es\/es\/wp-json\/wp\/v2\/product_tag?post=11346"}],"curies":[{"name":"wp","href":"https:\/\/api.w.org\/{rel}","templated":true}]}}