{"id":1134,"date":"2019-05-07T16:07:14","date_gmt":"2019-05-07T16:07:14","guid":{"rendered":"http:\/\/servicevisionalq.bcntic.com\/?post_type=product&#038;p=1134"},"modified":"2026-03-26T22:03:01","modified_gmt":"2026-03-26T21:03:01","slug":"leica-r-super-vintage-60-rehoused-glo","status":"publish","type":"product","link":"https:\/\/rental.servicevision.es\/es\/producto\/camaras\/objetivos-y-zooms\/objetivos-y-juegos-vintage-pl-35mm\/leica-r-super-vintage-60-rehoused-glo\/","title":{"rendered":"LEICA R SUPER VINTAGE 60 REHOUSED by GLO"},"content":{"rendered":"","protected":false},"excerpt":{"rendered":"<div class=\"woocommerce-product-details__short-description\">\n<p><span style=\"color: #000000;\">Servicevision ha comprado objetivos Leica de los a\u00f1os 1960 hasta el 2009 final de la fabricaci\u00f3n de Leica R, se est\u00e1 modificando y adaptando a la cinematograf\u00eda actual.<\/span><\/p>\n<p><span style=\"color: #000000;\">La serie Leica R Super Vintage 60 se fabric\u00f3 en Alemania entre los a\u00f1os 1960 a los 1970, se han retocado lentes en Servicevision para suavizar la imagen y crear flares. <\/span><\/p>\n<p><span class=\"HwtZe\" lang=\"es\" style=\"color: #000000;\"><span class=\"jCAhz ChMk0b\"><span class=\"ryNqvb\">Los objetivos Leica-R son famosos por su resoluci\u00f3n n\u00edtida y no cl\u00ednica combinada con un buen contraste y colores sutilmente c\u00e1lidos.<\/span><\/span> <span class=\"jCAhz ChMk0b\"><span class=\"ryNqvb\">El bokeh es suave cuando se abre por completo, pero a\u00fan produce el aspecto ic\u00f3nico cuando se cierra el diafragma.<\/span><\/span> <span class=\"jCAhz ChMk0b\"><span class=\"ryNqvb\">Esta es la raz\u00f3n por la que se utiliza el iris original durante el proceso de rehouse.<\/span><\/span><\/span><\/p>\n<\/div>\n","protected":false},"featured_media":9339,"template":"","meta":{"ngg_post_thumbnail":0},"product_cat":[15,773,64,22],"product_tag":[],"class_list":{"0":"post-1134","1":"product","2":"type-product","3":"status-publish","4":"has-post-thumbnail","6":"product_cat-camaras","7":"product_cat-exportar","8":"product_cat-objetivos-y-juegos-vintage-pl-35mm","9":"product_cat-objetivos-y-zooms","11":"first","12":"instock","13":"virtual","14":"taxable","15":"product-type-simple","16":"col-xs-6 col-sm-4","17":"col-md-3 col-lg-3","18":"un-4-cols"},"yoast_head":"<!-- This site is optimized with the Yoast SEO plugin v27.1.1 - https:\/\/yoast.com\/product\/yoast-seo-wordpress\/ -->\n<title>Objetivo para c\u00e1mara LEICA R SUPER VINTAGE 60 REHOUSED GLO - ServiceVision Alquiler<\/title>\n<meta name=\"description\" content=\"Alquiler de Objetivo para c\u00e1mara - objetivos y juegos PL 35mm: LEICA R SUPER VINTAGE 60 REHOUSED GLO. Consultas y soporte t\u00e9cnico en Servicevision, fabricaci\u00f3n y alquiler de equipos para rodajes cinematogr\u00e1ficos.\" \/>\n<meta name=\"robots\" content=\"index, follow, max-snippet:-1, max-image-preview:large, max-video-preview:-1\" \/>\n<link rel=\"canonical\" href=\"https:\/\/rental.servicevision.es\/es\/producto\/camaras\/objetivos-y-zooms\/objetivos-y-juegos-vintage-pl-35mm\/leica-r-super-vintage-60-rehoused-glo\/\" \/>\n<meta property=\"og:locale\" content=\"es_ES\" \/>\n<meta property=\"og:type\" content=\"article\" \/>\n<meta property=\"og:title\" content=\"Objetivo para c\u00e1mara LEICA R SUPER VINTAGE 60 REHOUSED GLO - ServiceVision Alquiler\" \/>\n<meta property=\"og:description\" content=\"Alquiler de Objetivo para c\u00e1mara - objetivos y juegos PL 35mm: LEICA R SUPER VINTAGE 60 REHOUSED GLO. Consultas y soporte t\u00e9cnico en Servicevision, fabricaci\u00f3n y alquiler de equipos para rodajes cinematogr\u00e1ficos.\" \/>\n<meta property=\"og:url\" content=\"https:\/\/rental.servicevision.es\/es\/producto\/camaras\/objetivos-y-zooms\/objetivos-y-juegos-vintage-pl-35mm\/leica-r-super-vintage-60-rehoused-glo\/\" \/>\n<meta property=\"og:site_name\" content=\"ServiceVision Alquiler\" \/>\n<meta property=\"article:modified_time\" content=\"2026-03-26T21:03:01+00:00\" \/>\n<meta property=\"og:image\" content=\"https:\/\/rental.servicevision.es\/wp-content\/uploads\/2019\/05\/017_Leica-R_Vintage-60ByGLO-1-scaled.jpg\" \/>\n\t<meta property=\"og:image:width\" content=\"2560\" \/>\n\t<meta property=\"og:image:height\" content=\"1682\" \/>\n\t<meta property=\"og:image:type\" content=\"image\/jpeg\" \/>\n<meta name=\"twitter:card\" content=\"summary_large_image\" \/>\n<script type=\"application\/ld+json\" class=\"yoast-schema-graph\">{\"@context\":\"https:\/\/schema.org\",\"@graph\":[{\"@type\":\"WebPage\",\"@id\":\"https:\/\/rental.servicevision.es\/es\/producto\/camaras\/objetivos-y-zooms\/objetivos-y-juegos-vintage-pl-35mm\/leica-r-super-vintage-60-rehoused-glo\/\",\"url\":\"https:\/\/rental.servicevision.es\/es\/producto\/camaras\/objetivos-y-zooms\/objetivos-y-juegos-vintage-pl-35mm\/leica-r-super-vintage-60-rehoused-glo\/\",\"name\":\"Objetivo para c\u00e1mara LEICA R SUPER VINTAGE 60 REHOUSED GLO - ServiceVision Alquiler\",\"isPartOf\":{\"@id\":\"https:\/\/rental.servicevision.es\/es\/#website\"},\"primaryImageOfPage\":{\"@id\":\"https:\/\/rental.servicevision.es\/es\/producto\/camaras\/objetivos-y-zooms\/objetivos-y-juegos-vintage-pl-35mm\/leica-r-super-vintage-60-rehoused-glo\/#primaryimage\"},\"image\":{\"@id\":\"https:\/\/rental.servicevision.es\/es\/producto\/camaras\/objetivos-y-zooms\/objetivos-y-juegos-vintage-pl-35mm\/leica-r-super-vintage-60-rehoused-glo\/#primaryimage\"},\"thumbnailUrl\":\"https:\/\/rental.servicevision.es\/wp-content\/uploads\/2019\/05\/017_Leica-R_Vintage-60ByGLO-1-scaled.jpg\",\"datePublished\":\"2019-05-07T16:07:14+00:00\",\"dateModified\":\"2026-03-26T21:03:01+00:00\",\"description\":\"Alquiler de Objetivo para c\u00e1mara - objetivos y juegos PL 35mm: LEICA R SUPER VINTAGE 60 REHOUSED GLO. Consultas y soporte t\u00e9cnico en Servicevision, fabricaci\u00f3n y alquiler de equipos para rodajes cinematogr\u00e1ficos.\",\"breadcrumb\":{\"@id\":\"https:\/\/rental.servicevision.es\/es\/producto\/camaras\/objetivos-y-zooms\/objetivos-y-juegos-vintage-pl-35mm\/leica-r-super-vintage-60-rehoused-glo\/#breadcrumb\"},\"inLanguage\":\"es\",\"potentialAction\":[{\"@type\":\"ReadAction\",\"target\":[\"https:\/\/rental.servicevision.es\/es\/producto\/camaras\/objetivos-y-zooms\/objetivos-y-juegos-vintage-pl-35mm\/leica-r-super-vintage-60-rehoused-glo\/\"]}]},{\"@type\":\"ImageObject\",\"inLanguage\":\"es\",\"@id\":\"https:\/\/rental.servicevision.es\/es\/producto\/camaras\/objetivos-y-zooms\/objetivos-y-juegos-vintage-pl-35mm\/leica-r-super-vintage-60-rehoused-glo\/#primaryimage\",\"url\":\"https:\/\/rental.servicevision.es\/wp-content\/uploads\/2019\/05\/017_Leica-R_Vintage-60ByGLO-1-scaled.jpg\",\"contentUrl\":\"https:\/\/rental.servicevision.es\/wp-content\/uploads\/2019\/05\/017_Leica-R_Vintage-60ByGLO-1-scaled.jpg\",\"width\":2560,\"height\":1682},{\"@type\":\"BreadcrumbList\",\"@id\":\"https:\/\/rental.servicevision.es\/es\/producto\/camaras\/objetivos-y-zooms\/objetivos-y-juegos-vintage-pl-35mm\/leica-r-super-vintage-60-rehoused-glo\/#breadcrumb\",\"itemListElement\":[{\"@type\":\"ListItem\",\"position\":1,\"name\":\"Portada\",\"item\":\"https:\/\/rental.servicevision.es\/es\/\"},{\"@type\":\"ListItem\",\"position\":2,\"name\":\"Alquiler\",\"item\":\"https:\/\/rental.servicevision.es\/es\/alquiler-3\/\"},{\"@type\":\"ListItem\",\"position\":3,\"name\":\"LEICA R SUPER VINTAGE 60 REHOUSED by GLO\"}]},{\"@type\":\"WebSite\",\"@id\":\"https:\/\/rental.servicevision.es\/es\/#website\",\"url\":\"https:\/\/rental.servicevision.es\/es\/\",\"name\":\"ServiceVision Alquiler\",\"description\":\"Fabricaci\u00f3n y alquiler de equipos para rodajes cinematogr\u00e1ficos\",\"potentialAction\":[{\"@type\":\"SearchAction\",\"target\":{\"@type\":\"EntryPoint\",\"urlTemplate\":\"https:\/\/rental.servicevision.es\/es\/?s={search_term_string}\"},\"query-input\":{\"@type\":\"PropertyValueSpecification\",\"valueRequired\":true,\"valueName\":\"search_term_string\"}}],\"inLanguage\":\"es\"}]}<\/script>\n<!-- \/ Yoast SEO plugin. -->","yoast_head_json":{"title":"Objetivo para c\u00e1mara LEICA R SUPER VINTAGE 60 REHOUSED GLO - ServiceVision Alquiler","description":"Alquiler de Objetivo para c\u00e1mara - objetivos y juegos PL 35mm: LEICA R SUPER VINTAGE 60 REHOUSED GLO. Consultas y soporte t\u00e9cnico en Servicevision, fabricaci\u00f3n y alquiler de equipos para rodajes cinematogr\u00e1ficos.","robots":{"index":"index","follow":"follow","max-snippet":"max-snippet:-1","max-image-preview":"max-image-preview:large","max-video-preview":"max-video-preview:-1"},"canonical":"https:\/\/rental.servicevision.es\/es\/producto\/camaras\/objetivos-y-zooms\/objetivos-y-juegos-vintage-pl-35mm\/leica-r-super-vintage-60-rehoused-glo\/","og_locale":"es_ES","og_type":"article","og_title":"Objetivo para c\u00e1mara LEICA R SUPER VINTAGE 60 REHOUSED GLO - ServiceVision Alquiler","og_description":"Alquiler de Objetivo para c\u00e1mara - objetivos y juegos PL 35mm: LEICA R SUPER VINTAGE 60 REHOUSED GLO. Consultas y soporte t\u00e9cnico en Servicevision, fabricaci\u00f3n y alquiler de equipos para rodajes cinematogr\u00e1ficos.","og_url":"https:\/\/rental.servicevision.es\/es\/producto\/camaras\/objetivos-y-zooms\/objetivos-y-juegos-vintage-pl-35mm\/leica-r-super-vintage-60-rehoused-glo\/","og_site_name":"ServiceVision Alquiler","article_modified_time":"2026-03-26T21:03:01+00:00","og_image":[{"width":2560,"height":1682,"url":"https:\/\/rental.servicevision.es\/wp-content\/uploads\/2019\/05\/017_Leica-R_Vintage-60ByGLO-1-scaled.jpg","type":"image\/jpeg"}],"twitter_card":"summary_large_image","schema":{"@context":"https:\/\/schema.org","@graph":[{"@type":"WebPage","@id":"https:\/\/rental.servicevision.es\/es\/producto\/camaras\/objetivos-y-zooms\/objetivos-y-juegos-vintage-pl-35mm\/leica-r-super-vintage-60-rehoused-glo\/","url":"https:\/\/rental.servicevision.es\/es\/producto\/camaras\/objetivos-y-zooms\/objetivos-y-juegos-vintage-pl-35mm\/leica-r-super-vintage-60-rehoused-glo\/","name":"Objetivo para c\u00e1mara LEICA R SUPER VINTAGE 60 REHOUSED GLO - ServiceVision Alquiler","isPartOf":{"@id":"https:\/\/rental.servicevision.es\/es\/#website"},"primaryImageOfPage":{"@id":"https:\/\/rental.servicevision.es\/es\/producto\/camaras\/objetivos-y-zooms\/objetivos-y-juegos-vintage-pl-35mm\/leica-r-super-vintage-60-rehoused-glo\/#primaryimage"},"image":{"@id":"https:\/\/rental.servicevision.es\/es\/producto\/camaras\/objetivos-y-zooms\/objetivos-y-juegos-vintage-pl-35mm\/leica-r-super-vintage-60-rehoused-glo\/#primaryimage"},"thumbnailUrl":"https:\/\/rental.servicevision.es\/wp-content\/uploads\/2019\/05\/017_Leica-R_Vintage-60ByGLO-1-scaled.jpg","datePublished":"2019-05-07T16:07:14+00:00","dateModified":"2026-03-26T21:03:01+00:00","description":"Alquiler de Objetivo para c\u00e1mara - objetivos y juegos PL 35mm: LEICA R SUPER VINTAGE 60 REHOUSED GLO. Consultas y soporte t\u00e9cnico en Servicevision, fabricaci\u00f3n y alquiler de equipos para rodajes cinematogr\u00e1ficos.","breadcrumb":{"@id":"https:\/\/rental.servicevision.es\/es\/producto\/camaras\/objetivos-y-zooms\/objetivos-y-juegos-vintage-pl-35mm\/leica-r-super-vintage-60-rehoused-glo\/#breadcrumb"},"inLanguage":"es","potentialAction":[{"@type":"ReadAction","target":["https:\/\/rental.servicevision.es\/es\/producto\/camaras\/objetivos-y-zooms\/objetivos-y-juegos-vintage-pl-35mm\/leica-r-super-vintage-60-rehoused-glo\/"]}]},{"@type":"ImageObject","inLanguage":"es","@id":"https:\/\/rental.servicevision.es\/es\/producto\/camaras\/objetivos-y-zooms\/objetivos-y-juegos-vintage-pl-35mm\/leica-r-super-vintage-60-rehoused-glo\/#primaryimage","url":"https:\/\/rental.servicevision.es\/wp-content\/uploads\/2019\/05\/017_Leica-R_Vintage-60ByGLO-1-scaled.jpg","contentUrl":"https:\/\/rental.servicevision.es\/wp-content\/uploads\/2019\/05\/017_Leica-R_Vintage-60ByGLO-1-scaled.jpg","width":2560,"height":1682},{"@type":"BreadcrumbList","@id":"https:\/\/rental.servicevision.es\/es\/producto\/camaras\/objetivos-y-zooms\/objetivos-y-juegos-vintage-pl-35mm\/leica-r-super-vintage-60-rehoused-glo\/#breadcrumb","itemListElement":[{"@type":"ListItem","position":1,"name":"Portada","item":"https:\/\/rental.servicevision.es\/es\/"},{"@type":"ListItem","position":2,"name":"Alquiler","item":"https:\/\/rental.servicevision.es\/es\/alquiler-3\/"},{"@type":"ListItem","position":3,"name":"LEICA R SUPER VINTAGE 60 REHOUSED by GLO"}]},{"@type":"WebSite","@id":"https:\/\/rental.servicevision.es\/es\/#website","url":"https:\/\/rental.servicevision.es\/es\/","name":"ServiceVision Alquiler","description":"Fabricaci\u00f3n y alquiler de equipos para rodajes cinematogr\u00e1ficos","potentialAction":[{"@type":"SearchAction","target":{"@type":"EntryPoint","urlTemplate":"https:\/\/rental.servicevision.es\/es\/?s={search_term_string}"},"query-input":{"@type":"PropertyValueSpecification","valueRequired":true,"valueName":"search_term_string"}}],"inLanguage":"es"}]}},"_links":{"self":[{"href":"https:\/\/rental.servicevision.es\/es\/wp-json\/wp\/v2\/product\/1134","targetHints":{"allow":["GET"]}}],"collection":[{"href":"https:\/\/rental.servicevision.es\/es\/wp-json\/wp\/v2\/product"}],"about":[{"href":"https:\/\/rental.servicevision.es\/es\/wp-json\/wp\/v2\/types\/product"}],"wp:featuredmedia":[{"embeddable":true,"href":"https:\/\/rental.servicevision.es\/es\/wp-json\/wp\/v2\/media\/9339"}],"wp:attachment":[{"href":"https:\/\/rental.servicevision.es\/es\/wp-json\/wp\/v2\/media?parent=1134"}],"wp:term":[{"taxonomy":"product_cat","embeddable":true,"href":"https:\/\/rental.servicevision.es\/es\/wp-json\/wp\/v2\/product_cat?post=1134"},{"taxonomy":"product_tag","embeddable":true,"href":"https:\/\/rental.servicevision.es\/es\/wp-json\/wp\/v2\/product_tag?post=1134"}],"curies":[{"name":"wp","href":"https:\/\/api.w.org\/{rel}","templated":true}]}}