{"id":1122,"date":"2019-05-07T05:16:44","date_gmt":"2019-05-07T05:16:44","guid":{"rendered":"http:\/\/servicevisionalq.bcntic.com\/?post_type=product&#038;p=1122"},"modified":"2023-03-29T20:30:50","modified_gmt":"2023-03-29T19:30:50","slug":"arri-435-3perf","status":"publish","type":"product","link":"https:\/\/rental.servicevision.es\/es\/producto\/camaras\/camaras-35mm-film\/arri-435-3perf\/","title":{"rendered":"ARRI 435-ES 3 Perf\/4 Perf"},"content":{"rendered":"","protected":false},"excerpt":{"rendered":"<p>La c\u00e1mara ARRI 435-ES es una c\u00e1mara de film en S35 o N35, con montura PL, con un obturador electr\u00f3nico variable de 11.2\u00ba a 180\u00ba, con un rango de velocidad de 1 a 150 fps. marcha adelante y atr\u00e1s.<\/p>\n<p>La 435-ES va adaptada a la nueva era con el <strong>Video Tap en HD de IndieAssist<\/strong>&nbsp;para tener el video out en HD, con el&nbsp;<strong>adapter V-Lock<\/strong>&nbsp;de Elokuvakonepaja para poder alimentar la c\u00e1mara con las bater\u00edas V-Lock y con el&nbsp;<strong>Side Plate<\/strong>&nbsp;de Elokuvakonepaja con muchas roscas 3\/8\u201d y 1\/4\u201d para poder enganchar todos los nuevos accesorios.<\/p>\n","protected":false},"featured_media":8776,"template":"","meta":{"ngg_post_thumbnail":0},"product_cat":[15,20],"product_tag":[],"class_list":{"0":"post-1122","1":"product","2":"type-product","3":"status-publish","4":"has-post-thumbnail","6":"product_cat-camaras","7":"product_cat-camaras-35mm-film","9":"first","10":"instock","11":"virtual","12":"taxable","13":"product-type-simple","14":"col-xs-6 col-sm-4","15":"col-md-3 col-lg-3","16":"un-4-cols"},"yoast_head":"<!-- This site is optimized with the Yoast SEO plugin v27.1.1 - https:\/\/yoast.com\/product\/yoast-seo-wordpress\/ -->\n<title>C\u00e1mara ARRI 435-3Perf - ServiceVision Alquiler<\/title>\n<meta name=\"description\" content=\"Alquiler de C\u00e1mara de 35mm: ARRI 435-3Perf. Consultas y soporte t\u00e9cnico en Servicevision, fabricaci\u00f3n y alquiler de equipos para rodajes cinematogr\u00e1ficos.\" \/>\n<meta name=\"robots\" content=\"index, follow, max-snippet:-1, max-image-preview:large, max-video-preview:-1\" \/>\n<link rel=\"canonical\" href=\"https:\/\/rental.servicevision.es\/es\/producto\/camaras\/camaras-35mm-film\/arri-435-3perf\/\" \/>\n<meta property=\"og:locale\" content=\"es_ES\" \/>\n<meta property=\"og:type\" content=\"article\" \/>\n<meta property=\"og:title\" content=\"C\u00e1mara ARRI 435-3Perf - ServiceVision Alquiler\" \/>\n<meta property=\"og:description\" content=\"Alquiler de C\u00e1mara de 35mm: ARRI 435-3Perf. Consultas y soporte t\u00e9cnico en Servicevision, fabricaci\u00f3n y alquiler de equipos para rodajes cinematogr\u00e1ficos.\" \/>\n<meta property=\"og:url\" content=\"https:\/\/rental.servicevision.es\/es\/producto\/camaras\/camaras-35mm-film\/arri-435-3perf\/\" \/>\n<meta property=\"og:site_name\" content=\"ServiceVision Alquiler\" \/>\n<meta property=\"article:modified_time\" content=\"2023-03-29T19:30:50+00:00\" \/>\n<meta property=\"og:image\" content=\"https:\/\/rental.servicevision.es\/wp-content\/uploads\/2019\/05\/20230322_164538-copia.jpg\" \/>\n\t<meta property=\"og:image:width\" content=\"1094\" \/>\n\t<meta property=\"og:image:height\" content=\"1080\" \/>\n\t<meta property=\"og:image:type\" content=\"image\/jpeg\" \/>\n<meta name=\"twitter:card\" content=\"summary_large_image\" \/>\n<script type=\"application\/ld+json\" class=\"yoast-schema-graph\">{\"@context\":\"https:\/\/schema.org\",\"@graph\":[{\"@type\":\"WebPage\",\"@id\":\"https:\/\/rental.servicevision.es\/es\/producto\/camaras\/camaras-35mm-film\/arri-435-3perf\/\",\"url\":\"https:\/\/rental.servicevision.es\/es\/producto\/camaras\/camaras-35mm-film\/arri-435-3perf\/\",\"name\":\"C\u00e1mara ARRI 435-3Perf - ServiceVision Alquiler\",\"isPartOf\":{\"@id\":\"https:\/\/rental.servicevision.es\/es\/#website\"},\"primaryImageOfPage\":{\"@id\":\"https:\/\/rental.servicevision.es\/es\/producto\/camaras\/camaras-35mm-film\/arri-435-3perf\/#primaryimage\"},\"image\":{\"@id\":\"https:\/\/rental.servicevision.es\/es\/producto\/camaras\/camaras-35mm-film\/arri-435-3perf\/#primaryimage\"},\"thumbnailUrl\":\"https:\/\/rental.servicevision.es\/wp-content\/uploads\/2019\/05\/20230322_164538-copia.jpg\",\"datePublished\":\"2019-05-07T05:16:44+00:00\",\"dateModified\":\"2023-03-29T19:30:50+00:00\",\"description\":\"Alquiler de C\u00e1mara de 35mm: ARRI 435-3Perf. Consultas y soporte t\u00e9cnico en Servicevision, fabricaci\u00f3n y alquiler de equipos para rodajes cinematogr\u00e1ficos.\",\"breadcrumb\":{\"@id\":\"https:\/\/rental.servicevision.es\/es\/producto\/camaras\/camaras-35mm-film\/arri-435-3perf\/#breadcrumb\"},\"inLanguage\":\"es\",\"potentialAction\":[{\"@type\":\"ReadAction\",\"target\":[\"https:\/\/rental.servicevision.es\/es\/producto\/camaras\/camaras-35mm-film\/arri-435-3perf\/\"]}]},{\"@type\":\"ImageObject\",\"inLanguage\":\"es\",\"@id\":\"https:\/\/rental.servicevision.es\/es\/producto\/camaras\/camaras-35mm-film\/arri-435-3perf\/#primaryimage\",\"url\":\"https:\/\/rental.servicevision.es\/wp-content\/uploads\/2019\/05\/20230322_164538-copia.jpg\",\"contentUrl\":\"https:\/\/rental.servicevision.es\/wp-content\/uploads\/2019\/05\/20230322_164538-copia.jpg\",\"width\":1094,\"height\":1080},{\"@type\":\"BreadcrumbList\",\"@id\":\"https:\/\/rental.servicevision.es\/es\/producto\/camaras\/camaras-35mm-film\/arri-435-3perf\/#breadcrumb\",\"itemListElement\":[{\"@type\":\"ListItem\",\"position\":1,\"name\":\"Portada\",\"item\":\"https:\/\/rental.servicevision.es\/es\/\"},{\"@type\":\"ListItem\",\"position\":2,\"name\":\"Alquiler\",\"item\":\"https:\/\/rental.servicevision.es\/es\/alquiler-3\/\"},{\"@type\":\"ListItem\",\"position\":3,\"name\":\"ARRI 435-ES 3 Perf\/4 Perf\"}]},{\"@type\":\"WebSite\",\"@id\":\"https:\/\/rental.servicevision.es\/es\/#website\",\"url\":\"https:\/\/rental.servicevision.es\/es\/\",\"name\":\"ServiceVision Alquiler\",\"description\":\"Fabricaci\u00f3n y alquiler de equipos para rodajes cinematogr\u00e1ficos\",\"potentialAction\":[{\"@type\":\"SearchAction\",\"target\":{\"@type\":\"EntryPoint\",\"urlTemplate\":\"https:\/\/rental.servicevision.es\/es\/?s={search_term_string}\"},\"query-input\":{\"@type\":\"PropertyValueSpecification\",\"valueRequired\":true,\"valueName\":\"search_term_string\"}}],\"inLanguage\":\"es\"}]}<\/script>\n<!-- \/ Yoast SEO plugin. -->","yoast_head_json":{"title":"C\u00e1mara ARRI 435-3Perf - ServiceVision Alquiler","description":"Alquiler de C\u00e1mara de 35mm: ARRI 435-3Perf. Consultas y soporte t\u00e9cnico en Servicevision, fabricaci\u00f3n y alquiler de equipos para rodajes cinematogr\u00e1ficos.","robots":{"index":"index","follow":"follow","max-snippet":"max-snippet:-1","max-image-preview":"max-image-preview:large","max-video-preview":"max-video-preview:-1"},"canonical":"https:\/\/rental.servicevision.es\/es\/producto\/camaras\/camaras-35mm-film\/arri-435-3perf\/","og_locale":"es_ES","og_type":"article","og_title":"C\u00e1mara ARRI 435-3Perf - ServiceVision Alquiler","og_description":"Alquiler de C\u00e1mara de 35mm: ARRI 435-3Perf. Consultas y soporte t\u00e9cnico en Servicevision, fabricaci\u00f3n y alquiler de equipos para rodajes cinematogr\u00e1ficos.","og_url":"https:\/\/rental.servicevision.es\/es\/producto\/camaras\/camaras-35mm-film\/arri-435-3perf\/","og_site_name":"ServiceVision Alquiler","article_modified_time":"2023-03-29T19:30:50+00:00","og_image":[{"width":1094,"height":1080,"url":"https:\/\/rental.servicevision.es\/wp-content\/uploads\/2019\/05\/20230322_164538-copia.jpg","type":"image\/jpeg"}],"twitter_card":"summary_large_image","schema":{"@context":"https:\/\/schema.org","@graph":[{"@type":"WebPage","@id":"https:\/\/rental.servicevision.es\/es\/producto\/camaras\/camaras-35mm-film\/arri-435-3perf\/","url":"https:\/\/rental.servicevision.es\/es\/producto\/camaras\/camaras-35mm-film\/arri-435-3perf\/","name":"C\u00e1mara ARRI 435-3Perf - ServiceVision Alquiler","isPartOf":{"@id":"https:\/\/rental.servicevision.es\/es\/#website"},"primaryImageOfPage":{"@id":"https:\/\/rental.servicevision.es\/es\/producto\/camaras\/camaras-35mm-film\/arri-435-3perf\/#primaryimage"},"image":{"@id":"https:\/\/rental.servicevision.es\/es\/producto\/camaras\/camaras-35mm-film\/arri-435-3perf\/#primaryimage"},"thumbnailUrl":"https:\/\/rental.servicevision.es\/wp-content\/uploads\/2019\/05\/20230322_164538-copia.jpg","datePublished":"2019-05-07T05:16:44+00:00","dateModified":"2023-03-29T19:30:50+00:00","description":"Alquiler de C\u00e1mara de 35mm: ARRI 435-3Perf. Consultas y soporte t\u00e9cnico en Servicevision, fabricaci\u00f3n y alquiler de equipos para rodajes cinematogr\u00e1ficos.","breadcrumb":{"@id":"https:\/\/rental.servicevision.es\/es\/producto\/camaras\/camaras-35mm-film\/arri-435-3perf\/#breadcrumb"},"inLanguage":"es","potentialAction":[{"@type":"ReadAction","target":["https:\/\/rental.servicevision.es\/es\/producto\/camaras\/camaras-35mm-film\/arri-435-3perf\/"]}]},{"@type":"ImageObject","inLanguage":"es","@id":"https:\/\/rental.servicevision.es\/es\/producto\/camaras\/camaras-35mm-film\/arri-435-3perf\/#primaryimage","url":"https:\/\/rental.servicevision.es\/wp-content\/uploads\/2019\/05\/20230322_164538-copia.jpg","contentUrl":"https:\/\/rental.servicevision.es\/wp-content\/uploads\/2019\/05\/20230322_164538-copia.jpg","width":1094,"height":1080},{"@type":"BreadcrumbList","@id":"https:\/\/rental.servicevision.es\/es\/producto\/camaras\/camaras-35mm-film\/arri-435-3perf\/#breadcrumb","itemListElement":[{"@type":"ListItem","position":1,"name":"Portada","item":"https:\/\/rental.servicevision.es\/es\/"},{"@type":"ListItem","position":2,"name":"Alquiler","item":"https:\/\/rental.servicevision.es\/es\/alquiler-3\/"},{"@type":"ListItem","position":3,"name":"ARRI 435-ES 3 Perf\/4 Perf"}]},{"@type":"WebSite","@id":"https:\/\/rental.servicevision.es\/es\/#website","url":"https:\/\/rental.servicevision.es\/es\/","name":"ServiceVision Alquiler","description":"Fabricaci\u00f3n y alquiler de equipos para rodajes cinematogr\u00e1ficos","potentialAction":[{"@type":"SearchAction","target":{"@type":"EntryPoint","urlTemplate":"https:\/\/rental.servicevision.es\/es\/?s={search_term_string}"},"query-input":{"@type":"PropertyValueSpecification","valueRequired":true,"valueName":"search_term_string"}}],"inLanguage":"es"}]}},"_links":{"self":[{"href":"https:\/\/rental.servicevision.es\/es\/wp-json\/wp\/v2\/product\/1122","targetHints":{"allow":["GET"]}}],"collection":[{"href":"https:\/\/rental.servicevision.es\/es\/wp-json\/wp\/v2\/product"}],"about":[{"href":"https:\/\/rental.servicevision.es\/es\/wp-json\/wp\/v2\/types\/product"}],"wp:featuredmedia":[{"embeddable":true,"href":"https:\/\/rental.servicevision.es\/es\/wp-json\/wp\/v2\/media\/8776"}],"wp:attachment":[{"href":"https:\/\/rental.servicevision.es\/es\/wp-json\/wp\/v2\/media?parent=1122"}],"wp:term":[{"taxonomy":"product_cat","embeddable":true,"href":"https:\/\/rental.servicevision.es\/es\/wp-json\/wp\/v2\/product_cat?post=1122"},{"taxonomy":"product_tag","embeddable":true,"href":"https:\/\/rental.servicevision.es\/es\/wp-json\/wp\/v2\/product_tag?post=1122"}],"curies":[{"name":"wp","href":"https:\/\/api.w.org\/{rel}","templated":true}]}}