{"id":11188,"date":"2025-12-03T17:19:13","date_gmt":"2025-12-03T16:19:13","guid":{"rendered":"https:\/\/rental.servicevision.es\/?post_type=product&#038;p=11188"},"modified":"2025-12-03T18:16:53","modified_gmt":"2025-12-03T17:16:53","slug":"scorpio-78","status":"publish","type":"product","link":"https:\/\/rental.servicevision.es\/es\/producto\/grips\/gruas-telescopicas\/scorpio-45\/scorpio-78\/","title":{"rendered":"SCORPIO 78&#8242;"},"content":{"rendered":"","protected":false},"excerpt":{"rendered":"<div class=\"fieldset-wrapper\">\n<div class=\"field field-name-field-producto-descripcion field-type-text-long field-label-hidden\">\n<div class=\"field-items\">\n<div class=\"field-item even\">\n<p class=\"svs-p-notas-tecnicas\"><strong>La gr\u00faa Scorpio 78\u00b4<\/strong> es la gr\u00faa telesc\u00f3pica m\u00e1s larga con capacidad de control humano.<\/p>\n<\/div>\n<\/div>\n<\/div>\n<\/div>\n","protected":false},"featured_media":11179,"template":"","meta":{"ngg_post_thumbnail":0},"product_cat":[115],"product_tag":[],"class_list":{"0":"post-11188","1":"product","2":"type-product","3":"status-publish","4":"has-post-thumbnail","6":"product_cat-scorpio-45","8":"first","9":"instock","10":"virtual","11":"taxable","12":"product-type-simple","13":"col-xs-6 col-sm-4","14":"col-md-3 col-lg-3","15":"un-4-cols"},"yoast_head":"<!-- This site is optimized with the Yoast SEO plugin v27.1.1 - https:\/\/yoast.com\/product\/yoast-seo-wordpress\/ -->\n<title>Veh\u00edculos y gruas para rodajes - Alquiler de SCORPIO 78&#039; - ServiceVision Alquiler<\/title>\n<meta name=\"description\" content=\"Alquiler de Veh\u00edculos y gruas para rodajes - SCORPIO 78&#039;. Consultas y soporte t\u00e9cnico en Servicevision, fabricaci\u00f3n y alquiler de equipos para rodajes cinematogr\u00e1ficos.\" \/>\n<meta name=\"robots\" content=\"index, follow, max-snippet:-1, max-image-preview:large, max-video-preview:-1\" \/>\n<link rel=\"canonical\" href=\"https:\/\/rental.servicevision.es\/es\/producto\/grips\/gruas-telescopicas\/scorpio-45\/scorpio-78\/\" \/>\n<meta property=\"og:locale\" content=\"es_ES\" \/>\n<meta property=\"og:type\" content=\"article\" \/>\n<meta property=\"og:title\" content=\"Veh\u00edculos y gruas para rodajes - Alquiler de SCORPIO 78&#039; - ServiceVision Alquiler\" \/>\n<meta property=\"og:description\" content=\"Alquiler de Veh\u00edculos y gruas para rodajes - SCORPIO 78&#039;. Consultas y soporte t\u00e9cnico en Servicevision, fabricaci\u00f3n y alquiler de equipos para rodajes cinematogr\u00e1ficos.\" \/>\n<meta property=\"og:url\" content=\"https:\/\/rental.servicevision.es\/es\/producto\/grips\/gruas-telescopicas\/scorpio-45\/scorpio-78\/\" \/>\n<meta property=\"og:site_name\" content=\"ServiceVision Alquiler\" \/>\n<meta property=\"article:modified_time\" content=\"2025-12-03T17:16:53+00:00\" \/>\n<meta property=\"og:image\" content=\"https:\/\/rental.servicevision.es\/wp-content\/uploads\/2025\/12\/Imagen1.jpg\" \/>\n\t<meta property=\"og:image:width\" content=\"786\" \/>\n\t<meta property=\"og:image:height\" content=\"553\" \/>\n\t<meta property=\"og:image:type\" content=\"image\/jpeg\" \/>\n<meta name=\"twitter:card\" content=\"summary_large_image\" \/>\n<script type=\"application\/ld+json\" class=\"yoast-schema-graph\">{\"@context\":\"https:\/\/schema.org\",\"@graph\":[{\"@type\":\"WebPage\",\"@id\":\"https:\/\/rental.servicevision.es\/es\/producto\/grips\/gruas-telescopicas\/scorpio-45\/scorpio-78\/\",\"url\":\"https:\/\/rental.servicevision.es\/es\/producto\/grips\/gruas-telescopicas\/scorpio-45\/scorpio-78\/\",\"name\":\"Veh\u00edculos y gruas para rodajes - Alquiler de SCORPIO 78' - ServiceVision Alquiler\",\"isPartOf\":{\"@id\":\"https:\/\/rental.servicevision.es\/es\/#website\"},\"primaryImageOfPage\":{\"@id\":\"https:\/\/rental.servicevision.es\/es\/producto\/grips\/gruas-telescopicas\/scorpio-45\/scorpio-78\/#primaryimage\"},\"image\":{\"@id\":\"https:\/\/rental.servicevision.es\/es\/producto\/grips\/gruas-telescopicas\/scorpio-45\/scorpio-78\/#primaryimage\"},\"thumbnailUrl\":\"https:\/\/rental.servicevision.es\/wp-content\/uploads\/2025\/12\/Imagen1.jpg\",\"datePublished\":\"2025-12-03T16:19:13+00:00\",\"dateModified\":\"2025-12-03T17:16:53+00:00\",\"description\":\"Alquiler de Veh\u00edculos y gruas para rodajes - SCORPIO 78'. Consultas y soporte t\u00e9cnico en Servicevision, fabricaci\u00f3n y alquiler de equipos para rodajes cinematogr\u00e1ficos.\",\"breadcrumb\":{\"@id\":\"https:\/\/rental.servicevision.es\/es\/producto\/grips\/gruas-telescopicas\/scorpio-45\/scorpio-78\/#breadcrumb\"},\"inLanguage\":\"es\",\"potentialAction\":[{\"@type\":\"ReadAction\",\"target\":[\"https:\/\/rental.servicevision.es\/es\/producto\/grips\/gruas-telescopicas\/scorpio-45\/scorpio-78\/\"]}]},{\"@type\":\"ImageObject\",\"inLanguage\":\"es\",\"@id\":\"https:\/\/rental.servicevision.es\/es\/producto\/grips\/gruas-telescopicas\/scorpio-45\/scorpio-78\/#primaryimage\",\"url\":\"https:\/\/rental.servicevision.es\/wp-content\/uploads\/2025\/12\/Imagen1.jpg\",\"contentUrl\":\"https:\/\/rental.servicevision.es\/wp-content\/uploads\/2025\/12\/Imagen1.jpg\",\"width\":786,\"height\":553},{\"@type\":\"BreadcrumbList\",\"@id\":\"https:\/\/rental.servicevision.es\/es\/producto\/grips\/gruas-telescopicas\/scorpio-45\/scorpio-78\/#breadcrumb\",\"itemListElement\":[{\"@type\":\"ListItem\",\"position\":1,\"name\":\"Portada\",\"item\":\"https:\/\/rental.servicevision.es\/es\/\"},{\"@type\":\"ListItem\",\"position\":2,\"name\":\"Alquiler\",\"item\":\"https:\/\/rental.servicevision.es\/es\/alquiler-3\/\"},{\"@type\":\"ListItem\",\"position\":3,\"name\":\"SCORPIO 78&#8242;\"}]},{\"@type\":\"WebSite\",\"@id\":\"https:\/\/rental.servicevision.es\/es\/#website\",\"url\":\"https:\/\/rental.servicevision.es\/es\/\",\"name\":\"ServiceVision Alquiler\",\"description\":\"Fabricaci\u00f3n y alquiler de equipos para rodajes cinematogr\u00e1ficos\",\"potentialAction\":[{\"@type\":\"SearchAction\",\"target\":{\"@type\":\"EntryPoint\",\"urlTemplate\":\"https:\/\/rental.servicevision.es\/es\/?s={search_term_string}\"},\"query-input\":{\"@type\":\"PropertyValueSpecification\",\"valueRequired\":true,\"valueName\":\"search_term_string\"}}],\"inLanguage\":\"es\"}]}<\/script>\n<!-- \/ Yoast SEO plugin. -->","yoast_head_json":{"title":"Veh\u00edculos y gruas para rodajes - Alquiler de SCORPIO 78' - ServiceVision Alquiler","description":"Alquiler de Veh\u00edculos y gruas para rodajes - SCORPIO 78'. Consultas y soporte t\u00e9cnico en Servicevision, fabricaci\u00f3n y alquiler de equipos para rodajes cinematogr\u00e1ficos.","robots":{"index":"index","follow":"follow","max-snippet":"max-snippet:-1","max-image-preview":"max-image-preview:large","max-video-preview":"max-video-preview:-1"},"canonical":"https:\/\/rental.servicevision.es\/es\/producto\/grips\/gruas-telescopicas\/scorpio-45\/scorpio-78\/","og_locale":"es_ES","og_type":"article","og_title":"Veh\u00edculos y gruas para rodajes - Alquiler de SCORPIO 78' - ServiceVision Alquiler","og_description":"Alquiler de Veh\u00edculos y gruas para rodajes - SCORPIO 78'. Consultas y soporte t\u00e9cnico en Servicevision, fabricaci\u00f3n y alquiler de equipos para rodajes cinematogr\u00e1ficos.","og_url":"https:\/\/rental.servicevision.es\/es\/producto\/grips\/gruas-telescopicas\/scorpio-45\/scorpio-78\/","og_site_name":"ServiceVision Alquiler","article_modified_time":"2025-12-03T17:16:53+00:00","og_image":[{"width":786,"height":553,"url":"https:\/\/rental.servicevision.es\/wp-content\/uploads\/2025\/12\/Imagen1.jpg","type":"image\/jpeg"}],"twitter_card":"summary_large_image","schema":{"@context":"https:\/\/schema.org","@graph":[{"@type":"WebPage","@id":"https:\/\/rental.servicevision.es\/es\/producto\/grips\/gruas-telescopicas\/scorpio-45\/scorpio-78\/","url":"https:\/\/rental.servicevision.es\/es\/producto\/grips\/gruas-telescopicas\/scorpio-45\/scorpio-78\/","name":"Veh\u00edculos y gruas para rodajes - Alquiler de SCORPIO 78' - ServiceVision Alquiler","isPartOf":{"@id":"https:\/\/rental.servicevision.es\/es\/#website"},"primaryImageOfPage":{"@id":"https:\/\/rental.servicevision.es\/es\/producto\/grips\/gruas-telescopicas\/scorpio-45\/scorpio-78\/#primaryimage"},"image":{"@id":"https:\/\/rental.servicevision.es\/es\/producto\/grips\/gruas-telescopicas\/scorpio-45\/scorpio-78\/#primaryimage"},"thumbnailUrl":"https:\/\/rental.servicevision.es\/wp-content\/uploads\/2025\/12\/Imagen1.jpg","datePublished":"2025-12-03T16:19:13+00:00","dateModified":"2025-12-03T17:16:53+00:00","description":"Alquiler de Veh\u00edculos y gruas para rodajes - SCORPIO 78'. Consultas y soporte t\u00e9cnico en Servicevision, fabricaci\u00f3n y alquiler de equipos para rodajes cinematogr\u00e1ficos.","breadcrumb":{"@id":"https:\/\/rental.servicevision.es\/es\/producto\/grips\/gruas-telescopicas\/scorpio-45\/scorpio-78\/#breadcrumb"},"inLanguage":"es","potentialAction":[{"@type":"ReadAction","target":["https:\/\/rental.servicevision.es\/es\/producto\/grips\/gruas-telescopicas\/scorpio-45\/scorpio-78\/"]}]},{"@type":"ImageObject","inLanguage":"es","@id":"https:\/\/rental.servicevision.es\/es\/producto\/grips\/gruas-telescopicas\/scorpio-45\/scorpio-78\/#primaryimage","url":"https:\/\/rental.servicevision.es\/wp-content\/uploads\/2025\/12\/Imagen1.jpg","contentUrl":"https:\/\/rental.servicevision.es\/wp-content\/uploads\/2025\/12\/Imagen1.jpg","width":786,"height":553},{"@type":"BreadcrumbList","@id":"https:\/\/rental.servicevision.es\/es\/producto\/grips\/gruas-telescopicas\/scorpio-45\/scorpio-78\/#breadcrumb","itemListElement":[{"@type":"ListItem","position":1,"name":"Portada","item":"https:\/\/rental.servicevision.es\/es\/"},{"@type":"ListItem","position":2,"name":"Alquiler","item":"https:\/\/rental.servicevision.es\/es\/alquiler-3\/"},{"@type":"ListItem","position":3,"name":"SCORPIO 78&#8242;"}]},{"@type":"WebSite","@id":"https:\/\/rental.servicevision.es\/es\/#website","url":"https:\/\/rental.servicevision.es\/es\/","name":"ServiceVision Alquiler","description":"Fabricaci\u00f3n y alquiler de equipos para rodajes cinematogr\u00e1ficos","potentialAction":[{"@type":"SearchAction","target":{"@type":"EntryPoint","urlTemplate":"https:\/\/rental.servicevision.es\/es\/?s={search_term_string}"},"query-input":{"@type":"PropertyValueSpecification","valueRequired":true,"valueName":"search_term_string"}}],"inLanguage":"es"}]}},"_links":{"self":[{"href":"https:\/\/rental.servicevision.es\/es\/wp-json\/wp\/v2\/product\/11188","targetHints":{"allow":["GET"]}}],"collection":[{"href":"https:\/\/rental.servicevision.es\/es\/wp-json\/wp\/v2\/product"}],"about":[{"href":"https:\/\/rental.servicevision.es\/es\/wp-json\/wp\/v2\/types\/product"}],"wp:featuredmedia":[{"embeddable":true,"href":"https:\/\/rental.servicevision.es\/es\/wp-json\/wp\/v2\/media\/11179"}],"wp:attachment":[{"href":"https:\/\/rental.servicevision.es\/es\/wp-json\/wp\/v2\/media?parent=11188"}],"wp:term":[{"taxonomy":"product_cat","embeddable":true,"href":"https:\/\/rental.servicevision.es\/es\/wp-json\/wp\/v2\/product_cat?post=11188"},{"taxonomy":"product_tag","embeddable":true,"href":"https:\/\/rental.servicevision.es\/es\/wp-json\/wp\/v2\/product_tag?post=11188"}],"curies":[{"name":"wp","href":"https:\/\/api.w.org\/{rel}","templated":true}]}}