{"id":11122,"date":"2025-07-30T10:57:45","date_gmt":"2025-07-30T09:57:45","guid":{"rendered":"https:\/\/rental.servicevision.es\/?post_type=product&#038;p=11122"},"modified":"2025-07-31T11:18:13","modified_gmt":"2025-07-31T10:18:13","slug":"sony-fx3a-4k-ff","status":"publish","type":"product","link":"https:\/\/rental.servicevision.es\/es\/producto\/camaras\/digital\/sony-fx3a-4k-ff\/","title":{"rendered":"SONY FX3A &#8211; 4K FF"},"content":{"rendered":"<h3><span style=\"color: #800000;\"><strong><a href=\"https:\/\/www.sony.es\/electronics\/camaras-lentes-intercambiables\/ilme-fx3a\/specifications\" target=\"_blank\" rel=\"noopener\">DATOS T\u00c9CNICOS<\/a><br \/>\n<\/strong><\/span><\/h3>\n","protected":false},"excerpt":{"rendered":"<p>DATOS T\u00c9CNICOS<\/p>\n","protected":false},"featured_media":11120,"template":"","meta":{"ngg_post_thumbnail":0},"product_cat":[15,19],"product_tag":[],"class_list":{"0":"post-11122","1":"product","2":"type-product","3":"status-publish","4":"has-post-thumbnail","6":"product_cat-camaras","7":"product_cat-digital","9":"first","10":"instock","11":"virtual","12":"taxable","13":"product-type-simple","14":"col-xs-6 col-sm-4","15":"col-md-3 col-lg-3","16":"un-4-cols"},"yoast_head":"<!-- This site is optimized with the Yoast SEO plugin v27.1.1 - https:\/\/yoast.com\/product\/yoast-seo-wordpress\/ -->\n<title>C\u00e1mara SONY FX3A - 4K FF - ServiceVision Alquiler<\/title>\n<meta name=\"description\" content=\"Alquiler de C\u00e1mara para Cinematograf\u00eda digital: SONY FX3A - 4K FF . Consultas y soporte t\u00e9cnico en Servicevision, fabricaci\u00f3n y alquiler de equipos para rodajes cinematogr\u00e1ficos.\" \/>\n<meta name=\"robots\" content=\"index, follow, max-snippet:-1, max-image-preview:large, max-video-preview:-1\" \/>\n<link rel=\"canonical\" href=\"https:\/\/rental.servicevision.es\/es\/producto\/camaras\/digital\/sony-fx3a-4k-ff\/\" \/>\n<meta property=\"og:locale\" content=\"es_ES\" \/>\n<meta property=\"og:type\" content=\"article\" \/>\n<meta property=\"og:title\" content=\"C\u00e1mara SONY FX3A - 4K FF - ServiceVision Alquiler\" \/>\n<meta property=\"og:description\" content=\"Alquiler de C\u00e1mara para Cinematograf\u00eda digital: SONY FX3A - 4K FF . Consultas y soporte t\u00e9cnico en Servicevision, fabricaci\u00f3n y alquiler de equipos para rodajes cinematogr\u00e1ficos.\" \/>\n<meta property=\"og:url\" content=\"https:\/\/rental.servicevision.es\/es\/producto\/camaras\/digital\/sony-fx3a-4k-ff\/\" \/>\n<meta property=\"og:site_name\" content=\"ServiceVision Alquiler\" \/>\n<meta property=\"article:modified_time\" content=\"2025-07-31T10:18:13+00:00\" \/>\n<meta property=\"og:image\" content=\"https:\/\/rental.servicevision.es\/wp-content\/uploads\/2022\/07\/fx3.jpg\" \/>\n\t<meta property=\"og:image:width\" content=\"430\" \/>\n\t<meta property=\"og:image:height\" content=\"400\" \/>\n\t<meta property=\"og:image:type\" content=\"image\/jpeg\" \/>\n<meta name=\"twitter:card\" content=\"summary_large_image\" \/>\n<script type=\"application\/ld+json\" class=\"yoast-schema-graph\">{\"@context\":\"https:\/\/schema.org\",\"@graph\":[{\"@type\":\"WebPage\",\"@id\":\"https:\/\/rental.servicevision.es\/es\/producto\/camaras\/digital\/sony-fx3a-4k-ff\/\",\"url\":\"https:\/\/rental.servicevision.es\/es\/producto\/camaras\/digital\/sony-fx3a-4k-ff\/\",\"name\":\"C\u00e1mara SONY FX3A - 4K FF - ServiceVision Alquiler\",\"isPartOf\":{\"@id\":\"https:\/\/rental.servicevision.es\/es\/#website\"},\"primaryImageOfPage\":{\"@id\":\"https:\/\/rental.servicevision.es\/es\/producto\/camaras\/digital\/sony-fx3a-4k-ff\/#primaryimage\"},\"image\":{\"@id\":\"https:\/\/rental.servicevision.es\/es\/producto\/camaras\/digital\/sony-fx3a-4k-ff\/#primaryimage\"},\"thumbnailUrl\":\"https:\/\/rental.servicevision.es\/wp-content\/uploads\/2022\/07\/fx3.jpg\",\"datePublished\":\"2025-07-30T09:57:45+00:00\",\"dateModified\":\"2025-07-31T10:18:13+00:00\",\"description\":\"Alquiler de C\u00e1mara para Cinematograf\u00eda digital: SONY FX3A - 4K FF . Consultas y soporte t\u00e9cnico en Servicevision, fabricaci\u00f3n y alquiler de equipos para rodajes cinematogr\u00e1ficos.\",\"breadcrumb\":{\"@id\":\"https:\/\/rental.servicevision.es\/es\/producto\/camaras\/digital\/sony-fx3a-4k-ff\/#breadcrumb\"},\"inLanguage\":\"es\",\"potentialAction\":[{\"@type\":\"ReadAction\",\"target\":[\"https:\/\/rental.servicevision.es\/es\/producto\/camaras\/digital\/sony-fx3a-4k-ff\/\"]}]},{\"@type\":\"ImageObject\",\"inLanguage\":\"es\",\"@id\":\"https:\/\/rental.servicevision.es\/es\/producto\/camaras\/digital\/sony-fx3a-4k-ff\/#primaryimage\",\"url\":\"https:\/\/rental.servicevision.es\/wp-content\/uploads\/2022\/07\/fx3.jpg\",\"contentUrl\":\"https:\/\/rental.servicevision.es\/wp-content\/uploads\/2022\/07\/fx3.jpg\",\"width\":430,\"height\":400},{\"@type\":\"BreadcrumbList\",\"@id\":\"https:\/\/rental.servicevision.es\/es\/producto\/camaras\/digital\/sony-fx3a-4k-ff\/#breadcrumb\",\"itemListElement\":[{\"@type\":\"ListItem\",\"position\":1,\"name\":\"Portada\",\"item\":\"https:\/\/rental.servicevision.es\/es\/\"},{\"@type\":\"ListItem\",\"position\":2,\"name\":\"Alquiler\",\"item\":\"https:\/\/rental.servicevision.es\/es\/alquiler-3\/\"},{\"@type\":\"ListItem\",\"position\":3,\"name\":\"SONY FX3A &#8211; 4K FF\"}]},{\"@type\":\"WebSite\",\"@id\":\"https:\/\/rental.servicevision.es\/es\/#website\",\"url\":\"https:\/\/rental.servicevision.es\/es\/\",\"name\":\"ServiceVision Alquiler\",\"description\":\"Fabricaci\u00f3n y alquiler de equipos para rodajes cinematogr\u00e1ficos\",\"potentialAction\":[{\"@type\":\"SearchAction\",\"target\":{\"@type\":\"EntryPoint\",\"urlTemplate\":\"https:\/\/rental.servicevision.es\/es\/?s={search_term_string}\"},\"query-input\":{\"@type\":\"PropertyValueSpecification\",\"valueRequired\":true,\"valueName\":\"search_term_string\"}}],\"inLanguage\":\"es\"}]}<\/script>\n<!-- \/ Yoast SEO plugin. -->","yoast_head_json":{"title":"C\u00e1mara SONY FX3A - 4K FF - ServiceVision Alquiler","description":"Alquiler de C\u00e1mara para Cinematograf\u00eda digital: SONY FX3A - 4K FF . Consultas y soporte t\u00e9cnico en Servicevision, fabricaci\u00f3n y alquiler de equipos para rodajes cinematogr\u00e1ficos.","robots":{"index":"index","follow":"follow","max-snippet":"max-snippet:-1","max-image-preview":"max-image-preview:large","max-video-preview":"max-video-preview:-1"},"canonical":"https:\/\/rental.servicevision.es\/es\/producto\/camaras\/digital\/sony-fx3a-4k-ff\/","og_locale":"es_ES","og_type":"article","og_title":"C\u00e1mara SONY FX3A - 4K FF - ServiceVision Alquiler","og_description":"Alquiler de C\u00e1mara para Cinematograf\u00eda digital: SONY FX3A - 4K FF . Consultas y soporte t\u00e9cnico en Servicevision, fabricaci\u00f3n y alquiler de equipos para rodajes cinematogr\u00e1ficos.","og_url":"https:\/\/rental.servicevision.es\/es\/producto\/camaras\/digital\/sony-fx3a-4k-ff\/","og_site_name":"ServiceVision Alquiler","article_modified_time":"2025-07-31T10:18:13+00:00","og_image":[{"width":430,"height":400,"url":"https:\/\/rental.servicevision.es\/wp-content\/uploads\/2022\/07\/fx3.jpg","type":"image\/jpeg"}],"twitter_card":"summary_large_image","schema":{"@context":"https:\/\/schema.org","@graph":[{"@type":"WebPage","@id":"https:\/\/rental.servicevision.es\/es\/producto\/camaras\/digital\/sony-fx3a-4k-ff\/","url":"https:\/\/rental.servicevision.es\/es\/producto\/camaras\/digital\/sony-fx3a-4k-ff\/","name":"C\u00e1mara SONY FX3A - 4K FF - ServiceVision Alquiler","isPartOf":{"@id":"https:\/\/rental.servicevision.es\/es\/#website"},"primaryImageOfPage":{"@id":"https:\/\/rental.servicevision.es\/es\/producto\/camaras\/digital\/sony-fx3a-4k-ff\/#primaryimage"},"image":{"@id":"https:\/\/rental.servicevision.es\/es\/producto\/camaras\/digital\/sony-fx3a-4k-ff\/#primaryimage"},"thumbnailUrl":"https:\/\/rental.servicevision.es\/wp-content\/uploads\/2022\/07\/fx3.jpg","datePublished":"2025-07-30T09:57:45+00:00","dateModified":"2025-07-31T10:18:13+00:00","description":"Alquiler de C\u00e1mara para Cinematograf\u00eda digital: SONY FX3A - 4K FF . Consultas y soporte t\u00e9cnico en Servicevision, fabricaci\u00f3n y alquiler de equipos para rodajes cinematogr\u00e1ficos.","breadcrumb":{"@id":"https:\/\/rental.servicevision.es\/es\/producto\/camaras\/digital\/sony-fx3a-4k-ff\/#breadcrumb"},"inLanguage":"es","potentialAction":[{"@type":"ReadAction","target":["https:\/\/rental.servicevision.es\/es\/producto\/camaras\/digital\/sony-fx3a-4k-ff\/"]}]},{"@type":"ImageObject","inLanguage":"es","@id":"https:\/\/rental.servicevision.es\/es\/producto\/camaras\/digital\/sony-fx3a-4k-ff\/#primaryimage","url":"https:\/\/rental.servicevision.es\/wp-content\/uploads\/2022\/07\/fx3.jpg","contentUrl":"https:\/\/rental.servicevision.es\/wp-content\/uploads\/2022\/07\/fx3.jpg","width":430,"height":400},{"@type":"BreadcrumbList","@id":"https:\/\/rental.servicevision.es\/es\/producto\/camaras\/digital\/sony-fx3a-4k-ff\/#breadcrumb","itemListElement":[{"@type":"ListItem","position":1,"name":"Portada","item":"https:\/\/rental.servicevision.es\/es\/"},{"@type":"ListItem","position":2,"name":"Alquiler","item":"https:\/\/rental.servicevision.es\/es\/alquiler-3\/"},{"@type":"ListItem","position":3,"name":"SONY FX3A &#8211; 4K FF"}]},{"@type":"WebSite","@id":"https:\/\/rental.servicevision.es\/es\/#website","url":"https:\/\/rental.servicevision.es\/es\/","name":"ServiceVision Alquiler","description":"Fabricaci\u00f3n y alquiler de equipos para rodajes cinematogr\u00e1ficos","potentialAction":[{"@type":"SearchAction","target":{"@type":"EntryPoint","urlTemplate":"https:\/\/rental.servicevision.es\/es\/?s={search_term_string}"},"query-input":{"@type":"PropertyValueSpecification","valueRequired":true,"valueName":"search_term_string"}}],"inLanguage":"es"}]}},"_links":{"self":[{"href":"https:\/\/rental.servicevision.es\/es\/wp-json\/wp\/v2\/product\/11122","targetHints":{"allow":["GET"]}}],"collection":[{"href":"https:\/\/rental.servicevision.es\/es\/wp-json\/wp\/v2\/product"}],"about":[{"href":"https:\/\/rental.servicevision.es\/es\/wp-json\/wp\/v2\/types\/product"}],"wp:featuredmedia":[{"embeddable":true,"href":"https:\/\/rental.servicevision.es\/es\/wp-json\/wp\/v2\/media\/11120"}],"wp:attachment":[{"href":"https:\/\/rental.servicevision.es\/es\/wp-json\/wp\/v2\/media?parent=11122"}],"wp:term":[{"taxonomy":"product_cat","embeddable":true,"href":"https:\/\/rental.servicevision.es\/es\/wp-json\/wp\/v2\/product_cat?post=11122"},{"taxonomy":"product_tag","embeddable":true,"href":"https:\/\/rental.servicevision.es\/es\/wp-json\/wp\/v2\/product_tag?post=11122"}],"curies":[{"name":"wp","href":"https:\/\/api.w.org\/{rel}","templated":true}]}}