{"id":11065,"date":"2025-05-14T16:43:49","date_gmt":"2025-05-14T15:43:49","guid":{"rendered":"https:\/\/rental.servicevision.es\/?post_type=product&#038;p=11065"},"modified":"2026-03-05T11:57:45","modified_gmt":"2026-03-05T10:57:45","slug":"leitz-hugo","status":"publish","type":"product","link":"https:\/\/rental.servicevision.es\/es\/producto\/camaras\/objetivos-y-zooms\/esfericos\/leitz-hugo\/","title":{"rendered":"LEITZ HUGO"},"content":{"rendered":"","protected":false},"excerpt":{"rendered":"<p><span style=\"color: #000000;\">Los&nbsp;Leitz Hug<span style=\"color: #000000;\">o<\/span> son una serie de objetivos cinematogr\u00e1ficos de alta gama dise\u00f1ados por Leitz Cine. Estas lentes destacan por adaptar la \u00f3ptica ic\u00f3nica de la serie&nbsp;Leica M&nbsp;a cuerpos robustos preparados para la producci\u00f3n de cine profesional.<span class=\"T286Pc\" data-sfc-cp=\"\" data-sfc-cb=\"\" data-complete=\"true\" aria-owns=\"action-menu-parent-container\">Utilizan el mismo cristal que los objetivos Leica M, conocidos por su nitidez, contraste y renderizado tridimensional. <\/span><span class=\"T286Pc\" data-sfc-cp=\"\" data-sfc-cb=\"\" data-complete=\"true\">A diferencia de las lentes de fotograf\u00eda, cuentan con una carcasa met\u00e1lica con escalas de enfoque e iris expandidas, montura LPL&nbsp;y engranajes est\u00e1ndar para sistemas de control de enfoque.<\/span><span class=\"T286Pc\" data-sfc-cp=\"\" data-sfc-cb=\"\" data-complete=\"true\" aria-owns=\"action-menu-parent-container\">La mayor\u00eda de la serie tiene una apertura de T1.5, incluyendo modelos especiales como el&nbsp;50mm T1.0 Noctilux, ideal para condiciones de extrema baja luz.<\/span><\/span><\/p>\n","protected":false},"featured_media":11340,"template":"","meta":{"ngg_post_thumbnail":0},"product_cat":[88,22],"product_tag":[],"class_list":{"0":"post-11065","1":"product","2":"type-product","3":"status-publish","4":"has-post-thumbnail","6":"product_cat-esfericos","7":"product_cat-objetivos-y-zooms","9":"first","10":"instock","11":"featured","12":"taxable","13":"shipping-taxable","14":"product-type-simple","15":"col-xs-6 col-sm-4","16":"col-md-3 col-lg-3","17":"un-4-cols"},"yoast_head":"<!-- This site is optimized with the Yoast SEO plugin v27.1.1 - https:\/\/yoast.com\/product\/yoast-seo-wordpress\/ -->\n<title>LEITZ HUGO - ServiceVision Alquiler<\/title>\n<meta name=\"robots\" content=\"index, follow, max-snippet:-1, max-image-preview:large, max-video-preview:-1\" \/>\n<link rel=\"canonical\" href=\"https:\/\/rental.servicevision.es\/es\/producto\/camaras\/objetivos-y-zooms\/esfericos\/leitz-hugo\/\" \/>\n<meta property=\"og:locale\" content=\"es_ES\" \/>\n<meta property=\"og:type\" content=\"article\" \/>\n<meta property=\"og:title\" content=\"LEITZ HUGO - ServiceVision Alquiler\" \/>\n<meta property=\"og:description\" content=\"Los&nbsp;Leitz Hugo son una serie de objetivos cinematogr\u00e1ficos de alta gama dise\u00f1ados por Leitz Cine. Estas lentes destacan por adaptar la \u00f3ptica ic\u00f3nica de la serie&nbsp;Leica M&nbsp;a cuerpos robustos preparados para la producci\u00f3n de cine profesional.Utilizan el mismo cristal que los objetivos Leica M, conocidos por su nitidez, contraste y renderizado tridimensional. A diferencia de las lentes de fotograf\u00eda, cuentan con una carcasa met\u00e1lica con escalas de enfoque e iris expandidas, montura LPL&nbsp;y engranajes est\u00e1ndar para sistemas de control de enfoque.La mayor\u00eda de la serie tiene una apertura de T1.5, incluyendo modelos especiales como el&nbsp;50mm T1.0 Noctilux, ideal para condiciones de extrema baja luz.\" \/>\n<meta property=\"og:url\" content=\"https:\/\/rental.servicevision.es\/es\/producto\/camaras\/objetivos-y-zooms\/esfericos\/leitz-hugo\/\" \/>\n<meta property=\"og:site_name\" content=\"ServiceVision Alquiler\" \/>\n<meta property=\"article:modified_time\" content=\"2026-03-05T10:57:45+00:00\" \/>\n<meta property=\"og:image\" content=\"https:\/\/rental.servicevision.es\/wp-content\/uploads\/2025\/05\/leitz-hugo-kameraverleih-2500x-q85.jpg\" \/>\n\t<meta property=\"og:image:width\" content=\"2500\" \/>\n\t<meta property=\"og:image:height\" content=\"1667\" \/>\n\t<meta property=\"og:image:type\" content=\"image\/jpeg\" \/>\n<meta name=\"twitter:card\" content=\"summary_large_image\" \/>\n<script type=\"application\/ld+json\" class=\"yoast-schema-graph\">{\"@context\":\"https:\/\/schema.org\",\"@graph\":[{\"@type\":\"WebPage\",\"@id\":\"https:\/\/rental.servicevision.es\/es\/producto\/camaras\/objetivos-y-zooms\/esfericos\/leitz-hugo\/\",\"url\":\"https:\/\/rental.servicevision.es\/es\/producto\/camaras\/objetivos-y-zooms\/esfericos\/leitz-hugo\/\",\"name\":\"LEITZ HUGO - ServiceVision Alquiler\",\"isPartOf\":{\"@id\":\"https:\/\/rental.servicevision.es\/es\/#website\"},\"primaryImageOfPage\":{\"@id\":\"https:\/\/rental.servicevision.es\/es\/producto\/camaras\/objetivos-y-zooms\/esfericos\/leitz-hugo\/#primaryimage\"},\"image\":{\"@id\":\"https:\/\/rental.servicevision.es\/es\/producto\/camaras\/objetivos-y-zooms\/esfericos\/leitz-hugo\/#primaryimage\"},\"thumbnailUrl\":\"https:\/\/rental.servicevision.es\/wp-content\/uploads\/2025\/05\/leitz-hugo-kameraverleih-2500x-q85.jpg\",\"datePublished\":\"2025-05-14T15:43:49+00:00\",\"dateModified\":\"2026-03-05T10:57:45+00:00\",\"breadcrumb\":{\"@id\":\"https:\/\/rental.servicevision.es\/es\/producto\/camaras\/objetivos-y-zooms\/esfericos\/leitz-hugo\/#breadcrumb\"},\"inLanguage\":\"es\",\"potentialAction\":[{\"@type\":\"ReadAction\",\"target\":[\"https:\/\/rental.servicevision.es\/es\/producto\/camaras\/objetivos-y-zooms\/esfericos\/leitz-hugo\/\"]}]},{\"@type\":\"ImageObject\",\"inLanguage\":\"es\",\"@id\":\"https:\/\/rental.servicevision.es\/es\/producto\/camaras\/objetivos-y-zooms\/esfericos\/leitz-hugo\/#primaryimage\",\"url\":\"https:\/\/rental.servicevision.es\/wp-content\/uploads\/2025\/05\/leitz-hugo-kameraverleih-2500x-q85.jpg\",\"contentUrl\":\"https:\/\/rental.servicevision.es\/wp-content\/uploads\/2025\/05\/leitz-hugo-kameraverleih-2500x-q85.jpg\",\"width\":2500,\"height\":1667},{\"@type\":\"BreadcrumbList\",\"@id\":\"https:\/\/rental.servicevision.es\/es\/producto\/camaras\/objetivos-y-zooms\/esfericos\/leitz-hugo\/#breadcrumb\",\"itemListElement\":[{\"@type\":\"ListItem\",\"position\":1,\"name\":\"Portada\",\"item\":\"https:\/\/rental.servicevision.es\/es\/\"},{\"@type\":\"ListItem\",\"position\":2,\"name\":\"Alquiler\",\"item\":\"https:\/\/rental.servicevision.es\/es\/alquiler-3\/\"},{\"@type\":\"ListItem\",\"position\":3,\"name\":\"LEITZ HUGO\"}]},{\"@type\":\"WebSite\",\"@id\":\"https:\/\/rental.servicevision.es\/es\/#website\",\"url\":\"https:\/\/rental.servicevision.es\/es\/\",\"name\":\"ServiceVision Alquiler\",\"description\":\"Fabricaci\u00f3n y alquiler de equipos para rodajes cinematogr\u00e1ficos\",\"potentialAction\":[{\"@type\":\"SearchAction\",\"target\":{\"@type\":\"EntryPoint\",\"urlTemplate\":\"https:\/\/rental.servicevision.es\/es\/?s={search_term_string}\"},\"query-input\":{\"@type\":\"PropertyValueSpecification\",\"valueRequired\":true,\"valueName\":\"search_term_string\"}}],\"inLanguage\":\"es\"}]}<\/script>\n<!-- \/ Yoast SEO plugin. -->","yoast_head_json":{"title":"LEITZ HUGO - ServiceVision Alquiler","robots":{"index":"index","follow":"follow","max-snippet":"max-snippet:-1","max-image-preview":"max-image-preview:large","max-video-preview":"max-video-preview:-1"},"canonical":"https:\/\/rental.servicevision.es\/es\/producto\/camaras\/objetivos-y-zooms\/esfericos\/leitz-hugo\/","og_locale":"es_ES","og_type":"article","og_title":"LEITZ HUGO - ServiceVision Alquiler","og_description":"Los&nbsp;Leitz Hugo son una serie de objetivos cinematogr\u00e1ficos de alta gama dise\u00f1ados por Leitz Cine. Estas lentes destacan por adaptar la \u00f3ptica ic\u00f3nica de la serie&nbsp;Leica M&nbsp;a cuerpos robustos preparados para la producci\u00f3n de cine profesional.Utilizan el mismo cristal que los objetivos Leica M, conocidos por su nitidez, contraste y renderizado tridimensional. A diferencia de las lentes de fotograf\u00eda, cuentan con una carcasa met\u00e1lica con escalas de enfoque e iris expandidas, montura LPL&nbsp;y engranajes est\u00e1ndar para sistemas de control de enfoque.La mayor\u00eda de la serie tiene una apertura de T1.5, incluyendo modelos especiales como el&nbsp;50mm T1.0 Noctilux, ideal para condiciones de extrema baja luz.","og_url":"https:\/\/rental.servicevision.es\/es\/producto\/camaras\/objetivos-y-zooms\/esfericos\/leitz-hugo\/","og_site_name":"ServiceVision Alquiler","article_modified_time":"2026-03-05T10:57:45+00:00","og_image":[{"width":2500,"height":1667,"url":"https:\/\/rental.servicevision.es\/wp-content\/uploads\/2025\/05\/leitz-hugo-kameraverleih-2500x-q85.jpg","type":"image\/jpeg"}],"twitter_card":"summary_large_image","schema":{"@context":"https:\/\/schema.org","@graph":[{"@type":"WebPage","@id":"https:\/\/rental.servicevision.es\/es\/producto\/camaras\/objetivos-y-zooms\/esfericos\/leitz-hugo\/","url":"https:\/\/rental.servicevision.es\/es\/producto\/camaras\/objetivos-y-zooms\/esfericos\/leitz-hugo\/","name":"LEITZ HUGO - ServiceVision Alquiler","isPartOf":{"@id":"https:\/\/rental.servicevision.es\/es\/#website"},"primaryImageOfPage":{"@id":"https:\/\/rental.servicevision.es\/es\/producto\/camaras\/objetivos-y-zooms\/esfericos\/leitz-hugo\/#primaryimage"},"image":{"@id":"https:\/\/rental.servicevision.es\/es\/producto\/camaras\/objetivos-y-zooms\/esfericos\/leitz-hugo\/#primaryimage"},"thumbnailUrl":"https:\/\/rental.servicevision.es\/wp-content\/uploads\/2025\/05\/leitz-hugo-kameraverleih-2500x-q85.jpg","datePublished":"2025-05-14T15:43:49+00:00","dateModified":"2026-03-05T10:57:45+00:00","breadcrumb":{"@id":"https:\/\/rental.servicevision.es\/es\/producto\/camaras\/objetivos-y-zooms\/esfericos\/leitz-hugo\/#breadcrumb"},"inLanguage":"es","potentialAction":[{"@type":"ReadAction","target":["https:\/\/rental.servicevision.es\/es\/producto\/camaras\/objetivos-y-zooms\/esfericos\/leitz-hugo\/"]}]},{"@type":"ImageObject","inLanguage":"es","@id":"https:\/\/rental.servicevision.es\/es\/producto\/camaras\/objetivos-y-zooms\/esfericos\/leitz-hugo\/#primaryimage","url":"https:\/\/rental.servicevision.es\/wp-content\/uploads\/2025\/05\/leitz-hugo-kameraverleih-2500x-q85.jpg","contentUrl":"https:\/\/rental.servicevision.es\/wp-content\/uploads\/2025\/05\/leitz-hugo-kameraverleih-2500x-q85.jpg","width":2500,"height":1667},{"@type":"BreadcrumbList","@id":"https:\/\/rental.servicevision.es\/es\/producto\/camaras\/objetivos-y-zooms\/esfericos\/leitz-hugo\/#breadcrumb","itemListElement":[{"@type":"ListItem","position":1,"name":"Portada","item":"https:\/\/rental.servicevision.es\/es\/"},{"@type":"ListItem","position":2,"name":"Alquiler","item":"https:\/\/rental.servicevision.es\/es\/alquiler-3\/"},{"@type":"ListItem","position":3,"name":"LEITZ HUGO"}]},{"@type":"WebSite","@id":"https:\/\/rental.servicevision.es\/es\/#website","url":"https:\/\/rental.servicevision.es\/es\/","name":"ServiceVision Alquiler","description":"Fabricaci\u00f3n y alquiler de equipos para rodajes cinematogr\u00e1ficos","potentialAction":[{"@type":"SearchAction","target":{"@type":"EntryPoint","urlTemplate":"https:\/\/rental.servicevision.es\/es\/?s={search_term_string}"},"query-input":{"@type":"PropertyValueSpecification","valueRequired":true,"valueName":"search_term_string"}}],"inLanguage":"es"}]}},"_links":{"self":[{"href":"https:\/\/rental.servicevision.es\/es\/wp-json\/wp\/v2\/product\/11065","targetHints":{"allow":["GET"]}}],"collection":[{"href":"https:\/\/rental.servicevision.es\/es\/wp-json\/wp\/v2\/product"}],"about":[{"href":"https:\/\/rental.servicevision.es\/es\/wp-json\/wp\/v2\/types\/product"}],"wp:featuredmedia":[{"embeddable":true,"href":"https:\/\/rental.servicevision.es\/es\/wp-json\/wp\/v2\/media\/11340"}],"wp:attachment":[{"href":"https:\/\/rental.servicevision.es\/es\/wp-json\/wp\/v2\/media?parent=11065"}],"wp:term":[{"taxonomy":"product_cat","embeddable":true,"href":"https:\/\/rental.servicevision.es\/es\/wp-json\/wp\/v2\/product_cat?post=11065"},{"taxonomy":"product_tag","embeddable":true,"href":"https:\/\/rental.servicevision.es\/es\/wp-json\/wp\/v2\/product_tag?post=11065"}],"curies":[{"name":"wp","href":"https:\/\/api.w.org\/{rel}","templated":true}]}}