{"id":7,"date":"2018-12-17T05:12:43","date_gmt":"2018-12-17T05:12:43","guid":{"rendered":"http:\/\/servicevisionalq.bcntic.com\/?page_id=7"},"modified":"2023-05-23T12:06:22","modified_gmt":"2023-05-23T11:06:22","slug":"inicio","status":"publish","type":"page","link":"https:\/\/rental.servicevision.es\/es\/","title":{"rendered":"Inicio"},"content":{"rendered":"<p>[vc_row full_width=\u00bbstretch_row_content_no_spaces\u00bb content_placement=\u00bbtop\u00bb el_id=\u00bbhome-slider-principal\u00bb css=\u00bb.vc_custom_1673439702785{background-color: #000000 !important;}\u00bb][vc_column][vc_raw_html]JTIwJTVCc21hcnRzbGlkZXIzJTIwc2xpZGVyJTNEJTIyMiUyMiU1RCUyMA==[\/vc_raw_html][\/vc_column][\/vc_row][vc_row full_width=\u00bbstretch_row_content\u00bb][vc_column][vc_row_inner gap=\u00bb25&#8243; css=\u00bb.vc_custom_1673439961971{padding-top: 10px !important;padding-right: 30px !important;padding-bottom: 10px !important;padding-left: 30px !important;}\u00bb][vc_column_inner el_class=\u00bbhome_row_hover\u00bb width=\u00bb1\/4&#8243;][vc_raw_html el_class=\u00bbencabezado_home\u00bb]JTNDYSUyMGhyZWYlM0QlMjIlMkZhbHF1aWxlciUyRmNhbWFyYXMlMjIlM0VDJUMzJTgxTUFSQVMlM0MlMkZhJTNF[\/vc_raw_html][vc_empty_space height=\u00bb30px\u00bb][vc_single_image image=\u00bb227&#8243; img_size=\u00bblarge\u00bb alignment=\u00bbcenter\u00bb onclick=\u00bbcustom_link\u00bb css_animation=\u00bbnone\u00bb link=\u00bb\/alquiler\/camaras\u00bb el_class=\u00bbimage-frame\u00bb][\/vc_column_inner][vc_column_inner el_class=\u00bbhome_row_hover\u00bb width=\u00bb1\/4&#8243;][vc_raw_html el_class=\u00bbencabezado_home\u00bb]JTNDYSUyMGhyZWYlM0QlMjIlMkZhbHF1aWxlciUyRmx1Y2VzJTIyJTNFTFVDRVMlM0MlMkZhJTNF[\/vc_raw_html][vc_empty_space height=\u00bb30px\u00bb][vc_single_image image=\u00bb234&#8243; img_size=\u00bblarge\u00bb alignment=\u00bbcenter\u00bb onclick=\u00bbcustom_link\u00bb css_animation=\u00bbnone\u00bb link=\u00bb\/alquiler\/luces\u00bb el_class=\u00bbimage-frame\u00bb][\/vc_column_inner][vc_column_inner el_class=\u00bbhome_row_hover\u00bb width=\u00bb1\/4&#8243;][vc_raw_html el_class=\u00bbencabezado_home\u00bb]JTNDYSUyMGhyZWYlM0QlMjIlMkZhbHF1aWxlciUyRmdyaXBzJTIyJTNFR1JJUFMlM0MlMkZhJTNF[\/vc_raw_html][vc_empty_space height=\u00bb30px\u00bb][vc_single_image image=\u00bb224&#8243; img_size=\u00bblarge\u00bb alignment=\u00bbcenter\u00bb onclick=\u00bbcustom_link\u00bb css_animation=\u00bbnone\u00bb link=\u00bb\/alquiler\/grips\u00bb el_class=\u00bbimage-frame\u00bb][\/vc_column_inner][vc_column_inner el_class=\u00bbhome_row_hover\u00bb width=\u00bb1\/4&#8243;][vc_raw_html el_class=\u00bbencabezado_home\u00bb]JTNDYSUyMGhyZWYlM0QlMjIlMkZhbHF1aWxlciUyRnBsYXRvJTIyJTNFUExBVCVDMyU5M1MlM0MlMkZhJTNF[\/vc_raw_html][vc_empty_space height=\u00bb30px\u00bb][vc_single_image image=\u00bb1682&#8243; img_size=\u00bblarge\u00bb alignment=\u00bbcenter\u00bb onclick=\u00bbcustom_link\u00bb css_animation=\u00bbnone\u00bb link=\u00bb\/alquiler\/plato\u00bb el_class=\u00bbimage-frame\u00bb][\/vc_column_inner][\/vc_row_inner][\/vc_column][\/vc_row][vc_row full_width=\u00bbstretch_row_content_no_spaces\u00bb equal_height=\u00bbyes\u00bb css=\u00bb.vc_custom_1673441104919{background-color: #ededed !important;}\u00bb][vc_column][vc_custom_heading text=\u00bbNOTICIAS\u00bb font_container=\u00bbtag:h1|text_align:center\u00bb use_theme_fonts=\u00bbyes\u00bb el_class=\u00bbhome_text_dashed encabezado-fuente\u00bb][vc_raw_html]JTNDZGl2JTIwY2xhc3MlM0QlMjJlbmNhYmV6YWRvLWxpbmUlMjIlM0UlM0MlMkZkaXYlM0U=[\/vc_raw_html][vc_column_text]<\/p>\n<h3 style=\"text-align: center;\">\u00daltimas noticias de SERVICEVISION<\/h3>\n<p>[\/vc_column_text][vc_empty_space height=\u00bb30px\u00bb][vc_row_inner el_class=\u00bbhome_noticias_grid\u00bb][vc_column_inner][vc_column_text]<div class=\"wprss_ajax\" data-id=\"rss2f16f893e2\"><img decoding=\"async\" src=\"https:\/\/rental.servicevision.es\/wp-content\/plugins\/wp-rss-retriever\/inc\/imgs\/ajax-loader.gif\" alt=\"Loading RSS Feed\" width=\"16\" height=\"16\"><\/div>[\/vc_column_text][\/vc_column_inner][\/vc_row_inner][vc_empty_space height=\u00bb60px\u00bb][\/vc_column][\/vc_row][vc_row full_width=\u00bbstretch_row_content_no_spaces\u00bb css=\u00bb.vc_custom_1588213915375{background-color: #000000 !important;}\u00bb el_class=\u00bbmailchimp_home\u00bb][vc_column]\n<div class=\"wpcf7 no-js\" id=\"wpcf7-f2459-o1\" lang=\"es-ES\" dir=\"ltr\" data-wpcf7-id=\"2459\">\n<div class=\"screen-reader-response\"><p role=\"status\" aria-live=\"polite\" aria-atomic=\"true\"><\/p> <ul><\/ul><\/div>\n<form action=\"\/es\/wp-json\/wp\/v2\/pages\/7#wpcf7-f2459-o1\" method=\"post\" class=\"wpcf7-form init\" aria-label=\"Formulario de contacto\" novalidate=\"novalidate\" data-status=\"init\">\n<fieldset class=\"hidden-fields-container\"><input type=\"hidden\" name=\"_wpcf7\" value=\"2459\" \/><input type=\"hidden\" name=\"_wpcf7_version\" value=\"6.1.5\" \/><input type=\"hidden\" name=\"_wpcf7_locale\" value=\"es_ES\" \/><input type=\"hidden\" name=\"_wpcf7_unit_tag\" value=\"wpcf7-f2459-o1\" \/><input type=\"hidden\" name=\"_wpcf7_container_post\" value=\"0\" \/><input type=\"hidden\" name=\"_wpcf7_posted_data_hash\" value=\"\" \/><input type=\"hidden\" name=\"_wpcf7_recaptcha_response\" value=\"\" \/>\n<\/fieldset>\n<div class=\"formulari-newsletter\">\n\t<h2>Suscr\u00edbete a nuestra Newsletter\n\t<\/h2>\n\t<div class=\"newsletter-contact-form\">\n\t\t<p><span class=\"wpcf7-form-control-wrap\" data-name=\"your-email\"><input size=\"40\" maxlength=\"400\" class=\"wpcf7-form-control wpcf7-email wpcf7-validates-as-required wpcf7-text wpcf7-validates-as-email\" aria-required=\"true\" aria-invalid=\"false\" value=\"\" type=\"email\" name=\"your-email\" \/><\/span><input class=\"wpcf7-form-control wpcf7-submit has-spinner\" type=\"submit\" value=\"Suscribirse\" \/>\n\t\t<\/p>\n\t<\/div>\n\t<div class=\"checkbox-newsletter\">\n\t\t<p><!-- Mailchimp for WordPress v4.12.0 - https:\/\/www.mc4wp.com\/ --><input type=\"hidden\" name=\"_mc4wp_subscribe_contact-form-7\" value=\"0\" \/><span class=\"mc4wp-checkbox mc4wp-checkbox-contact-form-7 \"><label><input type=\"checkbox\" name=\"_mc4wp_subscribe_contact-form-7\" value=\"1\" checked=\"checked\"><span>\u00a1Suscr\u00edbeme a la lista de correo!<\/span><\/label><\/span><!-- \/ Mailchimp for WordPress -->\n\t\t<\/p>\n\t<\/div>\n<\/div>\n<div class=\"formulari-newsletter-text\">\n\t<p>SERVICEVISION BIS, S.L. como responsable del tratamiento tratar\u00e1 tus datos con la finalidad de remitirte nuestra newsletter con novedades comerciales sobre nuestros servicios. Puedes acceder, rectificar y suprimir tus datos, as\u00ed como ejercer otros derechos consultando la informaci\u00f3n adicional y detallada sobre protecci\u00f3n de datos en nuestra <a href=\"\/politica-de-privacidad\" target=\"_blank\">Pol\u00edtica de privacidad<\/a>.<br \/>\n<span class=\"wpcf7-form-control-wrap\" data-name=\"acceptance-334\"><span class=\"wpcf7-form-control wpcf7-acceptance optional\"><span class=\"wpcf7-list-item\"><label><input type=\"checkbox\" name=\"acceptance-334\" value=\"1\" aria-invalid=\"false\" \/><span class=\"wpcf7-list-item-label\">He le\u00eddo y acepto las condiciones contenidas en la <a href=\"\/politica-de-privacidad\" target=\"_blank\">Pol\u00edtica de privacidad<\/a> sobre el tratamiento de mis datos para el env\u00edo de la newsletter<\/span><\/label><\/span><\/span><\/span>\n\t<\/p>\n<\/div><p style=\"display: none !important;\" class=\"akismet-fields-container\" data-prefix=\"_wpcf7_ak_\"><label>&#916;<textarea name=\"_wpcf7_ak_hp_textarea\" cols=\"45\" rows=\"8\" maxlength=\"100\"><\/textarea><\/label><input type=\"hidden\" id=\"ak_js_1\" name=\"_wpcf7_ak_js\" value=\"15\"\/><script>document.getElementById( \"ak_js_1\" ).setAttribute( \"value\", ( new Date() ).getTime() );<\/script><\/p><div class=\"wpcf7-response-output\" aria-hidden=\"true\"><\/div>\n<\/form>\n<\/div>\n[\/vc_column][\/vc_row][vc_row][vc_column][vc_empty_space height=\u00bb60px\u00bb][\/vc_column][\/vc_row][vc_row][vc_column width=\u00bb1\/6&#8243;][\/vc_column][vc_column width=\u00bb1\/6&#8243;][\/vc_column][\/vc_row]<\/p>\n","protected":false},"excerpt":{"rendered":"<p>[vc_row full_width=\u00bbstretch_row_content_no_spaces\u00bb content_placement=\u00bbtop\u00bb el_id=\u00bbhome-slider-principal\u00bb css=\u00bb.vc_custom_1673439702785{background-color: #000000 !important;}\u00bb][vc_column][vc_raw_html]JTIwJTVCc21hcnRzbGlkZXIzJTIwc2xpZGVyJTNEJTIyMiUyMiU1RCUyMA==[\/vc_raw_html][\/vc_column][\/vc_row][vc_row full_width=\u00bbstretch_row_content\u00bb][vc_column][vc_row_inner gap=\u00bb25&#8243; css=\u00bb.vc_custom_1673439961971{padding-top: 10px !important;padding-right: 30px !important;padding-bottom: 10px !important;padding-left: 30px !important;}\u00bb][vc_column_inner el_class=\u00bbhome_row_hover\u00bb width=\u00bb1\/4&#8243;][vc_raw_html el_class=\u00bbencabezado_home\u00bb]JTNDYSUyMGhyZWYlM0QlMjIlMkZhbHF1aWxlciUyRmNhbWFyYXMlMjIlM0VDJUMzJTgxTUFSQVMlM0MlMkZhJTNF[\/vc_raw_html][vc_empty_space height=\u00bb30px\u00bb][vc_single_image image=\u00bb227&#8243; img_size=\u00bblarge\u00bb alignment=\u00bbcenter\u00bb onclick=\u00bbcustom_link\u00bb css_animation=\u00bbnone\u00bb link=\u00bb\/alquiler\/camaras\u00bb el_class=\u00bbimage-frame\u00bb][\/vc_column_inner][vc_column_inner el_class=\u00bbhome_row_hover\u00bb width=\u00bb1\/4&#8243;][vc_raw_html el_class=\u00bbencabezado_home\u00bb]JTNDYSUyMGhyZWYlM0QlMjIlMkZhbHF1aWxlciUyRmx1Y2VzJTIyJTNFTFVDRVMlM0MlMkZhJTNF[\/vc_raw_html][vc_empty_space height=\u00bb30px\u00bb][vc_single_image image=\u00bb234&#8243; img_size=\u00bblarge\u00bb alignment=\u00bbcenter\u00bb onclick=\u00bbcustom_link\u00bb css_animation=\u00bbnone\u00bb link=\u00bb\/alquiler\/luces\u00bb el_class=\u00bbimage-frame\u00bb][\/vc_column_inner][vc_column_inner el_class=\u00bbhome_row_hover\u00bb width=\u00bb1\/4&#8243;][vc_raw_html el_class=\u00bbencabezado_home\u00bb]JTNDYSUyMGhyZWYlM0QlMjIlMkZhbHF1aWxlciUyRmdyaXBzJTIyJTNFR1JJUFMlM0MlMkZhJTNF[\/vc_raw_html][vc_empty_space height=\u00bb30px\u00bb][vc_single_image image=\u00bb224&#8243; img_size=\u00bblarge\u00bb alignment=\u00bbcenter\u00bb onclick=\u00bbcustom_link\u00bb css_animation=\u00bbnone\u00bb link=\u00bb\/alquiler\/grips\u00bb el_class=\u00bbimage-frame\u00bb][\/vc_column_inner][vc_column_inner el_class=\u00bbhome_row_hover\u00bb width=\u00bb1\/4&#8243;][vc_raw_html el_class=\u00bbencabezado_home\u00bb]JTNDYSUyMGhyZWYlM0QlMjIlMkZhbHF1aWxlciUyRnBsYXRvJTIyJTNFUExBVCVDMyU5M1MlM0MlMkZhJTNF[\/vc_raw_html][vc_empty_space height=\u00bb30px\u00bb][vc_single_image&hellip;<\/p>\n","protected":false},"author":1,"featured_media":0,"parent":0,"menu_order":0,"comment_status":"closed","ping_status":"closed","template":"","meta":{"ngg_post_thumbnail":0,"footnotes":""},"class_list":["post-7","page","type-page","status-publish","hentry"],"yoast_head":"<!-- This site is optimized with the Yoast SEO plugin v27.1.1 - https:\/\/yoast.com\/product\/yoast-seo-wordpress\/ -->\n<title>Inicio - ServiceVision Alquiler<\/title>\n<meta name=\"description\" content=\"Una actividad muy importante de Servicevision es el alquiler de equipos para rodajes de cine y televisi\u00f3n (C\u00e1maras, \u00d3pticas, Luces, Gr\u00faas; Plat\u00f3s\u2026.).\" \/>\n<meta name=\"robots\" content=\"index, follow, max-snippet:-1, max-image-preview:large, max-video-preview:-1\" \/>\n<link rel=\"canonical\" href=\"https:\/\/rental.servicevision.es\/es\/\" \/>\n<meta property=\"og:locale\" content=\"es_ES\" \/>\n<meta property=\"og:type\" content=\"article\" \/>\n<meta property=\"og:title\" content=\"Inicio - ServiceVision Alquiler\" \/>\n<meta property=\"og:description\" content=\"Una actividad muy importante de Servicevision es el alquiler de equipos para rodajes de cine y televisi\u00f3n (C\u00e1maras, \u00d3pticas, Luces, Gr\u00faas; Plat\u00f3s\u2026.).\" \/>\n<meta property=\"og:url\" content=\"https:\/\/rental.servicevision.es\/es\/\" \/>\n<meta property=\"og:site_name\" content=\"ServiceVision Alquiler\" \/>\n<meta property=\"article:modified_time\" content=\"2023-05-23T11:06:22+00:00\" \/>\n<meta name=\"twitter:card\" content=\"summary_large_image\" \/>\n<meta name=\"twitter:label1\" content=\"Tiempo de lectura\" \/>\n\t<meta name=\"twitter:data1\" content=\"1 minuto\" \/>\n<script type=\"application\/ld+json\" class=\"yoast-schema-graph\">{\"@context\":\"https:\/\/schema.org\",\"@graph\":[{\"@type\":\"WebPage\",\"@id\":\"https:\/\/rental.servicevision.es\/es\/\",\"url\":\"https:\/\/rental.servicevision.es\/es\/\",\"name\":\"Inicio - ServiceVision Alquiler\",\"isPartOf\":{\"@id\":\"https:\/\/rental.servicevision.es\/es\/#website\"},\"datePublished\":\"2018-12-17T05:12:43+00:00\",\"dateModified\":\"2023-05-23T11:06:22+00:00\",\"description\":\"Una actividad muy importante de Servicevision es el alquiler de equipos para rodajes de cine y televisi\u00f3n (C\u00e1maras, \u00d3pticas, Luces, Gr\u00faas; Plat\u00f3s\u2026.).\",\"breadcrumb\":{\"@id\":\"https:\/\/rental.servicevision.es\/es\/#breadcrumb\"},\"inLanguage\":\"es\",\"potentialAction\":[{\"@type\":\"ReadAction\",\"target\":[\"https:\/\/rental.servicevision.es\/es\/\"]}]},{\"@type\":\"BreadcrumbList\",\"@id\":\"https:\/\/rental.servicevision.es\/es\/#breadcrumb\",\"itemListElement\":[{\"@type\":\"ListItem\",\"position\":1,\"name\":\"Portada\",\"item\":\"https:\/\/rental.servicevision.es\/es\/\"},{\"@type\":\"ListItem\",\"position\":2,\"name\":\"Inicio\"}]},{\"@type\":\"WebSite\",\"@id\":\"https:\/\/rental.servicevision.es\/es\/#website\",\"url\":\"https:\/\/rental.servicevision.es\/es\/\",\"name\":\"ServiceVision Alquiler\",\"description\":\"Fabricaci\u00f3n y alquiler de equipos para rodajes cinematogr\u00e1ficos\",\"potentialAction\":[{\"@type\":\"SearchAction\",\"target\":{\"@type\":\"EntryPoint\",\"urlTemplate\":\"https:\/\/rental.servicevision.es\/es\/?s={search_term_string}\"},\"query-input\":{\"@type\":\"PropertyValueSpecification\",\"valueRequired\":true,\"valueName\":\"search_term_string\"}}],\"inLanguage\":\"es\"}]}<\/script>\n<!-- \/ Yoast SEO plugin. -->","yoast_head_json":{"title":"Inicio - ServiceVision Alquiler","description":"Una actividad muy importante de Servicevision es el alquiler de equipos para rodajes de cine y televisi\u00f3n (C\u00e1maras, \u00d3pticas, Luces, Gr\u00faas; Plat\u00f3s\u2026.).","robots":{"index":"index","follow":"follow","max-snippet":"max-snippet:-1","max-image-preview":"max-image-preview:large","max-video-preview":"max-video-preview:-1"},"canonical":"https:\/\/rental.servicevision.es\/es\/","og_locale":"es_ES","og_type":"article","og_title":"Inicio - ServiceVision Alquiler","og_description":"Una actividad muy importante de Servicevision es el alquiler de equipos para rodajes de cine y televisi\u00f3n (C\u00e1maras, \u00d3pticas, Luces, Gr\u00faas; Plat\u00f3s\u2026.).","og_url":"https:\/\/rental.servicevision.es\/es\/","og_site_name":"ServiceVision Alquiler","article_modified_time":"2023-05-23T11:06:22+00:00","twitter_card":"summary_large_image","twitter_misc":{"Tiempo de lectura":"1 minuto"},"schema":{"@context":"https:\/\/schema.org","@graph":[{"@type":"WebPage","@id":"https:\/\/rental.servicevision.es\/es\/","url":"https:\/\/rental.servicevision.es\/es\/","name":"Inicio - ServiceVision Alquiler","isPartOf":{"@id":"https:\/\/rental.servicevision.es\/es\/#website"},"datePublished":"2018-12-17T05:12:43+00:00","dateModified":"2023-05-23T11:06:22+00:00","description":"Una actividad muy importante de Servicevision es el alquiler de equipos para rodajes de cine y televisi\u00f3n (C\u00e1maras, \u00d3pticas, Luces, Gr\u00faas; Plat\u00f3s\u2026.).","breadcrumb":{"@id":"https:\/\/rental.servicevision.es\/es\/#breadcrumb"},"inLanguage":"es","potentialAction":[{"@type":"ReadAction","target":["https:\/\/rental.servicevision.es\/es\/"]}]},{"@type":"BreadcrumbList","@id":"https:\/\/rental.servicevision.es\/es\/#breadcrumb","itemListElement":[{"@type":"ListItem","position":1,"name":"Portada","item":"https:\/\/rental.servicevision.es\/es\/"},{"@type":"ListItem","position":2,"name":"Inicio"}]},{"@type":"WebSite","@id":"https:\/\/rental.servicevision.es\/es\/#website","url":"https:\/\/rental.servicevision.es\/es\/","name":"ServiceVision Alquiler","description":"Fabricaci\u00f3n y alquiler de equipos para rodajes cinematogr\u00e1ficos","potentialAction":[{"@type":"SearchAction","target":{"@type":"EntryPoint","urlTemplate":"https:\/\/rental.servicevision.es\/es\/?s={search_term_string}"},"query-input":{"@type":"PropertyValueSpecification","valueRequired":true,"valueName":"search_term_string"}}],"inLanguage":"es"}]}},"_links":{"self":[{"href":"https:\/\/rental.servicevision.es\/es\/wp-json\/wp\/v2\/pages\/7","targetHints":{"allow":["GET"]}}],"collection":[{"href":"https:\/\/rental.servicevision.es\/es\/wp-json\/wp\/v2\/pages"}],"about":[{"href":"https:\/\/rental.servicevision.es\/es\/wp-json\/wp\/v2\/types\/page"}],"author":[{"embeddable":true,"href":"https:\/\/rental.servicevision.es\/es\/wp-json\/wp\/v2\/users\/1"}],"replies":[{"embeddable":true,"href":"https:\/\/rental.servicevision.es\/es\/wp-json\/wp\/v2\/comments?post=7"}],"version-history":[{"count":14,"href":"https:\/\/rental.servicevision.es\/es\/wp-json\/wp\/v2\/pages\/7\/revisions"}],"predecessor-version":[{"id":9039,"href":"https:\/\/rental.servicevision.es\/es\/wp-json\/wp\/v2\/pages\/7\/revisions\/9039"}],"wp:attachment":[{"href":"https:\/\/rental.servicevision.es\/es\/wp-json\/wp\/v2\/media?parent=7"}],"curies":[{"name":"wp","href":"https:\/\/api.w.org\/{rel}","templated":true}]}}