{"id":1054,"date":"2019-04-08T23:58:41","date_gmt":"2019-04-08T23:58:41","guid":{"rendered":"http:\/\/servicevisionalq.bcntic.com\/?page_id=1054"},"modified":"2020-04-07T15:46:12","modified_gmt":"2020-04-07T15:46:12","slug":"alquiler","status":"publish","type":"page","link":"https:\/\/rental.servicevision.es\/es\/alquiler\/","title":{"rendered":"Alquiler"},"content":{"rendered":"<p>[vc_row][vc_column][vc_column_text]<div id=\"mega-menu-wrap-mega_menu_productos\" class=\"mega-menu-wrap\"><div class=\"mega-menu-toggle\"><div class=\"mega-toggle-blocks-left\"><\/div><div class=\"mega-toggle-blocks-center\"><\/div><div class=\"mega-toggle-blocks-right\"><div class='mega-toggle-block mega-menu-toggle-block mega-toggle-block-1' id='mega-toggle-block-1'><span class='mega-toggle-label' role='button' aria-haspopup='true' aria-expanded='false'><span class='mega-toggle-label-closed'>MENU<\/span><span class='mega-toggle-label-open'>MENU<\/span><\/span><\/div><\/div><\/div><ul id=\"mega-menu-mega_menu_productos\" class=\"mega-menu max-mega-menu mega-menu-horizontal mega-no-js\" data-event=\"hover\" data-effect=\"fade_up\" data-effect-speed=\"200\" data-effect-mobile=\"disabled\" data-effect-speed-mobile=\"0\" data-mobile-force-width=\"false\" data-second-click=\"close\" data-document-click=\"collapse\" data-vertical-behaviour=\"accordion\" data-breakpoint=\"600\" data-unbind=\"true\" data-mobile-state=\"collapse_all\" data-mobile-direction=\"vertical\" data-hover-intent-timeout=\"300\" data-hover-intent-interval=\"100\" data-sticky-enabled=\"true\" data-sticky-desktop=\"true\" data-sticky-mobile=\"false\" data-sticky-offset=\"0\" data-sticky-expand=\"false\" data-sticky-expand-mobile=\"false\"><li class=\"mega-menu-item mega-menu-item-type-custom mega-menu-item-object-custom mega-menu-item-has-children mega-align-bottom-left mega-menu-flyout mega-menu-item-2068\" id=\"mega-menu-item-2068\"><a class=\"mega-menu-link\" href=\"\/alquiler\/camaras\" aria-expanded=\"false\" aria-controls=\"mega-sub-menu-2068\">C\u00c1MARAS<span class=\"mega-indicator\" aria-hidden=\"true\"><\/span><\/a>\n<ul class=\"mega-sub-menu\" id='mega-sub-menu-2068'>\n<li class=\"mega-menu-item mega-menu-item-type-custom mega-menu-item-object-custom mega-menu-item-2425\" id=\"mega-menu-item-2425\"><a class=\"mega-menu-link\" href=\"\/es\/alquiler\/camaras\/#camaras\">C\u00c1MARAS<\/a><\/li><li class=\"mega-menu-item mega-menu-item-type-custom mega-menu-item-object-custom mega-menu-item-2071\" id=\"mega-menu-item-2071\"><a class=\"mega-menu-link\" href=\"\/es\/alquiler\/camaras\/#objetivosyzooms\">OBJETIVOS Y ZOOMS<\/a><\/li><li class=\"mega-menu-item mega-menu-item-type-custom mega-menu-item-object-custom mega-menu-item-2080\" id=\"mega-menu-item-2080\"><a class=\"mega-menu-link\" href=\"\/es\/alquiler\/camaras\/#videoassist\">VIDEO ASSIST<\/a><\/li><li class=\"mega-menu-item mega-menu-item-type-custom mega-menu-item-object-custom mega-menu-item-2087\" id=\"mega-menu-item-2087\"><a class=\"mega-menu-link\" href=\"\/es\/alquiler\/camaras\/#accesorios\">ACCESORIOS<\/a><\/li><\/ul>\n<\/li><li class=\"mega-menu-item mega-menu-item-type-custom mega-menu-item-object-custom mega-menu-item-has-children mega-align-bottom-left mega-menu-flyout mega-menu-item-2089\" id=\"mega-menu-item-2089\"><a class=\"mega-menu-link\" href=\"\/alquiler\/luces\" aria-expanded=\"false\" aria-controls=\"mega-sub-menu-2089\">LUCES<span class=\"mega-indicator\" aria-hidden=\"true\"><\/span><\/a>\n<ul class=\"mega-sub-menu\" id='mega-sub-menu-2089'>\n<li class=\"mega-menu-item mega-menu-item-type-custom mega-menu-item-object-custom mega-menu-item-2090\" id=\"mega-menu-item-2090\"><a class=\"mega-menu-link\" href=\"\/es\/alquiler\/luces\/#hmi\">HMI<\/a><\/li><li class=\"mega-menu-item mega-menu-item-type-custom mega-menu-item-object-custom mega-menu-item-2091\" id=\"mega-menu-item-2091\"><a class=\"mega-menu-link\" href=\"\/es\/alquiler\/luces\/#alpha\">ALPHA<\/a><\/li><li class=\"mega-menu-item mega-menu-item-type-custom mega-menu-item-object-custom mega-menu-item-2092\" id=\"mega-menu-item-2092\"><a class=\"mega-menu-link\" href=\"\/es\/alquiler\/luces\/#fluorescencia\">FLUORESCENCIA<\/a><\/li><li class=\"mega-menu-item mega-menu-item-type-custom mega-menu-item-object-custom mega-menu-item-2093\" id=\"mega-menu-item-2093\"><a class=\"mega-menu-link\" href=\"\/es\/alquiler\/luces\/#incandescencia\">INCANDESCENCIA<\/a><\/li><li class=\"mega-menu-item mega-menu-item-type-custom mega-menu-item-object-custom mega-menu-item-2094\" id=\"mega-menu-item-2094\"><a class=\"mega-menu-link\" href=\"\/es\/alquiler\/luces\/#jocker\">JOCKER<\/a><\/li><li class=\"mega-menu-item mega-menu-item-type-custom mega-menu-item-object-custom mega-menu-item-2095\" id=\"mega-menu-item-2095\"><a class=\"mega-menu-link\" href=\"\/es\/alquiler\/luces\/#leds\">LEDS<\/a><\/li><li class=\"mega-menu-item mega-menu-item-type-custom mega-menu-item-object-custom mega-menu-item-2096\" id=\"mega-menu-item-2096\"><a class=\"mega-menu-link\" href=\"\/es\/alquiler\/luces\/#accesoriosluces\">ACCESORIOS<\/a><\/li><\/ul>\n<\/li><li class=\"mega-menu-item mega-menu-item-type-custom mega-menu-item-object-custom mega-menu-item-has-children mega-align-bottom-left mega-menu-flyout mega-menu-item-2097\" id=\"mega-menu-item-2097\"><a class=\"mega-menu-link\" href=\"\/alquiler\/grips\" aria-expanded=\"false\" aria-controls=\"mega-sub-menu-2097\">GRIPS<span class=\"mega-indicator\" aria-hidden=\"true\"><\/span><\/a>\n<ul class=\"mega-sub-menu\" id='mega-sub-menu-2097'>\n<li class=\"mega-menu-item mega-menu-item-type-custom mega-menu-item-object-custom mega-menu-item-2098\" id=\"mega-menu-item-2098\"><a class=\"mega-menu-link\" href=\"\/es\/alquiler\/grips\/#vehiculos\">VEH\u00cdCULOS<\/a><\/li><li class=\"mega-menu-item mega-menu-item-type-custom mega-menu-item-object-custom mega-menu-item-2104\" id=\"mega-menu-item-2104\"><a class=\"mega-menu-link\" href=\"\/es\/alquiler\/grips\/#gruasfijas\">GRUAS FIJAS<\/a><\/li><li class=\"mega-menu-item mega-menu-item-type-custom mega-menu-item-object-custom mega-menu-item-2105\" id=\"mega-menu-item-2105\"><a class=\"mega-menu-link\" href=\"\/es\/alquiler\/grips\/#gruastelescopicas\">GRUAS TELESC\u00d3PICAS<\/a><\/li><li class=\"mega-menu-item mega-menu-item-type-custom mega-menu-item-object-custom mega-menu-item-2106\" id=\"mega-menu-item-2106\"><a class=\"mega-menu-link\" href=\"\/es\/alquiler\/grips\/#scorpioheads\">SCORPIO HEADS<\/a><\/li><li class=\"mega-menu-item mega-menu-item-type-custom mega-menu-item-object-custom mega-menu-item-2107\" id=\"mega-menu-item-2107\"><a class=\"mega-menu-link\" href=\"\/es\/alquiler\/grips\/#dollies\">DOLLIES<\/a><\/li><li class=\"mega-menu-item mega-menu-item-type-custom mega-menu-item-object-custom mega-menu-item-2108\" id=\"mega-menu-item-2108\"><a class=\"mega-menu-link\" href=\"\/es\/alquiler\/grips\/#travellingelectronicos\">TRAVELING ELECTR\u00d3NICOS<\/a><\/li><li class=\"mega-menu-item mega-menu-item-type-custom mega-menu-item-object-custom mega-menu-item-2109\" id=\"mega-menu-item-2109\"><a class=\"mega-menu-link\" href=\"\/es\/alquiler\/grips\/#gripajes\">GRIPAJES<\/a><\/li><li class=\"mega-menu-item mega-menu-item-type-custom mega-menu-item-object-custom mega-menu-item-2110\" id=\"mega-menu-item-2110\"><a class=\"mega-menu-link\" href=\"\/es\/alquiler\/grips\/#accesoriosgrips\">ACCESORIOS GRIPS<\/a><\/li><li class=\"mega-menu-item mega-menu-item-type-custom mega-menu-item-object-custom mega-menu-item-2111\" id=\"mega-menu-item-2111\"><a class=\"mega-menu-link\" href=\"\/es\/alquiler\/grips\/#vias\">VIAS<\/a><\/li><li class=\"mega-menu-item mega-menu-item-type-custom mega-menu-item-object-custom mega-menu-item-2112\" id=\"mega-menu-item-2112\"><a class=\"mega-menu-link\" href=\"\/es\/alquiler\/grips\/#sliders\">SLIDERS<\/a><\/li><\/ul>\n<\/li><li class=\"mega-menu-item mega-menu-item-type-custom mega-menu-item-object-custom mega-menu-item-has-children mega-align-bottom-left mega-menu-flyout mega-menu-item-2113\" id=\"mega-menu-item-2113\"><a class=\"mega-menu-link\" href=\"\/es\/alquiler\/plato\" aria-expanded=\"false\" aria-controls=\"mega-sub-menu-2113\">PLAT\u00d3S<span class=\"mega-indicator\" aria-hidden=\"true\"><\/span><\/a>\n<ul class=\"mega-sub-menu\" id='mega-sub-menu-2113'>\n<li class=\"mega-menu-item mega-menu-item-type-custom mega-menu-item-object-custom mega-menu-item-7105\" id=\"mega-menu-item-7105\"><a class=\"mega-menu-link\" href=\"\/es\/producto\/plato\/plato-1\/plato-1\/\">PLAT\u00d3 1<\/a><\/li><li class=\"mega-menu-item mega-menu-item-type-custom mega-menu-item-object-custom mega-menu-item-7106\" id=\"mega-menu-item-7106\"><a class=\"mega-menu-link\" href=\"\/es\/producto\/plato\/plato-2-3\/\">PLAT\u00d3 2 y 3<\/a><\/li><li class=\"mega-menu-item mega-menu-item-type-custom mega-menu-item-object-custom mega-menu-item-7107\" id=\"mega-menu-item-7107\"><a class=\"mega-menu-link\" href=\"\/es\/producto\/plato\/plato-4\/\">PLAT\u00d3 4<\/a><\/li><\/ul>\n<\/li><\/ul><\/div>[\/vc_column_text][\/vc_column][\/vc_row]<\/p>\n","protected":false},"excerpt":{"rendered":"<p>[vc_row][vc_column][vc_column_text][\/vc_column_text][\/vc_column][\/vc_row]<\/p>\n","protected":false},"author":1,"featured_media":0,"parent":0,"menu_order":0,"comment_status":"closed","ping_status":"closed","template":"","meta":{"ngg_post_thumbnail":0,"footnotes":""},"class_list":["post-1054","page","type-page","status-publish","hentry"],"yoast_head":"<!-- This site is optimized with the Yoast SEO plugin v27.1.1 - https:\/\/yoast.com\/product\/yoast-seo-wordpress\/ -->\n<title>Alquiler - ServiceVision Alquiler<\/title>\n<meta name=\"description\" content=\"Productos en Alquiler de Servicevision. Alquiler de equipos para rodajes de cine y televisi\u00f3n (C\u00e1maras, \u00d3pticas, Luces, Gr\u00faas; Plat\u00f3s\u2026.).\" \/>\n<meta name=\"robots\" content=\"index, follow, max-snippet:-1, max-image-preview:large, max-video-preview:-1\" \/>\n<link rel=\"canonical\" href=\"https:\/\/rental.servicevision.es\/es\/alquiler\/\" \/>\n<meta property=\"og:locale\" content=\"es_ES\" \/>\n<meta property=\"og:type\" content=\"article\" \/>\n<meta property=\"og:title\" content=\"Alquiler - ServiceVision Alquiler\" \/>\n<meta property=\"og:description\" content=\"Productos en Alquiler de Servicevision. Alquiler de equipos para rodajes de cine y televisi\u00f3n (C\u00e1maras, \u00d3pticas, Luces, Gr\u00faas; Plat\u00f3s\u2026.).\" \/>\n<meta property=\"og:url\" content=\"https:\/\/rental.servicevision.es\/es\/alquiler\/\" \/>\n<meta property=\"og:site_name\" content=\"ServiceVision Alquiler\" \/>\n<meta property=\"article:modified_time\" content=\"2020-04-07T15:46:12+00:00\" \/>\n<meta name=\"twitter:card\" content=\"summary_large_image\" \/>\n<script type=\"application\/ld+json\" class=\"yoast-schema-graph\">{\"@context\":\"https:\/\/schema.org\",\"@graph\":[{\"@type\":\"WebPage\",\"@id\":\"https:\/\/rental.servicevision.es\/es\/alquiler\/\",\"url\":\"https:\/\/rental.servicevision.es\/es\/alquiler\/\",\"name\":\"Alquiler - ServiceVision Alquiler\",\"isPartOf\":{\"@id\":\"https:\/\/rental.servicevision.es\/es\/#website\"},\"datePublished\":\"2019-04-08T23:58:41+00:00\",\"dateModified\":\"2020-04-07T15:46:12+00:00\",\"description\":\"Productos en Alquiler de Servicevision. Alquiler de equipos para rodajes de cine y televisi\u00f3n (C\u00e1maras, \u00d3pticas, Luces, Gr\u00faas; Plat\u00f3s\u2026.).\",\"breadcrumb\":{\"@id\":\"https:\/\/rental.servicevision.es\/es\/alquiler\/#breadcrumb\"},\"inLanguage\":\"es\",\"potentialAction\":[{\"@type\":\"ReadAction\",\"target\":[\"https:\/\/rental.servicevision.es\/es\/alquiler\/\"]}]},{\"@type\":\"BreadcrumbList\",\"@id\":\"https:\/\/rental.servicevision.es\/es\/alquiler\/#breadcrumb\",\"itemListElement\":[{\"@type\":\"ListItem\",\"position\":1,\"name\":\"Portada\",\"item\":\"https:\/\/rental.servicevision.es\/es\/\"},{\"@type\":\"ListItem\",\"position\":2,\"name\":\"Alquiler\"}]},{\"@type\":\"WebSite\",\"@id\":\"https:\/\/rental.servicevision.es\/es\/#website\",\"url\":\"https:\/\/rental.servicevision.es\/es\/\",\"name\":\"ServiceVision Alquiler\",\"description\":\"Fabricaci\u00f3n y alquiler de equipos para rodajes cinematogr\u00e1ficos\",\"potentialAction\":[{\"@type\":\"SearchAction\",\"target\":{\"@type\":\"EntryPoint\",\"urlTemplate\":\"https:\/\/rental.servicevision.es\/es\/?s={search_term_string}\"},\"query-input\":{\"@type\":\"PropertyValueSpecification\",\"valueRequired\":true,\"valueName\":\"search_term_string\"}}],\"inLanguage\":\"es\"}]}<\/script>\n<!-- \/ Yoast SEO plugin. -->","yoast_head_json":{"title":"Alquiler - ServiceVision Alquiler","description":"Productos en Alquiler de Servicevision. Alquiler de equipos para rodajes de cine y televisi\u00f3n (C\u00e1maras, \u00d3pticas, Luces, Gr\u00faas; Plat\u00f3s\u2026.).","robots":{"index":"index","follow":"follow","max-snippet":"max-snippet:-1","max-image-preview":"max-image-preview:large","max-video-preview":"max-video-preview:-1"},"canonical":"https:\/\/rental.servicevision.es\/es\/alquiler\/","og_locale":"es_ES","og_type":"article","og_title":"Alquiler - ServiceVision Alquiler","og_description":"Productos en Alquiler de Servicevision. Alquiler de equipos para rodajes de cine y televisi\u00f3n (C\u00e1maras, \u00d3pticas, Luces, Gr\u00faas; Plat\u00f3s\u2026.).","og_url":"https:\/\/rental.servicevision.es\/es\/alquiler\/","og_site_name":"ServiceVision Alquiler","article_modified_time":"2020-04-07T15:46:12+00:00","twitter_card":"summary_large_image","schema":{"@context":"https:\/\/schema.org","@graph":[{"@type":"WebPage","@id":"https:\/\/rental.servicevision.es\/es\/alquiler\/","url":"https:\/\/rental.servicevision.es\/es\/alquiler\/","name":"Alquiler - ServiceVision Alquiler","isPartOf":{"@id":"https:\/\/rental.servicevision.es\/es\/#website"},"datePublished":"2019-04-08T23:58:41+00:00","dateModified":"2020-04-07T15:46:12+00:00","description":"Productos en Alquiler de Servicevision. Alquiler de equipos para rodajes de cine y televisi\u00f3n (C\u00e1maras, \u00d3pticas, Luces, Gr\u00faas; Plat\u00f3s\u2026.).","breadcrumb":{"@id":"https:\/\/rental.servicevision.es\/es\/alquiler\/#breadcrumb"},"inLanguage":"es","potentialAction":[{"@type":"ReadAction","target":["https:\/\/rental.servicevision.es\/es\/alquiler\/"]}]},{"@type":"BreadcrumbList","@id":"https:\/\/rental.servicevision.es\/es\/alquiler\/#breadcrumb","itemListElement":[{"@type":"ListItem","position":1,"name":"Portada","item":"https:\/\/rental.servicevision.es\/es\/"},{"@type":"ListItem","position":2,"name":"Alquiler"}]},{"@type":"WebSite","@id":"https:\/\/rental.servicevision.es\/es\/#website","url":"https:\/\/rental.servicevision.es\/es\/","name":"ServiceVision Alquiler","description":"Fabricaci\u00f3n y alquiler de equipos para rodajes cinematogr\u00e1ficos","potentialAction":[{"@type":"SearchAction","target":{"@type":"EntryPoint","urlTemplate":"https:\/\/rental.servicevision.es\/es\/?s={search_term_string}"},"query-input":{"@type":"PropertyValueSpecification","valueRequired":true,"valueName":"search_term_string"}}],"inLanguage":"es"}]}},"_links":{"self":[{"href":"https:\/\/rental.servicevision.es\/es\/wp-json\/wp\/v2\/pages\/1054","targetHints":{"allow":["GET"]}}],"collection":[{"href":"https:\/\/rental.servicevision.es\/es\/wp-json\/wp\/v2\/pages"}],"about":[{"href":"https:\/\/rental.servicevision.es\/es\/wp-json\/wp\/v2\/types\/page"}],"author":[{"embeddable":true,"href":"https:\/\/rental.servicevision.es\/es\/wp-json\/wp\/v2\/users\/1"}],"replies":[{"embeddable":true,"href":"https:\/\/rental.servicevision.es\/es\/wp-json\/wp\/v2\/comments?post=1054"}],"version-history":[{"count":0,"href":"https:\/\/rental.servicevision.es\/es\/wp-json\/wp\/v2\/pages\/1054\/revisions"}],"wp:attachment":[{"href":"https:\/\/rental.servicevision.es\/es\/wp-json\/wp\/v2\/media?parent=1054"}],"curies":[{"name":"wp","href":"https:\/\/api.w.org\/{rel}","templated":true}]}}