{"id":6339,"date":"2021-10-20T16:52:27","date_gmt":"2021-10-20T16:52:27","guid":{"rendered":"https:\/\/rental.servicevision.es\/product\/uncategorized\/canon-fd-rehoused-by-tls\/"},"modified":"2025-02-07T12:27:56","modified_gmt":"2025-02-07T11:27:56","slug":"canon-fd-rehoused-by-tls","status":"publish","type":"product","link":"https:\/\/rental.servicevision.es\/en\/product\/cameras-en\/canon-fd-rehoused-by-tls\/","title":{"rendered":"Canon FD Rehoused by TLS"},"content":{"rendered":"","protected":false},"excerpt":{"rendered":"<p><span style=\"color: #000000;\">The Canon FD lenses were manufactured from the early 1970s through the late 1980s. These lenses soared in popularity once it was understood that they were a close match to the legendary Canon K-35 cine lenses. One of the only true cine lenses from the vintage era to cover full frame sensors. However, the Canon FDs were useless to the cine world as they were designed for stills photography. This is why TLS took on the challenge to rehouse these lenses. Not only do they offer an affordable equivalent to the Canon K-35s, but they can also be used to increase the focal lengths on offer for the limited K-35 range.<\/span><\/p>\n<p><span style=\"color: #000000;\">During the rehousing process, TLS introduce a circular iris (14-16 blades depending on size) which gives a smooth circular bokeh at any aperture setting. This gives the lenses a more distinctive, cinematic look while also matching the style of the Canon K-35 iris. The new housing is also designed using our non-linear cam focus system across the entire range, including the floating element designs.<\/span><\/p>\n","protected":false},"featured_media":9744,"template":"","meta":{"ngg_post_thumbnail":0},"product_cat":[423],"product_tag":[],"class_list":{"0":"post-6339","1":"product","2":"type-product","3":"status-publish","4":"has-post-thumbnail","6":"product_cat-cameras-en","8":"first","9":"instock","10":"virtual","11":"taxable","12":"product-type-simple","13":"col-xs-6 col-sm-4","14":"col-md-3 col-lg-3","15":"un-4-cols"},"yoast_head":"<!-- This site is optimized with the Yoast SEO plugin v27.1.1 - https:\/\/yoast.com\/product\/yoast-seo-wordpress\/ -->\n<title>C\u00e1maras Canon Prime K-35 Rehoused TLS - ServiceVision Alquiler<\/title>\n<meta name=\"description\" content=\"Alquiler de C\u00e1maras - objetivos y zooms esf\u00e9ricos: Canon Prime K-35 Rehoused TLS. Consultas y soporte t\u00e9cnico en Servicevision, fabricaci\u00f3n y alquiler de equipos para rodajes cinematogr\u00e1ficos.\" \/>\n<meta name=\"robots\" content=\"index, follow, max-snippet:-1, max-image-preview:large, max-video-preview:-1\" \/>\n<link rel=\"canonical\" href=\"https:\/\/rental.servicevision.es\/en\/product\/cameras-en\/canon-fd-rehoused-by-tls\/\" \/>\n<meta property=\"og:locale\" content=\"en_US\" \/>\n<meta property=\"og:type\" content=\"article\" \/>\n<meta property=\"og:title\" content=\"C\u00e1maras Canon Prime K-35 Rehoused TLS - ServiceVision Alquiler\" \/>\n<meta property=\"og:description\" content=\"Alquiler de C\u00e1maras - objetivos y zooms esf\u00e9ricos: Canon Prime K-35 Rehoused TLS. Consultas y soporte t\u00e9cnico en Servicevision, fabricaci\u00f3n y alquiler de equipos para rodajes cinematogr\u00e1ficos.\" \/>\n<meta property=\"og:url\" content=\"https:\/\/rental.servicevision.es\/en\/product\/cameras-en\/canon-fd-rehoused-by-tls\/\" \/>\n<meta property=\"og:site_name\" content=\"ServiceVision Alquiler\" \/>\n<meta property=\"article:modified_time\" content=\"2025-02-07T11:27:56+00:00\" \/>\n<meta property=\"og:image\" content=\"https:\/\/rental.servicevision.es\/wp-content\/uploads\/2021\/10\/Proyecto-Quitar-fondo-2025-02-06T173058.162.jpeg\" \/>\n\t<meta property=\"og:image:width\" content=\"576\" \/>\n\t<meta property=\"og:image:height\" content=\"376\" \/>\n\t<meta property=\"og:image:type\" content=\"image\/jpeg\" \/>\n<meta name=\"twitter:card\" content=\"summary_large_image\" \/>\n<script type=\"application\/ld+json\" class=\"yoast-schema-graph\">{\"@context\":\"https:\/\/schema.org\",\"@graph\":[{\"@type\":\"WebPage\",\"@id\":\"https:\/\/rental.servicevision.es\/en\/product\/cameras-en\/canon-fd-rehoused-by-tls\/\",\"url\":\"https:\/\/rental.servicevision.es\/en\/product\/cameras-en\/canon-fd-rehoused-by-tls\/\",\"name\":\"C\u00e1maras Canon Prime K-35 Rehoused TLS - ServiceVision Alquiler\",\"isPartOf\":{\"@id\":\"https:\/\/rental.servicevision.es\/es\/#website\"},\"primaryImageOfPage\":{\"@id\":\"https:\/\/rental.servicevision.es\/en\/product\/cameras-en\/canon-fd-rehoused-by-tls\/#primaryimage\"},\"image\":{\"@id\":\"https:\/\/rental.servicevision.es\/en\/product\/cameras-en\/canon-fd-rehoused-by-tls\/#primaryimage\"},\"thumbnailUrl\":\"https:\/\/rental.servicevision.es\/wp-content\/uploads\/2021\/10\/Proyecto-Quitar-fondo-2025-02-06T173058.162.jpeg\",\"datePublished\":\"2021-10-20T16:52:27+00:00\",\"dateModified\":\"2025-02-07T11:27:56+00:00\",\"description\":\"Alquiler de C\u00e1maras - objetivos y zooms esf\u00e9ricos: Canon Prime K-35 Rehoused TLS. Consultas y soporte t\u00e9cnico en Servicevision, fabricaci\u00f3n y alquiler de equipos para rodajes cinematogr\u00e1ficos.\",\"breadcrumb\":{\"@id\":\"https:\/\/rental.servicevision.es\/en\/product\/cameras-en\/canon-fd-rehoused-by-tls\/#breadcrumb\"},\"inLanguage\":\"en-US\",\"potentialAction\":[{\"@type\":\"ReadAction\",\"target\":[\"https:\/\/rental.servicevision.es\/en\/product\/cameras-en\/canon-fd-rehoused-by-tls\/\"]}]},{\"@type\":\"ImageObject\",\"inLanguage\":\"en-US\",\"@id\":\"https:\/\/rental.servicevision.es\/en\/product\/cameras-en\/canon-fd-rehoused-by-tls\/#primaryimage\",\"url\":\"https:\/\/rental.servicevision.es\/wp-content\/uploads\/2021\/10\/Proyecto-Quitar-fondo-2025-02-06T173058.162.jpeg\",\"contentUrl\":\"https:\/\/rental.servicevision.es\/wp-content\/uploads\/2021\/10\/Proyecto-Quitar-fondo-2025-02-06T173058.162.jpeg\",\"width\":576,\"height\":376},{\"@type\":\"BreadcrumbList\",\"@id\":\"https:\/\/rental.servicevision.es\/en\/product\/cameras-en\/canon-fd-rehoused-by-tls\/#breadcrumb\",\"itemListElement\":[{\"@type\":\"ListItem\",\"position\":1,\"name\":\"Portada\",\"item\":\"https:\/\/rental.servicevision.es\/en\/\"},{\"@type\":\"ListItem\",\"position\":2,\"name\":\"Alquiler\",\"item\":\"https:\/\/rental.servicevision.es\/es\/alquiler-3\/\"},{\"@type\":\"ListItem\",\"position\":3,\"name\":\"Canon FD Rehoused by TLS\"}]},{\"@type\":\"WebSite\",\"@id\":\"https:\/\/rental.servicevision.es\/es\/#website\",\"url\":\"https:\/\/rental.servicevision.es\/es\/\",\"name\":\"ServiceVision Alquiler\",\"description\":\"Fabricaci\u00f3n y alquiler de equipos para rodajes cinematogr\u00e1ficos\",\"potentialAction\":[{\"@type\":\"SearchAction\",\"target\":{\"@type\":\"EntryPoint\",\"urlTemplate\":\"https:\/\/rental.servicevision.es\/es\/?s={search_term_string}\"},\"query-input\":{\"@type\":\"PropertyValueSpecification\",\"valueRequired\":true,\"valueName\":\"search_term_string\"}}],\"inLanguage\":\"en-US\"}]}<\/script>\n<!-- \/ Yoast SEO plugin. -->","yoast_head_json":{"title":"C\u00e1maras Canon Prime K-35 Rehoused TLS - ServiceVision Alquiler","description":"Alquiler de C\u00e1maras - objetivos y zooms esf\u00e9ricos: Canon Prime K-35 Rehoused TLS. Consultas y soporte t\u00e9cnico en Servicevision, fabricaci\u00f3n y alquiler de equipos para rodajes cinematogr\u00e1ficos.","robots":{"index":"index","follow":"follow","max-snippet":"max-snippet:-1","max-image-preview":"max-image-preview:large","max-video-preview":"max-video-preview:-1"},"canonical":"https:\/\/rental.servicevision.es\/en\/product\/cameras-en\/canon-fd-rehoused-by-tls\/","og_locale":"en_US","og_type":"article","og_title":"C\u00e1maras Canon Prime K-35 Rehoused TLS - ServiceVision Alquiler","og_description":"Alquiler de C\u00e1maras - objetivos y zooms esf\u00e9ricos: Canon Prime K-35 Rehoused TLS. Consultas y soporte t\u00e9cnico en Servicevision, fabricaci\u00f3n y alquiler de equipos para rodajes cinematogr\u00e1ficos.","og_url":"https:\/\/rental.servicevision.es\/en\/product\/cameras-en\/canon-fd-rehoused-by-tls\/","og_site_name":"ServiceVision Alquiler","article_modified_time":"2025-02-07T11:27:56+00:00","og_image":[{"width":576,"height":376,"url":"https:\/\/rental.servicevision.es\/wp-content\/uploads\/2021\/10\/Proyecto-Quitar-fondo-2025-02-06T173058.162.jpeg","type":"image\/jpeg"}],"twitter_card":"summary_large_image","schema":{"@context":"https:\/\/schema.org","@graph":[{"@type":"WebPage","@id":"https:\/\/rental.servicevision.es\/en\/product\/cameras-en\/canon-fd-rehoused-by-tls\/","url":"https:\/\/rental.servicevision.es\/en\/product\/cameras-en\/canon-fd-rehoused-by-tls\/","name":"C\u00e1maras Canon Prime K-35 Rehoused TLS - ServiceVision Alquiler","isPartOf":{"@id":"https:\/\/rental.servicevision.es\/es\/#website"},"primaryImageOfPage":{"@id":"https:\/\/rental.servicevision.es\/en\/product\/cameras-en\/canon-fd-rehoused-by-tls\/#primaryimage"},"image":{"@id":"https:\/\/rental.servicevision.es\/en\/product\/cameras-en\/canon-fd-rehoused-by-tls\/#primaryimage"},"thumbnailUrl":"https:\/\/rental.servicevision.es\/wp-content\/uploads\/2021\/10\/Proyecto-Quitar-fondo-2025-02-06T173058.162.jpeg","datePublished":"2021-10-20T16:52:27+00:00","dateModified":"2025-02-07T11:27:56+00:00","description":"Alquiler de C\u00e1maras - objetivos y zooms esf\u00e9ricos: Canon Prime K-35 Rehoused TLS. Consultas y soporte t\u00e9cnico en Servicevision, fabricaci\u00f3n y alquiler de equipos para rodajes cinematogr\u00e1ficos.","breadcrumb":{"@id":"https:\/\/rental.servicevision.es\/en\/product\/cameras-en\/canon-fd-rehoused-by-tls\/#breadcrumb"},"inLanguage":"en-US","potentialAction":[{"@type":"ReadAction","target":["https:\/\/rental.servicevision.es\/en\/product\/cameras-en\/canon-fd-rehoused-by-tls\/"]}]},{"@type":"ImageObject","inLanguage":"en-US","@id":"https:\/\/rental.servicevision.es\/en\/product\/cameras-en\/canon-fd-rehoused-by-tls\/#primaryimage","url":"https:\/\/rental.servicevision.es\/wp-content\/uploads\/2021\/10\/Proyecto-Quitar-fondo-2025-02-06T173058.162.jpeg","contentUrl":"https:\/\/rental.servicevision.es\/wp-content\/uploads\/2021\/10\/Proyecto-Quitar-fondo-2025-02-06T173058.162.jpeg","width":576,"height":376},{"@type":"BreadcrumbList","@id":"https:\/\/rental.servicevision.es\/en\/product\/cameras-en\/canon-fd-rehoused-by-tls\/#breadcrumb","itemListElement":[{"@type":"ListItem","position":1,"name":"Portada","item":"https:\/\/rental.servicevision.es\/en\/"},{"@type":"ListItem","position":2,"name":"Alquiler","item":"https:\/\/rental.servicevision.es\/es\/alquiler-3\/"},{"@type":"ListItem","position":3,"name":"Canon FD Rehoused by TLS"}]},{"@type":"WebSite","@id":"https:\/\/rental.servicevision.es\/es\/#website","url":"https:\/\/rental.servicevision.es\/es\/","name":"ServiceVision Alquiler","description":"Fabricaci\u00f3n y alquiler de equipos para rodajes cinematogr\u00e1ficos","potentialAction":[{"@type":"SearchAction","target":{"@type":"EntryPoint","urlTemplate":"https:\/\/rental.servicevision.es\/es\/?s={search_term_string}"},"query-input":{"@type":"PropertyValueSpecification","valueRequired":true,"valueName":"search_term_string"}}],"inLanguage":"en-US"}]}},"_links":{"self":[{"href":"https:\/\/rental.servicevision.es\/en\/wp-json\/wp\/v2\/product\/6339","targetHints":{"allow":["GET"]}}],"collection":[{"href":"https:\/\/rental.servicevision.es\/en\/wp-json\/wp\/v2\/product"}],"about":[{"href":"https:\/\/rental.servicevision.es\/en\/wp-json\/wp\/v2\/types\/product"}],"wp:featuredmedia":[{"embeddable":true,"href":"https:\/\/rental.servicevision.es\/en\/wp-json\/wp\/v2\/media\/9744"}],"wp:attachment":[{"href":"https:\/\/rental.servicevision.es\/en\/wp-json\/wp\/v2\/media?parent=6339"}],"wp:term":[{"taxonomy":"product_cat","embeddable":true,"href":"https:\/\/rental.servicevision.es\/en\/wp-json\/wp\/v2\/product_cat?post=6339"},{"taxonomy":"product_tag","embeddable":true,"href":"https:\/\/rental.servicevision.es\/en\/wp-json\/wp\/v2\/product_tag?post=6339"}],"curies":[{"name":"wp","href":"https:\/\/api.w.org\/{rel}","templated":true}]}}