{"id":3147,"date":"2019-05-21T16:33:48","date_gmt":"2019-05-21T16:33:48","guid":{"rendered":"http:\/\/servicevisionalq.bcntic.com\/producto\/uncategorized\/mini-phanter\/"},"modified":"2021-02-24T12:20:26","modified_gmt":"2021-02-24T12:20:26","slug":"mini-phanter","status":"publish","type":"product","link":"https:\/\/rental.servicevision.es\/en\/product\/grips-en\/dollies-en\/mini-phanter\/","title":{"rendered":"Mini Phanter"},"content":{"rendered":"","protected":false},"excerpt":{"rendered":"<p>La<strong> Mini Panther<\/strong> es un sistema profesional dise\u00f1ado para combinar el m\u00ednimo volumen con m\u00e1xima versatibilidad. Combinando su amplia gama de accesorios, la Mini Panther es una poderosa herramienta que puede resolver cualquier problema durante un rodaje.<\/p>\n","protected":false},"featured_media":1467,"template":"","meta":{"ngg_post_thumbnail":0},"product_cat":[444],"product_tag":[],"class_list":{"0":"post-3147","1":"product","2":"type-product","3":"status-publish","4":"has-post-thumbnail","6":"product_cat-dollies-en","8":"first","9":"instock","10":"taxable","11":"shipping-taxable","12":"product-type-simple","13":"col-xs-6 col-sm-4","14":"col-md-3 col-lg-3","15":"un-4-cols"},"yoast_head":"<!-- This site is optimized with the Yoast SEO plugin v27.1.1 - https:\/\/yoast.com\/product\/yoast-seo-wordpress\/ -->\n<title>Vehicles and cranes for filming - Mini Phanter Rental - ServiceVision Alquiler<\/title>\n<meta name=\"description\" content=\"Rental of vehicles and cranes for filming - Dollies: Mini Phanter. Consultations and technical support at Servicevision, manufacture and rental of equipment for film shoots.\" \/>\n<meta name=\"robots\" content=\"index, follow, max-snippet:-1, max-image-preview:large, max-video-preview:-1\" \/>\n<link rel=\"canonical\" href=\"https:\/\/rental.servicevision.es\/en\/product\/grips-en\/dollies-en\/mini-phanter\/\" \/>\n<meta property=\"og:locale\" content=\"en_US\" \/>\n<meta property=\"og:type\" content=\"article\" \/>\n<meta property=\"og:title\" content=\"Vehicles and cranes for filming - Mini Phanter Rental - ServiceVision Alquiler\" \/>\n<meta property=\"og:description\" content=\"Rental of vehicles and cranes for filming - Dollies: Mini Phanter. Consultations and technical support at Servicevision, manufacture and rental of equipment for film shoots.\" \/>\n<meta property=\"og:url\" content=\"https:\/\/rental.servicevision.es\/en\/product\/grips-en\/dollies-en\/mini-phanter\/\" \/>\n<meta property=\"og:site_name\" content=\"ServiceVision Alquiler\" \/>\n<meta property=\"article:modified_time\" content=\"2021-02-24T12:20:26+00:00\" \/>\n<meta property=\"og:image\" content=\"https:\/\/rental.servicevision.es\/wp-content\/uploads\/2019\/05\/mini-phanter.jpg\" \/>\n\t<meta property=\"og:image:width\" content=\"3872\" \/>\n\t<meta property=\"og:image:height\" content=\"3872\" \/>\n\t<meta property=\"og:image:type\" content=\"image\/jpeg\" \/>\n<meta name=\"twitter:card\" content=\"summary_large_image\" \/>\n<script type=\"application\/ld+json\" class=\"yoast-schema-graph\">{\"@context\":\"https:\/\/schema.org\",\"@graph\":[{\"@type\":\"WebPage\",\"@id\":\"https:\/\/rental.servicevision.es\/en\/product\/grips-en\/dollies-en\/mini-phanter\/\",\"url\":\"https:\/\/rental.servicevision.es\/en\/product\/grips-en\/dollies-en\/mini-phanter\/\",\"name\":\"Vehicles and cranes for filming - Mini Phanter Rental - ServiceVision Alquiler\",\"isPartOf\":{\"@id\":\"https:\/\/rental.servicevision.es\/es\/#website\"},\"primaryImageOfPage\":{\"@id\":\"https:\/\/rental.servicevision.es\/en\/product\/grips-en\/dollies-en\/mini-phanter\/#primaryimage\"},\"image\":{\"@id\":\"https:\/\/rental.servicevision.es\/en\/product\/grips-en\/dollies-en\/mini-phanter\/#primaryimage\"},\"thumbnailUrl\":\"https:\/\/rental.servicevision.es\/wp-content\/uploads\/2019\/05\/mini-phanter.jpg\",\"datePublished\":\"2019-05-21T16:33:48+00:00\",\"dateModified\":\"2021-02-24T12:20:26+00:00\",\"description\":\"Rental of vehicles and cranes for filming - Dollies: Mini Phanter. Consultations and technical support at Servicevision, manufacture and rental of equipment for film shoots.\",\"breadcrumb\":{\"@id\":\"https:\/\/rental.servicevision.es\/en\/product\/grips-en\/dollies-en\/mini-phanter\/#breadcrumb\"},\"inLanguage\":\"en-US\",\"potentialAction\":[{\"@type\":\"ReadAction\",\"target\":[\"https:\/\/rental.servicevision.es\/en\/product\/grips-en\/dollies-en\/mini-phanter\/\"]}]},{\"@type\":\"ImageObject\",\"inLanguage\":\"en-US\",\"@id\":\"https:\/\/rental.servicevision.es\/en\/product\/grips-en\/dollies-en\/mini-phanter\/#primaryimage\",\"url\":\"https:\/\/rental.servicevision.es\/wp-content\/uploads\/2019\/05\/mini-phanter.jpg\",\"contentUrl\":\"https:\/\/rental.servicevision.es\/wp-content\/uploads\/2019\/05\/mini-phanter.jpg\",\"width\":3872,\"height\":3872},{\"@type\":\"BreadcrumbList\",\"@id\":\"https:\/\/rental.servicevision.es\/en\/product\/grips-en\/dollies-en\/mini-phanter\/#breadcrumb\",\"itemListElement\":[{\"@type\":\"ListItem\",\"position\":1,\"name\":\"Portada\",\"item\":\"https:\/\/rental.servicevision.es\/en\/\"},{\"@type\":\"ListItem\",\"position\":2,\"name\":\"Alquiler\",\"item\":\"https:\/\/rental.servicevision.es\/es\/alquiler-3\/\"},{\"@type\":\"ListItem\",\"position\":3,\"name\":\"Mini Phanter\"}]},{\"@type\":\"WebSite\",\"@id\":\"https:\/\/rental.servicevision.es\/es\/#website\",\"url\":\"https:\/\/rental.servicevision.es\/es\/\",\"name\":\"ServiceVision Alquiler\",\"description\":\"Fabricaci\u00f3n y alquiler de equipos para rodajes cinematogr\u00e1ficos\",\"potentialAction\":[{\"@type\":\"SearchAction\",\"target\":{\"@type\":\"EntryPoint\",\"urlTemplate\":\"https:\/\/rental.servicevision.es\/es\/?s={search_term_string}\"},\"query-input\":{\"@type\":\"PropertyValueSpecification\",\"valueRequired\":true,\"valueName\":\"search_term_string\"}}],\"inLanguage\":\"en-US\"}]}<\/script>\n<!-- \/ Yoast SEO plugin. -->","yoast_head_json":{"title":"Vehicles and cranes for filming - Mini Phanter Rental - ServiceVision Alquiler","description":"Rental of vehicles and cranes for filming - Dollies: Mini Phanter. Consultations and technical support at Servicevision, manufacture and rental of equipment for film shoots.","robots":{"index":"index","follow":"follow","max-snippet":"max-snippet:-1","max-image-preview":"max-image-preview:large","max-video-preview":"max-video-preview:-1"},"canonical":"https:\/\/rental.servicevision.es\/en\/product\/grips-en\/dollies-en\/mini-phanter\/","og_locale":"en_US","og_type":"article","og_title":"Vehicles and cranes for filming - Mini Phanter Rental - ServiceVision Alquiler","og_description":"Rental of vehicles and cranes for filming - Dollies: Mini Phanter. Consultations and technical support at Servicevision, manufacture and rental of equipment for film shoots.","og_url":"https:\/\/rental.servicevision.es\/en\/product\/grips-en\/dollies-en\/mini-phanter\/","og_site_name":"ServiceVision Alquiler","article_modified_time":"2021-02-24T12:20:26+00:00","og_image":[{"width":3872,"height":3872,"url":"https:\/\/rental.servicevision.es\/wp-content\/uploads\/2019\/05\/mini-phanter.jpg","type":"image\/jpeg"}],"twitter_card":"summary_large_image","schema":{"@context":"https:\/\/schema.org","@graph":[{"@type":"WebPage","@id":"https:\/\/rental.servicevision.es\/en\/product\/grips-en\/dollies-en\/mini-phanter\/","url":"https:\/\/rental.servicevision.es\/en\/product\/grips-en\/dollies-en\/mini-phanter\/","name":"Vehicles and cranes for filming - Mini Phanter Rental - ServiceVision Alquiler","isPartOf":{"@id":"https:\/\/rental.servicevision.es\/es\/#website"},"primaryImageOfPage":{"@id":"https:\/\/rental.servicevision.es\/en\/product\/grips-en\/dollies-en\/mini-phanter\/#primaryimage"},"image":{"@id":"https:\/\/rental.servicevision.es\/en\/product\/grips-en\/dollies-en\/mini-phanter\/#primaryimage"},"thumbnailUrl":"https:\/\/rental.servicevision.es\/wp-content\/uploads\/2019\/05\/mini-phanter.jpg","datePublished":"2019-05-21T16:33:48+00:00","dateModified":"2021-02-24T12:20:26+00:00","description":"Rental of vehicles and cranes for filming - Dollies: Mini Phanter. Consultations and technical support at Servicevision, manufacture and rental of equipment for film shoots.","breadcrumb":{"@id":"https:\/\/rental.servicevision.es\/en\/product\/grips-en\/dollies-en\/mini-phanter\/#breadcrumb"},"inLanguage":"en-US","potentialAction":[{"@type":"ReadAction","target":["https:\/\/rental.servicevision.es\/en\/product\/grips-en\/dollies-en\/mini-phanter\/"]}]},{"@type":"ImageObject","inLanguage":"en-US","@id":"https:\/\/rental.servicevision.es\/en\/product\/grips-en\/dollies-en\/mini-phanter\/#primaryimage","url":"https:\/\/rental.servicevision.es\/wp-content\/uploads\/2019\/05\/mini-phanter.jpg","contentUrl":"https:\/\/rental.servicevision.es\/wp-content\/uploads\/2019\/05\/mini-phanter.jpg","width":3872,"height":3872},{"@type":"BreadcrumbList","@id":"https:\/\/rental.servicevision.es\/en\/product\/grips-en\/dollies-en\/mini-phanter\/#breadcrumb","itemListElement":[{"@type":"ListItem","position":1,"name":"Portada","item":"https:\/\/rental.servicevision.es\/en\/"},{"@type":"ListItem","position":2,"name":"Alquiler","item":"https:\/\/rental.servicevision.es\/es\/alquiler-3\/"},{"@type":"ListItem","position":3,"name":"Mini Phanter"}]},{"@type":"WebSite","@id":"https:\/\/rental.servicevision.es\/es\/#website","url":"https:\/\/rental.servicevision.es\/es\/","name":"ServiceVision Alquiler","description":"Fabricaci\u00f3n y alquiler de equipos para rodajes cinematogr\u00e1ficos","potentialAction":[{"@type":"SearchAction","target":{"@type":"EntryPoint","urlTemplate":"https:\/\/rental.servicevision.es\/es\/?s={search_term_string}"},"query-input":{"@type":"PropertyValueSpecification","valueRequired":true,"valueName":"search_term_string"}}],"inLanguage":"en-US"}]}},"_links":{"self":[{"href":"https:\/\/rental.servicevision.es\/en\/wp-json\/wp\/v2\/product\/3147","targetHints":{"allow":["GET"]}}],"collection":[{"href":"https:\/\/rental.servicevision.es\/en\/wp-json\/wp\/v2\/product"}],"about":[{"href":"https:\/\/rental.servicevision.es\/en\/wp-json\/wp\/v2\/types\/product"}],"wp:featuredmedia":[{"embeddable":true,"href":"https:\/\/rental.servicevision.es\/en\/wp-json\/wp\/v2\/media\/1467"}],"wp:attachment":[{"href":"https:\/\/rental.servicevision.es\/en\/wp-json\/wp\/v2\/media?parent=3147"}],"wp:term":[{"taxonomy":"product_cat","embeddable":true,"href":"https:\/\/rental.servicevision.es\/en\/wp-json\/wp\/v2\/product_cat?post=3147"},{"taxonomy":"product_tag","embeddable":true,"href":"https:\/\/rental.servicevision.es\/en\/wp-json\/wp\/v2\/product_tag?post=3147"}],"curies":[{"name":"wp","href":"https:\/\/api.w.org\/{rel}","templated":true}]}}