{"id":11216,"date":"2026-02-03T10:07:20","date_gmt":"2026-02-03T09:07:20","guid":{"rendered":"https:\/\/rental.servicevision.es\/product\/uncategorized\/sony-sistema-extension-rialto-2-sensor-8k\/"},"modified":"2026-02-03T13:50:48","modified_gmt":"2026-02-03T12:50:48","slug":"sony-extension-system-rialto-2-sensor-8k","status":"publish","type":"product","link":"https:\/\/rental.servicevision.es\/en\/product\/cameras-en\/digital-en\/sony-extension-system-rialto-2-sensor-8k\/","title":{"rendered":"SONY EXTENSION SYSTEM &#8211; RIALTO 2- SENSOR 8K"},"content":{"rendered":"<h3>&nbsp;<\/h3>\n","protected":false},"excerpt":{"rendered":"<p>Improved mobility and maneuverability, it has two extensions: one up to 3 m and another up to 12 m from the camera body to the image sensor unit, offering exceptional flexibility when filming scenes in tight spaces such as vehicles, providing lightness and ease of handling on gimbals, Ronnins, drones, and handheld cameras.<\/p>\n","protected":false},"featured_media":8798,"template":"","meta":{"ngg_post_thumbnail":0},"product_cat":[423,424],"product_tag":[],"class_list":{"0":"post-11216","1":"product","2":"type-product","3":"status-publish","4":"has-post-thumbnail","6":"product_cat-cameras-en","7":"product_cat-digital-en","9":"first","10":"instock","11":"virtual","12":"taxable","13":"product-type-simple","14":"col-xs-6 col-sm-4","15":"col-md-3 col-lg-3","16":"un-4-cols"},"yoast_head":"<!-- This site is optimized with the Yoast SEO plugin v27.1.1 - https:\/\/yoast.com\/product\/yoast-seo-wordpress\/ -->\n<title>C\u00e1mara SONY VENICE - ServiceVision Alquiler<\/title>\n<meta name=\"description\" content=\"Alquiler de C\u00e1mara para Cinematograf\u00eda digital: SONY VENICE. Consultas y soporte t\u00e9cnico en Servicevision, fabricaci\u00f3n y alquiler de equipos para rodajes cinematogr\u00e1ficos.\" \/>\n<meta name=\"robots\" content=\"index, follow, max-snippet:-1, max-image-preview:large, max-video-preview:-1\" \/>\n<link rel=\"canonical\" href=\"https:\/\/rental.servicevision.es\/en\/product\/cameras-en\/digital-en\/sony-extension-system-rialto-2-sensor-8k\/\" \/>\n<meta property=\"og:locale\" content=\"en_US\" \/>\n<meta property=\"og:type\" content=\"article\" \/>\n<meta property=\"og:title\" content=\"C\u00e1mara SONY VENICE - ServiceVision Alquiler\" \/>\n<meta property=\"og:description\" content=\"Alquiler de C\u00e1mara para Cinematograf\u00eda digital: SONY VENICE. Consultas y soporte t\u00e9cnico en Servicevision, fabricaci\u00f3n y alquiler de equipos para rodajes cinematogr\u00e1ficos.\" \/>\n<meta property=\"og:url\" content=\"https:\/\/rental.servicevision.es\/en\/product\/cameras-en\/digital-en\/sony-extension-system-rialto-2-sensor-8k\/\" \/>\n<meta property=\"og:site_name\" content=\"ServiceVision Alquiler\" \/>\n<meta property=\"article:modified_time\" content=\"2026-02-03T12:50:48+00:00\" \/>\n<meta property=\"og:image\" content=\"https:\/\/rental.servicevision.es\/wp-content\/uploads\/2023\/04\/extension-venice2_int-2.jpg\" \/>\n\t<meta property=\"og:image:width\" content=\"600\" \/>\n\t<meta property=\"og:image:height\" content=\"277\" \/>\n\t<meta property=\"og:image:type\" content=\"image\/jpeg\" \/>\n<meta name=\"twitter:card\" content=\"summary_large_image\" \/>\n<script type=\"application\/ld+json\" class=\"yoast-schema-graph\">{\"@context\":\"https:\/\/schema.org\",\"@graph\":[{\"@type\":\"WebPage\",\"@id\":\"https:\/\/rental.servicevision.es\/en\/product\/cameras-en\/digital-en\/sony-extension-system-rialto-2-sensor-8k\/\",\"url\":\"https:\/\/rental.servicevision.es\/en\/product\/cameras-en\/digital-en\/sony-extension-system-rialto-2-sensor-8k\/\",\"name\":\"C\u00e1mara SONY VENICE - ServiceVision Alquiler\",\"isPartOf\":{\"@id\":\"https:\/\/rental.servicevision.es\/es\/#website\"},\"primaryImageOfPage\":{\"@id\":\"https:\/\/rental.servicevision.es\/en\/product\/cameras-en\/digital-en\/sony-extension-system-rialto-2-sensor-8k\/#primaryimage\"},\"image\":{\"@id\":\"https:\/\/rental.servicevision.es\/en\/product\/cameras-en\/digital-en\/sony-extension-system-rialto-2-sensor-8k\/#primaryimage\"},\"thumbnailUrl\":\"https:\/\/rental.servicevision.es\/wp-content\/uploads\/2023\/04\/extension-venice2_int-2.jpg\",\"datePublished\":\"2026-02-03T09:07:20+00:00\",\"dateModified\":\"2026-02-03T12:50:48+00:00\",\"description\":\"Alquiler de C\u00e1mara para Cinematograf\u00eda digital: SONY VENICE. Consultas y soporte t\u00e9cnico en Servicevision, fabricaci\u00f3n y alquiler de equipos para rodajes cinematogr\u00e1ficos.\",\"breadcrumb\":{\"@id\":\"https:\/\/rental.servicevision.es\/en\/product\/cameras-en\/digital-en\/sony-extension-system-rialto-2-sensor-8k\/#breadcrumb\"},\"inLanguage\":\"en-US\",\"potentialAction\":[{\"@type\":\"ReadAction\",\"target\":[\"https:\/\/rental.servicevision.es\/en\/product\/cameras-en\/digital-en\/sony-extension-system-rialto-2-sensor-8k\/\"]}]},{\"@type\":\"ImageObject\",\"inLanguage\":\"en-US\",\"@id\":\"https:\/\/rental.servicevision.es\/en\/product\/cameras-en\/digital-en\/sony-extension-system-rialto-2-sensor-8k\/#primaryimage\",\"url\":\"https:\/\/rental.servicevision.es\/wp-content\/uploads\/2023\/04\/extension-venice2_int-2.jpg\",\"contentUrl\":\"https:\/\/rental.servicevision.es\/wp-content\/uploads\/2023\/04\/extension-venice2_int-2.jpg\",\"width\":600,\"height\":277},{\"@type\":\"BreadcrumbList\",\"@id\":\"https:\/\/rental.servicevision.es\/en\/product\/cameras-en\/digital-en\/sony-extension-system-rialto-2-sensor-8k\/#breadcrumb\",\"itemListElement\":[{\"@type\":\"ListItem\",\"position\":1,\"name\":\"Portada\",\"item\":\"https:\/\/rental.servicevision.es\/en\/\"},{\"@type\":\"ListItem\",\"position\":2,\"name\":\"Alquiler\",\"item\":\"https:\/\/rental.servicevision.es\/es\/alquiler-3\/\"},{\"@type\":\"ListItem\",\"position\":3,\"name\":\"SONY EXTENSION SYSTEM &#8211; RIALTO 2- SENSOR 8K\"}]},{\"@type\":\"WebSite\",\"@id\":\"https:\/\/rental.servicevision.es\/es\/#website\",\"url\":\"https:\/\/rental.servicevision.es\/es\/\",\"name\":\"ServiceVision Alquiler\",\"description\":\"Fabricaci\u00f3n y alquiler de equipos para rodajes cinematogr\u00e1ficos\",\"potentialAction\":[{\"@type\":\"SearchAction\",\"target\":{\"@type\":\"EntryPoint\",\"urlTemplate\":\"https:\/\/rental.servicevision.es\/es\/?s={search_term_string}\"},\"query-input\":{\"@type\":\"PropertyValueSpecification\",\"valueRequired\":true,\"valueName\":\"search_term_string\"}}],\"inLanguage\":\"en-US\"}]}<\/script>\n<!-- \/ Yoast SEO plugin. -->","yoast_head_json":{"title":"C\u00e1mara SONY VENICE - ServiceVision Alquiler","description":"Alquiler de C\u00e1mara para Cinematograf\u00eda digital: SONY VENICE. Consultas y soporte t\u00e9cnico en Servicevision, fabricaci\u00f3n y alquiler de equipos para rodajes cinematogr\u00e1ficos.","robots":{"index":"index","follow":"follow","max-snippet":"max-snippet:-1","max-image-preview":"max-image-preview:large","max-video-preview":"max-video-preview:-1"},"canonical":"https:\/\/rental.servicevision.es\/en\/product\/cameras-en\/digital-en\/sony-extension-system-rialto-2-sensor-8k\/","og_locale":"en_US","og_type":"article","og_title":"C\u00e1mara SONY VENICE - ServiceVision Alquiler","og_description":"Alquiler de C\u00e1mara para Cinematograf\u00eda digital: SONY VENICE. Consultas y soporte t\u00e9cnico en Servicevision, fabricaci\u00f3n y alquiler de equipos para rodajes cinematogr\u00e1ficos.","og_url":"https:\/\/rental.servicevision.es\/en\/product\/cameras-en\/digital-en\/sony-extension-system-rialto-2-sensor-8k\/","og_site_name":"ServiceVision Alquiler","article_modified_time":"2026-02-03T12:50:48+00:00","og_image":[{"width":600,"height":277,"url":"https:\/\/rental.servicevision.es\/wp-content\/uploads\/2023\/04\/extension-venice2_int-2.jpg","type":"image\/jpeg"}],"twitter_card":"summary_large_image","schema":{"@context":"https:\/\/schema.org","@graph":[{"@type":"WebPage","@id":"https:\/\/rental.servicevision.es\/en\/product\/cameras-en\/digital-en\/sony-extension-system-rialto-2-sensor-8k\/","url":"https:\/\/rental.servicevision.es\/en\/product\/cameras-en\/digital-en\/sony-extension-system-rialto-2-sensor-8k\/","name":"C\u00e1mara SONY VENICE - ServiceVision Alquiler","isPartOf":{"@id":"https:\/\/rental.servicevision.es\/es\/#website"},"primaryImageOfPage":{"@id":"https:\/\/rental.servicevision.es\/en\/product\/cameras-en\/digital-en\/sony-extension-system-rialto-2-sensor-8k\/#primaryimage"},"image":{"@id":"https:\/\/rental.servicevision.es\/en\/product\/cameras-en\/digital-en\/sony-extension-system-rialto-2-sensor-8k\/#primaryimage"},"thumbnailUrl":"https:\/\/rental.servicevision.es\/wp-content\/uploads\/2023\/04\/extension-venice2_int-2.jpg","datePublished":"2026-02-03T09:07:20+00:00","dateModified":"2026-02-03T12:50:48+00:00","description":"Alquiler de C\u00e1mara para Cinematograf\u00eda digital: SONY VENICE. Consultas y soporte t\u00e9cnico en Servicevision, fabricaci\u00f3n y alquiler de equipos para rodajes cinematogr\u00e1ficos.","breadcrumb":{"@id":"https:\/\/rental.servicevision.es\/en\/product\/cameras-en\/digital-en\/sony-extension-system-rialto-2-sensor-8k\/#breadcrumb"},"inLanguage":"en-US","potentialAction":[{"@type":"ReadAction","target":["https:\/\/rental.servicevision.es\/en\/product\/cameras-en\/digital-en\/sony-extension-system-rialto-2-sensor-8k\/"]}]},{"@type":"ImageObject","inLanguage":"en-US","@id":"https:\/\/rental.servicevision.es\/en\/product\/cameras-en\/digital-en\/sony-extension-system-rialto-2-sensor-8k\/#primaryimage","url":"https:\/\/rental.servicevision.es\/wp-content\/uploads\/2023\/04\/extension-venice2_int-2.jpg","contentUrl":"https:\/\/rental.servicevision.es\/wp-content\/uploads\/2023\/04\/extension-venice2_int-2.jpg","width":600,"height":277},{"@type":"BreadcrumbList","@id":"https:\/\/rental.servicevision.es\/en\/product\/cameras-en\/digital-en\/sony-extension-system-rialto-2-sensor-8k\/#breadcrumb","itemListElement":[{"@type":"ListItem","position":1,"name":"Portada","item":"https:\/\/rental.servicevision.es\/en\/"},{"@type":"ListItem","position":2,"name":"Alquiler","item":"https:\/\/rental.servicevision.es\/es\/alquiler-3\/"},{"@type":"ListItem","position":3,"name":"SONY EXTENSION SYSTEM &#8211; RIALTO 2- SENSOR 8K"}]},{"@type":"WebSite","@id":"https:\/\/rental.servicevision.es\/es\/#website","url":"https:\/\/rental.servicevision.es\/es\/","name":"ServiceVision Alquiler","description":"Fabricaci\u00f3n y alquiler de equipos para rodajes cinematogr\u00e1ficos","potentialAction":[{"@type":"SearchAction","target":{"@type":"EntryPoint","urlTemplate":"https:\/\/rental.servicevision.es\/es\/?s={search_term_string}"},"query-input":{"@type":"PropertyValueSpecification","valueRequired":true,"valueName":"search_term_string"}}],"inLanguage":"en-US"}]}},"_links":{"self":[{"href":"https:\/\/rental.servicevision.es\/en\/wp-json\/wp\/v2\/product\/11216","targetHints":{"allow":["GET"]}}],"collection":[{"href":"https:\/\/rental.servicevision.es\/en\/wp-json\/wp\/v2\/product"}],"about":[{"href":"https:\/\/rental.servicevision.es\/en\/wp-json\/wp\/v2\/types\/product"}],"wp:featuredmedia":[{"embeddable":true,"href":"https:\/\/rental.servicevision.es\/en\/wp-json\/wp\/v2\/media\/8798"}],"wp:attachment":[{"href":"https:\/\/rental.servicevision.es\/en\/wp-json\/wp\/v2\/media?parent=11216"}],"wp:term":[{"taxonomy":"product_cat","embeddable":true,"href":"https:\/\/rental.servicevision.es\/en\/wp-json\/wp\/v2\/product_cat?post=11216"},{"taxonomy":"product_tag","embeddable":true,"href":"https:\/\/rental.servicevision.es\/en\/wp-json\/wp\/v2\/product_tag?post=11216"}],"curies":[{"name":"wp","href":"https:\/\/api.w.org\/{rel}","templated":true}]}}